{"id":2798,"date":"2021-09-16T11:17:46","date_gmt":"2021-09-16T03:17:46","guid":{"rendered":"https:\/\/med-disposable.com\/?post_type=product&#038;p=2798"},"modified":"2023-07-21T16:48:17","modified_gmt":"2023-07-21T08:48:17","slug":"combinaison-jetable-pour-enfants-pour-la-protection-des-enfants","status":"publish","type":"product","link":"https:\/\/med-disposable.com\/fr\/product\/disposable-kids-coverall-for-children-protection\/","title":{"rendered":"Combinaison jetable pour la protection des enfants"},"content":{"rendered":"<p><strong>Pr\u00e9sentation du produit :<\/strong><\/p>\n<p>Notre combinaison jetable pour enfants est un excellent choix pour assurer la s\u00e9curit\u00e9 de votre enfant dans divers environnements. Con\u00e7ue dans un souci de confort, de s\u00e9curit\u00e9 et de durabilit\u00e9, cette combinaison est fabriqu\u00e9e dans un mat\u00e9riau microporeux de haute qualit\u00e9. Elle couvre l'ensemble du corps pour prot\u00e9ger les enfants de la poussi\u00e8re, de la salet\u00e9, de la crasse et de certaines mati\u00e8res dangereuses.<\/p>\n<p><img fetchpriority=\"high\" decoding=\"async\" class=\"aligncenter wp-image-9287 size-large\" src=\"https:\/\/med-disposable.com\/wp-content\/uploads\/2021\/09\/40A0379-1024x1024.jpg\" alt=\"\" width=\"800\" height=\"800\" srcset=\"https:\/\/med-disposable.com\/wp-content\/uploads\/2021\/09\/40A0379-1024x1024.jpg 1024w, https:\/\/med-disposable.com\/wp-content\/uploads\/2021\/09\/40A0379-300x300.jpg 300w, https:\/\/med-disposable.com\/wp-content\/uploads\/2021\/09\/40A0379-150x150.jpg 150w, https:\/\/med-disposable.com\/wp-content\/uploads\/2021\/09\/40A0379-768x768.jpg 768w, https:\/\/med-disposable.com\/wp-content\/uploads\/2021\/09\/40A0379-1536x1536.jpg 1536w, https:\/\/med-disposable.com\/wp-content\/uploads\/2021\/09\/40A0379-scaled.jpg 2048w, https:\/\/med-disposable.com\/wp-content\/uploads\/2021\/09\/40A0379-600x600.jpg 600w, https:\/\/med-disposable.com\/wp-content\/uploads\/2021\/09\/40A0379-100x100.jpg 100w\" sizes=\"(max-width: 800px) 100vw, 800px\" \/><\/p>\n<p><strong>Sp\u00e9cification de base :<\/strong><\/p>\n<table width=\"399\">\n<tbody>\n<tr>\n<td rowspan=\"4\" width=\"83\">Taille<\/td>\n<td width=\"316\">4XS - 4 \u00e0 5 ans<\/td>\n<\/tr>\n<tr>\n<td width=\"316\">3XS - 6 \u00e0 7 ans<\/td>\n<\/tr>\n<tr>\n<td width=\"316\">2XS - 8 \u00e0 9 ans<\/td>\n<\/tr>\n<tr>\n<td width=\"316\">XS - 10 \u00e0 11 ans<\/td>\n<\/tr>\n<tr>\n<td width=\"83\">Mat\u00e9riau<\/td>\n<td width=\"316\">Microporeux,<\/td>\n<\/tr>\n<tr>\n<td width=\"83\">Poids en grammes<\/td>\n<td width=\"316\">45-65gsm<\/td>\n<\/tr>\n<tr>\n<td rowspan=\"2\" width=\"83\">Style<\/td>\n<td width=\"316\">Avec capuche sans bottes, \u00e9lastique sur la capuche et les poignets.<\/td>\n<\/tr>\n<tr>\n<td width=\"316\">Elastique \u00e0 la taille, \u00e9lastique aux chevilles<\/td>\n<\/tr>\n<tr>\n<td width=\"83\">Couleur<\/td>\n<td width=\"316\">Blanc<\/td>\n<\/tr>\n<tr>\n<td width=\"83\">Application<\/td>\n<td width=\"316\">Utilisation non m\u00e9dicale \u00e0 titre de r\u00e9f\u00e9rence<br \/>\nh\u00f4pital, aire de jeux, \u00e9cole, tourisme, etc.<\/td>\n<\/tr>\n<\/tbody>\n<\/table>\n<p>&nbsp;<\/p>\n<p><strong>Caract\u00e9ristiques du produit :<\/strong><\/p>\n<p>Notre combinaison jetable pour enfants se distingue par ses caract\u00e9ristiques bien pens\u00e9es et adapt\u00e9es aux enfants :<\/p>\n<ol>\n<li><strong>Mat\u00e9riau :<\/strong> La combinaison est fabriqu\u00e9e dans un mat\u00e9riau microporeux, connu pour ses excellentes qualit\u00e9s de protection contre diff\u00e9rents types de risques, tout en assurant une bonne respirabilit\u00e9 pour un confort optimal.<\/li>\n<li><strong>Conception :<\/strong> Notre combinaison pour enfants comprend une capuche pour une protection suppl\u00e9mentaire, des poignets et des chevilles \u00e9lastiques pour un ajustement parfait, et une fermeture \u00e0 glissi\u00e8re frontale pratique avec rabat, permettant de la porter et de l'enlever facilement.<\/li>\n<\/ol>\n<p><img decoding=\"async\" class=\"aligncenter wp-image-9285 size-large\" src=\"https:\/\/med-disposable.com\/wp-content\/uploads\/2021\/09\/40A0377-1024x1024.jpg\" alt=\"\" width=\"800\" height=\"800\" srcset=\"https:\/\/med-disposable.com\/wp-content\/uploads\/2021\/09\/40A0377-1024x1024.jpg 1024w, https:\/\/med-disposable.com\/wp-content\/uploads\/2021\/09\/40A0377-300x300.jpg 300w, https:\/\/med-disposable.com\/wp-content\/uploads\/2021\/09\/40A0377-150x150.jpg 150w, https:\/\/med-disposable.com\/wp-content\/uploads\/2021\/09\/40A0377-768x768.jpg 768w, https:\/\/med-disposable.com\/wp-content\/uploads\/2021\/09\/40A0377-1536x1536.jpg 1536w, https:\/\/med-disposable.com\/wp-content\/uploads\/2021\/09\/40A0377-scaled.jpg 2048w, https:\/\/med-disposable.com\/wp-content\/uploads\/2021\/09\/40A0377-600x600.jpg 600w, https:\/\/med-disposable.com\/wp-content\/uploads\/2021\/09\/40A0377-100x100.jpg 100w\" sizes=\"(max-width: 800px) 100vw, 800px\" \/><\/p>\n<p><img decoding=\"async\" class=\"aligncenter wp-image-9286 size-large\" src=\"https:\/\/med-disposable.com\/wp-content\/uploads\/2021\/09\/40A0378-1024x1024.jpg\" alt=\"\" width=\"800\" height=\"800\" srcset=\"https:\/\/med-disposable.com\/wp-content\/uploads\/2021\/09\/40A0378-1024x1024.jpg 1024w, https:\/\/med-disposable.com\/wp-content\/uploads\/2021\/09\/40A0378-300x300.jpg 300w, https:\/\/med-disposable.com\/wp-content\/uploads\/2021\/09\/40A0378-150x150.jpg 150w, https:\/\/med-disposable.com\/wp-content\/uploads\/2021\/09\/40A0378-768x768.jpg 768w, https:\/\/med-disposable.com\/wp-content\/uploads\/2021\/09\/40A0378-1536x1536.jpg 1536w, https:\/\/med-disposable.com\/wp-content\/uploads\/2021\/09\/40A0378-scaled.jpg 2048w, https:\/\/med-disposable.com\/wp-content\/uploads\/2021\/09\/40A0378-600x600.jpg 600w, https:\/\/med-disposable.com\/wp-content\/uploads\/2021\/09\/40A0378-100x100.jpg 100w\" sizes=\"(max-width: 800px) 100vw, 800px\" \/><\/p>\n<p><strong>Avantages du produit :<\/strong><\/p>\n<ol>\n<li><strong>Protection compl\u00e8te :<\/strong> La combinaison jetable pour enfants offre une protection compl\u00e8te du corps contre divers risques. Elle constitue une barri\u00e8re efficace contre les particules et les liquides \u00e0 faible risque, garantissant ainsi la s\u00e9curit\u00e9 de votre enfant.<\/li>\n<li><strong>Confort :<\/strong> Malgr\u00e9 sa conception protectrice robuste, la combinaison est con\u00e7ue pour \u00eatre confortable pour les enfants. Sa respirabilit\u00e9 et ses caract\u00e9ristiques \u00e9lastiques permettent de bouger librement, ce qui est vital pour la nature active des enfants.<\/li>\n<li><strong>Facilit\u00e9 d'utilisation :<\/strong> La fermeture \u00e0 glissi\u00e8re sur le devant, avec un rabat de protection, rend la combinaison facile \u00e0 porter et \u00e0 enlever, m\u00eame pour les enfants, ce qui favorise l'ind\u00e9pendance.<\/li>\n<\/ol>\n<p><img loading=\"lazy\" decoding=\"async\" class=\"aligncenter wp-image-9281 size-large\" src=\"https:\/\/med-disposable.com\/wp-content\/uploads\/2021\/09\/40A0371-1024x1024.jpg\" alt=\"\" width=\"800\" height=\"800\" srcset=\"https:\/\/med-disposable.com\/wp-content\/uploads\/2021\/09\/40A0371-1024x1024.jpg 1024w, https:\/\/med-disposable.com\/wp-content\/uploads\/2021\/09\/40A0371-300x300.jpg 300w, https:\/\/med-disposable.com\/wp-content\/uploads\/2021\/09\/40A0371-150x150.jpg 150w, https:\/\/med-disposable.com\/wp-content\/uploads\/2021\/09\/40A0371-768x768.jpg 768w, https:\/\/med-disposable.com\/wp-content\/uploads\/2021\/09\/40A0371-1536x1536.jpg 1536w, https:\/\/med-disposable.com\/wp-content\/uploads\/2021\/09\/40A0371-scaled.jpg 2048w, https:\/\/med-disposable.com\/wp-content\/uploads\/2021\/09\/40A0371-600x600.jpg 600w, https:\/\/med-disposable.com\/wp-content\/uploads\/2021\/09\/40A0371-100x100.jpg 100w\" sizes=\"(max-width: 800px) 100vw, 800px\" \/><\/p>\n<p><strong>Utilisations du produit :<\/strong> La combinaison jetable pour enfants convient \u00e0 de nombreuses activit\u00e9s o\u00f9 les enfants peuvent se salir ou \u00eatre expos\u00e9s \u00e0 des risques potentiels, comme la peinture, le jardinage, les exp\u00e9riences scientifiques, etc. C'est \u00e9galement une solution pratique pour les \u00e9coles, les ateliers pour enfants et les environnements de soins de sant\u00e9 afin de garantir la s\u00e9curit\u00e9 et l'hygi\u00e8ne.<\/p>\n<p>&nbsp;<\/p>\n<p><strong>FAQs :<\/strong><\/p>\n<ol>\n<li><strong>Quelles sont les tailles disponibles pour la combinaison jetable pour enfants ?<\/strong> Notre combinaison jetable pour enfants est disponible en plusieurs tailles pour s'adapter aux enfants d'\u00e2ges et de types corporels diff\u00e9rents. La conception de la combinaison offre un large espace de mouvement, garantissant le confort quelle que soit la taille choisie. Chaque pi\u00e8ce est m\u00e9ticuleusement con\u00e7ue pour assurer une protection et un confort constants dans toutes les tailles.<\/li>\n<li><strong>Comment la qualit\u00e9 et la s\u00e9curit\u00e9 de la combinaison jetable pour enfants sont-elles garanties ?<\/strong> Nous accordons la plus grande importance \u00e0 la qualit\u00e9 et \u00e0 la s\u00e9curit\u00e9 de nos produits, en particulier ceux destin\u00e9s aux enfants. Nos combinaisons jetables pour enfants sont soumises \u00e0 des tests d'assurance qualit\u00e9 rigoureux \u00e0 chaque \u00e9tape de la production. Nous respectons les normes et r\u00e9glementations internationales en mati\u00e8re de s\u00e9curit\u00e9 pendant la fabrication, en testant r\u00e9guli\u00e8rement la solidit\u00e9 des mat\u00e9riaux, la r\u00e9sistance \u00e0 la d\u00e9chirure et la durabilit\u00e9 globale, afin de nous assurer que la combinaison r\u00e9pond \u00e0 nos normes de haute qualit\u00e9 et \u00e0 vos attentes en mati\u00e8re de s\u00e9curit\u00e9.<\/li>\n<li><strong>Qu'est-ce qui fait que la combinaison jetable pour enfants est confortable pour les enfants ?<\/strong> Le confort est l'un des principaux crit\u00e8res pris en compte lors de la conception de notre combinaison jetable pour enfants. Fabriqu\u00e9e dans un mat\u00e9riau microporeux respirant, la combinaison garantit un port confortable lors de diverses activit\u00e9s. Les poignets et les chevilles \u00e9lastiques assurent un bon maintien tout en permettant une grande libert\u00e9 de mouvement, ce qui r\u00e9pond \u00e0 la nature active des enfants.<\/li>\n<li><strong>Est-il facile pour un enfant d'enfiler et d'enlever la combinaison jetable pour enfants ?<\/strong> Notre combinaison jetable pour enfants est con\u00e7ue pour \u00eatre adapt\u00e9e aux enfants. La fermeture \u00e0 glissi\u00e8re sur le devant avec un rabat de protection permet de l'enfiler et de l'enlever facilement. Cette caract\u00e9ristique favorise l'autonomie et fait de la combinaison une solution pratique pour diverses activit\u00e9s. Il est toutefois toujours recommand\u00e9 qu'un adulte surveille les enfants lorsqu'ils enfilent ou retirent la combinaison, afin de garantir leur s\u00e9curit\u00e9.<\/li>\n<li><strong>La combinaison jetable pour enfants peut-elle \u00eatre personnalis\u00e9e pour la marque de l'\u00e9cole ou de l'\u00e9v\u00e9nement ?<\/strong> Oui, nous proposons des options de personnalisation pour nos combinaisons jetables pour enfants \u00e0 partir d'un certain volume de commande. La personnalisation peut inclure les logos de l'\u00e9cole, les d\u00e9tails de l'\u00e9v\u00e9nement ou des combinaisons de couleurs sp\u00e9cifiques. Veuillez contacter notre service client\u00e8le pour discuter de vos besoins sp\u00e9cifiques et des possibilit\u00e9s offertes.<\/li>\n<\/ol>","protected":false},"excerpt":{"rendered":"<p><span class=\"a-list-item\">Les combinaisons microporeuses offrent une protection sup\u00e9rieure aux enfants.<\/span><\/p>\n<p>Respirant, durable, imperm\u00e9able \u00e0 l'eau et \u00e0 la poussi\u00e8re.<\/p>\n<p><span class=\"a-list-item\">Les \u00e9lastiques aux poignets, aux chevilles et \u00e0 la capuche prot\u00e8gent de la poussi\u00e8re et des liquides.<\/span><\/p>\n<p>Excellent \u00e9quipement de protection pour les h\u00f4pitaux, les terrains de jeux, les \u00e9coles, le tourisme, etc.<\/p>","protected":false},"featured_media":9278,"template":"","meta":{"_seopress_robots_primary_cat":"none","_seopress_titles_title":"Kids Waterproof and Breathable Outfits, Size 4XS-XS, 45-65gsm Microporous Fabric!","_seopress_titles_desc":"This Microporous fabric is perfect for children due to its waterproof, breathable, oil resistant, and non-smelly characteristics. Available in different sizes, our fabric offers great protection and comes with features such as hoods, cuffs, and elastics. Get yours in white now!","_seopress_robots_index":""},"product_brand":[],"product_cat":[44],"product_tag":[161,160],"class_list":{"0":"post-2798","1":"product","2":"type-product","3":"status-publish","4":"has-post-thumbnail","6":"product_cat-coverall","7":"product_tag-children-protection","8":"product_tag-kid-coverall","10":"first","11":"instock","12":"shipping-taxable","13":"product-type-simple"},"_links":{"self":[{"href":"https:\/\/med-disposable.com\/fr\/wp-json\/wp\/v2\/product\/2798","targetHints":{"allow":["GET"]}}],"collection":[{"href":"https:\/\/med-disposable.com\/fr\/wp-json\/wp\/v2\/product"}],"about":[{"href":"https:\/\/med-disposable.com\/fr\/wp-json\/wp\/v2\/types\/product"}],"version-history":[{"count":0,"href":"https:\/\/med-disposable.com\/fr\/wp-json\/wp\/v2\/product\/2798\/revisions"}],"wp:featuredmedia":[{"embeddable":true,"href":"https:\/\/med-disposable.com\/fr\/wp-json\/wp\/v2\/media\/9278"}],"wp:attachment":[{"href":"https:\/\/med-disposable.com\/fr\/wp-json\/wp\/v2\/media?parent=2798"}],"wp:term":[{"taxonomy":"product_brand","embeddable":true,"href":"https:\/\/med-disposable.com\/fr\/wp-json\/wp\/v2\/product_brand?post=2798"},{"taxonomy":"product_cat","embeddable":true,"href":"https:\/\/med-disposable.com\/fr\/wp-json\/wp\/v2\/product_cat?post=2798"},{"taxonomy":"product_tag","embeddable":true,"href":"https:\/\/med-disposable.com\/fr\/wp-json\/wp\/v2\/product_tag?post=2798"}],"curies":[{"name":"wp","href":"https:\/\/api.w.org\/{rel}","templated":true}]}}