{"id":2823,"date":"2021-09-16T16:45:30","date_gmt":"2021-09-16T08:45:30","guid":{"rendered":"https:\/\/med-disposable.com\/?post_type=product&#038;p=2823"},"modified":"2023-07-04T15:35:33","modified_gmt":"2023-07-04T07:35:33","slug":"masque-jetable-pour-enfants-en-couleurs","status":"publish","type":"product","link":"https:\/\/med-disposable.com\/fr\/product\/full-color-designed-disposable-face-mask-for-kids\/","title":{"rendered":"Masque jetable pour enfants en couleur"},"content":{"rendered":"<h2>Sp\u00e9cification de base :<\/h2>\n<table width=\"686\">\n<tbody>\n<tr>\n<td width=\"123\">Taille<\/td>\n<td width=\"563\">14.5*9.5cm<\/td>\n<\/tr>\n<tr>\n<td width=\"123\">Mat\u00e9riau<\/td>\n<td width=\"563\">PP 25g+MB 25g+PP 25g, la couche ext\u00e9rieure et la couche int\u00e9rieure sont de la m\u00eame couleur.<\/td>\n<\/tr>\n<tr>\n<td width=\"123\">Style<\/td>\n<td width=\"563\">boucle d'oreille \u00e9lastique plate<\/td>\n<\/tr>\n<tr>\n<td width=\"123\">Couleur<\/td>\n<td width=\"563\">vert, rose, violet, noir...toutes les couleurs et tous les designs personnels sont disponibles<\/td>\n<\/tr>\n<tr>\n<td width=\"123\">BFE<\/td>\n<td width=\"563\">99%<\/td>\n<\/tr>\n<tr>\n<td width=\"123\">Emballage<\/td>\n<td width=\"563\">50 pi\u00e8ces\/bo\u00eete, ou 10 pi\u00e8ces\/sac en polypropyl\u00e8ne, selon les besoins<\/td>\n<\/tr>\n<\/tbody>\n<\/table>\n<figure class=\"wp-block-embed wp-block-embed-youtube is-type-video is-provider-youtube epyt-figure\"><div class=\"wp-block-embed__wrapper\"><div  id=\"_ytid_93939\"  width=\"800\" height=\"450\"  data-origwidth=\"800\" data-origheight=\"450\" data-facadesrc=\"https:\/\/www.youtube.com\/embed\/YkZjErkH5Ns?enablejsapi=1&autoplay=0&cc_load_policy=0&cc_lang_pref=&iv_load_policy=1&loop=0&rel=1&fs=1&playsinline=0&autohide=2&theme=dark&color=red&controls=1&disablekb=0&\" class=\"__youtube_prefs__ epyt-facade no-lazyload\" data-epautoplay=\"1\" ><img decoding=\"async\" data-spai-excluded=\"true\" class=\"epyt-facade-poster skip-lazy\" loading=\"lazy\"  alt=\"Lecteur YouTube\"  src=\"https:\/\/i.ytimg.com\/vi\/YkZjErkH5Ns\/maxresdefault.jpg\"  \/><button class=\"epyt-facade-play\" aria-label=\"Jouer\"><svg data-no-lazy=\"1\" height=\"100%\" version=\"1.1\" viewbox=\"0 0 68 48\" width=\"100%\"><path class=\"ytp-large-play-button-bg\" d=\"M66.52,7.74c-0.78-2.93-2.49-5.41-5.42-6.19C55.79,.13,34,0,34,0S12.21,.13,6.9,1.55 C3.97,2.33,2.27,4.81,1.48,7.74C0.06,13.05,0,24,0,24s0.06,10.95,1.48,16.26c0.78,2.93,2.49,5.41,5.42,6.19 C12.21,47.87,34,48,34,48s21.79-0.13,27.1-1.55c2.93-0.78,4.64-3.26,5.42-6.19C67.94,34.95,68,24,68,24S67.94,13.05,66.52,7.74z\" fill=\"#f00\"><\/path><path d=\"M 45,24 27,14 27,34\" fill=\"#fff\"><\/path><\/svg><\/button><\/div><\/div><\/figure>\n<p>&nbsp;<\/p>\n<h2>Avantages des masques pour enfants en couleur<\/h2>\n<ul>\n<li><strong>Couleurs vives et amusantes :<\/strong>\u00a0Nos masques jetables pour enfants sont disponibles en plusieurs couleurs, notamment en noir, rose, violet et orange, ce qui permet \u00e0 votre enfant de choisir sa couleur pr\u00e9f\u00e9r\u00e9e et de rendre le port du masque plus agr\u00e9able.<\/li>\n<li><strong>Protection 3 couches :<\/strong>\u00a0Ces masques pr\u00e9sentent une structure \u00e0 trois couches, avec une couche ext\u00e9rieure et une couche int\u00e9rieure de la m\u00eame couleur, offrant un toucher confortable et doux \u00e0 la peau de votre enfant. La couche interm\u00e9diaire est constitu\u00e9e de papier filtre BFE 99%, qui assure une filtration efficace des bact\u00e9ries et des particules.<\/li>\n<li><strong>Confortable :<\/strong>\u00a0Con\u00e7us sp\u00e9cialement pour les enfants, ces masques offrent un ajustement s\u00fbr et confortable gr\u00e2ce \u00e0 des boucles d'oreilles \u00e9lastiques souples et \u00e0 une barrette nasale r\u00e9glable, ce qui permet de les porter longtemps.<\/li>\n<li><strong>Conception \u00e0 usage unique :<\/strong>\u00a0Nos masques jetables pour enfants sont con\u00e7us pour un usage unique, ce qui garantit une hygi\u00e8ne optimale et r\u00e9duit le risque de contamination crois\u00e9e.<\/li>\n<li><strong>Options d'emballage :<\/strong>\u00a0Ces masques sont disponibles en paquets de diff\u00e9rentes quantit\u00e9s, ce qui vous permet de choisir la quantit\u00e9 adapt\u00e9e aux besoins et aux pr\u00e9f\u00e9rences de votre enfant.<\/li>\n<\/ul>\n<p><img fetchpriority=\"high\" decoding=\"async\" class=\"aligncenter wp-image-8365 size-large\" src=\"https:\/\/med-disposable.com\/wp-content\/uploads\/2021\/09\/colorful-kids-face-mask-4-1024x1024.jpg\" alt=\"\" width=\"800\" height=\"800\" srcset=\"https:\/\/med-disposable.com\/wp-content\/uploads\/2021\/09\/colorful-kids-face-mask-4-1024x1024.jpg 1024w, https:\/\/med-disposable.com\/wp-content\/uploads\/2021\/09\/colorful-kids-face-mask-4-300x300.jpg 300w, https:\/\/med-disposable.com\/wp-content\/uploads\/2021\/09\/colorful-kids-face-mask-4-150x150.jpg 150w, https:\/\/med-disposable.com\/wp-content\/uploads\/2021\/09\/colorful-kids-face-mask-4-768x768.jpg 768w, https:\/\/med-disposable.com\/wp-content\/uploads\/2021\/09\/colorful-kids-face-mask-4-1536x1536.jpg 1536w, https:\/\/med-disposable.com\/wp-content\/uploads\/2021\/09\/colorful-kids-face-mask-4-scaled.jpg 2048w, https:\/\/med-disposable.com\/wp-content\/uploads\/2021\/09\/colorful-kids-face-mask-4-600x600.jpg 600w, https:\/\/med-disposable.com\/wp-content\/uploads\/2021\/09\/colorful-kids-face-mask-4-100x100.jpg 100w\" sizes=\"(max-width: 800px) 100vw, 800px\" \/><\/p>\n<p><img decoding=\"async\" class=\"aligncenter wp-image-8369 size-large\" src=\"https:\/\/med-disposable.com\/wp-content\/uploads\/2021\/09\/colorful-kids-face-mask-26-1024x1024.jpg\" alt=\"\" width=\"800\" height=\"800\" srcset=\"https:\/\/med-disposable.com\/wp-content\/uploads\/2021\/09\/colorful-kids-face-mask-26-1024x1024.jpg 1024w, https:\/\/med-disposable.com\/wp-content\/uploads\/2021\/09\/colorful-kids-face-mask-26-300x300.jpg 300w, https:\/\/med-disposable.com\/wp-content\/uploads\/2021\/09\/colorful-kids-face-mask-26-150x150.jpg 150w, https:\/\/med-disposable.com\/wp-content\/uploads\/2021\/09\/colorful-kids-face-mask-26-768x768.jpg 768w, https:\/\/med-disposable.com\/wp-content\/uploads\/2021\/09\/colorful-kids-face-mask-26-1536x1536.jpg 1536w, https:\/\/med-disposable.com\/wp-content\/uploads\/2021\/09\/colorful-kids-face-mask-26-scaled.jpg 2048w, https:\/\/med-disposable.com\/wp-content\/uploads\/2021\/09\/colorful-kids-face-mask-26-600x600.jpg 600w, https:\/\/med-disposable.com\/wp-content\/uploads\/2021\/09\/colorful-kids-face-mask-26-100x100.jpg 100w\" sizes=\"(max-width: 800px) 100vw, 800px\" \/><\/p>\n<p>&nbsp;<\/p>\n<h3>Pourquoi commander le masque facial jetable pour enfants aupr\u00e8s de Wuhan Youfu ?<\/h3>\n<ol>\n<li><strong>Expertise et exp\u00e9rience :<\/strong>\u00a0Avec plus d'une d\u00e9cennie d'exp\u00e9rience dans la production de masques, Wuhan Youfu poss\u00e8de les connaissances et l'expertise n\u00e9cessaires pour cr\u00e9er des produits r\u00e9pondant aux normes les plus strictes en mati\u00e8re de qualit\u00e9 et de s\u00e9curit\u00e9.<\/li>\n<li><strong>Installation de production avanc\u00e9e :<\/strong>\u00a0Notre atelier de 100 000 places est \u00e9quip\u00e9 de machines de pointe, garantissant un environnement propre et contr\u00f4l\u00e9 pour la production de nos masques jetables pour enfants.<\/li>\n<li><strong>Capacit\u00e9 de production \u00e9lev\u00e9e :<\/strong>\u00a0Avec 20 machines \u00e0 masques en service, Wuhan Youfu a la capacit\u00e9 de r\u00e9pondre \u00e0 la forte demande de masques jetables, garantissant ainsi un approvisionnement constant en \u00e9quipements de protection pour vos petits.<\/li>\n<li><strong>Contr\u00f4le de la qualit\u00e9 et inspection :<\/strong>\u00a0Wuhan Youfu utilise des machines de pointe qui d\u00e9tectent les masques pi\u00e8ce par pi\u00e8ce, garantissant que chaque masque r\u00e9pond \u00e0 nos normes de qualit\u00e9 strictes. En outre, nos machines de fermeture automatique garantissent une \u00e9tanch\u00e9it\u00e9 parfaite de chaque masque, pour une protection et un confort optimaux.<\/li>\n<li><strong>Filtration efficace :<\/strong>\u00a0Nos masques jetables pour enfants sont dot\u00e9s d'un papier filtre BFE 99%, qui garantit une protection efficace contre les bact\u00e9ries et les particules. Ce niveau \u00e9lev\u00e9 de filtration est essentiel pour pr\u00e9server la sant\u00e9 et la s\u00e9curit\u00e9 de votre enfant.<\/li>\n<\/ol>","protected":false},"excerpt":{"rendered":"<p>Prot\u00e9gez vos enfants avec nos masques jetables pour enfants. Ces masques amusants et vibrants sont parfaits pour un usage quotidien et offrent un ajustement confortable et s\u00fbr pour les enfants. Con\u00e7us en trois couches, ces masques comportent une couche ext\u00e9rieure et une couche int\u00e9rieure de la m\u00eame couleur, disponibles dans diff\u00e9rentes couleurs telles que le noir, le rose, le violet et l'orange. La couche interm\u00e9diaire est constitu\u00e9e de papier filtre BFE 99%, qui assure une protection efficace contre les bact\u00e9ries et les particules.<\/p>","protected":false},"featured_media":8364,"template":"","meta":{"_seopress_robots_primary_cat":"none","_seopress_titles_title":"Soft Spunlace Cartoon Face Masks - Free Breathing &amp; Advanced Printing!","_seopress_titles_desc":"This feature offers a disposable cartoon face mask made with advanced spunlace material for superior softness, breathability, and printing effects. Choose from a wide variety of colors and designs and get 50 pcs\/box or 10 pcs\/OPP bag to meet your needs.","_seopress_robots_index":""},"product_brand":[],"product_cat":[100],"product_tag":[60,59],"class_list":{"0":"post-2823","1":"product","2":"type-product","3":"status-publish","4":"has-post-thumbnail","6":"product_cat-face-mask","7":"product_tag-face-mask","8":"product_tag-kids","10":"first","11":"instock","12":"shipping-taxable","13":"product-type-simple"},"_links":{"self":[{"href":"https:\/\/med-disposable.com\/fr\/wp-json\/wp\/v2\/product\/2823","targetHints":{"allow":["GET"]}}],"collection":[{"href":"https:\/\/med-disposable.com\/fr\/wp-json\/wp\/v2\/product"}],"about":[{"href":"https:\/\/med-disposable.com\/fr\/wp-json\/wp\/v2\/types\/product"}],"version-history":[{"count":0,"href":"https:\/\/med-disposable.com\/fr\/wp-json\/wp\/v2\/product\/2823\/revisions"}],"wp:featuredmedia":[{"embeddable":true,"href":"https:\/\/med-disposable.com\/fr\/wp-json\/wp\/v2\/media\/8364"}],"wp:attachment":[{"href":"https:\/\/med-disposable.com\/fr\/wp-json\/wp\/v2\/media?parent=2823"}],"wp:term":[{"taxonomy":"product_brand","embeddable":true,"href":"https:\/\/med-disposable.com\/fr\/wp-json\/wp\/v2\/product_brand?post=2823"},{"taxonomy":"product_cat","embeddable":true,"href":"https:\/\/med-disposable.com\/fr\/wp-json\/wp\/v2\/product_cat?post=2823"},{"taxonomy":"product_tag","embeddable":true,"href":"https:\/\/med-disposable.com\/fr\/wp-json\/wp\/v2\/product_tag?post=2823"}],"curies":[{"name":"wp","href":"https:\/\/api.w.org\/{rel}","templated":true}]}}