{"id":2899,"date":"2021-10-22T14:46:36","date_gmt":"2021-10-22T06:46:36","guid":{"rendered":"https:\/\/med-disposable.com\/?post_type=product&#038;p=2899"},"modified":"2021-10-22T14:46:36","modified_gmt":"2021-10-22T06:46:36","slug":"combinaisons-jetables-en-pp-non-tisse-pour-lindustrie-alimentaire","status":"publish","type":"product","link":"https:\/\/med-disposable.com\/fr\/product\/disposable-pp-non-woven-suits-for-food-industry\/","title":{"rendered":"Combinaisons jetables en PP non tiss\u00e9 pour l'industrie alimentaire"},"content":{"rendered":"<p>Fonctionnalit\u00e9 :<\/p>\n<div data-spm-anchor-id=\"a2700.details.0.i27.4414e1e8Sc8hZV\">Mat\u00e9riau non tiss\u00e9 en PP, l\u00e9ger, respirant et confortable \u00e0 porter.<\/div>\n<div data-spm-anchor-id=\"a2700.details.0.i27.4414e1e8Sc8hZV\">Facile \u00e0 porter et \u00e0 enlever, pas de r\u00e9action allergique.<\/div>\n<div data-spm-anchor-id=\"a2700.details.0.i27.4414e1e8Sc8hZV\">Bloque efficacement l'entr\u00e9e de la salet\u00e9, de l'huile, de la graisse et des liquides, id\u00e9al pour l'industrie alimentaire.<\/div>\n<div data-spm-anchor-id=\"a2700.details.0.i27.4414e1e8Sc8hZV\">Sp\u00e9cification de base :<\/div>\n<div data-spm-anchor-id=\"a2700.details.0.i27.4414e1e8Sc8hZV\">\n<table width=\"445\">\n<tbody>\n<tr>\n<td width=\"98\">Taille<\/td>\n<td width=\"347\">M-5XL<\/td>\n<\/tr>\n<tr>\n<td>Mat\u00e9riau<\/td>\n<td>PP non tiss\u00e9<\/td>\n<\/tr>\n<tr>\n<td>Poids en grammes<\/td>\n<td>30-65gsm<\/td>\n<\/tr>\n<tr>\n<td width=\"98\">Style<\/td>\n<td width=\"347\">Chemisier : \u00e9lastique sur la capuche et les poignets, sans poches;Pantalon : \u00e9lastique \u00e0 la taille, \u00e9lastique aux chevilles, avec poches<\/td>\n<\/tr>\n<tr>\n<td width=\"98\">Couleur<\/td>\n<td width=\"347\">Blanc, bleu, jaune, rouge, orange... selon la demande<\/td>\n<\/tr>\n<tr>\n<td>Application<\/td>\n<td>l'industrie alimentaire, l'agriculture, l'industrie chimique, l'industrie manufacturi\u00e8re, le secteur m\u00e9dical et d'autres domaines<\/td>\n<\/tr>\n<\/tbody>\n<\/table>\n<\/div>","protected":false},"excerpt":{"rendered":"<p>Chemisier : Col en V, \u00e9lastique sur la capuche et les poignets<\/p>\n<p>Pantalon : Taille \u00e9lastique, chevilles \u00e9lastiques, pas de poches.<\/p>","protected":false},"featured_media":2910,"template":"","meta":{"_seopress_robots_primary_cat":"none","_seopress_titles_title":"Feature: PP Non Woven Material | Light, Breathable Comfort for Food Industry","_seopress_titles_desc":" Lightweight, breathable, and comfortable to wear, our PP non woven material provides easy wear &amp; removal with no allergic reaction. Ideal for blocking dirt, oil and more in the food, manufacturing, medical and other industries. Available in sizes M\u20135XL with custom colors. ","_seopress_robots_index":""},"product_brand":[],"product_cat":[44],"product_tag":[73,57],"class_list":{"0":"post-2899","1":"product","2":"type-product","3":"status-publish","4":"has-post-thumbnail","6":"product_cat-coverall","7":"product_tag-disposable","8":"product_tag-non-woven","10":"first","11":"instock","12":"shipping-taxable","13":"product-type-simple"},"_links":{"self":[{"href":"https:\/\/med-disposable.com\/fr\/wp-json\/wp\/v2\/product\/2899","targetHints":{"allow":["GET"]}}],"collection":[{"href":"https:\/\/med-disposable.com\/fr\/wp-json\/wp\/v2\/product"}],"about":[{"href":"https:\/\/med-disposable.com\/fr\/wp-json\/wp\/v2\/types\/product"}],"version-history":[{"count":0,"href":"https:\/\/med-disposable.com\/fr\/wp-json\/wp\/v2\/product\/2899\/revisions"}],"wp:featuredmedia":[{"embeddable":true,"href":"https:\/\/med-disposable.com\/fr\/wp-json\/wp\/v2\/media\/2910"}],"wp:attachment":[{"href":"https:\/\/med-disposable.com\/fr\/wp-json\/wp\/v2\/media?parent=2899"}],"wp:term":[{"taxonomy":"product_brand","embeddable":true,"href":"https:\/\/med-disposable.com\/fr\/wp-json\/wp\/v2\/product_brand?post=2899"},{"taxonomy":"product_cat","embeddable":true,"href":"https:\/\/med-disposable.com\/fr\/wp-json\/wp\/v2\/product_cat?post=2899"},{"taxonomy":"product_tag","embeddable":true,"href":"https:\/\/med-disposable.com\/fr\/wp-json\/wp\/v2\/product_tag?post=2899"}],"curies":[{"name":"wp","href":"https:\/\/api.w.org\/{rel}","templated":true}]}}