{"id":2912,"date":"2021-10-22T15:01:10","date_gmt":"2021-10-22T07:01:10","guid":{"rendered":"https:\/\/med-disposable.com\/?post_type=product&#038;p=2912"},"modified":"2021-10-22T15:01:10","modified_gmt":"2021-10-22T07:01:10","slug":"disposable-non-woven-suits-with-hood-and-long-sleeves","status":"publish","type":"product","link":"https:\/\/med-disposable.com\/fr\/product\/disposable-non-woven-suits-with-hood-and-long-sleeves\/","title":{"rendered":"Combinaisons jetables non tiss\u00e9es avec capuche et manches longues"},"content":{"rendered":"<p>Fonctionnalit\u00e9 :<\/p>\n<div data-spm-anchor-id=\"a2700.details.0.i27.4414e1e8Sc8hZV\">Mat\u00e9riau non tiss\u00e9 en PP, l\u00e9ger, respirant et confortable \u00e0 porter.<\/div>\n<div data-spm-anchor-id=\"a2700.details.0.i27.4414e1e8Sc8hZV\">Facile \u00e0 porter et \u00e0 enlever, pas de r\u00e9action allergique.<\/div>\n<div data-spm-anchor-id=\"a2700.details.0.i27.4414e1e8Sc8hZV\">Effectively block dirt, oil, fat, liquids entry.<\/div>\n<div data-spm-anchor-id=\"a2700.details.0.i27.4414e1e8Sc8hZV\">Sp\u00e9cification de base :<\/div>\n<div data-spm-anchor-id=\"a2700.details.0.i27.4414e1e8Sc8hZV\">\n<table width=\"445\">\n<tbody>\n<tr>\n<td width=\"98\">Taille<\/td>\n<td width=\"347\">M-5XL<\/td>\n<\/tr>\n<tr>\n<td>Mat\u00e9riau<\/td>\n<td>PP non tiss\u00e9<\/td>\n<\/tr>\n<tr>\n<td>Poids en grammes<\/td>\n<td>40gsm<\/td>\n<\/tr>\n<tr>\n<td width=\"98\">Style<\/td>\n<td width=\"347\">Blouse: elastic on hood and cuffs, no pockets;<\/p>\n<p>Pants: Elastic on waist, elastic on ankles, with\u00a0 pockets<\/td>\n<\/tr>\n<tr>\n<td width=\"98\">Couleur<\/td>\n<td width=\"347\">Blanc, bleu, jaune, rouge, orange... selon la demande<\/td>\n<\/tr>\n<tr>\n<td>Application<\/td>\n<td>l'industrie alimentaire, l'agriculture, l'industrie chimique, l'industrie manufacturi\u00e8re, le secteur m\u00e9dical et d'autres domaines<\/td>\n<\/tr>\n<\/tbody>\n<\/table>\n<\/div>","protected":false},"excerpt":{"rendered":"<p>Blouse: with hood, long sleeves, V shape collar, elastic on hood and cuffs;<\/p>\n<p>Pants: Elastic on waist, elastic on ankles, no pockets.<\/p>","protected":false},"featured_media":2909,"template":"","meta":{"_seopress_robots_primary_cat":"none","_seopress_titles_title":"Feature: PP Nonwoven Material - Lightweight, Breathable, and Comfortable","_seopress_titles_desc":"Stay safe and comfortable with PP non woven material - light, breathable, and easy to wear. Protect yourself from dirt, oil, fat, and liquids entry with sizes from M - 5XL, in a variety of colors. Ideal for food, agriculture, chemical industry, medical use and more.","_seopress_robots_index":""},"product_brand":[],"product_cat":[44],"product_tag":[73,57],"class_list":{"0":"post-2912","1":"product","2":"type-product","3":"status-publish","4":"has-post-thumbnail","6":"product_cat-coverall","7":"product_tag-disposable","8":"product_tag-non-woven","10":"first","11":"instock","12":"shipping-taxable","13":"product-type-simple"},"_links":{"self":[{"href":"https:\/\/med-disposable.com\/fr\/wp-json\/wp\/v2\/product\/2912","targetHints":{"allow":["GET"]}}],"collection":[{"href":"https:\/\/med-disposable.com\/fr\/wp-json\/wp\/v2\/product"}],"about":[{"href":"https:\/\/med-disposable.com\/fr\/wp-json\/wp\/v2\/types\/product"}],"version-history":[{"count":0,"href":"https:\/\/med-disposable.com\/fr\/wp-json\/wp\/v2\/product\/2912\/revisions"}],"wp:featuredmedia":[{"embeddable":true,"href":"https:\/\/med-disposable.com\/fr\/wp-json\/wp\/v2\/media\/2909"}],"wp:attachment":[{"href":"https:\/\/med-disposable.com\/fr\/wp-json\/wp\/v2\/media?parent=2912"}],"wp:term":[{"taxonomy":"product_brand","embeddable":true,"href":"https:\/\/med-disposable.com\/fr\/wp-json\/wp\/v2\/product_brand?post=2912"},{"taxonomy":"product_cat","embeddable":true,"href":"https:\/\/med-disposable.com\/fr\/wp-json\/wp\/v2\/product_cat?post=2912"},{"taxonomy":"product_tag","embeddable":true,"href":"https:\/\/med-disposable.com\/fr\/wp-json\/wp\/v2\/product_tag?post=2912"}],"curies":[{"name":"wp","href":"https:\/\/api.w.org\/{rel}","templated":true}]}}