{"id":2923,"date":"2021-10-22T15:45:22","date_gmt":"2021-10-22T07:45:22","guid":{"rendered":"https:\/\/med-disposable.com\/?post_type=product&#038;p=2923"},"modified":"2021-10-22T15:45:22","modified_gmt":"2021-10-22T07:45:22","slug":"disposable-colorful-non-woven-suits","status":"publish","type":"product","link":"https:\/\/med-disposable.com\/fr\/product\/disposable-colorful-non-woven-suits\/","title":{"rendered":"Combinaisons jetables en non-tiss\u00e9 color\u00e9"},"content":{"rendered":"<p>Fonctionnalit\u00e9 :<\/p>\n<div data-spm-anchor-id=\"a2700.details.0.i27.4414e1e8Sc8hZV\">Mat\u00e9riau non tiss\u00e9 en PP, l\u00e9ger, respirant et confortable \u00e0 porter.<\/div>\n<div data-spm-anchor-id=\"a2700.details.0.i27.4414e1e8Sc8hZV\">Facile \u00e0 porter et \u00e0 enlever, pas de r\u00e9action allergique.<\/div>\n<div data-spm-anchor-id=\"a2700.details.0.i27.4414e1e8Sc8hZV\">Effectively block dirt, oil, fat, liquids entry.<\/div>\n<div data-spm-anchor-id=\"a2700.details.0.i27.4414e1e8Sc8hZV\">Sp\u00e9cification de base :<\/div>\n<div data-spm-anchor-id=\"a2700.details.0.i27.4414e1e8Sc8hZV\">\n<table width=\"445\">\n<tbody>\n<tr>\n<td width=\"98\">Taille<\/td>\n<td width=\"347\">M-5XL<\/td>\n<\/tr>\n<tr>\n<td>Mat\u00e9riau<\/td>\n<td>PP non tiss\u00e9<\/td>\n<\/tr>\n<tr>\n<td>Poids en grammes<\/td>\n<td>40gsm<\/td>\n<\/tr>\n<tr>\n<td width=\"98\">Style<\/td>\n<td width=\"347\">Blouse: elastic on hood and cuffs, no pockets;&nbsp;<\/p>\n<p>Pants: Elastic on waist, elastic on ankles, with\u00a0 pockets<\/td>\n<\/tr>\n<tr>\n<td width=\"98\">Couleur<\/td>\n<td width=\"347\">Blanc, bleu, jaune, rouge, orange... selon la demande<\/td>\n<\/tr>\n<tr>\n<td>Application<\/td>\n<td>l'industrie alimentaire, l'agriculture, l'industrie chimique, l'industrie manufacturi\u00e8re, le secteur m\u00e9dical et d'autres domaines<\/td>\n<\/tr>\n<\/tbody>\n<\/table>\n<\/div>","protected":false},"excerpt":{"rendered":"<p>Blouse: with hood, long sleeves, V shape collar, elastic on hood and cuffs;<\/p>\n<p>Pants: Elastic on waist, elastic on ankles, no pockets.<\/p>","protected":false},"featured_media":2925,"template":"","meta":{"_seopress_robots_primary_cat":"none","_seopress_titles_title":"Comfortable PP Non Woven Clothing: Lightweight, Breathable-Size M-5XL!","_seopress_titles_desc":"Introducing PP non woven material, for a light and comfortable fit. Block dirt, oil and fat with ease. Perfect for food industry, agriculture, chemical industry, manufacturing &amp; medical fields, with sizes M-5XL and a range of colors available.","_seopress_robots_index":""},"product_brand":[],"product_cat":[44],"product_tag":[73,149],"class_list":{"0":"post-2923","1":"product","2":"type-product","3":"status-publish","4":"has-post-thumbnail","6":"product_cat-coverall","7":"product_tag-disposable","8":"product_tag-suits","10":"first","11":"instock","12":"shipping-taxable","13":"product-type-simple"},"_links":{"self":[{"href":"https:\/\/med-disposable.com\/fr\/wp-json\/wp\/v2\/product\/2923","targetHints":{"allow":["GET"]}}],"collection":[{"href":"https:\/\/med-disposable.com\/fr\/wp-json\/wp\/v2\/product"}],"about":[{"href":"https:\/\/med-disposable.com\/fr\/wp-json\/wp\/v2\/types\/product"}],"version-history":[{"count":0,"href":"https:\/\/med-disposable.com\/fr\/wp-json\/wp\/v2\/product\/2923\/revisions"}],"wp:featuredmedia":[{"embeddable":true,"href":"https:\/\/med-disposable.com\/fr\/wp-json\/wp\/v2\/media\/2925"}],"wp:attachment":[{"href":"https:\/\/med-disposable.com\/fr\/wp-json\/wp\/v2\/media?parent=2923"}],"wp:term":[{"taxonomy":"product_brand","embeddable":true,"href":"https:\/\/med-disposable.com\/fr\/wp-json\/wp\/v2\/product_brand?post=2923"},{"taxonomy":"product_cat","embeddable":true,"href":"https:\/\/med-disposable.com\/fr\/wp-json\/wp\/v2\/product_cat?post=2923"},{"taxonomy":"product_tag","embeddable":true,"href":"https:\/\/med-disposable.com\/fr\/wp-json\/wp\/v2\/product_tag?post=2923"}],"curies":[{"name":"wp","href":"https:\/\/api.w.org\/{rel}","templated":true}]}}