{"id":2929,"date":"2021-10-25T18:08:49","date_gmt":"2021-10-25T10:08:49","guid":{"rendered":"https:\/\/med-disposable.com\/?post_type=product&#038;p=2929"},"modified":"2021-10-26T09:36:34","modified_gmt":"2021-10-26T01:36:34","slug":"blouse-disolation-en-pp-non-tisse-colore","status":"publish","type":"product","link":"https:\/\/med-disposable.com\/fr\/product\/colorful-pp-non-woven-isolation-gown\/","title":{"rendered":"Blouse d'isolation color\u00e9e en PP non tiss\u00e9"},"content":{"rendered":"<p>Fonctionnalit\u00e9 :<\/p>\n<p>Le non-tiss\u00e9 l\u00e9ger en PP offre une protection respirante et r\u00e9sistante aux liquides.<\/p>\n<p>La robe est une protection ferm\u00e9e sur le devant, du cou aux genoux.<\/p>\n<p>Les liens se fixent au cou et \u00e0 la taille pour une protection s\u00fbre. Poignets confortables en tricot.<\/p>\n<p>Sp\u00e9cification de base :<\/p>\n<table width=\"494\">\n<tbody>\n<tr>\n<td width=\"101\">Taille<\/td>\n<td width=\"393\">\u00a0120*140cm, ou selon la demande<\/td>\n<\/tr>\n<tr>\n<td width=\"101\">Mat\u00e9riau<\/td>\n<td width=\"393\">PP non tiss\u00e9, 100% mati\u00e8re vierge<\/td>\n<\/tr>\n<tr>\n<td width=\"101\">Poids<\/td>\n<td width=\"393\">30gsm, ou selon les besoins<\/td>\n<\/tr>\n<tr>\n<td width=\"101\">Style<\/td>\n<td width=\"393\">liens \u00e0 l'encolure et \u00e0 la taille, avec poignets en tricot<\/td>\n<\/tr>\n<tr>\n<td width=\"101\">Couleur<\/td>\n<td width=\"393\">Rose, jaune, vert... selon votre demande<\/td>\n<\/tr>\n<\/tbody>\n<\/table>","protected":false},"excerpt":{"rendered":"<p>La blouse d'isolation en PP non tiss\u00e9 est l\u00e9g\u00e8re, respirante et r\u00e9sistante aux liquides.<\/p>\n<p>Le PP non tiss\u00e9 \u00e9conomique est disponible en rose et en vert, et peut \u00e9galement \u00eatre personnalis\u00e9.<\/p>","protected":false},"featured_media":2934,"template":"","meta":{"_seopress_robots_primary_cat":"none","_seopress_titles_title":"PP Non Woven Gowns: Breathable, Fluid-Resistant Protection | 30gsm &amp; Up to Knee-Length","_seopress_titles_desc":"Keep your staff safe and comfortable with PP non woven gowns - offering breathable, fluid-resistant protection and secured neck and waist ties plus comfortable knit cuffs. Amazing range of size, color and weight available!","_seopress_robots_index":""},"product_brand":[],"product_cat":[43],"product_tag":[73,112],"class_list":{"0":"post-2929","1":"product","2":"type-product","3":"status-publish","4":"has-post-thumbnail","6":"product_cat-gowns","7":"product_tag-disposable","8":"product_tag-isolation-gown","10":"first","11":"instock","12":"shipping-taxable","13":"product-type-simple"},"_links":{"self":[{"href":"https:\/\/med-disposable.com\/fr\/wp-json\/wp\/v2\/product\/2929","targetHints":{"allow":["GET"]}}],"collection":[{"href":"https:\/\/med-disposable.com\/fr\/wp-json\/wp\/v2\/product"}],"about":[{"href":"https:\/\/med-disposable.com\/fr\/wp-json\/wp\/v2\/types\/product"}],"version-history":[{"count":0,"href":"https:\/\/med-disposable.com\/fr\/wp-json\/wp\/v2\/product\/2929\/revisions"}],"wp:featuredmedia":[{"embeddable":true,"href":"https:\/\/med-disposable.com\/fr\/wp-json\/wp\/v2\/media\/2934"}],"wp:attachment":[{"href":"https:\/\/med-disposable.com\/fr\/wp-json\/wp\/v2\/media?parent=2929"}],"wp:term":[{"taxonomy":"product_brand","embeddable":true,"href":"https:\/\/med-disposable.com\/fr\/wp-json\/wp\/v2\/product_brand?post=2929"},{"taxonomy":"product_cat","embeddable":true,"href":"https:\/\/med-disposable.com\/fr\/wp-json\/wp\/v2\/product_cat?post=2929"},{"taxonomy":"product_tag","embeddable":true,"href":"https:\/\/med-disposable.com\/fr\/wp-json\/wp\/v2\/product_tag?post=2929"}],"curies":[{"name":"wp","href":"https:\/\/api.w.org\/{rel}","templated":true}]}}