{"id":2970,"date":"2021-11-15T17:47:24","date_gmt":"2021-11-15T09:47:24","guid":{"rendered":"https:\/\/med-disposable.com\/?post_type=product&#038;p=2970"},"modified":"2023-07-10T17:57:46","modified_gmt":"2023-07-10T09:57:46","slug":"masque-noir-jetable-avec-boucle-doreille","status":"publish","type":"product","link":"https:\/\/med-disposable.com\/fr\/product\/disposable-black-face-mask-with-ear-loop\/","title":{"rendered":"masque noir jetable avec boucle d'oreille"},"content":{"rendered":"<h2>Sp\u00e9cification de base :<\/h2>\n<table width=\"686\">\n<tbody>\n<tr>\n<td width=\"123\">Taille<\/td>\n<td width=\"563\">Adultes 17.5*9.5cm ; Enfants 14.5*9.5cm<\/td>\n<\/tr>\n<tr>\n<td width=\"123\">Mat\u00e9riau<\/td>\n<td width=\"563\">PP non tiss\u00e9 de couleur noire+ marron fondu noir+ PP non tiss\u00e9 souple noir<\/td>\n<\/tr>\n<tr>\n<td width=\"123\">Style<\/td>\n<td width=\"563\">boucle d'oreille \u00e9lastique ronde ou plate<\/td>\n<\/tr>\n<tr>\n<td width=\"123\">Couleur<\/td>\n<td width=\"563\">noir<\/td>\n<\/tr>\n<tr>\n<td width=\"123\">Avantage<\/td>\n<td width=\"563\">\u00a0respiration libre, impression avanc\u00e9e et effet de couleur<\/td>\n<\/tr>\n<tr>\n<td width=\"123\">Emballage<\/td>\n<td width=\"563\">50 pcs\/bo\u00eete, 2000pcs\/ctn, ou selon les besoins<\/td>\n<\/tr>\n<\/tbody>\n<\/table>\n<figure class=\"wp-block-embed wp-block-embed-youtube is-type-video is-provider-youtube epyt-figure\"><div class=\"wp-block-embed__wrapper\"><div  id=\"_ytid_76493\"  width=\"800\" height=\"450\"  data-origwidth=\"800\" data-origheight=\"450\" data-facadesrc=\"https:\/\/www.youtube.com\/embed\/-7MtKlWwbqg?enablejsapi=1&autoplay=0&cc_load_policy=0&cc_lang_pref=&iv_load_policy=1&loop=0&rel=1&fs=1&playsinline=0&autohide=2&theme=dark&color=red&controls=1&disablekb=0&\" class=\"__youtube_prefs__ epyt-facade no-lazyload\" data-epautoplay=\"1\" ><img decoding=\"async\" data-spai-excluded=\"true\" class=\"epyt-facade-poster skip-lazy\" loading=\"lazy\"  alt=\"Lecteur YouTube\"  src=\"https:\/\/i.ytimg.com\/vi\/-7MtKlWwbqg\/maxresdefault.jpg\"  \/><button class=\"epyt-facade-play\" aria-label=\"Jouer\"><svg data-no-lazy=\"1\" height=\"100%\" version=\"1.1\" viewbox=\"0 0 68 48\" width=\"100%\"><path class=\"ytp-large-play-button-bg\" d=\"M66.52,7.74c-0.78-2.93-2.49-5.41-5.42-6.19C55.79,.13,34,0,34,0S12.21,.13,6.9,1.55 C3.97,2.33,2.27,4.81,1.48,7.74C0.06,13.05,0,24,0,24s0.06,10.95,1.48,16.26c0.78,2.93,2.49,5.41,5.42,6.19 C12.21,47.87,34,48,34,48s21.79-0.13,27.1-1.55c2.93-0.78,4.64-3.26,5.42-6.19C67.94,34.95,68,24,68,24S67.94,13.05,66.52,7.74z\" fill=\"#f00\"><\/path><path d=\"M 45,24 27,14 27,34\" fill=\"#fff\"><\/path><\/svg><\/button><\/div><\/div><\/figure>\n<h2>Avantages du masque noir :<\/h2>\n<ul>\n<li><strong>Design tout noir :<\/strong>\u00a0Notre masque facial noir jetable pr\u00e9sente un design sophistiqu\u00e9 enti\u00e8rement noir, avec des boucles d'oreille, une couche externe, une couche interne et un papier filtre noirs, ce qui en fait un choix \u00e9l\u00e9gant pour ceux qui souhaitent se d\u00e9marquer tout en restant prot\u00e9g\u00e9s.<\/li>\n<li><strong>Efficacit\u00e9 de filtration \u00e9lev\u00e9e :<\/strong> Le papier filtre noir offre une excellente filtration BFE\u226595%, bloquant efficacement la poussi\u00e8re, la fum\u00e9e, le pollen et d'autres particules en suspension dans l'air, assurant une protection optimale de votre sant\u00e9 respiratoire.<\/li>\n<li><strong>Couche int\u00e9rieure douce et confortable :<\/strong>\u00a0La couche int\u00e9rieure noire est fabriqu\u00e9e dans un mat\u00e9riau doux et agr\u00e9able pour la peau, ce qui garantit un confort maximal lors d'un port prolong\u00e9 et r\u00e9duit le risque d'irritation de la peau.<\/li>\n<li><strong>Maintien s\u00fbr gr\u00e2ce \u00e0 des boucles d'oreille \u00e9lastiques :<\/strong>\u00a0Les boucles d'oreilles \u00e9lastiques noires sont con\u00e7ues pour s'adapter confortablement \u00e0 vos oreilles, offrant un ajustement s\u00fbr et confortable pour diff\u00e9rentes formes et tailles de visage.<\/li>\n<li><strong>Fil de nez r\u00e9glable :<\/strong>\u00a0La barrette nasale int\u00e9gr\u00e9e peut \u00eatre facilement ajust\u00e9e pour s'adapter aux contours de votre visage, assurant une meilleure \u00e9tanch\u00e9it\u00e9 et une protection accrue contre les contaminants potentiels.<\/li>\n<\/ul>\n<p><img fetchpriority=\"high\" decoding=\"async\" class=\"aligncenter wp-image-8406 size-large\" src=\"https:\/\/med-disposable.com\/wp-content\/uploads\/2021\/11\/black-face-mask-8-1024x1024.jpg\" alt=\"\" width=\"800\" height=\"800\" srcset=\"https:\/\/med-disposable.com\/wp-content\/uploads\/2021\/11\/black-face-mask-8-1024x1024.jpg 1024w, https:\/\/med-disposable.com\/wp-content\/uploads\/2021\/11\/black-face-mask-8-300x300.jpg 300w, https:\/\/med-disposable.com\/wp-content\/uploads\/2021\/11\/black-face-mask-8-150x150.jpg 150w, https:\/\/med-disposable.com\/wp-content\/uploads\/2021\/11\/black-face-mask-8-768x768.jpg 768w, https:\/\/med-disposable.com\/wp-content\/uploads\/2021\/11\/black-face-mask-8-1536x1536.jpg 1536w, https:\/\/med-disposable.com\/wp-content\/uploads\/2021\/11\/black-face-mask-8-scaled.jpg 2048w, https:\/\/med-disposable.com\/wp-content\/uploads\/2021\/11\/black-face-mask-8-600x600.jpg 600w, https:\/\/med-disposable.com\/wp-content\/uploads\/2021\/11\/black-face-mask-8-100x100.jpg 100w\" sizes=\"(max-width: 800px) 100vw, 800px\" \/> <img decoding=\"async\" class=\"aligncenter wp-image-8370 size-large\" src=\"https:\/\/med-disposable.com\/wp-content\/uploads\/2021\/09\/colorful-kids-face-mask-28-1024x1024.jpg\" alt=\"\" width=\"800\" height=\"800\" srcset=\"https:\/\/med-disposable.com\/wp-content\/uploads\/2021\/09\/colorful-kids-face-mask-28-1024x1024.jpg 1024w, https:\/\/med-disposable.com\/wp-content\/uploads\/2021\/09\/colorful-kids-face-mask-28-300x300.jpg 300w, https:\/\/med-disposable.com\/wp-content\/uploads\/2021\/09\/colorful-kids-face-mask-28-150x150.jpg 150w, https:\/\/med-disposable.com\/wp-content\/uploads\/2021\/09\/colorful-kids-face-mask-28-768x768.jpg 768w, https:\/\/med-disposable.com\/wp-content\/uploads\/2021\/09\/colorful-kids-face-mask-28-600x600.jpg 600w, https:\/\/med-disposable.com\/wp-content\/uploads\/2021\/09\/colorful-kids-face-mask-28-100x100.jpg 100w, https:\/\/med-disposable.com\/wp-content\/uploads\/2021\/09\/colorful-kids-face-mask-28.jpg 1400w\" sizes=\"(max-width: 800px) 100vw, 800px\" \/><\/p>\n<h2>FAQ<\/h2>\n<p><strong>1) Quelle est l'efficacit\u00e9 de filtration du masque noir jetable Premium ?<\/strong><\/p>\n<p>Notre masque facial noir jetable de qualit\u00e9 sup\u00e9rieure est con\u00e7u pour offrir un niveau \u00e9lev\u00e9 d'efficacit\u00e9 de filtration, bloquant efficacement la poussi\u00e8re, la fum\u00e9e, le pollen et d'autres particules en suspension dans l'air afin d'assurer une protection optimale de votre sant\u00e9 respiratoire.<\/p>\n<p><strong>2. le masque convient-il aux peaux sensibles ?<\/strong><\/p>\n<p>Oui, le mat\u00e9riau doux et agr\u00e9able pour la peau de la couche int\u00e9rieure noire assure un confort maximal lors d'un port prolong\u00e9 et r\u00e9duit le risque d'irritation de la peau, ce qui le rend adapt\u00e9 aux personnes \u00e0 la peau sensible.<\/p>\n<p><strong>3. le masque peut-il \u00eatre r\u00e9utilis\u00e9 ?<\/strong><\/p>\n<p>Notre masque noir jetable est con\u00e7u pour un usage unique afin de garantir une hygi\u00e8ne optimale et de r\u00e9duire le risque de contamination crois\u00e9e. Veuillez jeter le masque de mani\u00e8re responsable apr\u00e8s utilisation.<\/p>\n<p><strong>4. le masque s'adapte-t-il aux diff\u00e9rentes formes et tailles de visage ?<\/strong><\/p>\n<p>Oui, les boucles d'oreilles \u00e9lastiques noires et la barrette nasale r\u00e9glable garantissent un ajustement s\u00fbr et serr\u00e9 pour diff\u00e9rentes formes et tailles de visage.<\/p>\n<p><strong>5. le masque est-il adapt\u00e9 \u00e0 une utilisation en milieu professionnel ?<\/strong><\/p>\n<p>Bien que notre masque noir jetable offre une excellente protection pour un usage quotidien dans divers environnements, il n'est pas con\u00e7u pour \u00eatre utilis\u00e9 dans des environnements m\u00e9dicaux ou industriels qui n\u00e9cessitent des certifications ou des normes sp\u00e9cifiques.<\/p>","protected":false},"excerpt":{"rendered":"<p>Nous vous pr\u00e9sentons notre masque facial jetable Premium noir avec boucles auriculaires, \u00e9l\u00e9gant et raffin\u00e9, con\u00e7u pour offrir une protection et un confort maximums sans faire de compromis sur le style. Enti\u00e8rement noir, avec des boucles d'oreille, une couche externe, une couche interne et un papier filtre noirs, ce masque jetable est parfait pour une utilisation quotidienne dans divers environnements, vous prot\u00e9geant tout en \u00e9tant \u00e9l\u00e9gant.<\/p>","protected":false},"featured_media":8402,"template":"","meta":{"_seopress_robots_primary_cat":"none","_seopress_titles_title":"Black Non-Woven Fabric Face Masks w\/ Ear Loops &amp; Nose Bar - EN14683:2019 Quality","_seopress_titles_desc":"High quality personal protective face masks in black with ear loops and nose bar that meet EN14683:2019 standard. Adults 17.5*9.5cm, Kids 14.5*9.5cm. Free breathing, advanced printing and color effect. Packed 50 pcs\/box, 2000pcs\/ctn.","_seopress_robots_index":""},"product_brand":[],"product_cat":[100],"product_tag":[55,167],"class_list":{"0":"post-2970","1":"product","2":"type-product","3":"status-publish","4":"has-post-thumbnail","6":"product_cat-face-mask","7":"product_tag-3ply","8":"product_tag-black-face-mask","10":"first","11":"instock","12":"shipping-taxable","13":"product-type-simple"},"_links":{"self":[{"href":"https:\/\/med-disposable.com\/fr\/wp-json\/wp\/v2\/product\/2970","targetHints":{"allow":["GET"]}}],"collection":[{"href":"https:\/\/med-disposable.com\/fr\/wp-json\/wp\/v2\/product"}],"about":[{"href":"https:\/\/med-disposable.com\/fr\/wp-json\/wp\/v2\/types\/product"}],"version-history":[{"count":0,"href":"https:\/\/med-disposable.com\/fr\/wp-json\/wp\/v2\/product\/2970\/revisions"}],"wp:featuredmedia":[{"embeddable":true,"href":"https:\/\/med-disposable.com\/fr\/wp-json\/wp\/v2\/media\/8402"}],"wp:attachment":[{"href":"https:\/\/med-disposable.com\/fr\/wp-json\/wp\/v2\/media?parent=2970"}],"wp:term":[{"taxonomy":"product_brand","embeddable":true,"href":"https:\/\/med-disposable.com\/fr\/wp-json\/wp\/v2\/product_brand?post=2970"},{"taxonomy":"product_cat","embeddable":true,"href":"https:\/\/med-disposable.com\/fr\/wp-json\/wp\/v2\/product_cat?post=2970"},{"taxonomy":"product_tag","embeddable":true,"href":"https:\/\/med-disposable.com\/fr\/wp-json\/wp\/v2\/product_tag?post=2970"}],"curies":[{"name":"wp","href":"https:\/\/api.w.org\/{rel}","templated":true}]}}