{"id":3041,"date":"2021-12-21T15:18:57","date_gmt":"2021-12-21T07:18:57","guid":{"rendered":"https:\/\/med-disposable.com\/?post_type=product&#038;p=3041"},"modified":"2023-05-30T14:54:00","modified_gmt":"2023-05-30T06:54:00","slug":"bonnet-de-douche-jetable-en-plastique-transparent","status":"publish","type":"product","link":"https:\/\/med-disposable.com\/fr\/product\/disposable-clear-plastic-shower-cap\/","title":{"rendered":"Bonnet de douche jetable en plastique transparent"},"content":{"rendered":"<p><strong>Introduction : <\/strong><\/p>\n<p>Nos bonnets de douche jetables en plastique transparent sont fabriqu\u00e9s dans un souci de qualit\u00e9, d'utilit\u00e9 et de confort, ce qui en fait un compl\u00e9ment id\u00e9al pour votre \u00e9tablissement. Que vous soyez un h\u00f4tel, un spa, un salon de beaut\u00e9 ou un h\u00f4pital, nos bonnets de douche sont con\u00e7us pour am\u00e9liorer l'exp\u00e9rience de votre client\u00e8le tout en maintenant des normes d'hygi\u00e8ne \u00e9lev\u00e9es.<\/p>\n<div><img fetchpriority=\"high\" decoding=\"async\" class=\"aligncenter wp-image-6395 size-large\" src=\"https:\/\/med-disposable.com\/wp-content\/uploads\/2021\/12\/40A0461-1024x1024.jpg\" alt=\"\" width=\"800\" height=\"800\" srcset=\"https:\/\/med-disposable.com\/wp-content\/uploads\/2021\/12\/40A0461-1024x1024.jpg 1024w, https:\/\/med-disposable.com\/wp-content\/uploads\/2021\/12\/40A0461-300x300.jpg 300w, https:\/\/med-disposable.com\/wp-content\/uploads\/2021\/12\/40A0461-150x150.jpg 150w, https:\/\/med-disposable.com\/wp-content\/uploads\/2021\/12\/40A0461-768x768.jpg 768w, https:\/\/med-disposable.com\/wp-content\/uploads\/2021\/12\/40A0461-1536x1536.jpg 1536w, https:\/\/med-disposable.com\/wp-content\/uploads\/2021\/12\/40A0461-scaled.jpg 2048w, https:\/\/med-disposable.com\/wp-content\/uploads\/2021\/12\/40A0461-600x600.jpg 600w, https:\/\/med-disposable.com\/wp-content\/uploads\/2021\/12\/40A0461-100x100.jpg 100w\" sizes=\"(max-width: 800px) 100vw, 800px\" \/><\/div>\n<div><strong>Sp\u00e9cification de base :<\/strong><\/div>\n<div>\n<table width=\"559\">\n<tbody>\n<tr>\n<td width=\"106\">Taille<\/td>\n<td width=\"453\">18\", 21\", 24\" ou selon les besoins<\/td>\n<\/tr>\n<tr>\n<td width=\"106\">Mat\u00e9riau<\/td>\n<td width=\"453\">PE, 2,8g par pi\u00e8ce<\/td>\n<\/tr>\n<tr>\n<td width=\"106\">Style<\/td>\n<td width=\"453\">type de bande, double \u00e9lastique<\/td>\n<\/tr>\n<tr>\n<td width=\"106\">Couleur<\/td>\n<td width=\"453\">Clair \/ transparent<\/td>\n<\/tr>\n<tr>\n<td width=\"106\">Emballage<\/td>\n<td width=\"453\">100 pi\u00e8ces\/bo\u00eete, 1000 pi\u00e8ces\/ctn, selon les besoins<\/td>\n<\/tr>\n<\/tbody>\n<\/table>\n<\/div>\n<p>&nbsp;<\/p>\n<p><strong>Caract\u00e9ristiques et avantages :<\/strong><\/p>\n<p><em>1. mat\u00e9riau de qualit\u00e9 :<\/em> Nos bonnets de douche jetables en plastique transparent sont fabriqu\u00e9s dans un plastique durable et r\u00e9sistant \u00e0 l'eau qui garde efficacement les cheveux au sec et les prot\u00e8ge.<\/p>\n<p><img decoding=\"async\" class=\"aligncenter wp-image-6400 size-full\" src=\"https:\/\/med-disposable.com\/wp-content\/uploads\/2021\/12\/apron.jpg\" alt=\"\" width=\"810\" height=\"810\" srcset=\"https:\/\/med-disposable.com\/wp-content\/uploads\/2021\/12\/apron.jpg 810w, https:\/\/med-disposable.com\/wp-content\/uploads\/2021\/12\/apron-300x300.jpg 300w, https:\/\/med-disposable.com\/wp-content\/uploads\/2021\/12\/apron-150x150.jpg 150w, https:\/\/med-disposable.com\/wp-content\/uploads\/2021\/12\/apron-768x768.jpg 768w, https:\/\/med-disposable.com\/wp-content\/uploads\/2021\/12\/apron-600x600.jpg 600w, https:\/\/med-disposable.com\/wp-content\/uploads\/2021\/12\/apron-100x100.jpg 100w\" sizes=\"(max-width: 810px) 100vw, 810px\" \/><\/p>\n<p><em>2. ajustement confortable :<\/em> La bande \u00e9lastique assure un maintien s\u00fbr et confortable pour toutes les tailles de t\u00eate, am\u00e9liorant ainsi l'exp\u00e9rience de l'utilisateur.<\/p>\n<p><img decoding=\"async\" class=\"aligncenter wp-image-6403 size-full\" src=\"https:\/\/med-disposable.com\/wp-content\/uploads\/2021\/12\/shower-cap-2.jpg\" alt=\"\" width=\"800\" height=\"800\" srcset=\"https:\/\/med-disposable.com\/wp-content\/uploads\/2021\/12\/shower-cap-2.jpg 800w, https:\/\/med-disposable.com\/wp-content\/uploads\/2021\/12\/shower-cap-2-300x300.jpg 300w, https:\/\/med-disposable.com\/wp-content\/uploads\/2021\/12\/shower-cap-2-150x150.jpg 150w, https:\/\/med-disposable.com\/wp-content\/uploads\/2021\/12\/shower-cap-2-768x768.jpg 768w, https:\/\/med-disposable.com\/wp-content\/uploads\/2021\/12\/shower-cap-2-600x600.jpg 600w, https:\/\/med-disposable.com\/wp-content\/uploads\/2021\/12\/shower-cap-2-100x100.jpg 100w\" sizes=\"(max-width: 800px) 100vw, 800px\" \/><\/p>\n<p><em>3. polyvalent :<\/em> Ces bonnets de douche sont parfaits pour de multiples usages dans divers \u00e9tablissements, tels que les h\u00f4tels, les spas, les salons et les h\u00f4pitaux.<\/p>\n<p><em>4. \u00e9conomique :<\/em> Conditionn\u00e9s en vrac, nos bonnets de douche constituent une solution \u00e9conomique pour les entreprises qui ont besoin de grandes quantit\u00e9s.<\/p>\n<p><em>5. hygi\u00e9nique :<\/em> L'utilisation de bonnets de douche jetables favorise l'hygi\u00e8ne en emp\u00eachant le transfert des huiles, pellicules et cheveux sur le linge et les surfaces.<\/p>\n<p><em>6. conception transparente :<\/em> La conception en plastique transparent permet la visibilit\u00e9, ce qui peut \u00eatre utile dans plusieurs applications, y compris les traitements capillaires et les proc\u00e9dures m\u00e9dicales.<\/p>\n<p><img loading=\"lazy\" decoding=\"async\" class=\"aligncenter wp-image-6404 size-full\" src=\"https:\/\/med-disposable.com\/wp-content\/uploads\/2021\/12\/shower-cap-3.jpg\" alt=\"\" width=\"800\" height=\"800\" srcset=\"https:\/\/med-disposable.com\/wp-content\/uploads\/2021\/12\/shower-cap-3.jpg 800w, https:\/\/med-disposable.com\/wp-content\/uploads\/2021\/12\/shower-cap-3-300x300.jpg 300w, https:\/\/med-disposable.com\/wp-content\/uploads\/2021\/12\/shower-cap-3-150x150.jpg 150w, https:\/\/med-disposable.com\/wp-content\/uploads\/2021\/12\/shower-cap-3-768x768.jpg 768w, https:\/\/med-disposable.com\/wp-content\/uploads\/2021\/12\/shower-cap-3-600x600.jpg 600w, https:\/\/med-disposable.com\/wp-content\/uploads\/2021\/12\/shower-cap-3-100x100.jpg 100w\" sizes=\"(max-width: 800px) 100vw, 800px\" \/><\/p>\n<p><strong>Utilisations : <\/strong><\/p>\n<p>Nos bonnets de douche jetables en plastique transparent sont polyvalents et trouvent des applications dans divers secteurs :<\/p>\n<ol>\n<li>H\u00f4tels : Id\u00e9al pour les clients qui se douchent pour prot\u00e9ger leurs cheveux.<\/li>\n<li>Spas et Salons : Utile lors de divers traitements de beaut\u00e9, tels que la coloration des cheveux, les permanentes, les traitements de conditionnement, etc.<\/li>\n<li>H\u00f4pitaux et cliniques : Aide \u00e0 maintenir l'hygi\u00e8ne et la propret\u00e9 pendant les proc\u00e9dures m\u00e9dicales.<\/li>\n<li>Transformation des aliments et restauration : Les employ\u00e9s peuvent l'utiliser pour emp\u00eacher les cheveux de contaminer les aliments.<\/li>\n<\/ol>\n<p>&nbsp;<\/p>\n<p><strong>QUESTIONS ET R\u00c9PONSES :<\/strong><\/p>\n<p><strong>1) Quel est le mat\u00e9riau utilis\u00e9 pour fabriquer les bonnets de douche jetables en plastique transparent ?<\/strong>Nos bonnets de douche jetables en plastique transparent sont fabriqu\u00e9s dans un plastique durable et r\u00e9sistant \u00e0 l'eau. Ils sont con\u00e7us pour offrir une protection maximale contre l'eau et l'humidit\u00e9, afin que les cheveux restent secs et prot\u00e9g\u00e9s. L'utilisation du plastique garantit \u00e9galement que les bonnets sont l\u00e9gers et confortables pour les utilisateurs.<\/p>\n<p><img loading=\"lazy\" decoding=\"async\" class=\"aligncenter wp-image-6402 size-full\" src=\"https:\/\/med-disposable.com\/wp-content\/uploads\/2021\/12\/shower-cap-1.jpg\" alt=\"\" width=\"800\" height=\"800\" srcset=\"https:\/\/med-disposable.com\/wp-content\/uploads\/2021\/12\/shower-cap-1.jpg 800w, https:\/\/med-disposable.com\/wp-content\/uploads\/2021\/12\/shower-cap-1-300x300.jpg 300w, https:\/\/med-disposable.com\/wp-content\/uploads\/2021\/12\/shower-cap-1-150x150.jpg 150w, https:\/\/med-disposable.com\/wp-content\/uploads\/2021\/12\/shower-cap-1-768x768.jpg 768w, https:\/\/med-disposable.com\/wp-content\/uploads\/2021\/12\/shower-cap-1-600x600.jpg 600w, https:\/\/med-disposable.com\/wp-content\/uploads\/2021\/12\/shower-cap-1-100x100.jpg 100w\" sizes=\"(max-width: 800px) 100vw, 800px\" \/><\/p>\n<p><strong>2) Combien de bonnets de douche jetables en plastique transparent y a-t-il dans un paquet ?<\/strong><br \/>\nNous proposons des options d'emballage en vrac pour nos bonnets de douche jetables en plastique transparent, ce qui en fait une solution \u00e9conomique pour les entreprises qui ont besoin de grandes quantit\u00e9s. Pour des tailles d'emballage sp\u00e9cifiques et des questions sur les commandes en vrac, veuillez contacter notre \u00e9quipe de service \u00e0 la client\u00e8le.<\/p>\n<p><img loading=\"lazy\" decoding=\"async\" class=\"aligncenter wp-image-6401 size-full\" src=\"https:\/\/med-disposable.com\/wp-content\/uploads\/2021\/12\/showe-cap-4.jpg\" alt=\"\" width=\"800\" height=\"800\" srcset=\"https:\/\/med-disposable.com\/wp-content\/uploads\/2021\/12\/showe-cap-4.jpg 800w, https:\/\/med-disposable.com\/wp-content\/uploads\/2021\/12\/showe-cap-4-300x300.jpg 300w, https:\/\/med-disposable.com\/wp-content\/uploads\/2021\/12\/showe-cap-4-150x150.jpg 150w, https:\/\/med-disposable.com\/wp-content\/uploads\/2021\/12\/showe-cap-4-768x768.jpg 768w, https:\/\/med-disposable.com\/wp-content\/uploads\/2021\/12\/showe-cap-4-600x600.jpg 600w, https:\/\/med-disposable.com\/wp-content\/uploads\/2021\/12\/showe-cap-4-100x100.jpg 100w\" sizes=\"(max-width: 800px) 100vw, 800px\" \/><\/p>\n<p><strong>3) Puis-je personnaliser les bonnets de douche jetables en plastique transparent avec le logo de mon entreprise ?<\/strong><br \/>\nNous comprenons l'importance de la visibilit\u00e9 de la marque pour am\u00e9liorer votre activit\u00e9. Nous proposons des options de personnalisation pour nos bonnets de douche jetables, y compris l'ajout du logo de votre entreprise. Veuillez contacter notre service client\u00e8le pour discuter des options de personnalisation disponibles.<\/p>\n<p><strong>4) Comment puis-je m'assurer que les bonnets de douche jetables en plastique transparent r\u00e9pondent \u00e0 mes crit\u00e8res de qualit\u00e9 avant de passer une commande importante ?<\/strong><br \/>\nNous comprenons l'importance de l'assurance qualit\u00e9, en particulier pour les commandes importantes. Nous vous encourageons \u00e0 commander un \u00e9chantillon de nos bonnets de douche jetables en plastique transparent afin d'en \u00e9valuer la qualit\u00e9, le confort et l'ajustement. Notre service client\u00e8le se fera un plaisir de vous aider \u00e0 organiser l'envoi d'un \u00e9chantillon \u00e0 votre domicile. Une fois que vous serez satisfait de la qualit\u00e9 de notre produit, vous pourrez passer votre commande en gros.<\/p>","protected":false},"excerpt":{"rendered":"<p>Bonnet de douche \u00e0 bandes, plastique transparent, 2,8g par pi\u00e8ce. Fabriqu\u00e9 \u00e0 la machine, double \u00e9lastique.<\/p>\n<p>Convient pour le maquillage, le maquillage de d\u00e9charge, la beaut\u00e9 du visage, le bain, etc.<\/p>","protected":false},"featured_media":6398,"template":"","meta":{"_seopress_robots_primary_cat":"none","_seopress_titles_title":"Enhance Customer Experiences with Quality Disposable Shower Caps: Hotel, Spa, Salon, Hospital","_seopress_titles_desc":"Enhance your business service with our Disposable Clear Plastic Shower Caps. Suitable for hotels, spas, salons, hospitals, and food processing\/catering, they provide quality, comfort, and hygiene. Bulk packaging options available. Get in touch to learn more.","_seopress_robots_index":""},"product_brand":[],"product_cat":[86,46],"product_tag":[152,75,297],"class_list":{"0":"post-3041","1":"product","2":"type-product","3":"status-publish","4":"has-post-thumbnail","6":"product_cat-beauty-and-spa","7":"product_cat-caps","8":"product_tag-caps","9":"product_tag-plastic","10":"product_tag-shower-cap","12":"first","13":"instock","14":"shipping-taxable","15":"product-type-simple"},"_links":{"self":[{"href":"https:\/\/med-disposable.com\/fr\/wp-json\/wp\/v2\/product\/3041","targetHints":{"allow":["GET"]}}],"collection":[{"href":"https:\/\/med-disposable.com\/fr\/wp-json\/wp\/v2\/product"}],"about":[{"href":"https:\/\/med-disposable.com\/fr\/wp-json\/wp\/v2\/types\/product"}],"version-history":[{"count":0,"href":"https:\/\/med-disposable.com\/fr\/wp-json\/wp\/v2\/product\/3041\/revisions"}],"wp:featuredmedia":[{"embeddable":true,"href":"https:\/\/med-disposable.com\/fr\/wp-json\/wp\/v2\/media\/6398"}],"wp:attachment":[{"href":"https:\/\/med-disposable.com\/fr\/wp-json\/wp\/v2\/media?parent=3041"}],"wp:term":[{"taxonomy":"product_brand","embeddable":true,"href":"https:\/\/med-disposable.com\/fr\/wp-json\/wp\/v2\/product_brand?post=3041"},{"taxonomy":"product_cat","embeddable":true,"href":"https:\/\/med-disposable.com\/fr\/wp-json\/wp\/v2\/product_cat?post=3041"},{"taxonomy":"product_tag","embeddable":true,"href":"https:\/\/med-disposable.com\/fr\/wp-json\/wp\/v2\/product_tag?post=3041"}],"curies":[{"name":"wp","href":"https:\/\/api.w.org\/{rel}","templated":true}]}}