{"id":3050,"date":"2021-12-21T16:22:02","date_gmt":"2021-12-21T08:22:02","guid":{"rendered":"https:\/\/med-disposable.com\/?post_type=product&#038;p=3050"},"modified":"2023-08-16T17:17:39","modified_gmt":"2023-08-16T09:17:39","slug":"masque-anti-brouillard-jetable-avec-bande-eponge","status":"publish","type":"product","link":"https:\/\/med-disposable.com\/fr\/product\/disposable-anti-fog-face-mask-with-sponge-strip\/","title":{"rendered":"Masque anti-brouillard jetable avec bande \u00e9ponge"},"content":{"rendered":"<p>Prot\u00e9gez-vous avec le masque antibu\u00e9e jetable avec bande \u00e9ponge, con\u00e7u avec soin pour une s\u00e9curit\u00e9 et un confort optimaux. Fabriqu\u00e9 \u00e0 partir de mat\u00e9riaux de qualit\u00e9 m\u00e9dicale, ce masque constitue une puissante barri\u00e8re contre les particules en suspension dans l'air, tout en assurant un confort maximal \u00e0 ceux qui le portent, en particulier ceux qui utilisent des lunettes.<\/p>\n<p>Le masque facial est conforme \u00e0 la norme EN14683:2019 et certifi\u00e9 FDA, CE et ISO.<\/p>\n<p><img fetchpriority=\"high\" decoding=\"async\" class=\"aligncenter wp-image-8390 size-full\" src=\"https:\/\/med-disposable.com\/wp-content\/uploads\/2021\/05\/anti-fog-face-mask-1.jpg\" alt=\"\" width=\"800\" height=\"800\" srcset=\"https:\/\/med-disposable.com\/wp-content\/uploads\/2021\/05\/anti-fog-face-mask-1.jpg 800w, https:\/\/med-disposable.com\/wp-content\/uploads\/2021\/05\/anti-fog-face-mask-1-300x300.jpg 300w, https:\/\/med-disposable.com\/wp-content\/uploads\/2021\/05\/anti-fog-face-mask-1-150x150.jpg 150w, https:\/\/med-disposable.com\/wp-content\/uploads\/2021\/05\/anti-fog-face-mask-1-768x768.jpg 768w, https:\/\/med-disposable.com\/wp-content\/uploads\/2021\/05\/anti-fog-face-mask-1-600x600.jpg 600w, https:\/\/med-disposable.com\/wp-content\/uploads\/2021\/05\/anti-fog-face-mask-1-100x100.jpg 100w\" sizes=\"(max-width: 800px) 100vw, 800px\" \/><\/p>\n<p><strong>Sp\u00e9cification :<\/strong><\/p>\n<table width=\"568\">\n<tbody>\n<tr>\n<td width=\"101\">Bande anti-bu\u00e9e<\/td>\n<td width=\"467\">Bande d'\u00e9ponge de couleur blanche ou bleue, sur le dessus de la couche int\u00e9rieure ;<\/td>\n<\/tr>\n<tr>\n<td>Style<\/td>\n<td width=\"467\">Boucles d'oreilles ; forme rectangulaire avec 3 plis ;<br \/>\nLa couche ext\u00e9rieure est munie d'une bande noire pour emp\u00eacher la r\u00e9flexion de la lumi\u00e8re ; la couche int\u00e9rieure est munie d'une bande d'\u00e9ponge pour emp\u00eacher la formation de bu\u00e9e.<\/td>\n<\/tr>\n<tr>\n<td>BFE<\/td>\n<td>Efficacit\u00e9 de filtration des bact\u00e9ries\u2265 95 %; ;<\/td>\n<\/tr>\n<tr>\n<td>PFE<\/td>\n<td>Efficacit\u00e9 de filtration des particules non huileuses\u2265 30%<\/td>\n<\/tr>\n<tr>\n<td>Mat\u00e9riau<\/td>\n<td>Non-tiss\u00e9 PP + papier filtre + non-tiss\u00e9 PP ;<\/td>\n<\/tr>\n<tr>\n<td>Poids<\/td>\n<td>Les formats 35-25-25gsm ou 25-25-25gsm sont les plus courants ;<\/td>\n<\/tr>\n<tr>\n<td>Couleur<\/td>\n<td>Bleu, vert ou autres couleurs personnalis\u00e9es<\/td>\n<\/tr>\n<tr>\n<td>Emballage<\/td>\n<td>50 pi\u00e8ces\/bo\u00eete int\u00e9rieure, 20 bo\u00eetes\/ctn ou 40 bo\u00eetes\/ctn ;<\/td>\n<\/tr>\n<\/tbody>\n<\/table>\n<h3><strong>Caract\u00e9ristiques :<\/strong><\/h3>\n<ol>\n<li><strong>Protection triple couche<\/strong>: Fabriqu\u00e9 \u00e0 partir d'un mat\u00e9riau non tiss\u00e9, avec un papier filtre BFE99% au milieu, offrant une protection efficace contre les contaminants.<\/li>\n<li><strong>Bande noire antireflet<\/strong>: La couche ext\u00e9rieure du masque est dot\u00e9e d'une bande noire unique qui absorbe la lumi\u00e8re, emp\u00eachant ainsi la r\u00e9flexion de la lumi\u00e8re sur les lunettes.<\/li>\n<li><strong>Bande \u00e9ponge pour l'antibrouillard<\/strong>: La couche int\u00e9rieure du masque est dot\u00e9e d'une bande d'\u00e9ponge. Elle absorbe l'air respir\u00e9 et emp\u00eache les lunettes de s'embuer, ce qui est un avantage dans les climats froids.<\/li>\n<\/ol>\n<p><img decoding=\"async\" class=\"aligncenter wp-image-8395 size-full\" src=\"https:\/\/med-disposable.com\/wp-content\/uploads\/2021\/05\/anti-fog-face-mask-3.png\" alt=\"\" width=\"800\" height=\"800\" srcset=\"https:\/\/med-disposable.com\/wp-content\/uploads\/2021\/05\/anti-fog-face-mask-3.png 800w, https:\/\/med-disposable.com\/wp-content\/uploads\/2021\/05\/anti-fog-face-mask-3-300x300.png 300w, https:\/\/med-disposable.com\/wp-content\/uploads\/2021\/05\/anti-fog-face-mask-3-150x150.png 150w, https:\/\/med-disposable.com\/wp-content\/uploads\/2021\/05\/anti-fog-face-mask-3-768x768.png 768w, https:\/\/med-disposable.com\/wp-content\/uploads\/2021\/05\/anti-fog-face-mask-3-600x600.png 600w, https:\/\/med-disposable.com\/wp-content\/uploads\/2021\/05\/anti-fog-face-mask-3-100x100.png 100w\" sizes=\"(max-width: 800px) 100vw, 800px\" \/><\/p>\n<h3><strong>Avantages :<\/strong><\/h3>\n<ul>\n<li><strong>Filtration sup\u00e9rieure<\/strong>: Le papier filtre BFE99% garantit une p\u00e9n\u00e9tration minimale des particules.<\/li>\n<li><strong>Conception adapt\u00e9e aux lunettes<\/strong>: Garantit la clart\u00e9 de la vision et emp\u00eache la formation de bu\u00e9e sur les lunettes.<\/li>\n<li><strong>Port confortable<\/strong>: Le masque est l\u00e9ger et respirant, ce qui permet une utilisation prolong\u00e9e sans inconfort.<\/li>\n<li><strong>Ajustement adaptable<\/strong>: Convient \u00e0 diff\u00e9rentes formes de visage, assurant un ajustement parfait.<\/li>\n<\/ul>\n<p><img decoding=\"async\" class=\"aligncenter wp-image-8393 size-full\" src=\"https:\/\/med-disposable.com\/wp-content\/uploads\/2021\/05\/anti-fog-face-mask-2.png\" alt=\"\" width=\"800\" height=\"800\" srcset=\"https:\/\/med-disposable.com\/wp-content\/uploads\/2021\/05\/anti-fog-face-mask-2.png 800w, https:\/\/med-disposable.com\/wp-content\/uploads\/2021\/05\/anti-fog-face-mask-2-300x300.png 300w, https:\/\/med-disposable.com\/wp-content\/uploads\/2021\/05\/anti-fog-face-mask-2-150x150.png 150w, https:\/\/med-disposable.com\/wp-content\/uploads\/2021\/05\/anti-fog-face-mask-2-768x768.png 768w, https:\/\/med-disposable.com\/wp-content\/uploads\/2021\/05\/anti-fog-face-mask-2-600x600.png 600w, https:\/\/med-disposable.com\/wp-content\/uploads\/2021\/05\/anti-fog-face-mask-2-100x100.png 100w\" sizes=\"(max-width: 800px) 100vw, 800px\" \/><\/p>\n<h3><strong>Applications :<\/strong><\/h3>\n<p>Id\u00e9al pour les proc\u00e9dures chirurgicales, les environnements m\u00e9dicaux, les laboratoires ou tout autre environnement o\u00f9 la st\u00e9rilit\u00e9 et la clart\u00e9 de la vision sont primordiales.<\/p>\n<p><img loading=\"lazy\" decoding=\"async\" class=\"aligncenter wp-image-8397 size-full\" src=\"https:\/\/med-disposable.com\/wp-content\/uploads\/2021\/05\/anti-fog-face-mask-5.png\" alt=\"\" width=\"800\" height=\"800\" srcset=\"https:\/\/med-disposable.com\/wp-content\/uploads\/2021\/05\/anti-fog-face-mask-5.png 800w, https:\/\/med-disposable.com\/wp-content\/uploads\/2021\/05\/anti-fog-face-mask-5-300x300.png 300w, https:\/\/med-disposable.com\/wp-content\/uploads\/2021\/05\/anti-fog-face-mask-5-150x150.png 150w, https:\/\/med-disposable.com\/wp-content\/uploads\/2021\/05\/anti-fog-face-mask-5-768x768.png 768w, https:\/\/med-disposable.com\/wp-content\/uploads\/2021\/05\/anti-fog-face-mask-5-600x600.png 600w, https:\/\/med-disposable.com\/wp-content\/uploads\/2021\/05\/anti-fog-face-mask-5-100x100.png 100w\" sizes=\"(max-width: 800px) 100vw, 800px\" \/><\/p>\n<h3><strong>Mode d'emploi :<\/strong><\/h3>\n<ol>\n<li>Se laver soigneusement les mains avant de manipuler le masque.<\/li>\n<li>Tenez le masque par les boucles d'oreilles. Veillez \u00e0 ce que la bande d'\u00e9ponge se trouve \u00e0 l'int\u00e9rieur, vers le haut.<\/li>\n<li>Placez le masque sur votre visage, en couvrant le nez et la bouche.<\/li>\n<li>Ajustez le masque pour qu'il soit bien ajust\u00e9, en veillant \u00e0 ce qu'il n'y ait pas d'espace.<\/li>\n<li>Si vous portez des lunettes, veillez \u00e0 ce que la bande noire soit positionn\u00e9e de mani\u00e8re \u00e0 \u00e9viter les reflets de la lumi\u00e8re.<\/li>\n<li>Jeter le masque de mani\u00e8re responsable apr\u00e8s utilisation et se laver les mains.<\/li>\n<\/ol>\n<p><strong>FAQs :<\/strong><\/p>\n<ol>\n<li><strong>Quelles sont les options de prix en gros pour ce masque ?<\/strong>\n<p>Nous proposons des bar\u00e8mes de prix comp\u00e9titifs bas\u00e9s sur le volume d'achat. Plus vous achetez d'unit\u00e9s, plus vous b\u00e9n\u00e9ficiez d'un bon rapport qualit\u00e9-prix. Pour conna\u00eetre les chiffres exacts et les offres, veuillez contacter notre \u00e9quipe de vente.<\/li>\n<li><strong>Comment le masque assure-t-il la pr\u00e9vention de la formation de bu\u00e9e sur les lunettes ?<\/strong>\n<p>Le masque est dot\u00e9 d'une bande d'\u00e9ponge innovante sur sa couche interne. Cette bande absorbe efficacement l'humidit\u00e9 de la respiration, \u00e9vitant ainsi qu'elle ne remonte vers le haut et ne forme de la bu\u00e9e sur les lunettes. Cette caract\u00e9ristique s'av\u00e8re inestimable, en particulier dans les climats froids, o\u00f9 la bu\u00e9e est fr\u00e9quente.<\/li>\n<li><strong>La personnalisation est-elle possible pour les commandes en gros ?<\/strong>\n<p>Absolument. Nous pouvons personnaliser les commandes en termes d'emballage, de marque et d'autres exigences sp\u00e9cifiques pour les achats en gros. Discutez de vos besoins avec notre \u00e9quipe pour obtenir une solution sur mesure.<\/li>\n<li><strong>Quelle est la respirabilit\u00e9 du masque par rapport aux autres masques du march\u00e9 ?<\/strong>\n<p>Tout en privil\u00e9giant la s\u00e9curit\u00e9 avec le papier filtre BFE99%, notre masque est con\u00e7u pour garantir la respirabilit\u00e9. Le mat\u00e9riau non tiss\u00e9 y contribue, ce qui le rend plus confortable pour un port prolong\u00e9 que beaucoup d'autres masques sur le march\u00e9.<\/li>\n<\/ol>","protected":false},"excerpt":{"rendered":"<p>La couche ext\u00e9rieure, dot\u00e9e d'une bande noire, peut absorber la lumi\u00e8re, de sorte que la lumi\u00e8re ne se refl\u00e8te pas sur vos lunettes.<\/p>\n<p>Couche int\u00e9rieure avec bande d'\u00e9ponge. Elle peut absorber l'air respir\u00e9 par les porteurs, de sorte que vos lunettes ne s'embuent pas, en particulier en hiver.<\/p>","protected":false},"featured_media":3056,"template":"","meta":{"_seopress_robots_primary_cat":"none","_seopress_titles_title":"Keep Glasses Clear: Prevent Fog with Sponge Strip Face Mask, EN14683:2019, FDA, CE, ISO Certified","_seopress_titles_desc":"Protect your eyeglasses from fogging up with this soft, face mask that has been certified to meet EN 14683: 2019, with FDA, CE, ISO. Get a rectangular shape with 3 folds and a black strip to prevent light reflection plus a sponge strip for fog prevention.","_seopress_robots_index":""},"product_brand":[],"product_cat":[100],"product_tag":[174,60],"class_list":{"0":"post-3050","1":"product","2":"type-product","3":"status-publish","4":"has-post-thumbnail","6":"product_cat-face-mask","7":"product_tag-anti-fog","8":"product_tag-face-mask","10":"first","11":"instock","12":"shipping-taxable","13":"product-type-simple"},"_links":{"self":[{"href":"https:\/\/med-disposable.com\/fr\/wp-json\/wp\/v2\/product\/3050","targetHints":{"allow":["GET"]}}],"collection":[{"href":"https:\/\/med-disposable.com\/fr\/wp-json\/wp\/v2\/product"}],"about":[{"href":"https:\/\/med-disposable.com\/fr\/wp-json\/wp\/v2\/types\/product"}],"version-history":[{"count":0,"href":"https:\/\/med-disposable.com\/fr\/wp-json\/wp\/v2\/product\/3050\/revisions"}],"wp:featuredmedia":[{"embeddable":true,"href":"https:\/\/med-disposable.com\/fr\/wp-json\/wp\/v2\/media\/3056"}],"wp:attachment":[{"href":"https:\/\/med-disposable.com\/fr\/wp-json\/wp\/v2\/media?parent=3050"}],"wp:term":[{"taxonomy":"product_brand","embeddable":true,"href":"https:\/\/med-disposable.com\/fr\/wp-json\/wp\/v2\/product_brand?post=3050"},{"taxonomy":"product_cat","embeddable":true,"href":"https:\/\/med-disposable.com\/fr\/wp-json\/wp\/v2\/product_cat?post=3050"},{"taxonomy":"product_tag","embeddable":true,"href":"https:\/\/med-disposable.com\/fr\/wp-json\/wp\/v2\/product_tag?post=3050"}],"curies":[{"name":"wp","href":"https:\/\/api.w.org\/{rel}","templated":true}]}}