{"id":436,"date":"2021-03-03T16:37:21","date_gmt":"2021-03-03T08:37:21","guid":{"rendered":"https:\/\/med-disposable.com\/?post_type=product&#038;p=436"},"modified":"2023-06-21T18:09:28","modified_gmt":"2023-06-21T10:09:28","slug":"masque-jetable-pour-enfants-avec-impression","status":"publish","type":"product","link":"https:\/\/med-disposable.com\/fr\/product\/disposable-kids-face-mask-with-printing\/","title":{"rendered":"Masque jetable pour enfants avec impression"},"content":{"rendered":"<h2><strong>Sp\u00e9cification d\u00e9taill\u00e9e<\/strong>:<\/h2>\n<table width=\"653\">\n<tbody>\n<tr>\n<td width=\"126\">Mat\u00e9riau<\/td>\n<td width=\"527\">Couche ext\u00e9rieure : spunlace imprim\u00e9, 45gr\/m\u00b2.<br \/>\nCouche interm\u00e9diaire : MB, 20-25gr\/m\u00b2.<br \/>\nCouche int\u00e9rieure : PP souple, 20-25gr\/m\u00b2.<\/td>\n<\/tr>\n<tr>\n<td width=\"126\">Taille<\/td>\n<td width=\"527\">14.5*9.5cm<\/td>\n<\/tr>\n<tr>\n<td width=\"126\">Style<\/td>\n<td width=\"527\">boucle d'oreille \u00e9lastique plate<\/td>\n<\/tr>\n<tr>\n<td width=\"126\">Emballage<\/td>\n<td width=\"527\">50 pcs\/bo\u00eete, 2000pcs\/ctn, selon les besoins<\/td>\n<\/tr>\n<tr>\n<td width=\"126\">Conception de l'emballage<\/td>\n<td width=\"527\">L'impression des bo\u00eetes int\u00e9rieures et des cartons peut \u00eatre r\u00e9alis\u00e9e selon les besoins.<\/td>\n<\/tr>\n<tr>\n<td width=\"126\">Taille du carton<\/td>\n<td width=\"527\">52x38x30cm<\/td>\n<\/tr>\n<tr>\n<td width=\"126\">MOQ<\/td>\n<td width=\"527\">200000 PCS<\/td>\n<\/tr>\n<tr>\n<td width=\"126\">\u00c9chantillon<\/td>\n<td width=\"527\">\u00e9chantillons gratuits pour v\u00e9rification dans un d\u00e9lai d'une semaine<\/td>\n<\/tr>\n<tr>\n<td width=\"126\">D\u00e9lai de paiement<\/td>\n<td width=\"527\">T\/T, L\/C<\/td>\n<\/tr>\n<tr>\n<td width=\"126\">D\u00e9lai de livraison<\/td>\n<td width=\"527\">1*40HQ peut \u00eatre termin\u00e9 dans les 5 jours<\/td>\n<\/tr>\n<tr>\n<td width=\"126\">Port FOB<\/td>\n<td width=\"527\">Wuhan\/Shanghai\/Guangzhou\/Ningbo<\/td>\n<\/tr>\n<tr>\n<td>Application<\/td>\n<td>\n<p data-spm-anchor-id=\"a2700.details.0.i30.525e543fcacZav\">Id\u00e9al pour une utilisation dans divers contextes, tels que l'\u00e9cole, les terrains de jeu, les transports publics et les rassemblements sociaux, notre masque jetable pour enfants offre une protection sup\u00e9rieure tout en faisant une d\u00e9claration amusante et ludique.<\/p>\n<\/td>\n<\/tr>\n<\/tbody>\n<\/table>\n<p>&nbsp;<\/p>\n<p><img fetchpriority=\"high\" decoding=\"async\" class=\"aligncenter wp-image-8413 size-large\" src=\"https:\/\/med-disposable.com\/wp-content\/uploads\/2021\/03\/spunlace-face-mask-with-printing-16-1024x1024.jpg\" alt=\"\" width=\"800\" height=\"800\" srcset=\"https:\/\/med-disposable.com\/wp-content\/uploads\/2021\/03\/spunlace-face-mask-with-printing-16-1024x1024.jpg 1024w, https:\/\/med-disposable.com\/wp-content\/uploads\/2021\/03\/spunlace-face-mask-with-printing-16-300x300.jpg 300w, https:\/\/med-disposable.com\/wp-content\/uploads\/2021\/03\/spunlace-face-mask-with-printing-16-150x150.jpg 150w, https:\/\/med-disposable.com\/wp-content\/uploads\/2021\/03\/spunlace-face-mask-with-printing-16-768x768.jpg 768w, https:\/\/med-disposable.com\/wp-content\/uploads\/2021\/03\/spunlace-face-mask-with-printing-16-1536x1536.jpg 1536w, https:\/\/med-disposable.com\/wp-content\/uploads\/2021\/03\/spunlace-face-mask-with-printing-16-scaled.jpg 2048w, https:\/\/med-disposable.com\/wp-content\/uploads\/2021\/03\/spunlace-face-mask-with-printing-16-600x600.jpg 600w, https:\/\/med-disposable.com\/wp-content\/uploads\/2021\/03\/spunlace-face-mask-with-printing-16-100x100.jpg 100w\" sizes=\"(max-width: 800px) 100vw, 800px\" \/><\/p>\n<p>&nbsp;<\/p>\n<h2>Caract\u00e9ristiques :<\/h2>\n<ul>\n<li><strong>Imprim\u00e9s mignons et amusants :<\/strong>\u00a0Notre masque facial jetable pour enfants est disponible dans une vari\u00e9t\u00e9 d'imprim\u00e9s mignons et color\u00e9s, faisant du port du masque une exp\u00e9rience amusante et agr\u00e9able pour vos enfants.<\/li>\n<li><strong>Spunlace Couche ext\u00e9rieure :<\/strong>\u00a0La couche ext\u00e9rieure en spunlace de haute qualit\u00e9 garantit un meilleur effet d'impression que les tissus non tiss\u00e9s en PP traditionnels, ce qui permet d'obtenir des impressions \u00e9clatantes et d\u00e9taill\u00e9es qui restent intactes m\u00eame apr\u00e8s une utilisation prolong\u00e9e.<\/li>\n<\/ul>\n<p><img decoding=\"async\" class=\"aligncenter wp-image-8411 size-large\" src=\"https:\/\/med-disposable.com\/wp-content\/uploads\/2021\/03\/spunlace-face-mask-with-printing-9-1024x1024.jpg\" alt=\"\" width=\"800\" height=\"800\" srcset=\"https:\/\/med-disposable.com\/wp-content\/uploads\/2021\/03\/spunlace-face-mask-with-printing-9-1024x1024.jpg 1024w, https:\/\/med-disposable.com\/wp-content\/uploads\/2021\/03\/spunlace-face-mask-with-printing-9-300x300.jpg 300w, https:\/\/med-disposable.com\/wp-content\/uploads\/2021\/03\/spunlace-face-mask-with-printing-9-150x150.jpg 150w, https:\/\/med-disposable.com\/wp-content\/uploads\/2021\/03\/spunlace-face-mask-with-printing-9-768x768.jpg 768w, https:\/\/med-disposable.com\/wp-content\/uploads\/2021\/03\/spunlace-face-mask-with-printing-9-1536x1536.jpg 1536w, https:\/\/med-disposable.com\/wp-content\/uploads\/2021\/03\/spunlace-face-mask-with-printing-9-scaled.jpg 2048w, https:\/\/med-disposable.com\/wp-content\/uploads\/2021\/03\/spunlace-face-mask-with-printing-9-600x600.jpg 600w, https:\/\/med-disposable.com\/wp-content\/uploads\/2021\/03\/spunlace-face-mask-with-printing-9-100x100.jpg 100w\" sizes=\"(max-width: 800px) 100vw, 800px\" \/><\/p>\n<ul>\n<li><strong>Mati\u00e8re douce et confortable :<\/strong>\u00a0La couche int\u00e9rieure douce pour la peau assure un confort maximal \u00e0 votre enfant lors d'un port prolong\u00e9, r\u00e9duisant ainsi le risque d'irritation de la peau et d'inconfort.<\/li>\n<\/ul>\n<p><img decoding=\"async\" class=\"aligncenter wp-image-8410 size-large\" src=\"https:\/\/med-disposable.com\/wp-content\/uploads\/2021\/03\/spunlace-face-mask-with-printing-5-1024x1024.jpg\" alt=\"\" width=\"800\" height=\"800\" srcset=\"https:\/\/med-disposable.com\/wp-content\/uploads\/2021\/03\/spunlace-face-mask-with-printing-5-1024x1024.jpg 1024w, https:\/\/med-disposable.com\/wp-content\/uploads\/2021\/03\/spunlace-face-mask-with-printing-5-300x300.jpg 300w, https:\/\/med-disposable.com\/wp-content\/uploads\/2021\/03\/spunlace-face-mask-with-printing-5-150x150.jpg 150w, https:\/\/med-disposable.com\/wp-content\/uploads\/2021\/03\/spunlace-face-mask-with-printing-5-768x768.jpg 768w, https:\/\/med-disposable.com\/wp-content\/uploads\/2021\/03\/spunlace-face-mask-with-printing-5-1536x1536.jpg 1536w, https:\/\/med-disposable.com\/wp-content\/uploads\/2021\/03\/spunlace-face-mask-with-printing-5-scaled.jpg 2048w, https:\/\/med-disposable.com\/wp-content\/uploads\/2021\/03\/spunlace-face-mask-with-printing-5-600x600.jpg 600w, https:\/\/med-disposable.com\/wp-content\/uploads\/2021\/03\/spunlace-face-mask-with-printing-5-100x100.jpg 100w\" sizes=\"(max-width: 800px) 100vw, 800px\" \/><\/p>\n<ul>\n<li><strong>Maintien s\u00fbr gr\u00e2ce \u00e0 des boucles d'oreille \u00e9lastiques :<\/strong>\u00a0Les boucles d'oreilles \u00e9lastiques sont con\u00e7ues pour s'adapter confortablement aux oreilles de votre enfant, offrant un ajustement s\u00fbr et confortable pour diff\u00e9rentes formes et tailles de visage.<\/li>\n<li><strong>Fil de nez r\u00e9glable :<\/strong>\u00a0La barrette nasale int\u00e9gr\u00e9e peut \u00eatre facilement ajust\u00e9e pour s'adapter aux contours du visage de votre enfant, garantissant une meilleure \u00e9tanch\u00e9it\u00e9 et une protection accrue contre les contaminants potentiels.<\/li>\n<\/ul>\n<p><img loading=\"lazy\" decoding=\"async\" class=\"aligncenter wp-image-8412 size-large\" src=\"https:\/\/med-disposable.com\/wp-content\/uploads\/2021\/03\/spunlace-face-mask-with-printing-13-1024x1024.jpg\" alt=\"\" width=\"800\" height=\"800\" srcset=\"https:\/\/med-disposable.com\/wp-content\/uploads\/2021\/03\/spunlace-face-mask-with-printing-13-1024x1024.jpg 1024w, https:\/\/med-disposable.com\/wp-content\/uploads\/2021\/03\/spunlace-face-mask-with-printing-13-300x300.jpg 300w, https:\/\/med-disposable.com\/wp-content\/uploads\/2021\/03\/spunlace-face-mask-with-printing-13-150x150.jpg 150w, https:\/\/med-disposable.com\/wp-content\/uploads\/2021\/03\/spunlace-face-mask-with-printing-13-768x768.jpg 768w, https:\/\/med-disposable.com\/wp-content\/uploads\/2021\/03\/spunlace-face-mask-with-printing-13-1536x1536.jpg 1536w, https:\/\/med-disposable.com\/wp-content\/uploads\/2021\/03\/spunlace-face-mask-with-printing-13-scaled.jpg 2048w, https:\/\/med-disposable.com\/wp-content\/uploads\/2021\/03\/spunlace-face-mask-with-printing-13-600x600.jpg 600w, https:\/\/med-disposable.com\/wp-content\/uploads\/2021\/03\/spunlace-face-mask-with-printing-13-100x100.jpg 100w\" sizes=\"(max-width: 800px) 100vw, 800px\" \/><\/p>","protected":false},"excerpt":{"rendered":"<p>Nous vous pr\u00e9sentons notre d\u00e9licieux masque jetable pour enfants avec impression mignonne, con\u00e7u pour offrir une protection et un confort sup\u00e9rieurs \u00e0 vos petits, tout en ajoutant une touche ludique et amusante. Dot\u00e9s d'une couche ext\u00e9rieure en spunlace de haute qualit\u00e9, nos masques offrent un effet d'impression am\u00e9lior\u00e9 par rapport aux tissus non tiss\u00e9s PP traditionnels, ce qui permet d'obtenir des impressions vives et adorables que vos enfants adoreront.<\/p>","protected":false},"featured_media":8413,"template":"","meta":{"_seopress_robots_primary_cat":"none","_seopress_titles_title":"Kids Face Mask - Disposable Kids Face Mask With Printing","_seopress_titles_desc":"Manufacturer of Disposable Kids Face Mask With Printing. Eco-Friendly, soft, comfortable, breathable, hypoallergenic. Wide flat elastic ear loop, comfortable to wear the whole day.","_seopress_robots_index":""},"product_brand":[],"product_cat":[100],"product_tag":[60,59],"class_list":{"0":"post-436","1":"product","2":"type-product","3":"status-publish","4":"has-post-thumbnail","6":"product_cat-face-mask","7":"product_tag-face-mask","8":"product_tag-kids","10":"first","11":"instock","12":"shipping-taxable","13":"product-type-simple"},"_links":{"self":[{"href":"https:\/\/med-disposable.com\/fr\/wp-json\/wp\/v2\/product\/436","targetHints":{"allow":["GET"]}}],"collection":[{"href":"https:\/\/med-disposable.com\/fr\/wp-json\/wp\/v2\/product"}],"about":[{"href":"https:\/\/med-disposable.com\/fr\/wp-json\/wp\/v2\/types\/product"}],"version-history":[{"count":0,"href":"https:\/\/med-disposable.com\/fr\/wp-json\/wp\/v2\/product\/436\/revisions"}],"wp:featuredmedia":[{"embeddable":true,"href":"https:\/\/med-disposable.com\/fr\/wp-json\/wp\/v2\/media\/8413"}],"wp:attachment":[{"href":"https:\/\/med-disposable.com\/fr\/wp-json\/wp\/v2\/media?parent=436"}],"wp:term":[{"taxonomy":"product_brand","embeddable":true,"href":"https:\/\/med-disposable.com\/fr\/wp-json\/wp\/v2\/product_brand?post=436"},{"taxonomy":"product_cat","embeddable":true,"href":"https:\/\/med-disposable.com\/fr\/wp-json\/wp\/v2\/product_cat?post=436"},{"taxonomy":"product_tag","embeddable":true,"href":"https:\/\/med-disposable.com\/fr\/wp-json\/wp\/v2\/product_tag?post=436"}],"curies":[{"name":"wp","href":"https:\/\/api.w.org\/{rel}","templated":true}]}}