{"id":445,"date":"2021-03-04T15:12:14","date_gmt":"2021-03-04T07:12:14","guid":{"rendered":"https:\/\/med-disposable.com\/?post_type=product&#038;p=445"},"modified":"2023-05-18T18:13:04","modified_gmt":"2023-05-18T10:13:04","slug":"combinaison-jetable-microporeuse-non-tissee","status":"publish","type":"product","link":"https:\/\/med-disposable.com\/fr\/product\/disposable-microporous-non-woven-coverall\/","title":{"rendered":"Combinaison non tiss\u00e9e microporeuse \u00e0 usage unique"},"content":{"rendered":"<p>Notre combinaison jetable en tissu non tiss\u00e9 microporeux est un v\u00eatement de protection de haute qualit\u00e9 con\u00e7u pour diverses applications industrielles et commerciales. Fabriqu\u00e9e \u00e0 partir d'un m\u00e9lange sup\u00e9rieur de tissu microporeux et non tiss\u00e9, cette combinaison offre une respirabilit\u00e9 et un confort accrus, ainsi que des capacit\u00e9s de protection efficaces.<\/p>\n<p><img fetchpriority=\"high\" decoding=\"async\" class=\"aligncenter wp-image-6670 size-large\" src=\"https:\/\/med-disposable.com\/wp-content\/uploads\/2021\/03\/40A9984-1024x1024.jpg\" alt=\"\" width=\"800\" height=\"800\" srcset=\"https:\/\/med-disposable.com\/wp-content\/uploads\/2021\/03\/40A9984-1024x1024.jpg 1024w, https:\/\/med-disposable.com\/wp-content\/uploads\/2021\/03\/40A9984-300x300.jpg 300w, https:\/\/med-disposable.com\/wp-content\/uploads\/2021\/03\/40A9984-150x150.jpg 150w, https:\/\/med-disposable.com\/wp-content\/uploads\/2021\/03\/40A9984-768x768.jpg 768w, https:\/\/med-disposable.com\/wp-content\/uploads\/2021\/03\/40A9984-1536x1536.jpg 1536w, https:\/\/med-disposable.com\/wp-content\/uploads\/2021\/03\/40A9984-scaled.jpg 2048w, https:\/\/med-disposable.com\/wp-content\/uploads\/2021\/03\/40A9984-600x600.jpg 600w, https:\/\/med-disposable.com\/wp-content\/uploads\/2021\/03\/40A9984-100x100.jpg 100w\" sizes=\"(max-width: 800px) 100vw, 800px\" \/><\/p>\n<h3><strong>Principales caract\u00e9ristiques et avantages<\/strong><\/h3>\n<p><strong>Protection optimale<\/strong>: La combinaison offre un haut degr\u00e9 de protection contre les \u00e9claboussures de liquides, la poussi\u00e8re et la salet\u00e9. Le tissu non tiss\u00e9 assure une barri\u00e8re contre les particules fines, tandis que le mat\u00e9riau microporeux r\u00e9siste \u00e0 la p\u00e9n\u00e9tration des liquides.<\/p>\n<p><strong>Coupe confortable<\/strong>: Le mod\u00e8le comporte une fermeture \u00e0 glissi\u00e8re sur le devant, une taille, des poignets et des chevilles \u00e9lastiques pour assurer un ajustement s\u00fbr et confortable. Malgr\u00e9 sa nature protectrice, le mat\u00e9riau l\u00e9ger ne compromet pas la mobilit\u00e9.<\/p>\n<p><strong>Applications polyvalentes<\/strong>: Cette combinaison est parfaite pour les industries telles que l'agroalimentaire, les laboratoires, les produits pharmaceutiques et le jardinage. Elle peut \u00e9galement \u00eatre utilis\u00e9e pour l'entretien g\u00e9n\u00e9ral et les t\u00e2ches de nettoyage, offrant une excellente protection contre les divers contaminants de l'environnement.<\/p>\n<p><strong>Durabilit\u00e9<\/strong>: La combinaison est con\u00e7ue pour r\u00e9sister \u00e0 des conditions difficiles. Sa construction robuste garantit sa durabilit\u00e9 tout en conservant ses propri\u00e9t\u00e9s protectrices, m\u00eame apr\u00e8s une utilisation prolong\u00e9e.<\/p>\n<p>&nbsp;<\/p>\n<p><strong>Sp\u00e9cification d\u00e9taill\u00e9e :<\/strong><\/p>\n<table width=\"652\">\n<tbody>\n<tr>\n<td width=\"95\">Mat\u00e9riau<\/td>\n<td width=\"557\">Microporeux<\/td>\n<\/tr>\n<tr>\n<td width=\"95\">Poids en grammes<\/td>\n<td>45-65gr\/m\u00b2<\/td>\n<\/tr>\n<tr>\n<td width=\"95\">Style<\/td>\n<td>Avec capuche, poignets et chevilles \u00e9lastiques, fermeture \u00e0 glissi\u00e8re sur le devant.  Option : avec rabat sur la fermeture \u00e0 glissi\u00e8re<\/td>\n<\/tr>\n<tr>\n<td width=\"95\">Couleur<\/td>\n<td>Blanc<\/td>\n<\/tr>\n<tr>\n<td width=\"95\">Emballage<\/td>\n<td>1pc\/sachet, 50pcs\/carton, ou selon les besoins<\/td>\n<\/tr>\n<tr>\n<td width=\"95\">Applications<\/td>\n<td width=\"557\">Usage g\u00e9n\u00e9ral, salle blanche, construction\/b\u00e2timent, nettoyage et entretien, industrie g\u00e9n\u00e9rale\/fabrication, exploitation mini\u00e8re, assainissement\/rem\u00e9diation, agriculture, d\u00e9samiantage, op\u00e9rations non dangereuses, industrie pharmaceutique.<\/td>\n<\/tr>\n<tr>\n<td width=\"95\">MOQ<\/td>\n<td>10000pcs<\/td>\n<\/tr>\n<tr>\n<td width=\"95\">\u00c9chantillon<\/td>\n<td>\u00e9chantillons gratuits pour v\u00e9rification dans un d\u00e9lai d'une semaine<\/td>\n<\/tr>\n<tr>\n<td width=\"95\">D\u00e9lai de paiement<\/td>\n<td>TT, LC<\/td>\n<\/tr>\n<tr>\n<td width=\"95\">Certificat<\/td>\n<td>CE, FDA<\/td>\n<\/tr>\n<tr>\n<td width=\"95\">Port FOB<\/td>\n<td>Wuhan\/Shanghai\/Guangzhou\/Ningbo<\/td>\n<\/tr>\n<\/tbody>\n<\/table>\n<p><img decoding=\"async\" class=\"aligncenter wp-image-6684 size-full\" src=\"https:\/\/med-disposable.com\/wp-content\/uploads\/2021\/03\/coverall-with-blue-tape-5-1.jpg\" alt=\"\" width=\"800\" height=\"501\" srcset=\"https:\/\/med-disposable.com\/wp-content\/uploads\/2021\/03\/coverall-with-blue-tape-5-1.jpg 800w, https:\/\/med-disposable.com\/wp-content\/uploads\/2021\/03\/coverall-with-blue-tape-5-1-300x188.jpg 300w, https:\/\/med-disposable.com\/wp-content\/uploads\/2021\/03\/coverall-with-blue-tape-5-1-768x481.jpg 768w, https:\/\/med-disposable.com\/wp-content\/uploads\/2021\/03\/coverall-with-blue-tape-5-1-600x376.jpg 600w\" sizes=\"(max-width: 800px) 100vw, 800px\" \/><\/p>\n<h3><strong>Diff\u00e9rences d'utilisation : Combinaisons non tiss\u00e9es et combinaisons microporeuses<\/strong><\/h3>\n<p>Les combinaisons non tiss\u00e9es et microporeuses, deux produits de base dans l'industrie des v\u00eatements de protection, r\u00e9pondent \u00e0 des besoins diff\u00e9rents en raison de leurs propri\u00e9t\u00e9s distinctes. Voici un examen plus approfondi de leurs caract\u00e9ristiques et des sc\u00e9narios d'utilisation appropri\u00e9s.<\/p>\n<h4><strong>Combinaisons non tiss\u00e9es<\/strong><\/h4>\n<p>Les combinaisons non tiss\u00e9es sont fabriqu\u00e9es \u00e0 partir de fibres synth\u00e9tiques li\u00e9es entre elles, g\u00e9n\u00e9ralement par un proc\u00e9d\u00e9 thermique ou chimique, au lieu d'\u00eatre tiss\u00e9es ou tricot\u00e9es. Ces combinaisons sont l\u00e9g\u00e8res, respirantes et rentables, ce qui les rend populaires dans diverses industries.<\/p>\n<p><strong>Applications des combinaisons non tiss\u00e9es :<\/strong><\/p>\n<ul>\n<li>Les combinaisons non tiss\u00e9es sont souvent utilis\u00e9es dans les secteurs suivants <strong>secteur des soins de sant\u00e9<\/strong>o\u00f9 les v\u00eatements \u00e0 usage unique contribuent \u00e0 r\u00e9duire les risques de contamination crois\u00e9e. Les infirmi\u00e8res, les m\u00e9decins et les autres professionnels de la sant\u00e9 utilisent ces combinaisons pour se prot\u00e9ger et prot\u00e9ger leurs patients des agents pathog\u00e8nes dangereux.<\/li>\n<li>Le <strong>industrie du nettoyage<\/strong> b\u00e9n\u00e9ficie \u00e9galement des combinaisons non tiss\u00e9es. Ces v\u00eatements prot\u00e8gent les travailleurs des \u00e9claboussures de produits chimiques et des particules de poussi\u00e8re.<\/li>\n<li>En <strong>l'industrie l\u00e9g\u00e8re<\/strong>Les combinaisons de travail non tiss\u00e9es constituent une barri\u00e8re contre les mati\u00e8res non dangereuses, ce qui les rend adapt\u00e9es aux environnements \u00e0 faible risque.<\/li>\n<\/ul>\n<h4><strong>Combinaisons microporeuses<\/strong><\/h4>\n<p>Les combinaisons microporeuses, quant \u00e0 elles, sont fabriqu\u00e9es \u00e0 partir d'un tissu dot\u00e9 de micropores. Ces pores permettent le passage de l'air et de la vapeur d'eau, mais bloquent efficacement les particules plus grosses et les mol\u00e9cules liquides.<\/p>\n<p><strong>Applications des combinaisons microporeuses :<\/strong><\/p>\n<ul>\n<li><strong>Industries chimiques<\/strong> utilisent des combinaisons microporeuses en raison de leur protection sup\u00e9rieure contre les \u00e9claboussures de produits chimiques et les a\u00e9rosols liquides. Les travailleurs manipulant des substances dangereuses b\u00e9n\u00e9ficient des propri\u00e9t\u00e9s de r\u00e9sistance aux liquides de ces combinaisons.<\/li>\n<li>Les combinaisons microporeuses sont largement utilis\u00e9es dans <strong>transformation des aliments<\/strong> et <strong>environnements pharmaceutiques<\/strong> o\u00f9 les peluches et la contamination doivent \u00eatre r\u00e9duites au minimum. La propri\u00e9t\u00e9 non pelucheuse du mat\u00e9riau emp\u00eache les particules de la combinaison de contaminer le produit.<\/li>\n<li>En <strong>les laboratoires<\/strong>Les combinaisons microporeuses prot\u00e8gent les individus des \u00e9claboussures de produits chimiques et des particules. Les propri\u00e9t\u00e9s antistatiques de ces combinaisons permettent de les utiliser en toute s\u00e9curit\u00e9 dans les environnements o\u00f9 se trouvent des \u00e9quipements \u00e9lectroniques sensibles.<\/li>\n<\/ul>\n<p>En r\u00e9sum\u00e9, la principale diff\u00e9rence entre les combinaisons non tiss\u00e9es et les combinaisons microporeuses r\u00e9side dans leurs capacit\u00e9s de protection. Alors que les combinaisons non tiss\u00e9es conviennent aux environnements et aux t\u00e2ches \u00e0 faible risque, les combinaisons microporeuses offrent une protection accrue et conviennent aux situations \u00e0 plus haut risque impliquant une exposition potentielle \u00e0 des liquides, des produits chimiques et des particules. Tenez toujours compte des exigences sp\u00e9cifiques de votre secteur d'activit\u00e9 et de la nature des t\u00e2ches \u00e0 accomplir lorsque vous choisissez entre des combinaisons non tiss\u00e9es et des combinaisons microporeuses.<\/p>\n<h3><img decoding=\"async\" class=\"aligncenter wp-image-6675 size-large\" src=\"https:\/\/med-disposable.com\/wp-content\/uploads\/2021\/03\/40A9997-1024x1024.jpg\" alt=\"\" width=\"800\" height=\"800\" srcset=\"https:\/\/med-disposable.com\/wp-content\/uploads\/2021\/03\/40A9997-1024x1024.jpg 1024w, https:\/\/med-disposable.com\/wp-content\/uploads\/2021\/03\/40A9997-300x300.jpg 300w, https:\/\/med-disposable.com\/wp-content\/uploads\/2021\/03\/40A9997-150x150.jpg 150w, https:\/\/med-disposable.com\/wp-content\/uploads\/2021\/03\/40A9997-768x768.jpg 768w, https:\/\/med-disposable.com\/wp-content\/uploads\/2021\/03\/40A9997-1536x1536.jpg 1536w, https:\/\/med-disposable.com\/wp-content\/uploads\/2021\/03\/40A9997-scaled.jpg 2048w, https:\/\/med-disposable.com\/wp-content\/uploads\/2021\/03\/40A9997-600x600.jpg 600w, https:\/\/med-disposable.com\/wp-content\/uploads\/2021\/03\/40A9997-100x100.jpg 100w\" sizes=\"(max-width: 800px) 100vw, 800px\" \/><\/h3>\n<h3><img loading=\"lazy\" decoding=\"async\" class=\"aligncenter wp-image-6676 size-large\" src=\"https:\/\/med-disposable.com\/wp-content\/uploads\/2021\/03\/40A9998-1024x1024.jpg\" alt=\"\" width=\"800\" height=\"800\" srcset=\"https:\/\/med-disposable.com\/wp-content\/uploads\/2021\/03\/40A9998-1024x1024.jpg 1024w, https:\/\/med-disposable.com\/wp-content\/uploads\/2021\/03\/40A9998-300x300.jpg 300w, https:\/\/med-disposable.com\/wp-content\/uploads\/2021\/03\/40A9998-150x150.jpg 150w, https:\/\/med-disposable.com\/wp-content\/uploads\/2021\/03\/40A9998-768x768.jpg 768w, https:\/\/med-disposable.com\/wp-content\/uploads\/2021\/03\/40A9998-1536x1536.jpg 1536w, https:\/\/med-disposable.com\/wp-content\/uploads\/2021\/03\/40A9998-scaled.jpg 2048w, https:\/\/med-disposable.com\/wp-content\/uploads\/2021\/03\/40A9998-600x600.jpg 600w, https:\/\/med-disposable.com\/wp-content\/uploads\/2021\/03\/40A9998-100x100.jpg 100w\" sizes=\"(max-width: 800px) 100vw, 800px\" \/><\/h3>\n<h3><img loading=\"lazy\" decoding=\"async\" class=\"aligncenter wp-image-6674 size-large\" src=\"https:\/\/med-disposable.com\/wp-content\/uploads\/2021\/03\/40A9995-1024x1024.jpg\" alt=\"\" width=\"800\" height=\"800\" srcset=\"https:\/\/med-disposable.com\/wp-content\/uploads\/2021\/03\/40A9995-1024x1024.jpg 1024w, https:\/\/med-disposable.com\/wp-content\/uploads\/2021\/03\/40A9995-300x300.jpg 300w, https:\/\/med-disposable.com\/wp-content\/uploads\/2021\/03\/40A9995-150x150.jpg 150w, https:\/\/med-disposable.com\/wp-content\/uploads\/2021\/03\/40A9995-768x768.jpg 768w, https:\/\/med-disposable.com\/wp-content\/uploads\/2021\/03\/40A9995-1536x1536.jpg 1536w, https:\/\/med-disposable.com\/wp-content\/uploads\/2021\/03\/40A9995-scaled.jpg 2048w, https:\/\/med-disposable.com\/wp-content\/uploads\/2021\/03\/40A9995-600x600.jpg 600w, https:\/\/med-disposable.com\/wp-content\/uploads\/2021\/03\/40A9995-100x100.jpg 100w\" sizes=\"(max-width: 800px) 100vw, 800px\" \/><\/h3>\n<h3><img loading=\"lazy\" decoding=\"async\" class=\"aligncenter wp-image-6673 size-large\" src=\"https:\/\/med-disposable.com\/wp-content\/uploads\/2021\/03\/40A9987-1024x1024.jpg\" alt=\"\" width=\"800\" height=\"800\" srcset=\"https:\/\/med-disposable.com\/wp-content\/uploads\/2021\/03\/40A9987-1024x1024.jpg 1024w, https:\/\/med-disposable.com\/wp-content\/uploads\/2021\/03\/40A9987-300x300.jpg 300w, https:\/\/med-disposable.com\/wp-content\/uploads\/2021\/03\/40A9987-150x150.jpg 150w, https:\/\/med-disposable.com\/wp-content\/uploads\/2021\/03\/40A9987-768x768.jpg 768w, https:\/\/med-disposable.com\/wp-content\/uploads\/2021\/03\/40A9987-1536x1536.jpg 1536w, https:\/\/med-disposable.com\/wp-content\/uploads\/2021\/03\/40A9987-scaled.jpg 2048w, https:\/\/med-disposable.com\/wp-content\/uploads\/2021\/03\/40A9987-600x600.jpg 600w, https:\/\/med-disposable.com\/wp-content\/uploads\/2021\/03\/40A9987-100x100.jpg 100w\" sizes=\"(max-width: 800px) 100vw, 800px\" \/><\/h3>\n<h3><strong>FAQ<\/strong><\/h3>\n<p><strong>1) Quelle est la quantit\u00e9 minimale de commande pour les combinaisons jetables en tissu non tiss\u00e9 microporeux ?<\/strong><\/p>\n<p>La quantit\u00e9 minimale de commande pour nos combinaisons jetables microporeuses non tiss\u00e9es varie en fonction de plusieurs facteurs, notamment les niveaux de stock actuels, les capacit\u00e9s de production et la logistique impliqu\u00e9e. Nous comprenons les besoins des entreprises en mati\u00e8re de commandes group\u00e9es et nous nous effor\u00e7ons de les satisfaire le plus efficacement possible. Pour obtenir des informations pr\u00e9cises sur les quantit\u00e9s minimales de commande, nous vous recommandons de contacter notre \u00e9quipe de vente. Elle pourra vous fournir des informations pr\u00e9cises et opportunes, adapt\u00e9es \u00e0 vos besoins sp\u00e9cifiques.<\/p>\n<p><strong>2. pouvons-nous personnaliser les combinaisons avec notre logo ?<\/strong><\/p>\n<p>La personnalisation est au c\u0153ur de notre offre de services. Nous sommes pleinement conscients du pouvoir de la marque et de l'importance des produits personnalisables pour am\u00e9liorer la visibilit\u00e9 de votre marque. C'est pourquoi nous proposons l'impression de logos personnalis\u00e9s sur nos combinaisons jetables en tissu non tiss\u00e9 microporeux. Les sp\u00e9cificit\u00e9s du processus de personnalisation, y compris les techniques utilis\u00e9es, les limites potentielles du design et les co\u00fbts associ\u00e9s, seront discut\u00e9es en d\u00e9tail avec notre \u00e9quipe. Nous nous engageons \u00e0 vous fournir une solution conforme \u00e0 votre strat\u00e9gie de marque et \u00e0 votre budget.<\/p>\n<p><strong>3) Quelles sont les tailles disponibles pour les combinaisons ?<\/strong><\/p>\n<p>Nos combinaisons jetables en tissu non tiss\u00e9 microporeux sont disponibles dans une grande vari\u00e9t\u00e9 de tailles afin de r\u00e9pondre aux besoins d'un large \u00e9ventail de tailles et de formes. Nous proposons des tailles allant de Small \u00e0 6XL, ce qui permet \u00e0 chaque membre de votre \u00e9quipe de trouver une coupe \u00e0 la fois confortable et s\u00fbre. Cette large gamme de tailles fait partie de notre engagement \u00e0 fournir des solutions polyvalentes et inclusives qui r\u00e9pondent aux besoins de tous nos clients.<\/p>\n<p><strong>4. pouvons-nous demander des \u00e9chantillons avant de passer une commande importante ?<\/strong><\/p>\n<p>Nous encourageons vivement nos clients \u00e0 demander des \u00e9chantillons de produits avant de passer des commandes importantes. Cela vous permet d'\u00e9valuer la qualit\u00e9 et l'ad\u00e9quation de nos combinaisons \u00e0 vos besoins sp\u00e9cifiques. N'h\u00e9sitez pas \u00e0 contacter notre \u00e9quipe commerciale pour discuter de vos besoins en mati\u00e8re d'\u00e9chantillons. Elle vous guidera tout au long du processus et s'assurera que vous recevez un \u00e9chantillon repr\u00e9sentatif du produit final.<\/p>\n<p><strong>5. comment les combinaisons sont-elles emball\u00e9es pour l'exp\u00e9dition ?<\/strong><\/p>\n<p>Nous savons qu'un emballage ad\u00e9quat est essentiel pour garantir l'int\u00e9grit\u00e9 et la qualit\u00e9 de nos produits. En r\u00e8gle g\u00e9n\u00e9rale, nos combinaisons jetables en non-tiss\u00e9 microporeux sont emball\u00e9es dans des cartons, chaque carton contenant des combinaisons emball\u00e9es individuellement. Toutefois, nous sommes dispos\u00e9s \u00e0 discuter et \u00e0 r\u00e9pondre aux exigences sp\u00e9cifiques que vous pourriez avoir en mati\u00e8re d'emballage. Notre principal objectif est de veiller \u00e0 ce que les combinaisons vous parviennent en parfait \u00e9tat, pr\u00eates \u00e0 l'emploi.<\/p>","protected":false},"excerpt":{"rendered":"<p>Taille : M, L, XL, 2XL, 3XL, 4XL...<\/p>\n<p>Elastique sur la capuche, la taille et les poignets, fermeture \u00e0 glissi\u00e8re avec rabat<\/p>\n<p>Offrir une protection fiable contre les particules dangereuses<\/p>","protected":false},"featured_media":6669,"template":"","meta":{"_seopress_robots_primary_cat":"none","_seopress_titles_title":"Disposable Microporous non woven coverall - YouFu Medical","_seopress_titles_desc":"Disposable Microporous non woven coverall. Elastic on hood, waist and cuffs, zipper with flap. Offer reliable protection from hazardous particles. Available in all sizes.","_seopress_robots_index":""},"product_brand":[],"product_cat":[44],"product_tag":[64,312,63],"class_list":{"0":"post-445","1":"product","2":"type-product","3":"status-publish","4":"has-post-thumbnail","6":"product_cat-coverall","7":"product_tag-coverall","8":"product_tag-microporous-coverall","9":"product_tag-protective","11":"first","12":"instock","13":"shipping-taxable","14":"product-type-simple"},"_links":{"self":[{"href":"https:\/\/med-disposable.com\/fr\/wp-json\/wp\/v2\/product\/445","targetHints":{"allow":["GET"]}}],"collection":[{"href":"https:\/\/med-disposable.com\/fr\/wp-json\/wp\/v2\/product"}],"about":[{"href":"https:\/\/med-disposable.com\/fr\/wp-json\/wp\/v2\/types\/product"}],"version-history":[{"count":0,"href":"https:\/\/med-disposable.com\/fr\/wp-json\/wp\/v2\/product\/445\/revisions"}],"wp:featuredmedia":[{"embeddable":true,"href":"https:\/\/med-disposable.com\/fr\/wp-json\/wp\/v2\/media\/6669"}],"wp:attachment":[{"href":"https:\/\/med-disposable.com\/fr\/wp-json\/wp\/v2\/media?parent=445"}],"wp:term":[{"taxonomy":"product_brand","embeddable":true,"href":"https:\/\/med-disposable.com\/fr\/wp-json\/wp\/v2\/product_brand?post=445"},{"taxonomy":"product_cat","embeddable":true,"href":"https:\/\/med-disposable.com\/fr\/wp-json\/wp\/v2\/product_cat?post=445"},{"taxonomy":"product_tag","embeddable":true,"href":"https:\/\/med-disposable.com\/fr\/wp-json\/wp\/v2\/product_tag?post=445"}],"curies":[{"name":"wp","href":"https:\/\/api.w.org\/{rel}","templated":true}]}}