{"id":495,"date":"2021-03-04T16:44:28","date_gmt":"2021-03-04T08:44:28","guid":{"rendered":"https:\/\/med-disposable.com\/?post_type=product&#038;p=495"},"modified":"2023-09-19T16:08:41","modified_gmt":"2023-09-19T08:08:41","slug":"couvre-chaussures-jetables-non-tisses-antiderapants","status":"publish","type":"product","link":"https:\/\/med-disposable.com\/fr\/product\/disposable-non-woven-anti-slip-shoe-cover\/","title":{"rendered":"Couvre-chaussure antid\u00e9rapant non tiss\u00e9 jetable"},"content":{"rendered":"<figure class=\"wp-block-embed wp-block-embed-youtube is-type-video is-provider-youtube epyt-figure\"><div class=\"wp-block-embed__wrapper\"><div  id=\"_ytid_81976\"  width=\"800\" height=\"450\"  data-origwidth=\"800\" data-origheight=\"450\" data-facadesrc=\"https:\/\/www.youtube.com\/embed\/4ttx0H6gcO4?enablejsapi=1&autoplay=0&cc_load_policy=0&cc_lang_pref=&iv_load_policy=1&loop=0&rel=1&fs=1&playsinline=0&autohide=2&theme=dark&color=red&controls=1&disablekb=0&\" class=\"__youtube_prefs__ epyt-facade no-lazyload\" data-epautoplay=\"1\" ><img decoding=\"async\" data-spai-excluded=\"true\" class=\"epyt-facade-poster skip-lazy\" loading=\"lazy\"  alt=\"Lecteur YouTube\"  src=\"https:\/\/i.ytimg.com\/vi\/4ttx0H6gcO4\/maxresdefault.jpg\"  \/><button class=\"epyt-facade-play\" aria-label=\"Jouer\"><svg data-no-lazy=\"1\" height=\"100%\" version=\"1.1\" viewbox=\"0 0 68 48\" width=\"100%\"><path class=\"ytp-large-play-button-bg\" d=\"M66.52,7.74c-0.78-2.93-2.49-5.41-5.42-6.19C55.79,.13,34,0,34,0S12.21,.13,6.9,1.55 C3.97,2.33,2.27,4.81,1.48,7.74C0.06,13.05,0,24,0,24s0.06,10.95,1.48,16.26c0.78,2.93,2.49,5.41,5.42,6.19 C12.21,47.87,34,48,34,48s21.79-0.13,27.1-1.55c2.93-0.78,4.64-3.26,5.42-6.19C67.94,34.95,68,24,68,24S67.94,13.05,66.52,7.74z\" fill=\"#f00\"><\/path><path d=\"M 45,24 27,14 27,34\" fill=\"#fff\"><\/path><\/svg><\/button><\/div><\/div><\/figure>\n<p>Entrez en toute confiance dans n'importe quel environnement gr\u00e2ce \u00e0 notre couvre-chaussure antid\u00e9rapant non tiss\u00e9 jetable. Con\u00e7us m\u00e9ticuleusement pour garantir la s\u00e9curit\u00e9 et l'hygi\u00e8ne, nos couvre-chaussures conviennent \u00e0 un large \u00e9ventail d'environnements professionnels, offrant une barri\u00e8re impeccable entre les chaussures et les contaminants potentiels.<\/p>\n<h3><strong>Caract\u00e9ristiques :<\/strong><\/h3>\n<ol>\n<li><strong>Dimensions<\/strong>: Les dimensions g\u00e9n\u00e9reuses de 40x15cm garantissent une couverture compl\u00e8te pour les diff\u00e9rentes tailles de chaussures.<\/li>\n<li><strong>Mat\u00e9riau<\/strong>: Fabriqu\u00e9 exclusivement \u00e0 partir d'un mat\u00e9riau non tiss\u00e9 en PP vierge 100%, symbolisant \u00e0 la fois la durabilit\u00e9 et la qualit\u00e9.<\/li>\n<li><strong>Conception antid\u00e9rapante<\/strong>: Sp\u00e9cialement con\u00e7u avec une base antid\u00e9rapante pour une s\u00e9curit\u00e9 accrue et un risque d'accident r\u00e9duit.<\/li>\n<li><strong>Fabriqu\u00e9 \u00e0 la machine<\/strong>: Garantir l'uniformit\u00e9 de la qualit\u00e9 et de la taille de chaque pi\u00e8ce.<\/li>\n<\/ol>\n<p><img fetchpriority=\"high\" decoding=\"async\" class=\"aligncenter wp-image-8452 size-full\" src=\"https:\/\/med-disposable.com\/wp-content\/uploads\/2021\/07\/anti-slip-shoe-cover-4.jpg\" alt=\"\" width=\"800\" height=\"800\" srcset=\"https:\/\/med-disposable.com\/wp-content\/uploads\/2021\/07\/anti-slip-shoe-cover-4.jpg 800w, https:\/\/med-disposable.com\/wp-content\/uploads\/2021\/07\/anti-slip-shoe-cover-4-300x300.jpg 300w, https:\/\/med-disposable.com\/wp-content\/uploads\/2021\/07\/anti-slip-shoe-cover-4-150x150.jpg 150w, https:\/\/med-disposable.com\/wp-content\/uploads\/2021\/07\/anti-slip-shoe-cover-4-768x768.jpg 768w, https:\/\/med-disposable.com\/wp-content\/uploads\/2021\/07\/anti-slip-shoe-cover-4-600x600.jpg 600w, https:\/\/med-disposable.com\/wp-content\/uploads\/2021\/07\/anti-slip-shoe-cover-4-100x100.jpg 100w\" sizes=\"(max-width: 800px) 100vw, 800px\" \/><\/p>\n<p><strong>Sp\u00e9cification d\u00e9taill\u00e9e :<\/strong><\/p>\n<table width=\"592\">\n<tbody>\n<tr>\n<td width=\"69\">\n<p data-spm-anchor-id=\"a2700.details.0.i29.74fa601a6ywQxv\">Nom du produit<\/p>\n<\/td>\n<td width=\"523\">couvre-chaussures jetables non tiss\u00e9s antid\u00e9rapants<\/td>\n<\/tr>\n<tr>\n<td width=\"69\">Taille<\/td>\n<td width=\"523\">15*40cm, 17*42cm ou sur mesure<\/td>\n<\/tr>\n<tr>\n<td width=\"69\">Mat\u00e9riau<\/td>\n<td width=\"523\">PP, SMS, ou sur mesure<\/td>\n<\/tr>\n<tr>\n<td width=\"69\">\u00c9paisseur<\/td>\n<td width=\"523\">\n<p data-spm-anchor-id=\"a2700.details.0.i30.74fa601a6ywQxv\">G\u00e9n\u00e9ralement 30-45 g\/m\u00b2, peut \u00eatre personnalis\u00e9<\/p>\n<\/td>\n<\/tr>\n<tr>\n<td width=\"69\">Couleur<\/td>\n<td width=\"523\">blanc, bleu, vert ou personnalis\u00e9<\/td>\n<\/tr>\n<tr>\n<td width=\"69\">Application<\/td>\n<td width=\"523\">\u00a0h\u00f4pitaux, cliniques, laboratoires, mus\u00e9es, ateliers d\u00e9poussi\u00e9r\u00e9s, biens immobiliers, maisons d'exposition, int\u00e9rieurs, voitures, etc.<\/td>\n<\/tr>\n<tr>\n<td width=\"69\">Paquet<\/td>\n<td width=\"523\">100pcs\/sac, 1000pcs\/carton<\/td>\n<\/tr>\n<tr>\n<td width=\"69\">OEM\/ODM<\/td>\n<td width=\"523\">Oui<\/td>\n<\/tr>\n<tr>\n<td width=\"69\">Fonctionnalit\u00e9<\/td>\n<td width=\"523\">\n<p data-spm-anchor-id=\"a2700.details.0.i28.74fa601a6ywQxv\">respirant, confortable, \u00e9cologique, recyclable, biod\u00e9gradable, sans latex ni fibre de verre, non irritant, non toxique<\/p>\n<\/td>\n<\/tr>\n<\/tbody>\n<\/table>\n<p><img decoding=\"async\" class=\"aligncenter wp-image-5183 size-full\" src=\"https:\/\/med-disposable.com\/wp-content\/uploads\/2023\/03\/non-woven-shoe-cover.jpg\" alt=\"\" width=\"700\" height=\"700\" srcset=\"https:\/\/med-disposable.com\/wp-content\/uploads\/2023\/03\/non-woven-shoe-cover.jpg 700w, https:\/\/med-disposable.com\/wp-content\/uploads\/2023\/03\/non-woven-shoe-cover-300x300.jpg 300w, https:\/\/med-disposable.com\/wp-content\/uploads\/2023\/03\/non-woven-shoe-cover-150x150.jpg 150w, https:\/\/med-disposable.com\/wp-content\/uploads\/2023\/03\/non-woven-shoe-cover-600x600.jpg 600w, https:\/\/med-disposable.com\/wp-content\/uploads\/2023\/03\/non-woven-shoe-cover-100x100.jpg 100w\" sizes=\"(max-width: 700px) 100vw, 700px\" \/><\/p>\n<h3><strong>Avantages :<\/strong><\/h3>\n<ul>\n<li><strong>S\u00e9curit\u00e9 assur\u00e9e<\/strong>: La conception antid\u00e9rapante vous permet de vous d\u00e9placer en toute confiance dans les environnements glissants.<\/li>\n<li><strong>Protection sup\u00e9rieure<\/strong>: Offre une barri\u00e8re solide contre la salet\u00e9, les contaminants et l'humidit\u00e9.<\/li>\n<li><strong>Coh\u00e9rence<\/strong>: Fabriqu\u00e9 \u00e0 la machine, chaque couvre-chaussure conserve une qualit\u00e9 et une taille constantes.<\/li>\n<li><strong>Conscience \u00e9cologique<\/strong>: Fabriqu\u00e9 \u00e0 partir d'un mat\u00e9riau non tiss\u00e9 en PP vierge 100%, ce qui t\u00e9moigne d'un engagement en faveur du d\u00e9veloppement durable.<\/li>\n<\/ul>\n<p><img decoding=\"async\" class=\"aligncenter wp-image-8449 size-full\" src=\"https:\/\/med-disposable.com\/wp-content\/uploads\/2021\/07\/anti-slip-shoe-cover-1.jpg\" alt=\"\" width=\"800\" height=\"800\" srcset=\"https:\/\/med-disposable.com\/wp-content\/uploads\/2021\/07\/anti-slip-shoe-cover-1.jpg 800w, https:\/\/med-disposable.com\/wp-content\/uploads\/2021\/07\/anti-slip-shoe-cover-1-300x300.jpg 300w, https:\/\/med-disposable.com\/wp-content\/uploads\/2021\/07\/anti-slip-shoe-cover-1-150x150.jpg 150w, https:\/\/med-disposable.com\/wp-content\/uploads\/2021\/07\/anti-slip-shoe-cover-1-768x768.jpg 768w, https:\/\/med-disposable.com\/wp-content\/uploads\/2021\/07\/anti-slip-shoe-cover-1-600x600.jpg 600w, https:\/\/med-disposable.com\/wp-content\/uploads\/2021\/07\/anti-slip-shoe-cover-1-100x100.jpg 100w\" sizes=\"(max-width: 800px) 100vw, 800px\" \/><\/p>\n<h3><strong>Applications :<\/strong><\/h3>\n<p>Nos couvre-chaussures trouvent leur place dans :<\/p>\n<ul>\n<li><strong>Milieux m\u00e9dicaux et cliniques<\/strong>: Protection contre les contaminants potentiels.<\/li>\n<li><strong>Environnements de laboratoire<\/strong>: Veiller \u00e0 ce qu'aucun contaminant externe n'interf\u00e8re avec les exp\u00e9riences sensibles.<\/li>\n<li><strong>Zones de production alimentaire<\/strong>: Maintenir les normes d'hygi\u00e8ne les plus \u00e9lev\u00e9es lors de la manipulation et de la transformation des denr\u00e9es alimentaires.<\/li>\n<li><strong>Maisons et immobilier<\/strong>: Prot\u00e9ger le rev\u00eatement de sol pendant les visites de la maison ou les travaux d'entretien.<\/li>\n<li><strong>Installations de fabrication<\/strong>: Assurer la propret\u00e9 et pr\u00e9venir l'intrusion de substances \u00e9trang\u00e8res.<\/li>\n<\/ul>\n<p><img loading=\"lazy\" decoding=\"async\" class=\"aligncenter wp-image-4093 size-large\" src=\"https:\/\/med-disposable.com\/wp-content\/uploads\/2022\/04\/shoe-cover-packing3-768x1024.jpg\" alt=\"\" width=\"768\" height=\"1024\" srcset=\"https:\/\/med-disposable.com\/wp-content\/uploads\/2022\/04\/shoe-cover-packing3-768x1024.jpg 768w, https:\/\/med-disposable.com\/wp-content\/uploads\/2022\/04\/shoe-cover-packing3-225x300.jpg 225w, https:\/\/med-disposable.com\/wp-content\/uploads\/2022\/04\/shoe-cover-packing3-1152x1536.jpg 1152w, https:\/\/med-disposable.com\/wp-content\/uploads\/2022\/04\/shoe-cover-packing3-1536x2048.jpg 1536w, https:\/\/med-disposable.com\/wp-content\/uploads\/2022\/04\/shoe-cover-packing3-600x800.jpg 600w, https:\/\/med-disposable.com\/wp-content\/uploads\/2022\/04\/shoe-cover-packing3-scaled.jpg 1920w\" sizes=\"(max-width: 768px) 100vw, 768px\" \/><\/p>\n<h3><strong>FAQs :<\/strong><\/h3>\n<ol>\n<li><strong>Qu'est-ce qui diff\u00e9rencie votre produit d'autres couvre-chaussures similaires sur le march\u00e9 ?<\/strong>\n<p>Nos couvre-chaussures antid\u00e9rapants en non-tiss\u00e9 jetables se distinguent par leur fabrication exclusive en non-tiss\u00e9 PP vierge 100%, qui garantit la durabilit\u00e9, la viabilit\u00e9 et la haute qualit\u00e9. Le processus de fabrication \u00e0 la machine garantit l'uniformit\u00e9 de chaque pi\u00e8ce, et la conception antid\u00e9rapante sp\u00e9cialis\u00e9e donne la priorit\u00e9 \u00e0 la s\u00e9curit\u00e9 de l'utilisateur.<\/li>\n<li><strong>Quelle est la r\u00e9sistance de ces couvre-chaussures aux d\u00e9chirures et aux perforations ?<\/strong>\n<p>Fabriqu\u00e9s \u00e0 partir d'un mat\u00e9riau non tiss\u00e9 en PP vierge 100%, nos couvre-chaussures sont con\u00e7us pour durer. Bien qu'ils constituent une barri\u00e8re solide contre les contaminants standard et l'humidit\u00e9, ils sont destin\u00e9s \u00e0 des applications \u00e0 usage unique et peuvent ne pas r\u00e9sister \u00e0 des conditions extr\u00eames ou \u00e0 une manipulation brutale.<\/li>\n<li><strong>Proposez-vous des solutions sur mesure pour les commandes en gros ou les commandes sp\u00e9ciales ?<\/strong>\n<p>Absolument ! Nous comprenons que chaque institution ou entreprise peut avoir des besoins sp\u00e9cifiques. Pour les commandes en gros ou sp\u00e9ciales, vous pouvez contacter notre \u00e9quipe de vente, et nous serons ravis de discuter des options de personnalisation et des solutions sur mesure.<\/li>\n<li><strong>Comment la fonction antid\u00e9rapante est-elle obtenue dans le couvre-chaussure ?<\/strong>\n<p>La propri\u00e9t\u00e9 antid\u00e9rapante est incorpor\u00e9e dans la conception gr\u00e2ce \u00e0 l'utilisation de mod\u00e8les et de techniques sp\u00e9cialis\u00e9s au cours du processus de fabrication. Les utilisateurs b\u00e9n\u00e9ficient ainsi d'une traction accrue et d'un risque de glissade r\u00e9duit, en particulier dans les environnements potentiellement glissants ou humides.<\/li>\n<li><strong>Comment les couvre-chaussures sont-ils emball\u00e9s et quelle est leur dur\u00e9e de conservation ?<\/strong>\n<p>Nos couvre-chaussures sont emball\u00e9s de mani\u00e8re hygi\u00e9nique dans un emballage standard. En ce qui concerne la dur\u00e9e de conservation, lorsqu'ils sont stock\u00e9s dans un endroit frais et sec, \u00e0 l'abri de la lumi\u00e8re directe du soleil, ils peuvent rester dans des conditions optimales pendant de longues p\u00e9riodes. Toutefois, pour les sp\u00e9cificit\u00e9s li\u00e9es \u00e0 votre commande ou \u00e0 votre lot, veuillez consulter notre service client\u00e8le.<\/li>\n<\/ol>","protected":false},"excerpt":{"rendered":"<p>Fabriqu\u00e9 \u00e0 la machine<\/p>\n<p>1001TP3Mat\u00e9riau non tiss\u00e9 en PP vierge<\/p>\n<p>Grande taille, possibilit\u00e9 de personnaliser la taille<\/p>","protected":false},"featured_media":849,"template":"","meta":{"_seopress_robots_primary_cat":"none","_seopress_titles_title":"Anti Static Shoe Covers - Disposable non woven anti slip shoe cover","_seopress_titles_desc":"Disposable non woven anti slip and anti static shoe covers - 100% virgin PP non woven material. Large size, could be customized size. Contact us today.","_seopress_robots_index":""},"product_brand":[],"product_cat":[47],"product_tag":[],"class_list":{"0":"post-495","1":"product","2":"type-product","3":"status-publish","4":"has-post-thumbnail","6":"product_cat-foot-protection","8":"first","9":"instock","10":"shipping-taxable","11":"product-type-simple"},"_links":{"self":[{"href":"https:\/\/med-disposable.com\/fr\/wp-json\/wp\/v2\/product\/495","targetHints":{"allow":["GET"]}}],"collection":[{"href":"https:\/\/med-disposable.com\/fr\/wp-json\/wp\/v2\/product"}],"about":[{"href":"https:\/\/med-disposable.com\/fr\/wp-json\/wp\/v2\/types\/product"}],"version-history":[{"count":0,"href":"https:\/\/med-disposable.com\/fr\/wp-json\/wp\/v2\/product\/495\/revisions"}],"wp:featuredmedia":[{"embeddable":true,"href":"https:\/\/med-disposable.com\/fr\/wp-json\/wp\/v2\/media\/849"}],"wp:attachment":[{"href":"https:\/\/med-disposable.com\/fr\/wp-json\/wp\/v2\/media?parent=495"}],"wp:term":[{"taxonomy":"product_brand","embeddable":true,"href":"https:\/\/med-disposable.com\/fr\/wp-json\/wp\/v2\/product_brand?post=495"},{"taxonomy":"product_cat","embeddable":true,"href":"https:\/\/med-disposable.com\/fr\/wp-json\/wp\/v2\/product_cat?post=495"},{"taxonomy":"product_tag","embeddable":true,"href":"https:\/\/med-disposable.com\/fr\/wp-json\/wp\/v2\/product_tag?post=495"}],"curies":[{"name":"wp","href":"https:\/\/api.w.org\/{rel}","templated":true}]}}