{"id":521,"date":"2021-03-04T18:04:40","date_gmt":"2021-03-04T10:04:40","guid":{"rendered":"https:\/\/med-disposable.com\/?post_type=product&#038;p=521"},"modified":"2023-07-20T15:01:10","modified_gmt":"2023-07-20T07:01:10","slug":"capuchon-a-clip-jetable-non-tisse","status":"publish","type":"product","link":"https:\/\/med-disposable.com\/fr\/product\/disposable-non-woven-clip-cap\/","title":{"rendered":"Capuchon \u00e0 clip non tiss\u00e9 jetable"},"content":{"rendered":"<p><strong>Pr\u00e9sentation du produit<\/strong><\/p>\n<p>Faites l'exp\u00e9rience d'un contr\u00f4le de l'hygi\u00e8ne et d'un confort maximum gr\u00e2ce \u00e0 notre bonnet \u00e0 clip non tiss\u00e9 jetable. Il s'agit d'une solution optimale con\u00e7ue pour pr\u00e9venir la chute des cheveux dans une vari\u00e9t\u00e9 d'environnements o\u00f9 la propret\u00e9 et l'hygi\u00e8ne sont primordiales. Fabriqu\u00e9 en polypropyl\u00e8ne non tiss\u00e9 de qualit\u00e9 sup\u00e9rieure, ce bonnet \u00e0 clip est un choix populaire dans les secteurs de la m\u00e9decine et de la restauration.<\/p>\n<figure class=\"wp-block-embed wp-block-embed-youtube is-type-video is-provider-youtube epyt-figure\"><div class=\"wp-block-embed__wrapper\"><div  id=\"_ytid_62310\"  width=\"800\" height=\"450\"  data-origwidth=\"800\" data-origheight=\"450\" data-facadesrc=\"https:\/\/www.youtube.com\/embed\/I5QutomEvAE?enablejsapi=1&autoplay=0&cc_load_policy=0&cc_lang_pref=&iv_load_policy=1&loop=0&rel=1&fs=1&playsinline=0&autohide=2&theme=dark&color=red&controls=1&disablekb=0&\" class=\"__youtube_prefs__ epyt-facade no-lazyload\" data-epautoplay=\"1\" ><img decoding=\"async\" data-spai-excluded=\"true\" class=\"epyt-facade-poster skip-lazy\" loading=\"lazy\"  alt=\"Lecteur YouTube\"  src=\"https:\/\/i.ytimg.com\/vi\/I5QutomEvAE\/maxresdefault.jpg\"  \/><button class=\"epyt-facade-play\" aria-label=\"Jouer\"><svg data-no-lazy=\"1\" height=\"100%\" version=\"1.1\" viewbox=\"0 0 68 48\" width=\"100%\"><path class=\"ytp-large-play-button-bg\" d=\"M66.52,7.74c-0.78-2.93-2.49-5.41-5.42-6.19C55.79,.13,34,0,34,0S12.21,.13,6.9,1.55 C3.97,2.33,2.27,4.81,1.48,7.74C0.06,13.05,0,24,0,24s0.06,10.95,1.48,16.26c0.78,2.93,2.49,5.41,5.42,6.19 C12.21,47.87,34,48,34,48s21.79-0.13,27.1-1.55c2.93-0.78,4.64-3.26,5.42-6.19C67.94,34.95,68,24,68,24S67.94,13.05,66.52,7.74z\" fill=\"#f00\"><\/path><path d=\"M 45,24 27,14 27,34\" fill=\"#fff\"><\/path><\/svg><\/button><\/div><\/div><\/figure>\n<p><strong>Sp\u00e9cification d\u00e9taill\u00e9e :<\/strong><\/p>\n<table width=\"649\">\n<tbody>\n<tr style=\"font-style: inherit;font-weight: inherit\">\n<td style=\"font-style: inherit\" width=\"124\">\n<p data-spm-anchor-id=\"a2700.details.pronpeci14.i5.31381ed3TUBhmz\">Nom du produit<\/p>\n<\/td>\n<td width=\"525\">capuchon \u00e0 clip jetable non tiss\u00e9<\/td>\n<\/tr>\n<tr style=\"font-style: inherit;font-weight: inherit\">\n<td style=\"font-style: inherit\">Mat\u00e9riau<\/td>\n<td>Mat\u00e9riau non tiss\u00e9 en PP, pp 10gsm-14gsm<\/td>\n<\/tr>\n<tr style=\"font-style: inherit;font-weight: inherit\">\n<td style=\"font-style: inherit\">Taille<\/td>\n<td>18\u2033, 19\u2033, 20\u2033, 21\u2033 ou sur mesure<\/td>\n<\/tr>\n<tr style=\"font-style: inherit;font-weight: inherit\">\n<td style=\"font-style: inherit\">Fonctionnalit\u00e9<\/td>\n<td>\u00c9cologique, anti-poussi\u00e8re, confortable, respirant<\/td>\n<\/tr>\n<tr style=\"font-style: inherit;font-weight: inherit\">\n<td style=\"font-style: inherit\">Couleur<\/td>\n<td>Blanc, bleu, vert, rouge, jaune... ou personnalis\u00e9<\/td>\n<\/tr>\n<tr>\n<td style=\"font-style: inherit\">Application<\/td>\n<td>M\u00e9dical, agroalimentaire, restauration, laboratoire hospitalier, etc.<\/td>\n<\/tr>\n<tr>\n<td style=\"font-style: inherit\">D\u00e9lai de livraison<\/td>\n<td>Environ 7-10 jours, en fonction de la quantit\u00e9 command\u00e9e<\/td>\n<\/tr>\n<tr>\n<td style=\"font-style: inherit\">Style<\/td>\n<td>\u00c9lastique simple ou double<\/td>\n<\/tr>\n<tr>\n<td style=\"font-style: inherit\">Stockage<\/td>\n<td>Stock\u00e9 dans un entrep\u00f4t sec, avec une humidit\u00e9 inf\u00e9rieure \u00e0 80%, ventil\u00e9 et non corrosif.<\/td>\n<\/tr>\n<tr>\n<td style=\"font-style: inherit\">Remarque<\/td>\n<td>La taille et l'emballage peuvent \u00eatre personnalis\u00e9s<\/td>\n<\/tr>\n<\/tbody>\n<\/table>\n<p><img fetchpriority=\"high\" decoding=\"async\" class=\"aligncenter wp-image-9228 size-large\" src=\"https:\/\/med-disposable.com\/wp-content\/uploads\/2021\/03\/40A8984-1024x1024.jpg\" alt=\"\" width=\"800\" height=\"800\" srcset=\"https:\/\/med-disposable.com\/wp-content\/uploads\/2021\/03\/40A8984-1024x1024.jpg 1024w, https:\/\/med-disposable.com\/wp-content\/uploads\/2021\/03\/40A8984-300x300.jpg 300w, https:\/\/med-disposable.com\/wp-content\/uploads\/2021\/03\/40A8984-150x150.jpg 150w, https:\/\/med-disposable.com\/wp-content\/uploads\/2021\/03\/40A8984-768x768.jpg 768w, https:\/\/med-disposable.com\/wp-content\/uploads\/2021\/03\/40A8984-1536x1536.jpg 1536w, https:\/\/med-disposable.com\/wp-content\/uploads\/2021\/03\/40A8984-scaled.jpg 2048w, https:\/\/med-disposable.com\/wp-content\/uploads\/2021\/03\/40A8984-600x600.jpg 600w, https:\/\/med-disposable.com\/wp-content\/uploads\/2021\/03\/40A8984-100x100.jpg 100w\" sizes=\"(max-width: 800px) 100vw, 800px\" \/><\/p>\n<p><strong>Caract\u00e9ristiques<\/strong><\/p>\n<p>Le bonnet \u00e0 clip non tiss\u00e9 jetable a \u00e9t\u00e9 con\u00e7u pour r\u00e9pondre \u00e0 vos besoins. Ce bonnet est l\u00e9ger et respirant, ce qui garantit un confort optimal lors d'un port prolong\u00e9. Il est con\u00e7u pour s'adapter en toute s\u00e9curit\u00e9 \u00e0 n'importe quelle coiffure et est \u00e9quip\u00e9 d'une bande \u00e9lastique souple et solide qui garantit un ajustement parfait \u00e0 toutes les tailles de t\u00eate.<\/p>\n<p>De plus, nous croyons qu'il est important de vous fournir des options qui r\u00e9pondent \u00e0 vos pr\u00e9f\u00e9rences individuelles ou aux besoins de votre entreprise en mati\u00e8re de codage des couleurs. Ainsi, notre bouchon \u00e0 clip est disponible dans une vaste gamme de couleurs.<\/p>\n<p><img decoding=\"async\" class=\"aligncenter wp-image-6652 size-full\" src=\"https:\/\/med-disposable.com\/wp-content\/uploads\/2023\/05\/features-of-clip-cap.jpg\" alt=\"\" width=\"800\" height=\"658\" srcset=\"https:\/\/med-disposable.com\/wp-content\/uploads\/2023\/05\/features-of-clip-cap.jpg 800w, https:\/\/med-disposable.com\/wp-content\/uploads\/2023\/05\/features-of-clip-cap-300x247.jpg 300w, https:\/\/med-disposable.com\/wp-content\/uploads\/2023\/05\/features-of-clip-cap-768x632.jpg 768w, https:\/\/med-disposable.com\/wp-content\/uploads\/2023\/05\/features-of-clip-cap-600x494.jpg 600w\" sizes=\"(max-width: 800px) 100vw, 800px\" \/><\/p>\n<p><strong>Avantages<\/strong><\/p>\n<p>En choisissant notre bouchon \u00e0 clip non tiss\u00e9 jetable, vous b\u00e9n\u00e9ficiez des avantages suivants :<\/p>\n<ol>\n<li><strong>Protection sup\u00e9rieure<\/strong>: La casquette emp\u00eache les cheveux et la sueur de contaminer l'environnement de travail, ce qui contribue \u00e0 rendre l'espace de travail plus hygi\u00e9nique et plus propre.<\/li>\n<li><strong>Coupe confortable<\/strong>: Son mat\u00e9riau l\u00e9ger et respirant et sa bande \u00e9lastique garantissent un ajustement confortable pour une utilisation prolong\u00e9e.<\/li>\n<li><strong>Taille universelle<\/strong>: Gr\u00e2ce \u00e0 son \u00e9lastique, la casquette peut s'adapter \u00e0 toutes les tailles de t\u00eate et \u00e0 tous les styles de cheveux.<\/li>\n<li><strong>Vari\u00e9t\u00e9 de couleurs<\/strong>: Disponible en plusieurs couleurs, il peut aider \u00e0 codifier les r\u00f4les sur le lieu de travail ou simplement r\u00e9pondre \u00e0 vos pr\u00e9f\u00e9rences esth\u00e9tiques.<\/li>\n<\/ol>\n<p>&nbsp;<\/p>\n<p><strong>Utilisations<\/strong><\/p>\n<p>Notre bonnet \u00e0 clip non tiss\u00e9 jetable est un \u00e9quipement de protection polyvalent largement utilis\u00e9 dans le secteur de la sant\u00e9, l'industrie alimentaire et des boissons, les entreprises pharmaceutiques, les laboratoires et d'autres lieux o\u00f9 des normes d'hygi\u00e8ne strictes doivent \u00eatre maintenues. Il s'agit d'une excellente solution pour \u00e9viter que les cheveux ne tombent sur le visage et pour pr\u00e9venir la contamination de tout environnement st\u00e9rile.<\/p>\n<p><img decoding=\"async\" class=\"aligncenter wp-image-5677 size-full\" src=\"https:\/\/med-disposable.com\/wp-content\/uploads\/2021\/03\/BOUFFANT-CAP-USAGE.jpg\" alt=\"\" width=\"800\" height=\"918\" srcset=\"https:\/\/med-disposable.com\/wp-content\/uploads\/2021\/03\/BOUFFANT-CAP-USAGE.jpg 800w, https:\/\/med-disposable.com\/wp-content\/uploads\/2021\/03\/BOUFFANT-CAP-USAGE-261x300.jpg 261w, https:\/\/med-disposable.com\/wp-content\/uploads\/2021\/03\/BOUFFANT-CAP-USAGE-768x881.jpg 768w, https:\/\/med-disposable.com\/wp-content\/uploads\/2021\/03\/BOUFFANT-CAP-USAGE-600x689.jpg 600w\" sizes=\"(max-width: 800px) 100vw, 800px\" \/><\/p>\n<p><strong>FAQ\uff1a<\/strong><\/p>\n<ol>\n<li><strong>Quels sont les d\u00e9lais de livraison pour les grosses commandes de Capuchon \u00e0 clip non tiss\u00e9 jetable ?<\/strong>\n<p>Les d\u00e9lais de livraison pour les commandes importantes d\u00e9pendent de plusieurs facteurs, notamment du volume de la commande et de la destination. Nous nous effor\u00e7ons d'assurer un processus de livraison rapide et sans heurts pour tous nos clients. Pour conna\u00eetre les d\u00e9lais de livraison sp\u00e9cifiques \u00e0 votre commande, veuillez nous contacter directement.<\/li>\n<li><strong>Existe-t-il des remises sur les commandes en gros pour le bouchon \u00e0 clip non tiss\u00e9 jetable ?<\/strong>\n<p>Nous appr\u00e9cions beaucoup nos clients qui nous confient leurs grosses commandes. Nous offrons des remises sur les commandes en vrac, mais celles-ci peuvent varier en fonction de la taille de la commande. Pour plus d'informations et pour discuter des remises possibles pour votre commande, n'h\u00e9sitez pas \u00e0 nous contacter.<\/li>\n<li><strong>Est-il possible de personnaliser le bouchon \u00e0 clip non tiss\u00e9 jetable ?<\/strong>\n<p>Bien que notre bouchon \u00e0 clip non tiss\u00e9 jetable standard ne comporte aucune option de personnalisation, nous reconnaissons l'importance d'un marquage personnalis\u00e9 ou d'exigences de conception uniques. En fonction de la taille de votre demande, nous pourrions \u00eatre en mesure de faciliter la personnalisation. N'h\u00e9sitez pas \u00e0 nous faire part de vos besoins sp\u00e9cifiques.<\/li>\n<li><strong>Est-il possible d'obtenir des \u00e9chantillons avant de passer une commande importante ?<\/strong>\n<p>Nous comprenons l'importance de l'\u00e9valuation des produits avant de faire un investissement important. C'est pourquoi nous fournissons des \u00e9chantillons de produits \u00e0 nos clients. Pour en savoir plus sur l'obtention d'\u00e9chantillons, veuillez nous contacter directement.<\/li>\n<li><strong>Ces capuchons peuvent-ils \u00eatre r\u00e9utilis\u00e9s ?<\/strong>\n<p>Le bouchon \u00e0 clip non tiss\u00e9 jetable est destin\u00e9 \u00e0 un usage unique afin de respecter les normes d'hygi\u00e8ne les plus strictes. Il est fortement d\u00e9conseill\u00e9 de r\u00e9utiliser le produit, car cela pourrait compromettre ses caract\u00e9ristiques de protection. Pour une s\u00e9curit\u00e9 continue et une exp\u00e9rience utilisateur optimale, un nouveau bouchon doit \u00eatre utilis\u00e9 \u00e0 chaque fois.<\/li>\n<\/ol>","protected":false},"excerpt":{"rendered":"<p>Mat\u00e9riau pp non toxique<\/p>\n<p>Diff\u00e9rentes couleurs disponibles<\/p>\n<p>Une bonne \u00e9lasticit\u00e9 permet un bon maintien de la casquette sur la t\u00eate<\/p>","protected":false},"featured_media":3600,"template":"","meta":{"_seopress_robots_primary_cat":"none","_seopress_titles_title":"Disposable Non Woven Clip Cap - Non toxic pp material","_seopress_titles_desc":"Disposable Non Woven Clip Cap can prevent hairs falling, suit for any hair style, and mainly used for disposable medical and food service line.","_seopress_robots_index":""},"product_brand":[],"product_cat":[46],"product_tag":[67,57],"class_list":{"0":"post-521","1":"product","2":"type-product","3":"status-publish","4":"has-post-thumbnail","6":"product_cat-caps","7":"product_tag-cap","8":"product_tag-non-woven","10":"first","11":"instock","12":"shipping-taxable","13":"product-type-simple"},"_links":{"self":[{"href":"https:\/\/med-disposable.com\/fr\/wp-json\/wp\/v2\/product\/521","targetHints":{"allow":["GET"]}}],"collection":[{"href":"https:\/\/med-disposable.com\/fr\/wp-json\/wp\/v2\/product"}],"about":[{"href":"https:\/\/med-disposable.com\/fr\/wp-json\/wp\/v2\/types\/product"}],"version-history":[{"count":0,"href":"https:\/\/med-disposable.com\/fr\/wp-json\/wp\/v2\/product\/521\/revisions"}],"wp:featuredmedia":[{"embeddable":true,"href":"https:\/\/med-disposable.com\/fr\/wp-json\/wp\/v2\/media\/3600"}],"wp:attachment":[{"href":"https:\/\/med-disposable.com\/fr\/wp-json\/wp\/v2\/media?parent=521"}],"wp:term":[{"taxonomy":"product_brand","embeddable":true,"href":"https:\/\/med-disposable.com\/fr\/wp-json\/wp\/v2\/product_brand?post=521"},{"taxonomy":"product_cat","embeddable":true,"href":"https:\/\/med-disposable.com\/fr\/wp-json\/wp\/v2\/product_cat?post=521"},{"taxonomy":"product_tag","embeddable":true,"href":"https:\/\/med-disposable.com\/fr\/wp-json\/wp\/v2\/product_tag?post=521"}],"curies":[{"name":"wp","href":"https:\/\/api.w.org\/{rel}","templated":true}]}}