{"id":585,"date":"2021-03-05T14:56:21","date_gmt":"2021-03-05T06:56:21","guid":{"rendered":"https:\/\/med-disposable.com\/?post_type=product&#038;p=585"},"modified":"2023-05-30T18:24:09","modified_gmt":"2023-05-30T10:24:09","slug":"blouse-de-laboratoire-jetable-sms-non-tissee","status":"publish","type":"product","link":"https:\/\/med-disposable.com\/fr\/product\/disposable-sms-non-woven-lab-coat\/","title":{"rendered":"Blouse de laboratoire jetable SMS non tiss\u00e9e"},"content":{"rendered":"<h2>Sp\u00e9cification d\u00e9taill\u00e9e de la blouse de laboratoire jetable SMS non tiss\u00e9e :<\/h2>\n<table width=\"1132\">\n<tbody>\n<tr style=\"font-style: inherit;font-weight: inherit\">\n<td style=\"font-style: inherit\" width=\"138\" data-spm-anchor-id=\"a2700.details.pronpeci14.i4.38b5eda2AqDwEN\"><span style=\"font-style: inherit;font-weight: inherit\">Mat\u00e9riau<\/span><\/td>\n<td style=\"font-style: inherit\" width=\"994\"><span style=\"font-style: inherit;font-weight: inherit\">Tissu non tiss\u00e9 SMS\u00a0<\/span><\/td>\n<\/tr>\n<tr style=\"font-style: inherit;font-weight: inherit\">\n<td style=\"font-style: inherit\"><span style=\"font-style: inherit;font-weight: inherit\">Conception<\/span><\/td>\n<td style=\"font-style: inherit\">Manches longues avec poignets et col en tricot, et fermeture \u00e0 boutons-pression sur le devant<\/td>\n<\/tr>\n<tr>\n<td>Taille longue<\/td>\n<td>M:115*135CM,L:120*140CM,XL:130*150CM, selon les besoins<\/td>\n<\/tr>\n<tr style=\"font-style: inherit;font-weight: inherit\">\n<td style=\"font-style: inherit\"><span style=\"font-style: inherit;font-weight: inherit\">Taille courte<\/span><\/td>\n<td style=\"font-style: inherit\"><span style=\"font-style: inherit;font-weight: inherit\">M:70*135CM,L:75*140CM,XL:80*150CM, selon les besoins<\/span><\/td>\n<\/tr>\n<tr style=\"font-style: inherit;font-weight: inherit\">\n<td style=\"font-style: inherit\"><span style=\"font-style: inherit;font-weight: inherit\">Poids<\/span><\/td>\n<td style=\"font-style: inherit\"><span style=\"font-style: inherit;font-weight: inherit\">20-60gsm<\/span><\/td>\n<\/tr>\n<tr style=\"font-style: inherit;font-weight: inherit\">\n<td style=\"font-style: inherit\"><span style=\"font-style: inherit;font-weight: inherit\">Couleur<\/span><\/td>\n<td style=\"font-style: inherit\"><span style=\"font-style: inherit;font-weight: inherit\">Blanc, bleu, jaune, vert, rose...<\/span><\/td>\n<\/tr>\n<tr>\n<td>Conformit\u00e9<\/td>\n<td>Fabriqu\u00e9 conform\u00e9ment aux normes de qualit\u00e9 internationales telles que ISO13485, CE et FDA<\/td>\n<\/tr>\n<tr style=\"font-style: inherit;font-weight: inherit\">\n<td style=\"font-style: inherit\" rowspan=\"3\"><span style=\"font-style: inherit;font-weight: inherit\">Caract\u00e9ristiques<\/span><\/td>\n<td style=\"font-style: inherit\"><span style=\"font-style: inherit;font-weight: inherit\">1. Le mat\u00e9riau SMS triple couche offre une protection renforc\u00e9e contre les d\u00e9versements, les \u00e9claboussures et les contaminants, ce qui le rend adapt\u00e9 \u00e0 une large gamme d'applications.<\/span><\/td>\n<\/tr>\n<tr>\n<td>2. La blouse de laboratoire est munie de plusieurs poches qui permettent de ranger facilement les outils, les stylos et d'autres objets essentiels.<\/td>\n<\/tr>\n<tr>\n<td>3. Disponible en plusieurs tailles, de la plus petite \u00e0 la plus grande, la blouse de laboratoire SMS r\u00e9pond aux besoins divers des professionnels de diff\u00e9rents secteurs.<\/td>\n<\/tr>\n<tr>\n<td>Emballage<\/td>\n<td>10pcs\/sac, 50pcs\/carton, selon les besoins<\/td>\n<\/tr>\n<tr>\n<td>Conception de l'emballage<\/td>\n<td>Possibilit\u00e9 de personnaliser l'impression du sac int\u00e9rieur et du carton ext\u00e9rieur.<\/td>\n<\/tr>\n<\/tbody>\n<\/table>\n<p>&nbsp;<\/p>\n<p>&nbsp;<\/p>\n<p><img fetchpriority=\"high\" decoding=\"async\" class=\"aligncenter wp-image-7363 size-full\" src=\"https:\/\/med-disposable.com\/wp-content\/uploads\/2021\/03\/SMS-lab-coat-blue-6.jpg\" alt=\"\" width=\"800\" height=\"800\" srcset=\"https:\/\/med-disposable.com\/wp-content\/uploads\/2021\/03\/SMS-lab-coat-blue-6.jpg 800w, https:\/\/med-disposable.com\/wp-content\/uploads\/2021\/03\/SMS-lab-coat-blue-6-300x300.jpg 300w, https:\/\/med-disposable.com\/wp-content\/uploads\/2021\/03\/SMS-lab-coat-blue-6-150x150.jpg 150w, https:\/\/med-disposable.com\/wp-content\/uploads\/2021\/03\/SMS-lab-coat-blue-6-768x768.jpg 768w, https:\/\/med-disposable.com\/wp-content\/uploads\/2021\/03\/SMS-lab-coat-blue-6-600x600.jpg 600w, https:\/\/med-disposable.com\/wp-content\/uploads\/2021\/03\/SMS-lab-coat-blue-6-100x100.jpg 100w\" sizes=\"(max-width: 800px) 100vw, 800px\" \/><\/p>\n<p>&nbsp;<\/p>\n<h2>Applications de la blouse jetable SMS non tiss\u00e9e :<\/h2>\n<ul>\n<li>Laboratoires et centres de recherche<\/li>\n<li>H\u00f4pitaux et cliniques<\/li>\n<li>Industries pharmaceutiques et biotechnologiques<\/li>\n<li>Industries agro-alimentaires<\/li>\n<li>Milieux manufacturiers et industriels<\/li>\n<li>Manipulation et traitement des produits chimiques<\/li>\n<li>\u00c9tablissements d'enseignement<\/li>\n<li>Surveillance et assainissement de l'environnement<\/li>\n<li>\u00c9tablissements v\u00e9t\u00e9rinaires et de soins pour animaux<\/li>\n<\/ul>\n<p>&nbsp;<\/p>\n<p><img decoding=\"async\" class=\"aligncenter wp-image-7356 size-full\" src=\"https:\/\/med-disposable.com\/wp-content\/uploads\/2021\/03\/718pyEDTLlS._SL1000_.jpg\" alt=\"\" width=\"800\" height=\"800\" srcset=\"https:\/\/med-disposable.com\/wp-content\/uploads\/2021\/03\/718pyEDTLlS._SL1000_.jpg 800w, https:\/\/med-disposable.com\/wp-content\/uploads\/2021\/03\/718pyEDTLlS._SL1000_-300x300.jpg 300w, https:\/\/med-disposable.com\/wp-content\/uploads\/2021\/03\/718pyEDTLlS._SL1000_-150x150.jpg 150w, https:\/\/med-disposable.com\/wp-content\/uploads\/2021\/03\/718pyEDTLlS._SL1000_-768x768.jpg 768w, https:\/\/med-disposable.com\/wp-content\/uploads\/2021\/03\/718pyEDTLlS._SL1000_-600x600.jpg 600w, https:\/\/med-disposable.com\/wp-content\/uploads\/2021\/03\/718pyEDTLlS._SL1000_-100x100.jpg 100w\" sizes=\"(max-width: 800px) 100vw, 800px\" \/><\/p>\n<p>&nbsp;<\/p>\n<h2>FAQs :<\/h2>\n<ol>\n<li><strong>Comment choisir la bonne taille pour ma blouse de laboratoire SMS non tiss\u00e9e \u00e0 usage unique ?<\/strong><\/li>\n<\/ol>\n<p>Pour choisir la bonne taille de votre blouse, consultez notre tableau des tailles qui comprend les mesures de diff\u00e9rentes tailles. Mesurez votre poitrine, votre taille et vos hanches, et comparez ces mesures au tableau pour trouver la meilleure taille. Si vous n'\u00eates pas s\u00fbr de la taille, nous pouvons vous fournir des \u00e9chantillons de diff\u00e9rentes tailles pour v\u00e9rification.<\/p>\n<ol start=\"2\">\n<li><strong>La blouse de laboratoire non tiss\u00e9e SMS \u00e0 usage unique peut-elle \u00eatre utilis\u00e9e dans des environnements st\u00e9riles ?<\/strong><\/li>\n<\/ol>\n<p>Nos blouses de laboratoire sont con\u00e7ues pour les environnements non st\u00e9riles. Toutefois, si vous avez besoin d'une option st\u00e9rile, veuillez contacter notre service client\u00e8le pour discuter de la disponibilit\u00e9 de blouses de laboratoire st\u00e9riles adapt\u00e9es \u00e0 vos besoins sp\u00e9cifiques.<\/p>\n<ol start=\"3\">\n<li><strong>La blouse de laboratoire jetable non tiss\u00e9e SMS r\u00e9siste-t-elle aux produits chimiques ?<\/strong><\/li>\n<\/ol>\n<p>Le mat\u00e9riau SMS utilis\u00e9 dans nos blouses de laboratoire offre un certain niveau de protection contre les \u00e9claboussures et les d\u00e9versements de produits chimiques. Toutefois, il est essentiel de v\u00e9rifier la compatibilit\u00e9 chimique du mat\u00e9riau avec les produits chimiques sp\u00e9cifiques que vous manipulez sur votre lieu de travail. Pour une plus grande r\u00e9sistance aux produits chimiques, il peut \u00eatre n\u00e9cessaire d'envisager des v\u00eatements de protection sp\u00e9cialis\u00e9s r\u00e9sistants aux produits chimiques.<\/p>\n<ol start=\"4\">\n<li><strong>Puis-je faire imprimer le logo ou le nom de mon entreprise sur la blouse de laboratoire SMS non tiss\u00e9e jetable ?<\/strong><\/li>\n<\/ol>\n<p>Oui, nous proposons des options de personnalisation pour nos blouses de laboratoire, notamment l'ajout de logos, de noms ou d'autres motifs. Veuillez contacter notre service client\u00e8le pour discuter des d\u00e9tails et des exigences de cette personnalisation.<\/p>\n<ol start=\"5\">\n<li><strong>Les blouses de laboratoire SMS non tiss\u00e9es \u00e0 usage unique ont-elles des exigences particuli\u00e8res en mati\u00e8re de stockage ?<\/strong><\/li>\n<\/ol>\n<p>Nos sarraus doivent \u00eatre conserv\u00e9s dans un endroit propre, sec et bien ventil\u00e9, \u00e0 l'abri de la lumi\u00e8re directe du soleil et des temp\u00e9ratures extr\u00eames. Cela permet de pr\u00e9server la qualit\u00e9 et l'int\u00e9grit\u00e9 du mat\u00e9riau. Il est \u00e9galement essentiel de veiller \u00e0 ce que les blouses soient conserv\u00e9es dans leur emballage d'origine jusqu'\u00e0 ce qu'elles soient pr\u00eates \u00e0 l'emploi.<\/p>","protected":false},"excerpt":{"rendered":"<p>La blouse de laboratoire jetable en tissu non tiss\u00e9 SMS est m\u00e9ticuleusement con\u00e7ue pour offrir une protection, un confort et une durabilit\u00e9 sup\u00e9rieurs aux professionnels travaillant dans divers environnements. Fabriqu\u00e9e en tissu non tiss\u00e9 SMS (Spunbond-Meltblown-Spunbond) de haute qualit\u00e9, cette blouse de laboratoire offre une excellente r\u00e9sistance aux liquides et une grande respirabilit\u00e9.<\/p>","protected":false},"featured_media":7359,"template":"","meta":{"_seopress_robots_primary_cat":"none","_seopress_titles_title":"Disposable SMS non-woven lab coat - YouFu Medical","_seopress_titles_desc":"Disposable SMS non-woven lab coats - Breathable, excellent to dissipate body heat. Eco-Friendly, skin-friendly. Request a sample now.","_seopress_robots_index":""},"product_brand":[],"product_cat":[48],"product_tag":[70,71],"class_list":{"0":"post-585","1":"product","2":"type-product","3":"status-publish","4":"has-post-thumbnail","6":"product_cat-lab-coat","7":"product_tag-lab-coat","8":"product_tag-sms","10":"first","11":"instock","12":"shipping-taxable","13":"product-type-simple"},"_links":{"self":[{"href":"https:\/\/med-disposable.com\/fr\/wp-json\/wp\/v2\/product\/585","targetHints":{"allow":["GET"]}}],"collection":[{"href":"https:\/\/med-disposable.com\/fr\/wp-json\/wp\/v2\/product"}],"about":[{"href":"https:\/\/med-disposable.com\/fr\/wp-json\/wp\/v2\/types\/product"}],"version-history":[{"count":0,"href":"https:\/\/med-disposable.com\/fr\/wp-json\/wp\/v2\/product\/585\/revisions"}],"wp:featuredmedia":[{"embeddable":true,"href":"https:\/\/med-disposable.com\/fr\/wp-json\/wp\/v2\/media\/7359"}],"wp:attachment":[{"href":"https:\/\/med-disposable.com\/fr\/wp-json\/wp\/v2\/media?parent=585"}],"wp:term":[{"taxonomy":"product_brand","embeddable":true,"href":"https:\/\/med-disposable.com\/fr\/wp-json\/wp\/v2\/product_brand?post=585"},{"taxonomy":"product_cat","embeddable":true,"href":"https:\/\/med-disposable.com\/fr\/wp-json\/wp\/v2\/product_cat?post=585"},{"taxonomy":"product_tag","embeddable":true,"href":"https:\/\/med-disposable.com\/fr\/wp-json\/wp\/v2\/product_tag?post=585"}],"curies":[{"name":"wp","href":"https:\/\/api.w.org\/{rel}","templated":true}]}}