{"id":597,"date":"2021-03-05T16:05:09","date_gmt":"2021-03-05T08:05:09","guid":{"rendered":"https:\/\/med-disposable.com\/?post_type=product&#038;p=597"},"modified":"2023-04-10T15:26:57","modified_gmt":"2023-04-10T07:26:57","slug":"blouse-de-laboratoire-jetable-en-pp-non-tisse","status":"publish","type":"product","link":"https:\/\/med-disposable.com\/fr\/product\/disposable-pp-non-woven-lab-coat\/","title":{"rendered":"Blouse de laboratoire jetable en PP non tiss\u00e9"},"content":{"rendered":"<p><strong>Qu'est-ce qu'une blouse de laboratoire jetable en PP non tiss\u00e9 ?<\/strong><\/p>\n<p>Une blouse de laboratoire jetable en PP (polypropyl\u00e8ne) est un v\u00eatement de protection port\u00e9 dans les laboratoires, les \u00e9tablissements de sant\u00e9 et d'autres environnements o\u00f9 il est n\u00e9cessaire de contr\u00f4ler la contamination. Ces blouses sont fabriqu\u00e9es en polypropyl\u00e8ne non tiss\u00e9, ce qui constitue une solution l\u00e9g\u00e8re et \u00e9conomique pour maintenir la propret\u00e9 et pr\u00e9venir la contamination crois\u00e9e.<\/p>\n<p><strong>Sp\u00e9cification d\u00e9taill\u00e9e :<\/strong><\/p>\n<table width=\"672\">\n<tbody>\n<tr>\n<td width=\"91\">Mat\u00e9riau<\/td>\n<td width=\"581\">Tissu non tiss\u00e9 en PP<\/td>\n<\/tr>\n<tr>\n<td>Taille<\/td>\n<td>M:115*135CM,L:120*140CM,XL:130*150CM, selon les besoins<\/td>\n<\/tr>\n<tr>\n<td>Poids<\/td>\n<td>\u00a020-60gsm<\/td>\n<\/tr>\n<tr>\n<td>Couleur<\/td>\n<td>Blanc, bleu, jaune, vert, rose...<\/td>\n<\/tr>\n<tr>\n<td>Style<\/td>\n<td>poignet \u00e9lastique, avec col, velcro\/bouton sur le devant, personnalisation possible<\/td>\n<\/tr>\n<tr>\n<td>Caract\u00e9ristiques principales<\/td>\n<td>l\u00e9ger, imperm\u00e9able \u00e0 la poussi\u00e8re, respirant, doux<\/td>\n<\/tr>\n<tr>\n<td>Emballage<\/td>\n<td>10pcs\/sac, 100pcs\/carton, selon les besoins<\/td>\n<\/tr>\n<tr>\n<td>Certificats<\/td>\n<td>CE, FDA, ISO13485<\/td>\n<\/tr>\n<tr>\n<td>Application<\/td>\n<td>construction de b\u00e2timents, usine \u00e9lectronique, exploitation mini\u00e8re, fabrication, utilisation quotidienne<\/td>\n<\/tr>\n<\/tbody>\n<\/table>\n<p>&nbsp;<\/p>\n<p><strong>Pourquoi choisir une blouse de laboratoire jetable en PP non tiss\u00e9 ?<\/strong><\/p>\n<p>Il y a plusieurs raisons pour lesquelles les blouses de laboratoire jetables en PP sont un choix populaire pour de nombreuses industries :<\/p>\n<p><em>Rentable :<\/em> Les blouses de laboratoire jetables sont g\u00e9n\u00e9ralement plus abordables que les blouses r\u00e9utilisables, ce qui en fait un choix \u00e9conomique pour les organisations dont le budget est limit\u00e9.<br \/>\n<em>L\u00e9ger :<\/em> Le mat\u00e9riau en polypropyl\u00e8ne non tiss\u00e9 est l\u00e9ger, ce qui rend le port de la blouse confortable pendant de longues p\u00e9riodes.<br \/>\n<em>Peu d'entretien :<\/em> Les blouses de laboratoire jetables \u00e9tant con\u00e7ues pour un usage unique, il n'est pas n\u00e9cessaire de les laver ou de les st\u00e9riliser apr\u00e8s chaque utilisation.<br \/>\n<em>Contr\u00f4le de la contamination :<\/em> L'utilisation d'une blouse jetable permet de minimiser le risque de contamination crois\u00e9e entre les diff\u00e9rentes zones de travail.<\/p>\n<p>&nbsp;<\/p>\n<p><strong>Caract\u00e9ristiques principales :<\/strong><\/p>\n<p>1. Mat\u00e9riau<\/p>\n<p>Les blouses de laboratoire jetables en PP sont fabriqu\u00e9es en polypropyl\u00e8ne non tiss\u00e9, qui est l\u00e9ger, respirant et constitue une barri\u00e8re contre les contaminants.<\/p>\n<p>2.Conception<\/p>\n<p>Ces blouses pr\u00e9sentent g\u00e9n\u00e9ralement un design simple, avec un col, des manches longues et des fermetures sur le devant telles que des boutons, des velcros ou des fermetures \u00e0 glissi\u00e8re. Certaines blouses ont \u00e9galement des poches pour plus de commodit\u00e9.<\/p>\n<p><img fetchpriority=\"high\" decoding=\"async\" class=\"aligncenter wp-image-5404 size-full\" src=\"https:\/\/med-disposable.com\/wp-content\/uploads\/2021\/03\/40A9866.jpg\" alt=\"\" width=\"700\" height=\"700\" srcset=\"https:\/\/med-disposable.com\/wp-content\/uploads\/2021\/03\/40A9866.jpg 700w, https:\/\/med-disposable.com\/wp-content\/uploads\/2021\/03\/40A9866-300x300.jpg 300w, https:\/\/med-disposable.com\/wp-content\/uploads\/2021\/03\/40A9866-150x150.jpg 150w, https:\/\/med-disposable.com\/wp-content\/uploads\/2021\/03\/40A9866-600x600.jpg 600w, https:\/\/med-disposable.com\/wp-content\/uploads\/2021\/03\/40A9866-100x100.jpg 100w\" sizes=\"(max-width: 700px) 100vw, 700px\" \/><\/p>\n<p><img decoding=\"async\" class=\"aligncenter wp-image-5405 size-full\" src=\"https:\/\/med-disposable.com\/wp-content\/uploads\/2021\/03\/40A9868.jpg\" alt=\"\" width=\"805\" height=\"805\" srcset=\"https:\/\/med-disposable.com\/wp-content\/uploads\/2021\/03\/40A9868.jpg 805w, https:\/\/med-disposable.com\/wp-content\/uploads\/2021\/03\/40A9868-300x300.jpg 300w, https:\/\/med-disposable.com\/wp-content\/uploads\/2021\/03\/40A9868-150x150.jpg 150w, https:\/\/med-disposable.com\/wp-content\/uploads\/2021\/03\/40A9868-768x768.jpg 768w, https:\/\/med-disposable.com\/wp-content\/uploads\/2021\/03\/40A9868-600x600.jpg 600w, https:\/\/med-disposable.com\/wp-content\/uploads\/2021\/03\/40A9868-100x100.jpg 100w\" sizes=\"(max-width: 805px) 100vw, 805px\" \/><\/p>\n<p>3. s\u00e9curit\u00e9 et protection<\/p>\n<p>Les blouses de laboratoire jetables en PP non tiss\u00e9 offrent une protection de base contre les d\u00e9versements, les \u00e9claboussures et les contaminants, ce qui les rend adapt\u00e9es \u00e0 diverses applications o\u00f9 le contr\u00f4le de la contamination est une priorit\u00e9.<\/p>\n<p>4.Confort<\/p>\n<p>Le mat\u00e9riau l\u00e9ger et respirant des blouses de laboratoire jetables en PP non tiss\u00e9 garantit le confort lors d'un port prolong\u00e9. En outre, le tissu non tiss\u00e9 permet une meilleure circulation de l'air, ce qui contribue \u00e0 maintenir le porteur au frais et \u00e0 l'aise.<\/p>\n<p>5. tailles et couleurs<\/p>\n<p>Les blouses de laboratoire jetables en PP non tiss\u00e9 sont disponibles dans une vari\u00e9t\u00e9 de tailles et de couleurs pour r\u00e9pondre aux diff\u00e9rentes pr\u00e9f\u00e9rences et exigences. Les couleurs les plus courantes sont le blanc, le bleu et le vert. Il est important de choisir la bonne taille pour un ajustement correct et une protection optimale.<\/p>\n<p><img decoding=\"async\" class=\"aligncenter wp-image-5407 size-large\" src=\"https:\/\/med-disposable.com\/wp-content\/uploads\/2021\/03\/40A9860-1024x1024.jpg\" alt=\"\" width=\"800\" height=\"800\" srcset=\"https:\/\/med-disposable.com\/wp-content\/uploads\/2021\/03\/40A9860-1024x1024.jpg 1024w, https:\/\/med-disposable.com\/wp-content\/uploads\/2021\/03\/40A9860-300x300.jpg 300w, https:\/\/med-disposable.com\/wp-content\/uploads\/2021\/03\/40A9860-150x150.jpg 150w, https:\/\/med-disposable.com\/wp-content\/uploads\/2021\/03\/40A9860-768x768.jpg 768w, https:\/\/med-disposable.com\/wp-content\/uploads\/2021\/03\/40A9860-1536x1536.jpg 1536w, https:\/\/med-disposable.com\/wp-content\/uploads\/2021\/03\/40A9860-scaled.jpg 2048w, https:\/\/med-disposable.com\/wp-content\/uploads\/2021\/03\/40A9860-600x600.jpg 600w, https:\/\/med-disposable.com\/wp-content\/uploads\/2021\/03\/40A9860-100x100.jpg 100w\" sizes=\"(max-width: 800px) 100vw, 800px\" \/><\/p>\n<p><strong>Sc\u00e9narios d'utilisation :<\/strong><\/p>\n<p>1. les soins de sant\u00e9 : Dans les \u00e9tablissements de sant\u00e9, les blouses jetables en PP sont couramment utilis\u00e9es par les m\u00e9decins, les infirmi\u00e8res et les autres membres du personnel m\u00e9dical pour pr\u00e9venir la contamination et maintenir un environnement st\u00e9rile.<\/p>\n<p>2. l'industrie pharmaceutique : Les entreprises pharmaceutiques ont souvent besoin de blouses de laboratoire jetables en PP pour leurs employ\u00e9s afin de garantir la propret\u00e9 pendant les processus de fabrication et de test de divers m\u00e9dicaments.<\/p>\n<p>3. les laboratoires de recherche : Dans les laboratoires de recherche, des blouses jetables en PP sont utilis\u00e9es pour prot\u00e9ger les chercheurs et leur travail d'une \u00e9ventuelle contamination, ainsi que pour maintenir un environnement propre et contr\u00f4l\u00e9.<\/p>\n<p>4.Fabrication : Dans les industries manufacturi\u00e8res, les blouses jetables en PP sont souvent utilis\u00e9es par les travailleurs qui manipulent des produits chimiques, des produits alimentaires ou d'autres mat\u00e9riaux sensibles afin de minimiser les risques de contamination.<\/p>\n<p>5. l'\u00e9ducation : Dans les \u00e9tablissements d'enseignement, tels que les \u00e9coles et les universit\u00e9s, les \u00e9tudiants et les enseignants peuvent utiliser des blouses de laboratoire jetables en PP pendant les cours de laboratoire afin de maintenir un environnement d'apprentissage propre et s\u00fbr.<\/p>\n<p>&nbsp;<\/p>\n<p><strong>FAQ<\/strong><\/p>\n<p><strong>Q1 : Quelles sont les principales caract\u00e9ristiques des blouses de laboratoire jetables en PP et en quoi diff\u00e8rent-elles des autres blouses de laboratoire jetables ?<\/strong><\/p>\n<p><strong>A1 :<\/strong> Les blouses de laboratoire jetables en PP (polypropyl\u00e8ne) sont con\u00e7ues pour offrir une solution rentable pour prot\u00e9ger le personnel de laboratoire de la salet\u00e9, de la crasse et des petites \u00e9claboussures de produits chimiques. Leurs principales caract\u00e9ristiques sont les suivantes :<\/p>\n<p>Mat\u00e9riau l\u00e9ger, respirant et non tiss\u00e9 : Les blouses de laboratoire en PP sont fabriqu\u00e9es \u00e0 partir d'un tissu en polypropyl\u00e8ne fil\u00e9-li\u00e9, qui offre confort et respirabilit\u00e9 pendant les longues heures de travail.<br \/>\nDurabilit\u00e9 : Bien qu'elles soient jetables, les blouses de laboratoire en PP sont suffisamment durables pour r\u00e9sister aux mouvements r\u00e9guliers et aux activit\u00e9s du laboratoire.<br \/>\nR\u00e9sistance aux liquides : Ces blouses de laboratoire offrent un niveau de protection de base contre les \u00e9claboussures l\u00e9g\u00e8res de produits chimiques et les gouttelettes de liquide.<br \/>\nPlusieurs tailles et styles : Les blouses de laboratoire en PP sont disponibles en plusieurs tailles et styles, avec col ou capuche, poignets \u00e9lastiques ou tricot\u00e9s, et fermetures \u00e0 pression, velcro ou \u00e0 glissi\u00e8re pour s'adapter aux pr\u00e9f\u00e9rences de chacun.<br \/>\nCompar\u00e9es \u00e0 d'autres blouses de laboratoire jetables, telles que celles fabriqu\u00e9es en SMS (Spunbond Meltblown Spunbond) ou en mat\u00e9riaux microporeux, les blouses de laboratoire en PP peuvent offrir une protection moindre contre les produits chimiques et les particules, mais elles sont plus abordables et plus confortables pour des applications plus l\u00e9g\u00e8res.<\/p>\n<p><strong>Q2 : Comment les blouses de laboratoire jetables en PP doivent-elles \u00eatre stock\u00e9es et \u00e9limin\u00e9es correctement ?<\/strong><\/p>\n<p><strong>A2 :<\/strong>Pour garantir l'int\u00e9grit\u00e9 et la propret\u00e9 des blouses de laboratoire jetables en PP, il convient de suivre les directives suivantes en mati\u00e8re de stockage et d'\u00e9limination :<\/p>\n<p><em>Stockage :<\/em> Conservez les blouses de laboratoire dans un environnement propre, sec et \u00e0 temp\u00e9rature contr\u00f4l\u00e9e, \u00e0 l'abri de la lumi\u00e8re directe du soleil, des sources de chaleur et des contaminants. Conservez-les dans leur emballage d'origine jusqu'\u00e0 ce qu'elles soient pr\u00eates \u00e0 l'emploi.<br \/>\n<em>\u00c9limination :<\/em> Apr\u00e8s utilisation, jetez les blouses de laboratoire non tiss\u00e9es en PP dans les conteneurs pr\u00e9vus pour les d\u00e9chets chimiques ou les risques biologiques, en suivant les protocoles de gestion des d\u00e9chets de votre \u00e9tablissement. Ne r\u00e9utilisez pas les blouses de laboratoire jetables, car cela pourrait compromettre leurs qualit\u00e9s protectrices.<\/p>\n<p>&nbsp;<\/p>\n<p><strong>Q3:Quelle est la diff\u00e9rence entre les blouses de laboratoire jetables en PP et les blouses de laboratoire r\u00e9utilisables ?<\/strong><br \/>\n<strong>A3 :<\/strong>Les blouses de laboratoire jetables en PP sont des v\u00eatements \u00e0 usage unique fabriqu\u00e9s en polypropyl\u00e8ne non tiss\u00e9, tandis que les blouses de laboratoire r\u00e9utilisables sont g\u00e9n\u00e9ralement fabriqu\u00e9es dans des mat\u00e9riaux plus durables comme le coton ou le polyester et peuvent \u00eatre lav\u00e9es et r\u00e9utilis\u00e9es.<\/p>\n<p>&nbsp;<\/p>\n<p><strong>Q4:Les blouses de laboratoire jetables en PP peuvent-elles \u00eatre personnalis\u00e9es avec des logos d'entreprise ou d'autres \u00e9l\u00e9ments de marque ?<\/strong><\/p>\n<p><strong>A4 :<\/strong> Oui, en tant que fabricant professionnel de blouses de laboratoire jetables, nous offrons des options de personnalisation pour les blouses de laboratoire jetables en PP, y compris l'impression de logos d'entreprise, de noms ou d'autres \u00e9l\u00e9ments de marque. Cela peut am\u00e9liorer l'image professionnelle de votre entreprise et promouvoir la reconnaissance de la marque. N'h\u00e9sitez pas \u00e0 nous contacter pour discuter des options de personnalisation, des d\u00e9lais et des prix.<\/p>\n<p><strong>Q5 : Quels sont les facteurs \u00e0 prendre en compte lors du choix de la taille de la blouse de laboratoire jetable en PP appropri\u00e9e pour le personnel ?<\/strong><\/p>\n<p><strong>A5 : <\/strong>Pour garantir un ajustement correct et une protection optimale, tenez compte des facteurs suivants lors du choix des tailles de blouses de laboratoire jetables en PP pour le personnel :<\/p>\n<p>Mesures corporelles : Mesurez le tour de poitrine, de taille et de hanches des membres du personnel, ainsi que leur taille, afin de d\u00e9terminer la meilleure coupe.<br \/>\nConfort et mobilit\u00e9 : Choisissez une taille de blouse qui vous permette de vous d\u00e9placer facilement et de vous sentir \u00e0 l'aise pendant les longues heures pass\u00e9es au laboratoire.<br \/>\nSuperposition : Tenez compte du type et de l'\u00e9paisseur des v\u00eatements port\u00e9s sous la blouse de laboratoire afin de pouvoir ajouter des couches suppl\u00e9mentaires si n\u00e9cessaire.<br \/>\nOptions de fermeture : \u00c9valuez les pr\u00e9f\u00e9rences des membres du personnel en ce qui concerne les fermetures \u00e0 pression ou \u00e0 glissi\u00e8re, ainsi que les cols et les capuches, afin de garantir une tenue s\u00fbre et confortable.<\/p>\n<p>Nous pouvons proposer diff\u00e9rentes gammes de tailles pour divers march\u00e9s. Si vous avez des questions concernant les tailles et les styles, nous pouvons vous faire des suggestions bas\u00e9es sur notre exp\u00e9rience de plus de 10 ans dans le domaine de l'exportation.<\/p>\n<p><img loading=\"lazy\" decoding=\"async\" class=\"aligncenter wp-image-5417 size-full\" src=\"https:\/\/med-disposable.com\/wp-content\/uploads\/2021\/03\/lab-coat-size-chart.jpg\" alt=\"\" width=\"1000\" height=\"645\" srcset=\"https:\/\/med-disposable.com\/wp-content\/uploads\/2021\/03\/lab-coat-size-chart.jpg 1000w, https:\/\/med-disposable.com\/wp-content\/uploads\/2021\/03\/lab-coat-size-chart-300x194.jpg 300w, https:\/\/med-disposable.com\/wp-content\/uploads\/2021\/03\/lab-coat-size-chart-768x495.jpg 768w, https:\/\/med-disposable.com\/wp-content\/uploads\/2021\/03\/lab-coat-size-chart-600x387.jpg 600w\" sizes=\"(max-width: 1000px) 100vw, 1000px\" \/><\/p>","protected":false},"excerpt":{"rendered":"<p>Col : col simple \/ col double \/ col tricot\u00e9<br \/>\nPoche : avec poche \/ sans poche<br \/>\nFermeture : avec boutons \/ avec crochets et boucles<\/p>","protected":false},"featured_media":5400,"template":"","meta":{"_seopress_robots_primary_cat":"none","_seopress_titles_title":"Lab Coats | Disposable PP non-woven lab coat - YouFu Medical","_seopress_titles_desc":"Disposable PP non-woven lab coats - Lightweight, durable, eco-friendly, non-toxic, breathable and flexible. Different styles and colors are avaliable.","_seopress_robots_index":""},"product_brand":[],"product_cat":[48],"product_tag":[70,57,72],"class_list":{"0":"post-597","1":"product","2":"type-product","3":"status-publish","4":"has-post-thumbnail","6":"product_cat-lab-coat","7":"product_tag-lab-coat","8":"product_tag-non-woven","9":"product_tag-pp","11":"first","12":"instock","13":"shipping-taxable","14":"product-type-simple"},"_links":{"self":[{"href":"https:\/\/med-disposable.com\/fr\/wp-json\/wp\/v2\/product\/597","targetHints":{"allow":["GET"]}}],"collection":[{"href":"https:\/\/med-disposable.com\/fr\/wp-json\/wp\/v2\/product"}],"about":[{"href":"https:\/\/med-disposable.com\/fr\/wp-json\/wp\/v2\/types\/product"}],"version-history":[{"count":0,"href":"https:\/\/med-disposable.com\/fr\/wp-json\/wp\/v2\/product\/597\/revisions"}],"wp:featuredmedia":[{"embeddable":true,"href":"https:\/\/med-disposable.com\/fr\/wp-json\/wp\/v2\/media\/5400"}],"wp:attachment":[{"href":"https:\/\/med-disposable.com\/fr\/wp-json\/wp\/v2\/media?parent=597"}],"wp:term":[{"taxonomy":"product_brand","embeddable":true,"href":"https:\/\/med-disposable.com\/fr\/wp-json\/wp\/v2\/product_brand?post=597"},{"taxonomy":"product_cat","embeddable":true,"href":"https:\/\/med-disposable.com\/fr\/wp-json\/wp\/v2\/product_cat?post=597"},{"taxonomy":"product_tag","embeddable":true,"href":"https:\/\/med-disposable.com\/fr\/wp-json\/wp\/v2\/product_tag?post=597"}],"curies":[{"name":"wp","href":"https:\/\/api.w.org\/{rel}","templated":true}]}}