{"id":6155,"date":"2023-04-28T14:22:38","date_gmt":"2023-04-28T06:22:38","guid":{"rendered":"https:\/\/med-disposable.com\/?post_type=product&#038;p=6155"},"modified":"2023-04-28T15:50:07","modified_gmt":"2023-04-28T07:50:07","slug":"housse-jetable-pour-fauteuil-dentaire","status":"publish","type":"product","link":"https:\/\/med-disposable.com\/fr\/product\/disposable-dental-chair-cover\/","title":{"rendered":"Housse jetable pour fauteuil dentaire"},"content":{"rendered":"<p>La housse de fauteuil dentaire \u00e0 usage unique est un \u00e9l\u00e9ment essentiel de toute clinique dentaire. Cette housse est fabriqu\u00e9e en PP non tiss\u00e9 de haute qualit\u00e9 et se compose de trois parties : une housse d'appui-t\u00eate, une housse de dossier et une housse de coussin. Il s'adapte parfaitement \u00e0 la plupart des fauteuils dentaires disponibles sur le march\u00e9, offrant une protection et un confort complets au patient et au dentiste.<\/p>\n<p>&nbsp;<\/p>\n<p><strong>Caract\u00e9ristiques du produit :<\/strong><\/p>\n<ul>\n<li>Fabriqu\u00e9 en PP non tiss\u00e9 de haute qualit\u00e9, 35~55gsm selon votre demande.<\/li>\n<li>Conception en trois parties pour une protection compl\u00e8te<\/li>\n<li>Con\u00e7u avec des bandes \u00e9lastiques et des attaches, il s'adapte parfaitement \u00e0 la plupart des fauteuils dentaires du march\u00e9.<\/li>\n<li>Doux, confortable et durable<\/li>\n<li>Facile \u00e0 utiliser et \u00e0 \u00e9liminer<\/li>\n<\/ul>\n<p><img fetchpriority=\"high\" decoding=\"async\" class=\"aligncenter wp-image-6167 size-full\" src=\"https:\/\/med-disposable.com\/wp-content\/uploads\/2023\/04\/H127c82f8a7ec461fa5f6531114996621h.jpg\" alt=\"\" width=\"800\" height=\"800\" srcset=\"https:\/\/med-disposable.com\/wp-content\/uploads\/2023\/04\/H127c82f8a7ec461fa5f6531114996621h.jpg 800w, https:\/\/med-disposable.com\/wp-content\/uploads\/2023\/04\/H127c82f8a7ec461fa5f6531114996621h-300x300.jpg 300w, https:\/\/med-disposable.com\/wp-content\/uploads\/2023\/04\/H127c82f8a7ec461fa5f6531114996621h-150x150.jpg 150w, https:\/\/med-disposable.com\/wp-content\/uploads\/2023\/04\/H127c82f8a7ec461fa5f6531114996621h-768x768.jpg 768w, https:\/\/med-disposable.com\/wp-content\/uploads\/2023\/04\/H127c82f8a7ec461fa5f6531114996621h-600x600.jpg 600w, https:\/\/med-disposable.com\/wp-content\/uploads\/2023\/04\/H127c82f8a7ec461fa5f6531114996621h-100x100.jpg 100w\" sizes=\"(max-width: 800px) 100vw, 800px\" \/><\/p>\n<p>&nbsp;<\/p>\n<p><strong>Avantages :<\/strong><\/p>\n<ul>\n<li>Assure une protection et un confort complets<\/li>\n<li>Facile \u00e0 utiliser et \u00e0 \u00e9liminer<\/li>\n<li>Fabriqu\u00e9 \u00e0 partir de mat\u00e9riaux de haute qualit\u00e9<\/li>\n<li>S'adapte \u00e0 la plupart des fauteuils dentaires du march\u00e9<\/li>\n<li>Assurer un environnement propre et hygi\u00e9nique<\/li>\n<li>Abordable et rentable<\/li>\n<\/ul>\n<p><img decoding=\"async\" class=\"aligncenter wp-image-6158 size-full\" src=\"https:\/\/med-disposable.com\/wp-content\/uploads\/2023\/04\/0M39YUPUZXBB107-13-17-19-55.png\" alt=\"\" width=\"874\" height=\"894\" srcset=\"https:\/\/med-disposable.com\/wp-content\/uploads\/2023\/04\/0M39YUPUZXBB107-13-17-19-55.png 874w, https:\/\/med-disposable.com\/wp-content\/uploads\/2023\/04\/0M39YUPUZXBB107-13-17-19-55-293x300.png 293w, https:\/\/med-disposable.com\/wp-content\/uploads\/2023\/04\/0M39YUPUZXBB107-13-17-19-55-768x786.png 768w, https:\/\/med-disposable.com\/wp-content\/uploads\/2023\/04\/0M39YUPUZXBB107-13-17-19-55-600x614.png 600w\" sizes=\"(max-width: 874px) 100vw, 874px\" \/><\/p>\n<p>&nbsp;<\/p>\n<p><strong>Application :<\/strong><\/p>\n<p>La housse jetable pour fauteuil dentaire est id\u00e9ale pour les cliniques dentaires. Elle offre une protection et un confort complets au patient et au dentiste, tout en garantissant un environnement propre et hygi\u00e9nique. Cet ensemble de housses de chaise est \u00e9galement parfait pour les h\u00f4pitaux, les cliniques et autres \u00e9tablissements m\u00e9dicaux.<\/p>\n<p>&nbsp;<\/p>\n<p><strong>QUESTIONS ET R\u00c9PONSES :<\/strong><\/p>\n<p><strong>1) En quoi est faite la housse de fauteuil dentaire jetable et son utilisation est-elle s\u00fbre ? <\/strong><\/p>\n<p>La housse jetable pour fauteuil dentaire est fabriqu\u00e9e en PP non tiss\u00e9 de haute qualit\u00e9, un tissu synth\u00e9tique largement utilis\u00e9 dans les produits m\u00e9dicaux et de soins de sant\u00e9 en raison de sa r\u00e9sistance, de sa durabilit\u00e9 et de ses excellentes propri\u00e9t\u00e9s de barri\u00e8re contre les bact\u00e9ries et les virus. Le mat\u00e9riau PP non tiss\u00e9 est s\u00fbr et convient \u00e0 une utilisation dans les \u00e9tablissements m\u00e9dicaux. Il est hypoallerg\u00e9nique, ne contient pas de latex ni de produits chimiques nocifs. La housse jetable pour fauteuil dentaire a \u00e9t\u00e9 certifi\u00e9e CE, ISO et FDA, ce qui garantit sa s\u00e9curit\u00e9 et sa qualit\u00e9.<\/p>\n<p>&nbsp;<\/p>\n<p><strong>2) Combien de pi\u00e8ces sont incluses dans le kit de housse de fauteuil dentaire \u00e0 usage unique ?<\/strong><\/p>\n<p>Le kit de housses jetables pour fauteuils dentaires comprend trois parties : une housse d'appui-t\u00eate, une housse de dossier et une housse de coussin. Ces trois pi\u00e8ces sont con\u00e7ues pour s'adapter \u00e0 la plupart des fauteuils dentaires disponibles sur le march\u00e9, offrant ainsi une protection et un confort complets au patient et au dentiste.<\/p>\n<p>&nbsp;<\/p>\n<p><strong>3. la housse jetable pour fauteuil dentaire s'adaptera-t-elle \u00e0 mon fauteuil dentaire ?<\/strong><\/p>\n<p>Oui, la housse jetable pour fauteuil dentaire est con\u00e7ue pour s'adapter \u00e0 la plupart des fauteuils dentaires disponibles sur le march\u00e9. Sa conception en trois parties offre une protection et une couverture compl\u00e8tes de l'appui-t\u00eate, du dossier et du coussin, garantissant ainsi un environnement propre et hygi\u00e9nique. Con\u00e7ue avec des bandes \u00e9lastiques et des attaches, elle est facile \u00e0 installer et \u00e0 retirer, et elle est compatible avec diff\u00e9rents types de fauteuils dentaires.<\/p>\n<p><img decoding=\"async\" class=\"aligncenter wp-image-6173 size-full\" src=\"https:\/\/med-disposable.com\/wp-content\/uploads\/2023\/04\/i-nuovi-prodotti-dispo-chair-cover-copri-riuniti.i622-kiheZs7-w922-h401-f1-l2.png\" alt=\"\" width=\"964\" height=\"401\" srcset=\"https:\/\/med-disposable.com\/wp-content\/uploads\/2023\/04\/i-nuovi-prodotti-dispo-chair-cover-copri-riuniti.i622-kiheZs7-w922-h401-f1-l2.png 964w, https:\/\/med-disposable.com\/wp-content\/uploads\/2023\/04\/i-nuovi-prodotti-dispo-chair-cover-copri-riuniti.i622-kiheZs7-w922-h401-f1-l2-300x125.png 300w, https:\/\/med-disposable.com\/wp-content\/uploads\/2023\/04\/i-nuovi-prodotti-dispo-chair-cover-copri-riuniti.i622-kiheZs7-w922-h401-f1-l2-768x319.png 768w, https:\/\/med-disposable.com\/wp-content\/uploads\/2023\/04\/i-nuovi-prodotti-dispo-chair-cover-copri-riuniti.i622-kiheZs7-w922-h401-f1-l2-600x250.png 600w\" sizes=\"(max-width: 964px) 100vw, 964px\" \/><\/p>\n<p><strong>4. comment utiliser la housse de fauteuil dentaire \u00e0 usage unique et est-elle facile \u00e0 \u00e9liminer ? <\/strong><\/p>\n<p>L'utilisation de la housse jetable pour fauteuil dentaire est simple et facile. Il faut d'abord s'assurer que le fauteuil dentaire est propre et sec. Placez ensuite la housse d'appui-t\u00eate, la housse de dossier et la housse de coussin sur les parties appropri\u00e9es du fauteuil. Ajustez-les pour qu'elles soient bien ajust\u00e9es et qu'elles offrent une couverture maximale. Apr\u00e8s utilisation, il suffit de retirer la housse du fauteuil et de la jeter dans la poubelle pr\u00e9vue \u00e0 cet effet. La housse jetable pour fauteuil dentaire est con\u00e7ue pour un usage unique et ne doit pas \u00eatre r\u00e9utilis\u00e9e ou recycl\u00e9e.<\/p>\n<p>&nbsp;<\/p>\n<p><strong>5. la housse de fauteuil dentaire \u00e0 usage unique est-elle confortable pour le patient ? <\/strong><\/p>\n<p>Oui, la housse jetable pour fauteuil dentaire est con\u00e7ue pour \u00eatre douce et confortable, afin d'offrir au patient une exp\u00e9rience relaxante et agr\u00e9able. Le mat\u00e9riau PP non tiss\u00e9 est respirant et l\u00e9ger, et ne provoque aucune g\u00eane ou irritation de la peau. Le kit de housses de fauteuil est \u00e9galement con\u00e7u pour \u00eatre hygi\u00e9nique et propre, garantissant une exp\u00e9rience s\u00fbre et confortable pour le patient.<\/p>\n<p>&nbsp;<\/p>\n<p><strong>6. combien de fois puis-je utiliser la housse de fauteuil dentaire \u00e0 usage unique ? <\/strong><\/p>\n<p>La housse jetable pour fauteuil dentaire est con\u00e7ue pour un usage unique. Elle doit \u00eatre jet\u00e9e dans la poubelle appropri\u00e9e apr\u00e8s utilisation afin de garantir un environnement propre et hygi\u00e9nique. L'utilisation de la housse de fauteuil dentaire jetable pour plus d'un patient augmente le risque de contamination crois\u00e9e et d'infection, ce qui peut \u00eatre dangereux pour le patient et le dentiste.<\/p>\n<p>&nbsp;<\/p>\n<p><strong>7. la housse de fauteuil dentaire \u00e0 usage unique est-elle abordable ? <\/strong><\/p>\n<p>Oui, la housse jetable pour fauteuil dentaire est une solution abordable et rentable pour les cliniques dentaires et les \u00e9tablissements m\u00e9dicaux. Sa conception \u00e0 usage unique \u00e9limine la n\u00e9cessit\u00e9 d'un nettoyage et d'un entretien co\u00fbteux et contribue \u00e0 pr\u00e9venir la propagation des infections et des maladies. Le kit de housses de fauteuil est \u00e9galement fabriqu\u00e9 \u00e0 partir de mat\u00e9riaux de haute qualit\u00e9 et est con\u00e7u pour offrir une protection et un confort complets au patient et au dentiste. Investir dans la housse de fauteuil dentaire \u00e0 usage unique est un excellent moyen de garantir un environnement propre, hygi\u00e9nique et s\u00fbr pour les proc\u00e9dures dentaires.<\/p>","protected":false},"excerpt":{"rendered":"<p>Housse de chaise jetable pour fauteuil de dentiste<\/p>\n<p>Trois pi\u00e8ces par set, comprenant :<\/p>\n<p>1pcs housse d'appui-t\u00eate, 1pcs housse de dossier, 1pcs housse de coussin<\/p>\n<p>Peut \u00eatre personnalis\u00e9 en diff\u00e9rentes couleurs.<\/p>","protected":false},"featured_media":6164,"template":"","meta":{"_seopress_robots_primary_cat":"none","_seopress_titles_title":"Essential Dental Chair Cover Set: Protect &amp; Comfort Patient &amp; Dentist","_seopress_titles_desc":"Discover the advantages of using the Disposable Dental Chair Cover - made of high-quality PP nonwoven material, three-part design for complete protection, perfect fit for most dental chairs, and provides complete protection and comfort. Easy to use and dispose.","_seopress_robots_index":""},"product_brand":[],"product_cat":[87],"product_tag":[283,284,282],"class_list":{"0":"post-6155","1":"product","2":"type-product","3":"status-publish","4":"has-post-thumbnail","6":"product_cat-healthcare","7":"product_tag-chair-cover","8":"product_tag-dental-chair-cover","9":"product_tag-disposable-chair-cover","11":"first","12":"instock","13":"shipping-taxable","14":"product-type-simple"},"_links":{"self":[{"href":"https:\/\/med-disposable.com\/fr\/wp-json\/wp\/v2\/product\/6155","targetHints":{"allow":["GET"]}}],"collection":[{"href":"https:\/\/med-disposable.com\/fr\/wp-json\/wp\/v2\/product"}],"about":[{"href":"https:\/\/med-disposable.com\/fr\/wp-json\/wp\/v2\/types\/product"}],"version-history":[{"count":0,"href":"https:\/\/med-disposable.com\/fr\/wp-json\/wp\/v2\/product\/6155\/revisions"}],"wp:featuredmedia":[{"embeddable":true,"href":"https:\/\/med-disposable.com\/fr\/wp-json\/wp\/v2\/media\/6164"}],"wp:attachment":[{"href":"https:\/\/med-disposable.com\/fr\/wp-json\/wp\/v2\/media?parent=6155"}],"wp:term":[{"taxonomy":"product_brand","embeddable":true,"href":"https:\/\/med-disposable.com\/fr\/wp-json\/wp\/v2\/product_brand?post=6155"},{"taxonomy":"product_cat","embeddable":true,"href":"https:\/\/med-disposable.com\/fr\/wp-json\/wp\/v2\/product_cat?post=6155"},{"taxonomy":"product_tag","embeddable":true,"href":"https:\/\/med-disposable.com\/fr\/wp-json\/wp\/v2\/product_tag?post=6155"}],"curies":[{"name":"wp","href":"https:\/\/api.w.org\/{rel}","templated":true}]}}