{"id":6632,"date":"2023-05-17T17:22:22","date_gmt":"2023-05-17T09:22:22","guid":{"rendered":"https:\/\/med-disposable.com\/?post_type=product&#038;p=6632"},"modified":"2023-05-17T17:22:22","modified_gmt":"2023-05-17T09:22:22","slug":"capuchon-a-clip-jetable-elastique-simple","status":"publish","type":"product","link":"https:\/\/med-disposable.com\/fr\/product\/disposable-clip-cap-single-elastic\/","title":{"rendered":"Capuchon \u00e0 clip jetable \u00e9lastique simple"},"content":{"rendered":"<p><strong>Sp\u00e9cifications du produit :<\/strong><\/p>\n<ul>\n<li><strong>Mat\u00e9riau<\/strong>: Polypropyl\u00e8ne non tiss\u00e9<\/li>\n<li><strong>Couleur<\/strong>: Divers (blanc, bleu, vert, rose, jaune, noir, etc.)<\/li>\n<li><strong>Taille<\/strong>: Taille unique, diam\u00e8tre : 21 pouces. Peut \u00e9galement \u00eatre de 18 pouces, 19 pouces, 24 pouces sur demande.<\/li>\n<li><strong>Emballage<\/strong>: 100 capsules par paquet, 10 paquets par carton. Le sac int\u00e9rieur et le carton ext\u00e9rieur peuvent \u00eatre imprim\u00e9s selon le design.<\/li>\n<\/ul>\n<p>&nbsp;<\/p>\n<p><img fetchpriority=\"high\" decoding=\"async\" class=\"wp-image-6643 size-large aligncenter\" src=\"https:\/\/med-disposable.com\/wp-content\/uploads\/2023\/05\/40A2131-1024x1024.jpg\" alt=\"\" width=\"800\" height=\"800\" srcset=\"https:\/\/med-disposable.com\/wp-content\/uploads\/2023\/05\/40A2131-1024x1024.jpg 1024w, https:\/\/med-disposable.com\/wp-content\/uploads\/2023\/05\/40A2131-300x300.jpg 300w, https:\/\/med-disposable.com\/wp-content\/uploads\/2023\/05\/40A2131-150x150.jpg 150w, https:\/\/med-disposable.com\/wp-content\/uploads\/2023\/05\/40A2131-768x768.jpg 768w, https:\/\/med-disposable.com\/wp-content\/uploads\/2023\/05\/40A2131-1536x1536.jpg 1536w, https:\/\/med-disposable.com\/wp-content\/uploads\/2023\/05\/40A2131-scaled.jpg 2048w, https:\/\/med-disposable.com\/wp-content\/uploads\/2023\/05\/40A2131-600x600.jpg 600w, https:\/\/med-disposable.com\/wp-content\/uploads\/2023\/05\/40A2131-100x100.jpg 100w\" sizes=\"(max-width: 800px) 100vw, 800px\" \/><img decoding=\"async\" class=\"aligncenter wp-image-6656 size-large\" src=\"https:\/\/med-disposable.com\/wp-content\/uploads\/2023\/05\/Disposable-Bouffant-Cap_2_1080x1080_66a7760b-e60a-46ba-9efc-68c16761b5be_2048x-1024x1024.jpg\" alt=\"\" width=\"800\" height=\"800\" srcset=\"https:\/\/med-disposable.com\/wp-content\/uploads\/2023\/05\/Disposable-Bouffant-Cap_2_1080x1080_66a7760b-e60a-46ba-9efc-68c16761b5be_2048x-1024x1024.jpg 1024w, https:\/\/med-disposable.com\/wp-content\/uploads\/2023\/05\/Disposable-Bouffant-Cap_2_1080x1080_66a7760b-e60a-46ba-9efc-68c16761b5be_2048x-300x300.jpg 300w, https:\/\/med-disposable.com\/wp-content\/uploads\/2023\/05\/Disposable-Bouffant-Cap_2_1080x1080_66a7760b-e60a-46ba-9efc-68c16761b5be_2048x-150x150.jpg 150w, https:\/\/med-disposable.com\/wp-content\/uploads\/2023\/05\/Disposable-Bouffant-Cap_2_1080x1080_66a7760b-e60a-46ba-9efc-68c16761b5be_2048x-768x768.jpg 768w, https:\/\/med-disposable.com\/wp-content\/uploads\/2023\/05\/Disposable-Bouffant-Cap_2_1080x1080_66a7760b-e60a-46ba-9efc-68c16761b5be_2048x-600x600.jpg 600w, https:\/\/med-disposable.com\/wp-content\/uploads\/2023\/05\/Disposable-Bouffant-Cap_2_1080x1080_66a7760b-e60a-46ba-9efc-68c16761b5be_2048x-100x100.jpg 100w, https:\/\/med-disposable.com\/wp-content\/uploads\/2023\/05\/Disposable-Bouffant-Cap_2_1080x1080_66a7760b-e60a-46ba-9efc-68c16761b5be_2048x.jpg 1080w\" sizes=\"(max-width: 800px) 100vw, 800px\" \/><\/p>\n<p>&nbsp;<\/p>\n<p><strong>Avantages du produit :<\/strong><\/p>\n<ul>\n<li><strong>Une contention efficace des poils<\/strong>: L'\u00e9lastique unique assure un maintien s\u00fbr, emp\u00eachant efficacement les cheveux de contaminer l'environnement de travail.<\/li>\n<li><strong>Port confortable<\/strong>: Nos casquettes sont con\u00e7ues pour \u00eatre l\u00e9g\u00e8res, respirantes et non irritantes, ce qui permet de les porter confortablement m\u00eame pendant de longues p\u00e9riodes.<\/li>\n<li><strong>Utilisation polyvalente<\/strong>: Convient \u00e0 une utilisation dans une vari\u00e9t\u00e9 de secteurs, y compris les soins de sant\u00e9, la restauration et la fabrication.<\/li>\n<li><strong>\u00c9limination facile<\/strong>: En tant qu'article \u00e0 usage unique, nos bouchons \u00e0 clip peuvent \u00eatre jet\u00e9s facilement et en toute s\u00e9curit\u00e9 apr\u00e8s utilisation.<\/li>\n<\/ul>\n<p>Dans un monde o\u00f9 l'hygi\u00e8ne n'est pas seulement une exigence mais une n\u00e9cessit\u00e9, nos bouchons \u00e0 clip jetables sont un t\u00e9moignage de qualit\u00e9, de confort et d'hygi\u00e8ne. Choisissez le bouchon \u00e0 clip jetable - Choisissez la propret\u00e9. Choisissez le confort. Choisissez la qualit\u00e9.<\/p>\n<p><img decoding=\"async\" class=\"aligncenter wp-image-6652 size-full\" src=\"https:\/\/med-disposable.com\/wp-content\/uploads\/2023\/05\/features-of-clip-cap.jpg\" alt=\"\" width=\"800\" height=\"658\" srcset=\"https:\/\/med-disposable.com\/wp-content\/uploads\/2023\/05\/features-of-clip-cap.jpg 800w, https:\/\/med-disposable.com\/wp-content\/uploads\/2023\/05\/features-of-clip-cap-300x247.jpg 300w, https:\/\/med-disposable.com\/wp-content\/uploads\/2023\/05\/features-of-clip-cap-768x632.jpg 768w, https:\/\/med-disposable.com\/wp-content\/uploads\/2023\/05\/features-of-clip-cap-600x494.jpg 600w\" sizes=\"(max-width: 800px) 100vw, 800px\" \/><\/p>\n<p>&nbsp;<\/p>\n<p><strong>Pourquoi choisir les capsules \u00e0 clip jetables de Wuhan Youfu ?<\/strong><\/p>\n<p>Choisir Wuhan Youfu, c'est s'associer \u00e0 un fournisseur qui offre plus que des produits de haute qualit\u00e9. Nous mettons \u00e0 votre disposition une grande exp\u00e9rience, un contr\u00f4le de qualit\u00e9 rigoureux et une approche ax\u00e9e sur le client qui garantit que vos besoins sont satisfaits avec le plus grand professionnalisme. Nous comprenons l'importance d'une livraison rapide et travaillons sans rel\u00e2che pour que vos commandes soient livr\u00e9es \u00e0 temps.<\/p>\n<p>&nbsp;<\/p>\n<p><img loading=\"lazy\" decoding=\"async\" class=\"aligncenter wp-image-6653 size-large\" src=\"https:\/\/med-disposable.com\/wp-content\/uploads\/2023\/05\/\u62fc\u56fe-1-1024x729.jpg\" alt=\"\" width=\"800\" height=\"570\" srcset=\"https:\/\/med-disposable.com\/wp-content\/uploads\/2023\/05\/\u62fc\u56fe-1-1024x729.jpg 1024w, https:\/\/med-disposable.com\/wp-content\/uploads\/2023\/05\/\u62fc\u56fe-1-300x214.jpg 300w, https:\/\/med-disposable.com\/wp-content\/uploads\/2023\/05\/\u62fc\u56fe-1-768x547.jpg 768w, https:\/\/med-disposable.com\/wp-content\/uploads\/2023\/05\/\u62fc\u56fe-1-600x427.jpg 600w, https:\/\/med-disposable.com\/wp-content\/uploads\/2023\/05\/\u62fc\u56fe-1.jpg 1189w\" sizes=\"(max-width: 800px) 100vw, 800px\" \/><\/p>\n<p>&nbsp;<\/p>\n<p><strong>Q1 : Quel est le d\u00e9lai de livraison ?<\/strong><\/p>\n<p>R : Le d\u00e9lai de livraison peut varier en fonction de la quantit\u00e9 command\u00e9e et du lieu. En g\u00e9n\u00e9ral, 1x40HQ peut \u00eatre livr\u00e9 en une semaine. Pour de plus amples informations, veuillez contacter notre \u00e9quipe de vente : info@med-disposable.com.<\/p>\n<p><strong>Q2 : Ces bouchons peuvent-ils \u00eatre utilis\u00e9s dans des environnements de transformation des aliments ?<\/strong><\/p>\n<p>R : Oui, les bouchons \u00e0 clip jetables sont un excellent choix pour les environnements de transformation des aliments o\u00f9 l'hygi\u00e8ne est primordiale.<\/p>\n<p><strong>Q3 : Ces bouchons sont-ils r\u00e9sistants aux liquides ?<\/strong><\/p>\n<p>R : Bien que nos Clip Caps offrent un certain niveau de protection contre les \u00e9claboussures, ils ne sont pas consid\u00e9r\u00e9s comme r\u00e9sistants aux liquides. Ils sont principalement destin\u00e9s \u00e0 emp\u00eacher les cheveux de contaminer l'espace de travail.<\/p>","protected":false},"excerpt":{"rendered":"<p>Casquette \u00e0 clip jetable avec un seul \u00e9lastique, con\u00e7ue pour offrir une hygi\u00e8ne et un confort sup\u00e9rieurs. Ces bonnets sont un \u00e9l\u00e9ment essentiel de l'\u00e9quipement de protection individuelle, car ils permettent de contenir les cheveux de mani\u00e8re fiable dans les environnements o\u00f9 l'hygi\u00e8ne et la propret\u00e9 sont de la plus haute importance.<\/p>","protected":false},"featured_media":6643,"template":"","meta":{"_seopress_robots_primary_cat":"","_seopress_titles_title":"Choose Wuhan Youfu for Quality Non-Woven Disposable Clip Caps - Choose Cleanliness, Comfort &amp; Hygiene.","_seopress_titles_desc":"Get comfortable, secure, and hygienic protection from contaminants with our Disposable Clip Caps. Choose Wuhan Youfu for reliable quality and fast delivery!","_seopress_robots_index":""},"product_brand":[],"product_cat":[46],"product_tag":[310],"class_list":{"0":"post-6632","1":"product","2":"type-product","3":"status-publish","4":"has-post-thumbnail","6":"product_cat-caps","7":"product_tag-clip-cap","9":"first","10":"instock","11":"shipping-taxable","12":"product-type-simple"},"_links":{"self":[{"href":"https:\/\/med-disposable.com\/fr\/wp-json\/wp\/v2\/product\/6632","targetHints":{"allow":["GET"]}}],"collection":[{"href":"https:\/\/med-disposable.com\/fr\/wp-json\/wp\/v2\/product"}],"about":[{"href":"https:\/\/med-disposable.com\/fr\/wp-json\/wp\/v2\/types\/product"}],"version-history":[{"count":0,"href":"https:\/\/med-disposable.com\/fr\/wp-json\/wp\/v2\/product\/6632\/revisions"}],"wp:featuredmedia":[{"embeddable":true,"href":"https:\/\/med-disposable.com\/fr\/wp-json\/wp\/v2\/media\/6643"}],"wp:attachment":[{"href":"https:\/\/med-disposable.com\/fr\/wp-json\/wp\/v2\/media?parent=6632"}],"wp:term":[{"taxonomy":"product_brand","embeddable":true,"href":"https:\/\/med-disposable.com\/fr\/wp-json\/wp\/v2\/product_brand?post=6632"},{"taxonomy":"product_cat","embeddable":true,"href":"https:\/\/med-disposable.com\/fr\/wp-json\/wp\/v2\/product_cat?post=6632"},{"taxonomy":"product_tag","embeddable":true,"href":"https:\/\/med-disposable.com\/fr\/wp-json\/wp\/v2\/product_tag?post=6632"}],"curies":[{"name":"wp","href":"https:\/\/api.w.org\/{rel}","templated":true}]}}