{"id":6830,"date":"2023-05-23T14:18:58","date_gmt":"2023-05-23T06:18:58","guid":{"rendered":"https:\/\/med-disposable.com\/?post_type=product&#038;p=6830"},"modified":"2023-05-23T14:18:58","modified_gmt":"2023-05-23T06:18:58","slug":"manches-de-bras-en-plastique-noir-pour-le-tatouage","status":"publish","type":"product","link":"https:\/\/med-disposable.com\/fr\/product\/black-plastic-arm-sleeves-for-tattoo\/","title":{"rendered":"Manches en plastique noir pour tatouage"},"content":{"rendered":"<h2>Sp\u00e9cifications des manchons de bras en PE noir<\/h2>\n<ul>\n<li>Mat\u00e9riau : Plastique en poly\u00e9thyl\u00e8ne (PE), 100% vierge<\/li>\n<li>Couleur : noir, autres couleurs disponibles sur demande<\/li>\n<li>Poids : 2,5 g par pi\u00e8ce, autres poids et \u00e9paisseurs possibles sur demande<\/li>\n<li>Taille : 20x40cm, taille unique<\/li>\n<li>Emballage : 100pcs par sac, 1000pcs par carton, ou emballage personnalis\u00e9<\/li>\n<\/ul>\n<p><img fetchpriority=\"high\" decoding=\"async\" class=\"aligncenter wp-image-6836 size-full\" src=\"https:\/\/med-disposable.com\/wp-content\/uploads\/2023\/05\/black-arm-sleeve-9.png\" alt=\"\" width=\"800\" height=\"800\" srcset=\"https:\/\/med-disposable.com\/wp-content\/uploads\/2023\/05\/black-arm-sleeve-9.png 800w, https:\/\/med-disposable.com\/wp-content\/uploads\/2023\/05\/black-arm-sleeve-9-300x300.png 300w, https:\/\/med-disposable.com\/wp-content\/uploads\/2023\/05\/black-arm-sleeve-9-150x150.png 150w, https:\/\/med-disposable.com\/wp-content\/uploads\/2023\/05\/black-arm-sleeve-9-768x768.png 768w, https:\/\/med-disposable.com\/wp-content\/uploads\/2023\/05\/black-arm-sleeve-9-600x600.png 600w, https:\/\/med-disposable.com\/wp-content\/uploads\/2023\/05\/black-arm-sleeve-9-100x100.png 100w\" sizes=\"(max-width: 800px) 100vw, 800px\" \/> <img decoding=\"async\" class=\"aligncenter wp-image-6833 size-full\" src=\"https:\/\/med-disposable.com\/wp-content\/uploads\/2023\/05\/black-arm-sleeve-2.png\" alt=\"\" width=\"800\" height=\"800\" srcset=\"https:\/\/med-disposable.com\/wp-content\/uploads\/2023\/05\/black-arm-sleeve-2.png 800w, https:\/\/med-disposable.com\/wp-content\/uploads\/2023\/05\/black-arm-sleeve-2-300x300.png 300w, https:\/\/med-disposable.com\/wp-content\/uploads\/2023\/05\/black-arm-sleeve-2-150x150.png 150w, https:\/\/med-disposable.com\/wp-content\/uploads\/2023\/05\/black-arm-sleeve-2-768x768.png 768w, https:\/\/med-disposable.com\/wp-content\/uploads\/2023\/05\/black-arm-sleeve-2-600x600.png 600w, https:\/\/med-disposable.com\/wp-content\/uploads\/2023\/05\/black-arm-sleeve-2-100x100.png 100w\" sizes=\"(max-width: 800px) 100vw, 800px\" \/><\/p>\n<h2>Applications des manchons de bras en PE<\/h2>\n<p>Ces manchons sont un excellent choix pour les studios de tatouage, car ils garantissent le confort des artistes et le respect des normes d'hygi\u00e8ne.<\/p>\n<p>Ils peuvent \u00e9galement \u00eatre utilis\u00e9s dans les \u00e9tablissements m\u00e9dicaux, les salons de beaut\u00e9 et tout autre environnement o\u00f9 la protection des bras est n\u00e9cessaire.<\/p>\n<p>&nbsp;<\/p>\n<h2>Avantages du produit<\/h2>\n<p><strong>Efficacit\u00e9 con\u00e7ue<\/strong>: Nos manchons sont faciles \u00e0 mettre et \u00e0 enlever, ce qui rend le processus de tatouage plus efficace.<\/p>\n<p><strong>Adaptation universelle<\/strong>: L'\u00e9lasticit\u00e9 de nos manchons assure un ajustement s\u00fbr et confortable pour la plupart des tailles de bras.<\/p>\n<p><strong>L'excellence en mati\u00e8re d'hygi\u00e8ne<\/strong>: Nos manchettes jetables en PE offrent une protection suppl\u00e9mentaire contre les fluides et les d\u00e9bris et constituent une solution d'hygi\u00e8ne sup\u00e9rieure, r\u00e9duisant le risque de contamination crois\u00e9e.<\/p>\n<p><strong>Confort pour les artistes<\/strong>: Nos manchons de bras sont con\u00e7us pour le confort du tatoueur. Ils offrent une surface lisse et flexible qui n'entrave pas les mouvements.<\/p>\n<p><img decoding=\"async\" class=\"aligncenter wp-image-6835 size-full\" src=\"https:\/\/med-disposable.com\/wp-content\/uploads\/2023\/05\/black-arm-sleeve-8.png\" alt=\"\" width=\"800\" height=\"800\" srcset=\"https:\/\/med-disposable.com\/wp-content\/uploads\/2023\/05\/black-arm-sleeve-8.png 800w, https:\/\/med-disposable.com\/wp-content\/uploads\/2023\/05\/black-arm-sleeve-8-300x300.png 300w, https:\/\/med-disposable.com\/wp-content\/uploads\/2023\/05\/black-arm-sleeve-8-150x150.png 150w, https:\/\/med-disposable.com\/wp-content\/uploads\/2023\/05\/black-arm-sleeve-8-768x768.png 768w, https:\/\/med-disposable.com\/wp-content\/uploads\/2023\/05\/black-arm-sleeve-8-600x600.png 600w, https:\/\/med-disposable.com\/wp-content\/uploads\/2023\/05\/black-arm-sleeve-8-100x100.png 100w\" sizes=\"(max-width: 800px) 100vw, 800px\" \/> <img loading=\"lazy\" decoding=\"async\" class=\"aligncenter wp-image-6839 size-full\" src=\"https:\/\/med-disposable.com\/wp-content\/uploads\/2023\/05\/black-arm-sleeve-15.png\" alt=\"\" width=\"800\" height=\"800\" srcset=\"https:\/\/med-disposable.com\/wp-content\/uploads\/2023\/05\/black-arm-sleeve-15.png 800w, https:\/\/med-disposable.com\/wp-content\/uploads\/2023\/05\/black-arm-sleeve-15-300x300.png 300w, https:\/\/med-disposable.com\/wp-content\/uploads\/2023\/05\/black-arm-sleeve-15-150x150.png 150w, https:\/\/med-disposable.com\/wp-content\/uploads\/2023\/05\/black-arm-sleeve-15-768x768.png 768w, https:\/\/med-disposable.com\/wp-content\/uploads\/2023\/05\/black-arm-sleeve-15-600x600.png 600w, https:\/\/med-disposable.com\/wp-content\/uploads\/2023\/05\/black-arm-sleeve-15-100x100.png 100w\" sizes=\"(max-width: 800px) 100vw, 800px\" \/><\/p>","protected":false},"excerpt":{"rendered":"<p>Les manchons de bras en plastique PE noir sont m\u00e9ticuleusement fabriqu\u00e9s \u00e0 partir de plastique PE vierge 100%. Ce mat\u00e9riau est connu pour sa r\u00e9sistance exceptionnelle aux d\u00e9chirures et aux perforations, offrant une barri\u00e8re protectrice entre l'artiste et le processus de tatouage. Ces manchons sont fabriqu\u00e9s \u00e0 la machine, ce qui garantit une qualit\u00e9 et un ajustement constants.<\/p>","protected":false},"featured_media":6836,"template":"","meta":{"_seopress_robots_primary_cat":"none","_seopress_titles_title":"Black PE Arm Sleeves: Comfort &amp; Hygiene for Tattoo Studios &amp; Medical Facilities","_seopress_titles_desc":"A perfect fit for hygiene excellence - our Black PE Arm Sleeves! Feel secure with their universal fit, efficiency, and comfort. Ideal for tattoo studios, medical facilities, salons, and environments requiring arm protection.","_seopress_robots_index":""},"product_brand":[],"product_cat":[51],"product_tag":[317],"class_list":{"0":"post-6830","1":"product","2":"type-product","3":"status-publish","4":"has-post-thumbnail","6":"product_cat-sleeve-cover","7":"product_tag-pe-arm-sleeve","9":"first","10":"instock","11":"shipping-taxable","12":"product-type-simple"},"_links":{"self":[{"href":"https:\/\/med-disposable.com\/fr\/wp-json\/wp\/v2\/product\/6830","targetHints":{"allow":["GET"]}}],"collection":[{"href":"https:\/\/med-disposable.com\/fr\/wp-json\/wp\/v2\/product"}],"about":[{"href":"https:\/\/med-disposable.com\/fr\/wp-json\/wp\/v2\/types\/product"}],"version-history":[{"count":0,"href":"https:\/\/med-disposable.com\/fr\/wp-json\/wp\/v2\/product\/6830\/revisions"}],"wp:featuredmedia":[{"embeddable":true,"href":"https:\/\/med-disposable.com\/fr\/wp-json\/wp\/v2\/media\/6836"}],"wp:attachment":[{"href":"https:\/\/med-disposable.com\/fr\/wp-json\/wp\/v2\/media?parent=6830"}],"wp:term":[{"taxonomy":"product_brand","embeddable":true,"href":"https:\/\/med-disposable.com\/fr\/wp-json\/wp\/v2\/product_brand?post=6830"},{"taxonomy":"product_cat","embeddable":true,"href":"https:\/\/med-disposable.com\/fr\/wp-json\/wp\/v2\/product_cat?post=6830"},{"taxonomy":"product_tag","embeddable":true,"href":"https:\/\/med-disposable.com\/fr\/wp-json\/wp\/v2\/product_tag?post=6830"}],"curies":[{"name":"wp","href":"https:\/\/api.w.org\/{rel}","templated":true}]}}