{"id":688,"date":"2021-03-07T13:47:56","date_gmt":"2021-03-07T05:47:56","guid":{"rendered":"https:\/\/med-disposable.com\/?post_type=product&#038;p=688"},"modified":"2025-03-03T16:46:35","modified_gmt":"2025-03-03T08:46:35","slug":"tablier-jetable-en-plastique","status":"publish","type":"product","link":"https:\/\/med-disposable.com\/fr\/product\/disposable-plastic-pe-apron\/","title":{"rendered":"Tablier jetable en plastique PE"},"content":{"rendered":"<p><strong>Introduction :<\/strong><\/p>\n<p>Con\u00e7us pour une myriade d'environnements, nos tabliers jetables en plastique PE constituent une barri\u00e8re de protection essentielle contre diverses formes de contaminants. Le mat\u00e9riau robuste en poly\u00e9thyl\u00e8ne (PE) assure un haut niveau de protection tout en favorisant le confort et la flexibilit\u00e9.<\/p>\n<p><img fetchpriority=\"high\" decoding=\"async\" class=\"aligncenter wp-image-5013 size-full\" src=\"https:\/\/med-disposable.com\/wp-content\/uploads\/2023\/03\/disposable-aprons-3.jpg\" alt=\"\" width=\"800\" height=\"469\" srcset=\"https:\/\/med-disposable.com\/wp-content\/uploads\/2023\/03\/disposable-aprons-3.jpg 800w, https:\/\/med-disposable.com\/wp-content\/uploads\/2023\/03\/disposable-aprons-3-300x176.jpg 300w, https:\/\/med-disposable.com\/wp-content\/uploads\/2023\/03\/disposable-aprons-3-768x450.jpg 768w, https:\/\/med-disposable.com\/wp-content\/uploads\/2023\/03\/disposable-aprons-3-600x352.jpg 600w\" sizes=\"(max-width: 800px) 100vw, 800px\" \/><\/p>\n<p><strong>Caract\u00e9ristiques :<\/strong><\/p>\n<ol>\n<li><strong>Poly\u00e9thyl\u00e8ne Mat\u00e9riau<\/strong>: Nos tabliers sont fabriqu\u00e9s \u00e0 partir d'un mat\u00e9riau PE durable, offrant une excellente r\u00e9sistance aux liquides, \u00e0 la graisse et aux autres contaminants.<\/li>\n<li><strong>Confortable et l\u00e9ger<\/strong>: Malgr\u00e9 leur protection durable, ces tabliers restent l\u00e9gers et confortables pour un usage prolong\u00e9.<\/li>\n<li><strong>Design jetable<\/strong>: Pour garantir une hygi\u00e8ne optimale et \u00e9viter les contaminations crois\u00e9es, nos tabliers en PE sont jetables.<\/li>\n<li><strong>Adaptation universelle<\/strong>: Ces tabliers sont de taille universelle, ce qui garantit un ajustement s\u00fbr et confortable pour tous les utilisateurs.<\/li>\n<\/ol>\n<p><img decoding=\"async\" class=\"aligncenter wp-image-4052 size-full\" src=\"https:\/\/med-disposable.com\/wp-content\/uploads\/2022\/04\/blue-PE-apron.jpg\" alt=\"\" width=\"800\" height=\"800\" srcset=\"https:\/\/med-disposable.com\/wp-content\/uploads\/2022\/04\/blue-PE-apron.jpg 800w, https:\/\/med-disposable.com\/wp-content\/uploads\/2022\/04\/blue-PE-apron-300x300.jpg 300w, https:\/\/med-disposable.com\/wp-content\/uploads\/2022\/04\/blue-PE-apron-150x150.jpg 150w, https:\/\/med-disposable.com\/wp-content\/uploads\/2022\/04\/blue-PE-apron-768x768.jpg 768w, https:\/\/med-disposable.com\/wp-content\/uploads\/2022\/04\/blue-PE-apron-600x600.jpg 600w, https:\/\/med-disposable.com\/wp-content\/uploads\/2022\/04\/blue-PE-apron-100x100.jpg 100w, https:\/\/med-disposable.com\/wp-content\/uploads\/2022\/04\/elementor\/thumbs\/blue-PE-apron-poznv9ha8ffa3bbtzuq4vm7kmytgiafudg04umye34.jpg 200w\" sizes=\"(max-width: 800px) 100vw, 800px\" \/><\/p>\n<p><strong>Sp\u00e9cification d\u00e9taill\u00e9e :<\/strong><\/p>\n<table width=\"708\">\n<tbody>\n<tr style=\"font-style: inherit;font-weight: inherit\">\n<td style=\"font-style: inherit\" width=\"115\"><span style=\"font-style: inherit;font-weight: inherit\" data-spm-anchor-id=\"a2700.details.0.i21.1dd814e7UhvXUJ\">Mat\u00e9riau<\/span><\/td>\n<td style=\"font-style: inherit\" width=\"593\"><span style=\"font-style: inherit;font-weight: inherit\">LDPE\/HDPE\/CPE<\/span><\/td>\n<\/tr>\n<tr style=\"font-style: inherit;font-weight: inherit\">\n<td style=\"font-style: inherit\"><span style=\"font-style: inherit;font-weight: inherit\">Poids<\/span><\/td>\n<td style=\"font-style: inherit\"><span style=\"font-style: inherit;font-weight: inherit\">3g, 5g, 7g, 9g.<\/span><\/td>\n<\/tr>\n<tr style=\"font-style: inherit;font-weight: inherit\">\n<td style=\"font-style: inherit\"><span style=\"font-style: inherit;font-weight: inherit\">\u00c9paisseur<\/span><\/td>\n<td style=\"font-style: inherit\"><span style=\"font-style: inherit;font-weight: inherit\">0,01~0,045mm<\/span><\/td>\n<\/tr>\n<tr style=\"font-style: inherit;font-weight: inherit\">\n<td style=\"font-style: inherit\"><span style=\"font-style: inherit;font-weight: inherit\">Style<\/span><\/td>\n<td style=\"font-style: inherit\"><span style=\"font-style: inherit;font-weight: inherit\">surface gaufr\u00e9e ou lisse<\/span><\/td>\n<\/tr>\n<tr style=\"font-style: inherit;font-weight: inherit\">\n<td style=\"font-style: inherit\"><span style=\"font-style: inherit;font-weight: inherit\">Taille<\/span><\/td>\n<td><span style=\"font-style: inherit;font-weight: inherit\">24\u00d742inch\/\/ 28\u00d746inch, 61 x 107cm\/\/ 71 x 117cm, OEM possible<\/span><\/td>\n<\/tr>\n<tr style=\"font-style: inherit;font-weight: inherit\">\n<td style=\"font-style: inherit\"><span style=\"font-style: inherit;font-weight: inherit\">Couleur<\/span><\/td>\n<td style=\"font-style: inherit\"><span style=\"font-style: inherit;font-weight: inherit\">blanc, transparent, bleu, rouge, vert, etc.<\/span><\/td>\n<\/tr>\n<tr style=\"font-style: inherit;font-weight: inherit\">\n<td style=\"font-style: inherit\"><span style=\"font-style: inherit;font-weight: inherit\">Emballage<\/span><\/td>\n<td style=\"font-style: inherit\"><span style=\"font-style: inherit;font-weight: inherit\">100pcs\/sac, 10 sacs\/ctn ou 100pcs\/bo\u00eete, 10 bo\u00eetes\/ctn.<\/span><\/td>\n<\/tr>\n<tr style=\"font-style: inherit;font-weight: inherit\">\n<td style=\"font-style: inherit\"><span style=\"font-style: inherit;font-weight: inherit\">Conception de l'emballage<\/span><\/td>\n<td style=\"font-style: inherit\"><span style=\"font-style: inherit;font-weight: inherit\">toutes les bo\u00eetes int\u00e9rieures et les cartons peuvent \u00eatre imprim\u00e9s selon votre conception<\/span><\/td>\n<\/tr>\n<tr style=\"font-style: inherit;font-weight: inherit\">\n<td style=\"font-style: inherit\"><span style=\"font-style: inherit;font-weight: inherit\">Applications<\/span><\/td>\n<td style=\"font-style: inherit\">Industrie \u00e9lectronique, industrie alimentaire, h\u00f4pitaux, thermes, \u00e9coles, nettoyage des cuisines, etc.<\/td>\n<\/tr>\n<\/tbody>\n<\/table>\n<p>&nbsp;<\/p>\n<p><strong>Avantages :<\/strong><\/p>\n<ul>\n<li><strong>Protection de haut niveau<\/strong>: Gr\u00e2ce au mat\u00e9riau PE, nos tabliers offrent une protection robuste contre diverses formes de contaminants.<\/li>\n<li><strong>Confort et mobilit\u00e9<\/strong>: L\u00e9gers et confortables, nos tabliers en PE n'entravent pas la mobilit\u00e9 et garantissent des conditions de travail efficaces.<\/li>\n<li><strong>Hygi\u00e8ne et s\u00e9curit\u00e9<\/strong>: La conception jetable garantit une hygi\u00e8ne maximale et emp\u00eache la contamination crois\u00e9e.<\/li>\n<\/ul>\n<p><img decoding=\"async\" class=\"aligncenter wp-image-7392 size-full\" src=\"https:\/\/med-disposable.com\/wp-content\/uploads\/2023\/05\/apron-gif.gif\" alt=\"\" width=\"838\" height=\"471\" \/><\/p>\n<p><strong>Utilisations :<\/strong><\/p>\n<p>Nos tabliers jetables en plastique PE conviennent \u00e0 un large \u00e9ventail d'applications, notamment aux unit\u00e9s de transformation des aliments, aux laboratoires, aux \u00e9tablissements de soins de sant\u00e9 et aux usines de fabrication.<\/p>\n<p><img loading=\"lazy\" decoding=\"async\" class=\"aligncenter wp-image-7422 size-full\" src=\"https:\/\/med-disposable.com\/wp-content\/uploads\/2023\/05\/bfad8a87-27c0-4b49-ae19-dcfd2cd9cdcb.png\" alt=\"\" width=\"800\" height=\"800\" srcset=\"https:\/\/med-disposable.com\/wp-content\/uploads\/2023\/05\/bfad8a87-27c0-4b49-ae19-dcfd2cd9cdcb.png 800w, https:\/\/med-disposable.com\/wp-content\/uploads\/2023\/05\/bfad8a87-27c0-4b49-ae19-dcfd2cd9cdcb-300x300.png 300w, https:\/\/med-disposable.com\/wp-content\/uploads\/2023\/05\/bfad8a87-27c0-4b49-ae19-dcfd2cd9cdcb-150x150.png 150w, https:\/\/med-disposable.com\/wp-content\/uploads\/2023\/05\/bfad8a87-27c0-4b49-ae19-dcfd2cd9cdcb-768x768.png 768w, https:\/\/med-disposable.com\/wp-content\/uploads\/2023\/05\/bfad8a87-27c0-4b49-ae19-dcfd2cd9cdcb-600x600.png 600w, https:\/\/med-disposable.com\/wp-content\/uploads\/2023\/05\/bfad8a87-27c0-4b49-ae19-dcfd2cd9cdcb-100x100.png 100w\" sizes=\"(max-width: 800px) 100vw, 800px\" \/><\/p>\n<p><strong>Diff\u00e9rences entre les mat\u00e9riaux PEHD et PEBD :<\/strong><\/p>\n<table>\n<thead>\n<tr>\n<th><\/th>\n<th><strong>PEHD (poly\u00e9thyl\u00e8ne haute densit\u00e9)<\/strong><\/th>\n<th><strong>LDPE (poly\u00e9thyl\u00e8ne basse densit\u00e9)<\/strong><\/th>\n<\/tr>\n<\/thead>\n<tbody>\n<tr>\n<td><strong>La force<\/strong><\/td>\n<td>Haut<\/td>\n<td>Moins \u00e9lev\u00e9 que le PEHD<\/td>\n<\/tr>\n<tr>\n<td><strong>Flexibilit\u00e9<\/strong><\/td>\n<td>Moins flexible<\/td>\n<td>Plus flexible<\/td>\n<\/tr>\n<tr>\n<td><strong>R\u00e9sistance \u00e0 la fissuration<\/strong><\/td>\n<td>Plus r\u00e9sistant<\/td>\n<td>Moins r\u00e9sistant<\/td>\n<\/tr>\n<tr>\n<td><strong>Transparence<\/strong><\/td>\n<td>Translucide<\/td>\n<td>Transparent<\/td>\n<\/tr>\n<tr>\n<td><strong>Utilisations typiques<\/strong><\/td>\n<td>Biens durables comme les bouteilles<\/td>\n<td>Produits flexibles tels que les sacs en plastique<\/td>\n<\/tr>\n<\/tbody>\n<\/table>\n<p><img loading=\"lazy\" decoding=\"async\" class=\"aligncenter wp-image-6949 size-full\" src=\"https:\/\/med-disposable.com\/wp-content\/uploads\/2023\/05\/281e9357-ce18-461c-b3d1-5bd281a8cc63.png\" alt=\"\" width=\"800\" height=\"800\" srcset=\"https:\/\/med-disposable.com\/wp-content\/uploads\/2023\/05\/281e9357-ce18-461c-b3d1-5bd281a8cc63.png 800w, https:\/\/med-disposable.com\/wp-content\/uploads\/2023\/05\/281e9357-ce18-461c-b3d1-5bd281a8cc63-300x300.png 300w, https:\/\/med-disposable.com\/wp-content\/uploads\/2023\/05\/281e9357-ce18-461c-b3d1-5bd281a8cc63-150x150.png 150w, https:\/\/med-disposable.com\/wp-content\/uploads\/2023\/05\/281e9357-ce18-461c-b3d1-5bd281a8cc63-768x768.png 768w, https:\/\/med-disposable.com\/wp-content\/uploads\/2023\/05\/281e9357-ce18-461c-b3d1-5bd281a8cc63-600x600.png 600w, https:\/\/med-disposable.com\/wp-content\/uploads\/2023\/05\/281e9357-ce18-461c-b3d1-5bd281a8cc63-100x100.png 100w\" sizes=\"(max-width: 800px) 100vw, 800px\" \/><\/p>\n<p><strong>FAQs :<\/strong><\/p>\n<p><strong>Qu'est-ce qui distingue le PEHD du PEBD dans la production de tabliers ?<\/strong><\/p>\n<p>Le PEHD et le PEBD sont tous deux des types de poly\u00e9thyl\u00e8ne, mais ils ont des propri\u00e9t\u00e9s diff\u00e9rentes en raison de leurs densit\u00e9s diff\u00e9rentes. Le PEHD (poly\u00e9thyl\u00e8ne haute densit\u00e9) est plus r\u00e9sistant et moins souple que le PEBD (poly\u00e9thyl\u00e8ne basse densit\u00e9), qui est plus souple et transparent. Le choix entre les deux d\u00e9pend des exigences sp\u00e9cifiques du tablier. Par exemple, un tablier n\u00e9cessitant une plus grande durabilit\u00e9 peut utiliser du PEHD, tandis qu'un tablier n\u00e9cessitant une plus grande flexibilit\u00e9 peut utiliser du PEBD.<\/p>\n<p><strong>Comment l'utilisation de tabliers jetables en PE contribue-t-elle \u00e0 l'hygi\u00e8ne et \u00e0 la s\u00e9curit\u00e9 sur le lieu de travail ?<\/strong><\/p>\n<p>L'utilisation de tabliers jetables en poly\u00e9thyl\u00e8ne joue un r\u00f4le important dans le maintien de l'hygi\u00e8ne et de la s\u00e9curit\u00e9 dans divers environnements de travail. En constituant une barri\u00e8re solide contre les contaminants, ces tabliers prot\u00e8gent le porteur contre l'exposition \u00e0 des substances potentiellement nocives. Comme ils sont jetables, ils \u00e9liminent le risque de contamination crois\u00e9e qui peut se produire avec des v\u00eatements de protection r\u00e9utilisables.<\/p>\n<p><strong>Ces tabliers sont-ils confortables pour un usage prolong\u00e9 ?<\/strong><\/p>\n<p>Malgr\u00e9 le haut niveau de protection offert, nos tabliers en PE sont con\u00e7us pour le confort. Le mat\u00e9riau l\u00e9ger en poly\u00e9thyl\u00e8ne n'ajoute pas de poids excessif et la conception du tablier garantit la flexibilit\u00e9 et la facilit\u00e9 de mouvement, ce qui le rend confortable pour une utilisation prolong\u00e9e.<\/p>\n<p><strong>Quelle est la quantit\u00e9 minimale de commande pour ces tabliers ?<\/strong><\/p>\n<p>La quantit\u00e9 minimale de commande pour nos tabliers jetables en plastique PE varie en fonction de vos besoins sp\u00e9cifiques et de la logistique impliqu\u00e9e. Pour conna\u00eetre les d\u00e9tails exacts et obtenir une r\u00e9ponse plus personnalis\u00e9e, nous vous recommandons de prendre contact avec notre service client\u00e8le qui pourra vous fournir les informations n\u00e9cessaires en fonction de vos besoins.<\/p>\n<p><strong>Dans quel d\u00e9lai puis-je recevoir une commande group\u00e9e de ces tabliers ?<\/strong><\/p>\n<p>Le d\u00e9lai de livraison d'une commande en gros de nos tabliers jetables en plastique PE d\u00e9pend de plusieurs facteurs tels que le volume de la commande, la capacit\u00e9 de production actuelle et la destination de l'envoi. Notre \u00e9quipe travaille avec diligence pour s'assurer que toutes les commandes sont trait\u00e9es aussi rapidement que possible sans compromettre la qualit\u00e9 de nos produits. Pour obtenir une estimation plus pr\u00e9cise du d\u00e9lai de livraison, veuillez contacter notre service client\u00e8le en pr\u00e9cisant les d\u00e9tails de votre commande.<\/p>","protected":false},"excerpt":{"rendered":"<p>r\u00e9sistant \u00e0 l'usure, souple, bonne t\u00e9nacit\u00e9<\/p>\n<p>prot\u00e8gent efficacement le poignet<\/p>\n<p>Une qualit\u00e9 sup\u00e9rieure \u00e0 des prix bas<\/p>","protected":false},"featured_media":5047,"template":"","meta":{"_seopress_robots_primary_cat":"none","_seopress_titles_title":"PE Apron - Disposable plastic PE apron | YouFu Medical","_seopress_titles_desc":"Disposable plastic PE apron provides effective protection of the wrist. Superior quality with low prices. Available in all colors.","_seopress_robots_index":""},"product_brand":[],"product_cat":[45],"product_tag":[77,75],"class_list":{"0":"post-688","1":"product","2":"type-product","3":"status-publish","4":"has-post-thumbnail","6":"product_cat-apron","7":"product_tag-apron","8":"product_tag-plastic","10":"first","11":"instock","12":"shipping-taxable","13":"product-type-simple"},"_links":{"self":[{"href":"https:\/\/med-disposable.com\/fr\/wp-json\/wp\/v2\/product\/688","targetHints":{"allow":["GET"]}}],"collection":[{"href":"https:\/\/med-disposable.com\/fr\/wp-json\/wp\/v2\/product"}],"about":[{"href":"https:\/\/med-disposable.com\/fr\/wp-json\/wp\/v2\/types\/product"}],"version-history":[{"count":1,"href":"https:\/\/med-disposable.com\/fr\/wp-json\/wp\/v2\/product\/688\/revisions"}],"predecessor-version":[{"id":35962,"href":"https:\/\/med-disposable.com\/fr\/wp-json\/wp\/v2\/product\/688\/revisions\/35962"}],"wp:featuredmedia":[{"embeddable":true,"href":"https:\/\/med-disposable.com\/fr\/wp-json\/wp\/v2\/media\/5047"}],"wp:attachment":[{"href":"https:\/\/med-disposable.com\/fr\/wp-json\/wp\/v2\/media?parent=688"}],"wp:term":[{"taxonomy":"product_brand","embeddable":true,"href":"https:\/\/med-disposable.com\/fr\/wp-json\/wp\/v2\/product_brand?post=688"},{"taxonomy":"product_cat","embeddable":true,"href":"https:\/\/med-disposable.com\/fr\/wp-json\/wp\/v2\/product_cat?post=688"},{"taxonomy":"product_tag","embeddable":true,"href":"https:\/\/med-disposable.com\/fr\/wp-json\/wp\/v2\/product_tag?post=688"}],"curies":[{"name":"wp","href":"https:\/\/api.w.org\/{rel}","templated":true}]}}