{"id":698,"date":"2021-03-08T14:59:51","date_gmt":"2021-03-08T06:59:51","guid":{"rendered":"https:\/\/med-disposable.com\/?post_type=product&#038;p=698"},"modified":"2023-07-10T18:15:45","modified_gmt":"2023-07-10T10:15:45","slug":"blouse-de-cpe-en-plastique-jetable-avec-boucles-de-pouce","status":"publish","type":"product","link":"https:\/\/med-disposable.com\/fr\/product\/disposable-plastic-cpe-gown-with-thumb-loops\/","title":{"rendered":"Blouse CPE en plastique \u00e0 usage unique avec boucles pour les pouces"},"content":{"rendered":"<h2>Sp\u00e9cification d\u00e9taill\u00e9e :<\/h2>\n<table width=\"642\">\n<tbody>\n<tr style=\"font-style: inherit;font-weight: inherit\">\n<td style=\"font-style: inherit\" width=\"129\"><span style=\"font-style: inherit;font-weight: inherit\">Mat\u00e9riau :<\/span><\/td>\n<td style=\"font-style: inherit\" width=\"513\"><span style=\"font-style: inherit;font-weight: inherit\">100% Poly\u00e9thyl\u00e8ne chlor\u00e9 (CPE)<\/span><\/td>\n<\/tr>\n<tr style=\"font-style: inherit;font-weight: inherit\">\n<td style=\"font-style: inherit\"><span style=\"font-style: inherit;font-weight: inherit\">Poids du mat\u00e9riau :<\/span><\/td>\n<td style=\"font-style: inherit\"><span style=\"font-style: inherit;font-weight: inherit\">25-70g\/pc<\/span><\/td>\n<\/tr>\n<tr style=\"font-style: inherit;font-weight: inherit\">\n<td style=\"font-style: inherit\"><span style=\"font-style: inherit;font-weight: inherit\">Processus :<\/span><\/td>\n<td style=\"font-style: inherit\"><span style=\"font-style: inherit;font-weight: inherit\">D\u00e9coupage, scellage \u00e0 chaud<\/span><\/td>\n<\/tr>\n<tr style=\"font-style: inherit;font-weight: inherit\">\n<td style=\"font-style: inherit\"><span style=\"font-style: inherit;font-weight: inherit\">Taille :<\/span><\/td>\n<td style=\"font-style: inherit\"><span style=\"font-style: inherit;font-weight: inherit\">190*115cm, 120*195cm, 125*200cm, ou selon les besoins<\/span><\/td>\n<\/tr>\n<tr style=\"font-style: inherit;font-weight: inherit\">\n<td style=\"font-style: inherit\"><span style=\"font-style: inherit;font-weight: inherit\">Couleur :<\/span><\/td>\n<td style=\"font-style: inherit\"><span style=\"font-style: inherit;font-weight: inherit\">Bleu, jaune ou personnalis\u00e9<\/span><\/td>\n<\/tr>\n<tr style=\"font-style: inherit;font-weight: inherit\">\n<td style=\"font-style: inherit\"><span style=\"font-style: inherit;font-weight: inherit\">Emballage :<\/span><\/td>\n<td style=\"font-style: inherit\"><span style=\"font-style: inherit;font-weight: inherit\">1pc\/sachet, 200pcs\/carton ou sur mesure<\/span><\/td>\n<\/tr>\n<tr style=\"font-style: inherit;font-weight: inherit\">\n<td style=\"font-style: inherit\"><span style=\"font-style: inherit;font-weight: inherit\">Certification :<\/span><\/td>\n<td style=\"font-style: inherit\"><span style=\"font-style: inherit;font-weight: inherit\">FDA, CE, ISO13485<\/span><\/td>\n<\/tr>\n<tr style=\"font-style: inherit;font-weight: inherit\">\n<td style=\"font-style: inherit\"><span style=\"font-style: inherit;font-weight: inherit\">Capacit\u00e9 :<\/span><\/td>\n<td style=\"font-style: inherit\"><span style=\"font-style: inherit;font-weight: inherit\" data-spm-anchor-id=\"a2700.details.pronpeci14.i3.27639cd7Do9U3i\">100000pcs-150000pcs\/day<\/span><\/td>\n<\/tr>\n<tr style=\"font-style: inherit;font-weight: inherit\">\n<td style=\"font-style: inherit\"><span style=\"font-style: inherit;font-weight: inherit\">Application :<\/span><\/td>\n<td style=\"font-style: inherit\">M\u00e9dical, laboratoire, m\u00e9nage, restaurant, industrie alimentaire et autres<\/td>\n<\/tr>\n<\/tbody>\n<\/table>\n<figure class=\"wp-block-embed wp-block-embed-youtube is-type-video is-provider-youtube epyt-figure\"><div class=\"wp-block-embed__wrapper\"><div  id=\"_ytid_99537\"  width=\"800\" height=\"450\"  data-origwidth=\"800\" data-origheight=\"450\" data-facadesrc=\"https:\/\/www.youtube.com\/embed\/Zpe9IUfABwQ?enablejsapi=1&autoplay=0&cc_load_policy=0&cc_lang_pref=&iv_load_policy=1&loop=0&rel=1&fs=1&playsinline=0&autohide=2&theme=dark&color=red&controls=1&disablekb=0&\" class=\"__youtube_prefs__ epyt-facade no-lazyload\" data-epautoplay=\"1\" ><img decoding=\"async\" data-spai-excluded=\"true\" class=\"epyt-facade-poster skip-lazy\" loading=\"lazy\"  alt=\"Lecteur YouTube\"  src=\"https:\/\/i.ytimg.com\/vi\/Zpe9IUfABwQ\/maxresdefault.jpg\"  \/><button class=\"epyt-facade-play\" aria-label=\"Jouer\"><svg data-no-lazy=\"1\" height=\"100%\" version=\"1.1\" viewbox=\"0 0 68 48\" width=\"100%\"><path class=\"ytp-large-play-button-bg\" d=\"M66.52,7.74c-0.78-2.93-2.49-5.41-5.42-6.19C55.79,.13,34,0,34,0S12.21,.13,6.9,1.55 C3.97,2.33,2.27,4.81,1.48,7.74C0.06,13.05,0,24,0,24s0.06,10.95,1.48,16.26c0.78,2.93,2.49,5.41,5.42,6.19 C12.21,47.87,34,48,34,48s21.79-0.13,27.1-1.55c2.93-0.78,4.64-3.26,5.42-6.19C67.94,34.95,68,24,68,24S67.94,13.05,66.52,7.74z\" fill=\"#f00\"><\/path><path d=\"M 45,24 27,14 27,34\" fill=\"#fff\"><\/path><\/svg><\/button><\/div><\/div><\/figure>\n<p>&nbsp;<\/p>\n<h2>D\u00e9tailler les styles et les avantages des blouses CPE<\/h2>\n<ul>\n<li><strong>Dos ouvert :<\/strong>\u00a0La conception ouverte dans le dos de ces blouses permet une meilleure respirabilit\u00e9 et un plus grand confort pendant le travail, ce qui les rend adapt\u00e9es \u00e0 des p\u00e9riodes de port prolong\u00e9es.<\/li>\n<li><strong>Liens ajustables \u00e0 la taille :<\/strong>\u00a0Les liens \u00e0 la taille permettent un ajustement personnalis\u00e9, garantissant que la blouse reste bien en place pendant les activit\u00e9s et r\u00e9duisant le risque d'exposition aux contaminants.<\/li>\n<\/ul>\n<p><img fetchpriority=\"high\" decoding=\"async\" class=\"aligncenter wp-image-8535 size-large\" src=\"https:\/\/med-disposable.com\/wp-content\/uploads\/2021\/03\/yellow-color-CPE-gown-5-1024x1024.jpg\" alt=\"\" width=\"800\" height=\"800\" srcset=\"https:\/\/med-disposable.com\/wp-content\/uploads\/2021\/03\/yellow-color-CPE-gown-5-1024x1024.jpg 1024w, https:\/\/med-disposable.com\/wp-content\/uploads\/2021\/03\/yellow-color-CPE-gown-5-300x300.jpg 300w, https:\/\/med-disposable.com\/wp-content\/uploads\/2021\/03\/yellow-color-CPE-gown-5-150x150.jpg 150w, https:\/\/med-disposable.com\/wp-content\/uploads\/2021\/03\/yellow-color-CPE-gown-5-768x768.jpg 768w, https:\/\/med-disposable.com\/wp-content\/uploads\/2021\/03\/yellow-color-CPE-gown-5-1536x1536.jpg 1536w, https:\/\/med-disposable.com\/wp-content\/uploads\/2021\/03\/yellow-color-CPE-gown-5-scaled.jpg 2048w, https:\/\/med-disposable.com\/wp-content\/uploads\/2021\/03\/yellow-color-CPE-gown-5-600x600.jpg 600w, https:\/\/med-disposable.com\/wp-content\/uploads\/2021\/03\/yellow-color-CPE-gown-5-100x100.jpg 100w\" sizes=\"(max-width: 800px) 100vw, 800px\" \/><\/p>\n<ul>\n<li><strong>Boucles de pouce :<\/strong>\u00a0Des boucles de pouce int\u00e9gr\u00e9es emp\u00eachent les manches de se retrousser, assurant une couverture compl\u00e8te des bras et une protection suppl\u00e9mentaire lors de t\u00e2ches n\u00e9cessitant un haut niveau de dext\u00e9rit\u00e9.<\/li>\n<\/ul>\n<p><img decoding=\"async\" class=\"aligncenter wp-image-8536 size-large\" src=\"https:\/\/med-disposable.com\/wp-content\/uploads\/2021\/03\/yellow-color-CPE-gown-7-1024x1024.jpg\" alt=\"\" width=\"800\" height=\"800\" srcset=\"https:\/\/med-disposable.com\/wp-content\/uploads\/2021\/03\/yellow-color-CPE-gown-7-1024x1024.jpg 1024w, https:\/\/med-disposable.com\/wp-content\/uploads\/2021\/03\/yellow-color-CPE-gown-7-300x300.jpg 300w, https:\/\/med-disposable.com\/wp-content\/uploads\/2021\/03\/yellow-color-CPE-gown-7-150x150.jpg 150w, https:\/\/med-disposable.com\/wp-content\/uploads\/2021\/03\/yellow-color-CPE-gown-7-768x768.jpg 768w, https:\/\/med-disposable.com\/wp-content\/uploads\/2021\/03\/yellow-color-CPE-gown-7-1536x1536.jpg 1536w, https:\/\/med-disposable.com\/wp-content\/uploads\/2021\/03\/yellow-color-CPE-gown-7-scaled.jpg 2048w, https:\/\/med-disposable.com\/wp-content\/uploads\/2021\/03\/yellow-color-CPE-gown-7-600x600.jpg 600w, https:\/\/med-disposable.com\/wp-content\/uploads\/2021\/03\/yellow-color-CPE-gown-7-100x100.jpg 100w\" sizes=\"(max-width: 800px) 100vw, 800px\" \/><\/p>\n<ul>\n<li><strong>Disponible en jaune, bleu et blanc :<\/strong>\u00a0Choisissez parmi trois couleurs diff\u00e9rentes pour r\u00e9pondre aux exigences sp\u00e9cifiques de votre lieu de travail ou \u00e0 vos pr\u00e9f\u00e9rences personnelles.<\/li>\n<\/ul>\n<p><img decoding=\"async\" class=\"aligncenter wp-image-8531 size-full\" src=\"https:\/\/med-disposable.com\/wp-content\/uploads\/2021\/03\/disposable-cpe-gowns.jpg\" alt=\"\" width=\"800\" height=\"729\" srcset=\"https:\/\/med-disposable.com\/wp-content\/uploads\/2021\/03\/disposable-cpe-gowns.jpg 800w, https:\/\/med-disposable.com\/wp-content\/uploads\/2021\/03\/disposable-cpe-gowns-300x273.jpg 300w, https:\/\/med-disposable.com\/wp-content\/uploads\/2021\/03\/disposable-cpe-gowns-768x700.jpg 768w, https:\/\/med-disposable.com\/wp-content\/uploads\/2021\/03\/disposable-cpe-gowns-600x547.jpg 600w\" sizes=\"(max-width: 800px) 100vw, 800px\" \/><\/p>\n<ul>\n<li><strong>CPE Mat\u00e9riau :<\/strong>\u00a0Fabriqu\u00e9es en poly\u00e9thyl\u00e8ne chlor\u00e9 (CPE) de haute qualit\u00e9, ces blouses jetables offrent une excellente durabilit\u00e9, une protection imperm\u00e9able et une r\u00e9sistance aux produits chimiques, garantissant une barri\u00e8re s\u00fbre et s\u00e9curis\u00e9e contre les contaminants.<\/li>\n<li><strong>Taille universelle :<\/strong>\u00a0Con\u00e7ues pour s'adapter \u00e0 la plupart des individus, ces blouses offrent une protection compl\u00e8te sans compromettre le confort ou la facilit\u00e9 de mouvement.<\/li>\n<\/ul>\n<p>&nbsp;<\/p>\n<h2>Satisfaction garantie<\/h2>\n<p>Nous garantissons la qualit\u00e9 de nos blouses CPE jetables et sommes convaincus que vous serez satisfaits de votre achat. Si vous avez des questions ou des pr\u00e9occupations, n'h\u00e9sitez pas \u00e0 contacter notre \u00e9quipe de service \u00e0 la client\u00e8le pour obtenir de l'aide : info@med-disposable.com.<\/p>\n<p>Restez prot\u00e9g\u00e9 et assurez un environnement de travail hygi\u00e9nique gr\u00e2ce \u00e0 nos blouses CPE jetables durables, confortables et polyvalentes avec boucles de pouce. Commandez d\u00e8s aujourd'hui et constatez la diff\u00e9rence !<\/p>\n<p><img loading=\"lazy\" decoding=\"async\" class=\"aligncenter wp-image-6653 size-large\" src=\"https:\/\/med-disposable.com\/wp-content\/uploads\/2023\/05\/\u62fc\u56fe-1-1024x729.jpg\" alt=\"\" width=\"800\" height=\"570\" srcset=\"https:\/\/med-disposable.com\/wp-content\/uploads\/2023\/05\/\u62fc\u56fe-1-1024x729.jpg 1024w, https:\/\/med-disposable.com\/wp-content\/uploads\/2023\/05\/\u62fc\u56fe-1-300x214.jpg 300w, https:\/\/med-disposable.com\/wp-content\/uploads\/2023\/05\/\u62fc\u56fe-1-768x547.jpg 768w, https:\/\/med-disposable.com\/wp-content\/uploads\/2023\/05\/\u62fc\u56fe-1-600x427.jpg 600w, https:\/\/med-disposable.com\/wp-content\/uploads\/2023\/05\/\u62fc\u56fe-1.jpg 1189w\" sizes=\"(max-width: 800px) 100vw, 800px\" \/><\/p>","protected":false},"excerpt":{"rendered":"<p class=\"product_title entry-title elementor-heading-title elementor-size-default\">Restez prot\u00e9g\u00e9 et maintenez un niveau d'hygi\u00e8ne \u00e9lev\u00e9 gr\u00e2ce \u00e0 nos blouses CPE jetables, dot\u00e9es de boucles de pouce pour plus de s\u00e9curit\u00e9 et de confort. Ces blouses sont parfaites pour une vari\u00e9t\u00e9 d'environnements, y compris les \u00e9tablissements de sant\u00e9, les laboratoires, les usines de transformation des aliments, et plus encore. Disponibles en jaune, bleu et blanc, ces blouses sont con\u00e7ues pour offrir une protection optimale tout en garantissant un ajustement confortable.<\/p>","protected":false},"featured_media":8532,"template":"","meta":{"_seopress_robots_primary_cat":"none","_seopress_titles_title":"Disposable plastic CPE gown with thumb loops - YouFu Medical","_seopress_titles_desc":"Explore a range of Disposable plastic CPE gown with thumb loops for Medical, labortory, household, restaurant and food industry use. Waterproof, anti-fouling, sanitary and convenient.","_seopress_robots_index":""},"product_brand":[],"product_cat":[43],"product_tag":[78,75],"class_list":{"0":"post-698","1":"product","2":"type-product","3":"status-publish","4":"has-post-thumbnail","6":"product_cat-gowns","7":"product_tag-gown","8":"product_tag-plastic","10":"first","11":"instock","12":"shipping-taxable","13":"product-type-simple"},"_links":{"self":[{"href":"https:\/\/med-disposable.com\/fr\/wp-json\/wp\/v2\/product\/698","targetHints":{"allow":["GET"]}}],"collection":[{"href":"https:\/\/med-disposable.com\/fr\/wp-json\/wp\/v2\/product"}],"about":[{"href":"https:\/\/med-disposable.com\/fr\/wp-json\/wp\/v2\/types\/product"}],"version-history":[{"count":0,"href":"https:\/\/med-disposable.com\/fr\/wp-json\/wp\/v2\/product\/698\/revisions"}],"wp:featuredmedia":[{"embeddable":true,"href":"https:\/\/med-disposable.com\/fr\/wp-json\/wp\/v2\/media\/8532"}],"wp:attachment":[{"href":"https:\/\/med-disposable.com\/fr\/wp-json\/wp\/v2\/media?parent=698"}],"wp:term":[{"taxonomy":"product_brand","embeddable":true,"href":"https:\/\/med-disposable.com\/fr\/wp-json\/wp\/v2\/product_brand?post=698"},{"taxonomy":"product_cat","embeddable":true,"href":"https:\/\/med-disposable.com\/fr\/wp-json\/wp\/v2\/product_cat?post=698"},{"taxonomy":"product_tag","embeddable":true,"href":"https:\/\/med-disposable.com\/fr\/wp-json\/wp\/v2\/product_tag?post=698"}],"curies":[{"name":"wp","href":"https:\/\/api.w.org\/{rel}","templated":true}]}}