{"id":7236,"date":"2023-05-30T14:52:42","date_gmt":"2023-05-30T06:52:42","guid":{"rendered":"https:\/\/med-disposable.com\/?post_type=product&#038;p=7236"},"modified":"2023-05-30T14:52:42","modified_gmt":"2023-05-30T06:52:42","slug":"combinaison-medicale-renforcee-par-un-ruban-adhesif-avec-chaussons","status":"publish","type":"product","link":"https:\/\/med-disposable.com\/fr\/product\/tape-reinforced-medical-coverall-with-booties\/","title":{"rendered":"Combinaison m\u00e9dicale renforc\u00e9e par du ruban adh\u00e9sif avec chaussons"},"content":{"rendered":"<h2>Sp\u00e9cifications d\u00e9taill\u00e9es :<\/h2>\n<table width=\"128\">\n<tbody>\n<tr>\n<td width=\"64\">Mat\u00e9riau :<\/td>\n<td width=\"64\">Film microporeux durable, enduit de PP non tiss\u00e9, avec coutures \u00e9tanches<\/td>\n<\/tr>\n<tr>\n<td width=\"64\">Taille :<\/td>\n<td>Disponible en plusieurs tailles (S, M, L, XL, XXL)<\/td>\n<\/tr>\n<tr>\n<td width=\"64\">Couleur :<\/td>\n<td>Couleur blanche, ruban bleu<\/td>\n<\/tr>\n<tr>\n<td width=\"64\">Fermeture :<\/td>\n<td>Fermeture \u00e0 glissi\u00e8re avec rabat adh\u00e9sif pour une protection accrue<\/td>\n<\/tr>\n<tr>\n<td rowspan=\"4\" width=\"64\">Style :<\/td>\n<td>Poignets \u00e9lastiques, avec une boucle pour le pouce<\/td>\n<\/tr>\n<tr>\n<td>Capuche attenante pour une couverture compl\u00e8te de la t\u00eate<\/td>\n<\/tr>\n<tr>\n<td>Poignets, taille et chevilles \u00e9lastiques pour une bonne tenue.<\/td>\n<\/tr>\n<tr>\n<td>\u00a0Avec attaches \u00e0 la cheville pour un meilleur ajustement ; ruban adh\u00e9sif sur chaque partie cousue<\/td>\n<\/tr>\n<tr>\n<td width=\"64\">Norme de qualit\u00e9 :<\/td>\n<td>ASTM niveau 3<\/td>\n<\/tr>\n<tr>\n<td width=\"64\">Emballage :<\/td>\n<td>1pc\/sachet, 50pcs\/ctn, options d'emballage personnalisables disponibles<\/td>\n<\/tr>\n<\/tbody>\n<\/table>\n<p>&nbsp;<\/p>\n<p><img fetchpriority=\"high\" decoding=\"async\" class=\"aligncenter wp-image-7255 size-full\" src=\"https:\/\/med-disposable.com\/wp-content\/uploads\/2023\/05\/medical-coveralls.jpg\" alt=\"\" width=\"800\" height=\"694\" srcset=\"https:\/\/med-disposable.com\/wp-content\/uploads\/2023\/05\/medical-coveralls.jpg 800w, https:\/\/med-disposable.com\/wp-content\/uploads\/2023\/05\/medical-coveralls-300x260.jpg 300w, https:\/\/med-disposable.com\/wp-content\/uploads\/2023\/05\/medical-coveralls-768x666.jpg 768w, https:\/\/med-disposable.com\/wp-content\/uploads\/2023\/05\/medical-coveralls-600x521.jpg 600w\" sizes=\"(max-width: 800px) 100vw, 800px\" \/><\/p>\n<p>&nbsp;<\/p>\n<h2>Caract\u00e9ristiques stylistiques et avantages des combinaisons renforc\u00e9es par un ruban adh\u00e9sif :<\/h2>\n<p><strong>1.des boucles de pouce sont ajout\u00e9es<\/strong>Les manches de la combinaison ne glissant pas le long du bras, les poignets et la partie inf\u00e9rieure des bras sont enti\u00e8rement couverts, ce qui minimise le risque de contamination et d'exposition \u00e0 des mati\u00e8res infectieuses.<\/p>\n<p>&nbsp;<\/p>\n<p><img decoding=\"async\" class=\"aligncenter wp-image-7250 size-full\" src=\"https:\/\/med-disposable.com\/wp-content\/uploads\/2023\/05\/taped-disposable-coveralls-17.png\" alt=\"\" width=\"800\" height=\"800\" srcset=\"https:\/\/med-disposable.com\/wp-content\/uploads\/2023\/05\/taped-disposable-coveralls-17.png 800w, https:\/\/med-disposable.com\/wp-content\/uploads\/2023\/05\/taped-disposable-coveralls-17-300x300.png 300w, https:\/\/med-disposable.com\/wp-content\/uploads\/2023\/05\/taped-disposable-coveralls-17-150x150.png 150w, https:\/\/med-disposable.com\/wp-content\/uploads\/2023\/05\/taped-disposable-coveralls-17-768x768.png 768w, https:\/\/med-disposable.com\/wp-content\/uploads\/2023\/05\/taped-disposable-coveralls-17-600x600.png 600w, https:\/\/med-disposable.com\/wp-content\/uploads\/2023\/05\/taped-disposable-coveralls-17-100x100.png 100w\" sizes=\"(max-width: 800px) 100vw, 800px\" \/><\/p>\n<p><strong>2. tous les joints d'\u00e9tanch\u00e9it\u00e9 sont renforc\u00e9s par des rubans bleus<\/strong>Les combinaisons de travail sont munies de rubans \u00e0 la taille, aux poignets et aux chevilles pour garantir un ajustement parfait et minimiser le risque de p\u00e9n\u00e9tration de contaminants dans les combinaisons. Elles augmentent \u00e9galement la durabilit\u00e9 en renfor\u00e7ant les coutures et en les emp\u00eachant de s'effilocher ou de se d\u00e9chirer sous l'effet du stress.<\/p>\n<p>&nbsp;<\/p>\n<p><img decoding=\"async\" class=\"aligncenter wp-image-7243 size-full\" src=\"https:\/\/med-disposable.com\/wp-content\/uploads\/2023\/05\/taped-disposable-coveralls-5.png\" alt=\"\" width=\"800\" height=\"800\" srcset=\"https:\/\/med-disposable.com\/wp-content\/uploads\/2023\/05\/taped-disposable-coveralls-5.png 800w, https:\/\/med-disposable.com\/wp-content\/uploads\/2023\/05\/taped-disposable-coveralls-5-300x300.png 300w, https:\/\/med-disposable.com\/wp-content\/uploads\/2023\/05\/taped-disposable-coveralls-5-150x150.png 150w, https:\/\/med-disposable.com\/wp-content\/uploads\/2023\/05\/taped-disposable-coveralls-5-768x768.png 768w, https:\/\/med-disposable.com\/wp-content\/uploads\/2023\/05\/taped-disposable-coveralls-5-600x600.png 600w, https:\/\/med-disposable.com\/wp-content\/uploads\/2023\/05\/taped-disposable-coveralls-5-100x100.png 100w\" sizes=\"(max-width: 800px) 100vw, 800px\" \/><\/p>\n<p>&nbsp;<\/p>\n<p><strong>3. avec bottes et liens \u00e0 la cheville<\/strong>Les bottes : elles offrent une couche de protection suppl\u00e9mentaire pour les pieds. Les liens aux chevilles permettent de fixer les bottes de la combinaison en place, ce qui garantit un bon ajustement et minimise le risque de p\u00e9n\u00e9tration de contaminants par le bas de la combinaison. Cela \u00e9vite \u00e9galement que les bottes ne glissent ou ne se d\u00e9placent pendant le travail, ce qui peut \u00eatre inconfortable et g\u00eanant pour le porteur.<\/p>\n<p>&nbsp;<\/p>\n<p><img loading=\"lazy\" decoding=\"async\" class=\"aligncenter wp-image-7241 size-full\" src=\"https:\/\/med-disposable.com\/wp-content\/uploads\/2023\/05\/taped-disposable-coveralls-3.png\" alt=\"\" width=\"800\" height=\"800\" srcset=\"https:\/\/med-disposable.com\/wp-content\/uploads\/2023\/05\/taped-disposable-coveralls-3.png 800w, https:\/\/med-disposable.com\/wp-content\/uploads\/2023\/05\/taped-disposable-coveralls-3-300x300.png 300w, https:\/\/med-disposable.com\/wp-content\/uploads\/2023\/05\/taped-disposable-coveralls-3-150x150.png 150w, https:\/\/med-disposable.com\/wp-content\/uploads\/2023\/05\/taped-disposable-coveralls-3-768x768.png 768w, https:\/\/med-disposable.com\/wp-content\/uploads\/2023\/05\/taped-disposable-coveralls-3-600x600.png 600w, https:\/\/med-disposable.com\/wp-content\/uploads\/2023\/05\/taped-disposable-coveralls-3-100x100.png 100w\" sizes=\"(max-width: 800px) 100vw, 800px\" \/><\/p>\n<p>&nbsp;<\/p>\n<p><strong>4. fermeture \u00e0 glissi\u00e8re frontale avec rabat, s\u00e9curis\u00e9e par un autocollant<\/strong>: L'autocollant permet de fixer le rabat en place, de le maintenir fermement ferm\u00e9 et d'emp\u00eacher les contaminants de p\u00e9n\u00e9trer par la zone de la fermeture \u00e0 glissi\u00e8re. Cela garantit une barri\u00e8re plus s\u00fbre contre les risques potentiels et am\u00e9liore la protection globale.<\/p>\n<p>&nbsp;<\/p>\n<p><img loading=\"lazy\" decoding=\"async\" class=\"aligncenter wp-image-7240 size-full\" src=\"https:\/\/med-disposable.com\/wp-content\/uploads\/2023\/05\/taped-disposable-coveralls-2.png\" alt=\"\" width=\"800\" height=\"800\" srcset=\"https:\/\/med-disposable.com\/wp-content\/uploads\/2023\/05\/taped-disposable-coveralls-2.png 800w, https:\/\/med-disposable.com\/wp-content\/uploads\/2023\/05\/taped-disposable-coveralls-2-300x300.png 300w, https:\/\/med-disposable.com\/wp-content\/uploads\/2023\/05\/taped-disposable-coveralls-2-150x150.png 150w, https:\/\/med-disposable.com\/wp-content\/uploads\/2023\/05\/taped-disposable-coveralls-2-768x768.png 768w, https:\/\/med-disposable.com\/wp-content\/uploads\/2023\/05\/taped-disposable-coveralls-2-600x600.png 600w, https:\/\/med-disposable.com\/wp-content\/uploads\/2023\/05\/taped-disposable-coveralls-2-100x100.png 100w\" sizes=\"(max-width: 800px) 100vw, 800px\" \/><\/p>\n<p>&nbsp;<\/p>\n<p>&nbsp;<\/p>\n<p>&nbsp;<\/p>","protected":false},"excerpt":{"rendered":"<p>La combinaison m\u00e9dicale renforc\u00e9e avec chaussons est con\u00e7ue pour offrir aux professionnels de la sant\u00e9 une protection et un confort maximums pendant les proc\u00e9dures m\u00e9dicales. Fabriqu\u00e9es \u00e0 partir de mat\u00e9riaux de haute qualit\u00e9 et dot\u00e9es de coutures renforc\u00e9es pour une meilleure durabilit\u00e9, ces combinaisons sont parfaites pour les h\u00f4pitaux, les cliniques et les autres \u00e9tablissements de soins de sant\u00e9 exigeant des normes d'hygi\u00e8ne strictes.<\/p>","protected":false},"featured_media":7244,"template":"","meta":{"_seopress_robots_primary_cat":"none","_seopress_titles_title":"Durable Protectives Coveralls For Medical Work W\/Thumb Loops, Taped Seams &amp; Boot","_seopress_titles_desc":"Get extended protection with our reinforced tape coveralls! Features Elastic cuffs, thumb loops, front zipper with flap &amp; ties on ankles. ASTM Level 3 protection. Durable &amp; comfortable. Available in various sizes.","_seopress_robots_index":""},"product_brand":[],"product_cat":[44],"product_tag":[331],"class_list":{"0":"post-7236","1":"product","2":"type-product","3":"status-publish","4":"has-post-thumbnail","6":"product_cat-coverall","7":"product_tag-medical-coveralls","9":"first","10":"instock","11":"shipping-taxable","12":"product-type-simple"},"_links":{"self":[{"href":"https:\/\/med-disposable.com\/fr\/wp-json\/wp\/v2\/product\/7236","targetHints":{"allow":["GET"]}}],"collection":[{"href":"https:\/\/med-disposable.com\/fr\/wp-json\/wp\/v2\/product"}],"about":[{"href":"https:\/\/med-disposable.com\/fr\/wp-json\/wp\/v2\/types\/product"}],"version-history":[{"count":0,"href":"https:\/\/med-disposable.com\/fr\/wp-json\/wp\/v2\/product\/7236\/revisions"}],"wp:featuredmedia":[{"embeddable":true,"href":"https:\/\/med-disposable.com\/fr\/wp-json\/wp\/v2\/media\/7244"}],"wp:attachment":[{"href":"https:\/\/med-disposable.com\/fr\/wp-json\/wp\/v2\/media?parent=7236"}],"wp:term":[{"taxonomy":"product_brand","embeddable":true,"href":"https:\/\/med-disposable.com\/fr\/wp-json\/wp\/v2\/product_brand?post=7236"},{"taxonomy":"product_cat","embeddable":true,"href":"https:\/\/med-disposable.com\/fr\/wp-json\/wp\/v2\/product_cat?post=7236"},{"taxonomy":"product_tag","embeddable":true,"href":"https:\/\/med-disposable.com\/fr\/wp-json\/wp\/v2\/product_tag?post=7236"}],"curies":[{"name":"wp","href":"https:\/\/api.w.org\/{rel}","templated":true}]}}