{"id":968,"date":"2021-03-17T14:33:56","date_gmt":"2021-03-17T06:33:56","guid":{"rendered":"https:\/\/med-disposable.com\/?post_type=product&#038;p=968"},"modified":"2023-08-16T17:40:06","modified_gmt":"2023-08-16T09:40:06","slug":"masque-de-protection-jetable-pour-les-yeux-masque-de-protection-pour-le-visage","status":"publish","type":"product","link":"https:\/\/med-disposable.com\/fr\/product\/disposable-eye-shield-face-mask\/","title":{"rendered":"Masque oculaire jetable"},"content":{"rendered":"<p>Am\u00e9liorez votre protection avec le masque facial jetable Eye Shield, con\u00e7u avec expertise pour une s\u00e9curit\u00e9 accrue. Int\u00e9grant un syst\u00e8me de filtration de haute qualit\u00e9 et un \u00e9cran oculaire, il offre une double couche de protection. Con\u00e7u pour les environnements exigeants des milieux m\u00e9dicaux et chirurgicaux, ce masque garantit une respirabilit\u00e9 et une vision sans compromis.<\/p>\n<h3><strong>Caract\u00e9ristiques :<\/strong><\/h3>\n<ol>\n<li><strong>Filtration Premium<\/strong>: Construit avec un papier filtre BFE99% pris en sandwich entre un mat\u00e9riau non tiss\u00e9, il retient efficacement les particules nocives.<\/li>\n<li><strong>\u00c9cran oculaire int\u00e9gr\u00e9<\/strong>: L'\u00e9cran oculaire antibu\u00e9e et anti-\u00e9claboussures garantit une vision claire et une protection contre les \u00e9claboussures de liquides.<\/li>\n<li><strong>Conception ergonomique<\/strong>: Con\u00e7ue pour le confort, elle assure une bonne tenue sans \u00eatre contraignante.<\/li>\n<\/ol>\n<p><img fetchpriority=\"high\" decoding=\"async\" class=\"wp-image-3239 size-full\" src=\"https:\/\/med-disposable.com\/wp-content\/uploads\/2022\/03\/Face-mask-with-eye-shield-t.jpg\" alt=\"\" width=\"800\" height=\"800\" srcset=\"https:\/\/med-disposable.com\/wp-content\/uploads\/2022\/03\/Face-mask-with-eye-shield-t.jpg 800w, https:\/\/med-disposable.com\/wp-content\/uploads\/2022\/03\/Face-mask-with-eye-shield-t-300x300.jpg 300w, https:\/\/med-disposable.com\/wp-content\/uploads\/2022\/03\/Face-mask-with-eye-shield-t-150x150.jpg 150w, https:\/\/med-disposable.com\/wp-content\/uploads\/2022\/03\/Face-mask-with-eye-shield-t-768x768.jpg 768w, https:\/\/med-disposable.com\/wp-content\/uploads\/2022\/03\/Face-mask-with-eye-shield-t-600x600.jpg 600w, https:\/\/med-disposable.com\/wp-content\/uploads\/2022\/03\/Face-mask-with-eye-shield-t-100x100.jpg 100w\" sizes=\"(max-width: 800px) 100vw, 800px\" \/><\/p>\n<p><strong>Sp\u00e9cification d\u00e9taill\u00e9e :<\/strong><\/p>\n<table width=\"588\">\n<tbody>\n<tr>\n<td width=\"114\">Mat\u00e9riau<\/td>\n<td width=\"474\">Couche ext\u00e9rieure : SBPP imprim\u00e9, 25gr\/m\u00b2.<br \/>\nCouche interm\u00e9diaire : MB, 25gr\/m\u00b2<br \/>\nCouche int\u00e9rieure : PP souple, 25gr\/m\u00b2.<\/td>\n<\/tr>\n<tr>\n<td width=\"114\">Taille<\/td>\n<td width=\"474\">17.5*9.5cm<\/td>\n<\/tr>\n<tr>\n<td width=\"114\">Style<\/td>\n<td width=\"474\">Boucle d'oreille ou avec attaches<\/td>\n<\/tr>\n<tr>\n<td width=\"114\">Emballage<\/td>\n<td width=\"474\">50 pcs\/bo\u00eete, 2000pcs\/ctn, selon les besoins<\/td>\n<\/tr>\n<tr>\n<td width=\"114\">Conception de l'emballage<\/td>\n<td width=\"474\">L'impression des bo\u00eetes int\u00e9rieures et des cartons peut \u00eatre r\u00e9alis\u00e9e selon les besoins.<\/td>\n<\/tr>\n<tr>\n<td width=\"114\">\u00c9chantillon<\/td>\n<td width=\"474\">\u00e9chantillons gratuits pour v\u00e9rification dans un d\u00e9lai d'une semaine<\/td>\n<\/tr>\n<tr>\n<td width=\"114\">D\u00e9lai de paiement<\/td>\n<td width=\"474\">T\/T, L\/C<\/td>\n<\/tr>\n<tr>\n<td width=\"114\">D\u00e9lai de livraison<\/td>\n<td width=\"474\">1*40HQ peut \u00eatre termin\u00e9 dans un d\u00e9lai de 15 jours<\/td>\n<\/tr>\n<tr>\n<td width=\"114\">Port FOB<\/td>\n<td width=\"474\">Wuhan\/Shanghai\/Guangzhou\/Ningbo<\/td>\n<\/tr>\n<tr>\n<td>Fonctionnalit\u00e9 :<\/td>\n<td>\u00c9cologique, doux, confortable, respirant, hypoallerg\u00e9nique<\/td>\n<\/tr>\n<\/tbody>\n<\/table>\n<h3><strong>Avantages :<\/strong><\/h3>\n<ul>\n<li><strong>Double protection<\/strong>: Prot\u00e8ge les voies respiratoires et visuelles contre les contaminants potentiels.<\/li>\n<li><strong>Une vision claire<\/strong>: La conception antibu\u00e9e garantit une vision sans obstruction, m\u00eame dans des environnements tr\u00e8s humides.<\/li>\n<li><strong>Respirabilit\u00e9 optimale<\/strong>: Malgr\u00e9 sa protection compl\u00e8te, le masque permet de respirer facilement.<\/li>\n<li><strong>Multi-fonctionnel<\/strong>: Convient \u00e0 une vari\u00e9t\u00e9 de contextes au-del\u00e0 des applications m\u00e9dicales.<\/li>\n<\/ul>\n<p>&nbsp;<\/p>\n<h3><strong>Applications :<\/strong><\/h3>\n<p>Parfait pour les professionnels de la sant\u00e9 dans les cabinets m\u00e9dicaux, les environnements m\u00e9dicaux et les laboratoires. Il est \u00e9galement id\u00e9al pour tout environnement pr\u00e9sentant un risque de particules en suspension dans l'air et d'\u00e9claboussures de liquides, comme les installations de recherche ou les sites industriels.<\/p>\n<h3><strong>Mode d'emploi :<\/strong><\/h3>\n<ol>\n<li>Se d\u00e9sinfecter soigneusement les mains avant de manipuler le masque.<\/li>\n<li>Tenez-le par les boucles d'oreilles, en veillant \u00e0 ce que la protection des yeux soit plac\u00e9e sur le dessus.<\/li>\n<li>Placez le masque sur le visage, en couvrant le nez et la bouche. Ajuster l'\u00e9cran oculaire pour une couverture optimale.<\/li>\n<li>Assurer une bonne tenue, en r\u00e9duisant au minimum les espaces sur les c\u00f4t\u00e9s.<\/li>\n<li>Apr\u00e8s utilisation, retirer l'appareil sans toucher la face avant, le jeter de mani\u00e8re responsable et se laver les mains.<\/li>\n<\/ol>\n<p><strong>FAQ pour les clients d'outre-mer :<\/strong><\/p>\n<ol>\n<li><strong>Quels prix ou remises bas\u00e9s sur le volume peuvent \u00eatre attendus pour les commandes en gros ?<\/strong>Pour les commandes en gros, nous proposons un syst\u00e8me de prix \u00e9chelonn\u00e9s, avec des remises en fonction de la quantit\u00e9 achet\u00e9e. Notre service des ventes peut fournir un devis d\u00e9taill\u00e9 sur demande, garantissant ainsi le meilleur rapport qualit\u00e9-prix pour vos besoins d'approvisionnement.<\/li>\n<li><strong>Comment l'\u00e9cran oculaire conserve-t-il ses propri\u00e9t\u00e9s antibu\u00e9e ?<\/strong>L'\u00e9cran oculaire int\u00e9gr\u00e9 est trait\u00e9 avec un rev\u00eatement antibu\u00e9e sp\u00e9cialis\u00e9, con\u00e7u pour repousser l'humidit\u00e9 et maintenir la clart\u00e9. L'\u00e9cran reste ainsi transparent m\u00eame dans des environnements soumis \u00e0 d'importantes variations de temp\u00e9rature ou \u00e0 un taux d'humidit\u00e9 \u00e9lev\u00e9, comme les salles d'op\u00e9ration.<\/li>\n<li><strong>Est-il possible de personnaliser le marquage ou l'emballage pour les commandes importantes ?<\/strong>Certainement. Nous proposons des options de personnalisation, y compris le marquage et l'emballage sp\u00e9cialis\u00e9, pour les commandes en gros importantes. Notre \u00e9quipe collabore \u00e9troitement avec les clients pour s'assurer que leurs exigences sont satisfaites au maximum.<\/li>\n<\/ol>","protected":false},"excerpt":{"rendered":"<p>La protection des yeux est antibu\u00e9e et anti-\u00e9claboussures.<\/p>\n<p>Boucle d'oreille, peut \u00e9galement \u00eatre attach\u00e9e<\/p>","protected":false},"featured_media":975,"template":"","meta":{"_seopress_robots_primary_cat":"none","_seopress_titles_title":"Disposable Eye Shield Face Mask | Eye Shield - YouFu Medical","_seopress_titles_desc":"Disposable Eye Shield Face Mask - Anti penetration, anti fog, anti splash. Ear loop or tie on style, as your requirement. Eco-Friendly, soft, comfortable, breathable, hypoallergenic.","_seopress_robots_index":""},"product_brand":[],"product_cat":[100],"product_tag":[81,60],"class_list":{"0":"post-968","1":"product","2":"type-product","3":"status-publish","4":"has-post-thumbnail","6":"product_cat-face-mask","7":"product_tag-eye-shield","8":"product_tag-face-mask","10":"first","11":"instock","12":"shipping-taxable","13":"product-type-simple"},"_links":{"self":[{"href":"https:\/\/med-disposable.com\/fr\/wp-json\/wp\/v2\/product\/968","targetHints":{"allow":["GET"]}}],"collection":[{"href":"https:\/\/med-disposable.com\/fr\/wp-json\/wp\/v2\/product"}],"about":[{"href":"https:\/\/med-disposable.com\/fr\/wp-json\/wp\/v2\/types\/product"}],"version-history":[{"count":0,"href":"https:\/\/med-disposable.com\/fr\/wp-json\/wp\/v2\/product\/968\/revisions"}],"wp:featuredmedia":[{"embeddable":true,"href":"https:\/\/med-disposable.com\/fr\/wp-json\/wp\/v2\/media\/975"}],"wp:attachment":[{"href":"https:\/\/med-disposable.com\/fr\/wp-json\/wp\/v2\/media?parent=968"}],"wp:term":[{"taxonomy":"product_brand","embeddable":true,"href":"https:\/\/med-disposable.com\/fr\/wp-json\/wp\/v2\/product_brand?post=968"},{"taxonomy":"product_cat","embeddable":true,"href":"https:\/\/med-disposable.com\/fr\/wp-json\/wp\/v2\/product_cat?post=968"},{"taxonomy":"product_tag","embeddable":true,"href":"https:\/\/med-disposable.com\/fr\/wp-json\/wp\/v2\/product_tag?post=968"}],"curies":[{"name":"wp","href":"https:\/\/api.w.org\/{rel}","templated":true}]}}