{"id":1001,"date":"2021-03-23T11:10:03","date_gmt":"2021-03-23T03:10:03","guid":{"rendered":"https:\/\/med-disposable.com\/?post_type=product&#038;p=1001"},"modified":"2023-06-28T14:53:30","modified_gmt":"2023-06-28T06:53:30","slug":"lencois-de-berco-descartaveis-e-resistentes-lencois-de-maca","status":"publish","type":"product","link":"https:\/\/med-disposable.com\/pt\/product\/disposable-heavy-duty-fitted-cot-sheets-stretcher-sheets\/","title":{"rendered":"Len\u00e7\u00f3is de cama e len\u00e7\u00f3is de maca descart\u00e1veis para trabalhos pesados"},"content":{"rendered":"<p><strong>Introdu\u00e7\u00e3o do produto:<\/strong><\/p>\n<p>Experimente a melhor combina\u00e7\u00e3o de seguran\u00e7a, conforto e durabilidade com os nossos len\u00e7\u00f3is de cama descart\u00e1veis para servi\u00e7o pesado\/folhas de maca. Estes len\u00e7\u00f3is foram concebidos e fabricados para apoiar as instala\u00e7\u00f5es m\u00e9dicas e de cuidados de sa\u00fade na presta\u00e7\u00e3o dos melhores cuidados aos doentes. Fabricados com tecnologia inovadora de duas camadas, estes len\u00e7\u00f3is proporcionam um conforto e uma higiene inigual\u00e1veis, maximizando a seguran\u00e7a e o conforto dos doentes.<\/p>\n<p><img fetchpriority=\"high\" decoding=\"async\" class=\"aligncenter wp-image-8774 size-full\" src=\"https:\/\/med-disposable.com\/wp-content\/uploads\/2021\/03\/201908221709313914954-1.jpg\" alt=\"\" width=\"800\" height=\"800\" srcset=\"https:\/\/med-disposable.com\/wp-content\/uploads\/2021\/03\/201908221709313914954-1.jpg 800w, https:\/\/med-disposable.com\/wp-content\/uploads\/2021\/03\/201908221709313914954-1-300x300.jpg 300w, https:\/\/med-disposable.com\/wp-content\/uploads\/2021\/03\/201908221709313914954-1-150x150.jpg 150w, https:\/\/med-disposable.com\/wp-content\/uploads\/2021\/03\/201908221709313914954-1-768x768.jpg 768w, https:\/\/med-disposable.com\/wp-content\/uploads\/2021\/03\/201908221709313914954-1-600x600.jpg 600w, https:\/\/med-disposable.com\/wp-content\/uploads\/2021\/03\/201908221709313914954-1-100x100.jpg 100w\" sizes=\"(max-width: 800px) 100vw, 800px\" \/><\/p>\n<p><strong>Carater\u00edsticas do produto:<\/strong><\/p>\n<p>Os nossos len\u00e7\u00f3is de cama descart\u00e1veis para servi\u00e7o pesado possuem uma combina\u00e7\u00e3o \u00fanica de duas camadas distintas:<\/p>\n<ol>\n<li><em>Camada exterior:<\/em> Esta camada \u00e9 constitu\u00edda por material n\u00e3o tecido PP hidrof\u00edlico, conhecido pela sua extraordin\u00e1ria absor\u00e7\u00e3o, textura suave e respirabilidade. Existe tamb\u00e9m a op\u00e7\u00e3o alternativa de utilizar material n\u00e3o tecido Spunlace, que oferece um n\u00edvel semelhante de qualidade e desempenho.<\/li>\n<li><em>Camada interior:<\/em> A camada interior apresenta uma pel\u00edcula fundida pesada que melhora a resist\u00eancia aos fluidos e ao rasgamento, proporcionando um n\u00edvel extra de prote\u00e7\u00e3o e durabilidade. Em alternativa, a camada interior tamb\u00e9m pode ser Microporosa+PE.<\/li>\n<\/ol>\n<p><img decoding=\"async\" class=\"aligncenter wp-image-8775 size-full\" src=\"https:\/\/med-disposable.com\/wp-content\/uploads\/2021\/03\/201908221709312158291-1.jpg\" alt=\"\" width=\"800\" height=\"800\" srcset=\"https:\/\/med-disposable.com\/wp-content\/uploads\/2021\/03\/201908221709312158291-1.jpg 800w, https:\/\/med-disposable.com\/wp-content\/uploads\/2021\/03\/201908221709312158291-1-300x300.jpg 300w, https:\/\/med-disposable.com\/wp-content\/uploads\/2021\/03\/201908221709312158291-1-150x150.jpg 150w, https:\/\/med-disposable.com\/wp-content\/uploads\/2021\/03\/201908221709312158291-1-768x768.jpg 768w, https:\/\/med-disposable.com\/wp-content\/uploads\/2021\/03\/201908221709312158291-1-600x600.jpg 600w, https:\/\/med-disposable.com\/wp-content\/uploads\/2021\/03\/201908221709312158291-1-100x100.jpg 100w\" sizes=\"(max-width: 800px) 100vw, 800px\" \/><\/p>\n<p><strong>Especifica\u00e7\u00f5es pormenorizadas:<\/strong><\/p>\n<table width=\"875\">\n<tbody>\n<tr>\n<td width=\"106\">Material<\/td>\n<td width=\"769\">pel\u00edcula hidrof\u00edlica n\u00e3o tecida+fundida de PP ou pel\u00edcula microporosa revestida de PE<\/td>\n<\/tr>\n<tr>\n<td>Estilo<\/td>\n<td>com el\u00e1stico nas duas extremidades, podendo ser el\u00e1stico nos quatro cantos, se necess\u00e1rio.<\/td>\n<\/tr>\n<tr>\n<td>Peso em gramas<\/td>\n<td>55-75gsm, a pedido<\/td>\n<\/tr>\n<tr>\n<td>Tamanho<\/td>\n<td>35*80\", 45*95\", conforme personalizado<\/td>\n<\/tr>\n<tr>\n<td>Embalagem<\/td>\n<td>5pcs\/saco, 50pcs\/caixa de cart\u00e3o, ou conforme os requisitos<\/td>\n<\/tr>\n<tr>\n<td>Porto de carga<\/td>\n<td>Wuhan<\/td>\n<\/tr>\n<tr>\n<td>Prazo de entrega<\/td>\n<td>cerca de 30 dias, de acordo com a quantidade da sua encomenda<\/td>\n<\/tr>\n<tr>\n<td>Prazo de pagamento<\/td>\n<td>T\/T, L\/C<\/td>\n<\/tr>\n<tr>\n<td>Certificado<\/td>\n<td>CE, FDA<\/td>\n<\/tr>\n<tr>\n<td>Observa\u00e7\u00e3o<\/td>\n<td>Dispon\u00edvel em diferentes pesos, tamanhos e embalagens, conforme solicitado; as amostras e especifica\u00e7\u00f5es do cliente s\u00e3o sempre bem-vindas.<\/td>\n<\/tr>\n<\/tbody>\n<\/table>\n<p>&nbsp;<\/p>\n<p><strong>Vantagens:<\/strong><\/p>\n<p>Estes len\u00e7\u00f3is de cama descart\u00e1veis e resistentes oferecem v\u00e1rias vantagens importantes:<\/p>\n<ul>\n<li>Foram especificamente concebidos para suportar um peso do doente n\u00e3o inferior a 300 libras, garantindo a seguran\u00e7a e o conforto do doente durante a utiliza\u00e7\u00e3o.<\/li>\n<li>A elevada capacidade de absor\u00e7\u00e3o da camada exterior aumenta o conforto do doente, absorvendo eficazmente o suor e outros fluidos corporais.<\/li>\n<li>A camada interior de pel\u00edcula fundida pesada garante a resist\u00eancia aos fluidos, minimizando o risco de derrames e fugas.<\/li>\n<li>A qualidade resistente ao rasgamento destas folhas proporciona uma maior durabilidade e longevidade, reduzindo os custos de substitui\u00e7\u00e3o.<\/li>\n<li>Estas folhas oferecem a comodidade de poderem ser descartadas, o que simplifica a limpeza e melhora as medidas de controlo de infec\u00e7\u00f5es.<\/li>\n<\/ul>\n<p><strong>Utiliza\u00e7\u00f5es:<\/strong><\/p>\n<p>Os nossos len\u00e7\u00f3is descart\u00e1veis s\u00e3o adequados para uma grande variedade de ambientes de cuidados de sa\u00fade, incluindo hospitais, cl\u00ednicas, instala\u00e7\u00f5es de cuidados prolongados e servi\u00e7os de emerg\u00eancia m\u00e9dica. Podem ser utilizados em salas de emerg\u00eancia, salas de opera\u00e7\u00f5es, quartos de doentes, ambul\u00e2ncias e muito mais.<\/p>\n<p><img decoding=\"async\" class=\"aligncenter wp-image-8776 size-full\" src=\"https:\/\/med-disposable.com\/wp-content\/uploads\/2021\/03\/He85e43247bf04980a7cab437e747b997R-1.jpg\" alt=\"\" width=\"800\" height=\"800\" srcset=\"https:\/\/med-disposable.com\/wp-content\/uploads\/2021\/03\/He85e43247bf04980a7cab437e747b997R-1.jpg 800w, https:\/\/med-disposable.com\/wp-content\/uploads\/2021\/03\/He85e43247bf04980a7cab437e747b997R-1-300x300.jpg 300w, https:\/\/med-disposable.com\/wp-content\/uploads\/2021\/03\/He85e43247bf04980a7cab437e747b997R-1-150x150.jpg 150w, https:\/\/med-disposable.com\/wp-content\/uploads\/2021\/03\/He85e43247bf04980a7cab437e747b997R-1-768x768.jpg 768w, https:\/\/med-disposable.com\/wp-content\/uploads\/2021\/03\/He85e43247bf04980a7cab437e747b997R-1-600x600.jpg 600w, https:\/\/med-disposable.com\/wp-content\/uploads\/2021\/03\/He85e43247bf04980a7cab437e747b997R-1-100x100.jpg 100w\" sizes=\"(max-width: 800px) 100vw, 800px\" \/><\/p>\n<p>&nbsp;<\/p>\n<p><strong>FAQ:<\/strong><\/p>\n<p><strong>1. Qual \u00e9 o peso m\u00e1ximo que estes len\u00e7\u00f3is de ber\u00e7o podem suportar?<\/strong><\/p>\n<p>Os len\u00e7\u00f3is de cama de grades descart\u00e1veis para trabalhos pesados foram concebidos para suportar um peso m\u00ednimo de 300 libras por doente. Esta elevada capacidade de peso torna estes len\u00e7\u00f3is adequados para todos os tipos e tamanhos de doentes, garantindo um conforto e seguran\u00e7a \u00f3ptimos durante os procedimentos m\u00e9dicos ou per\u00edodos de repouso.<\/p>\n<p><strong>2. Como \u00e9 que a tecnologia de duas camadas melhora o desempenho destas folhas?<\/strong><\/p>\n<p>A tecnologia \u00fanica de duas camadas destes len\u00e7\u00f3is para macas foi concebida para oferecer conforto e prote\u00e7\u00e3o. A camada exterior, feita de material n\u00e3o tecido PP hidrof\u00edlico, proporciona uma excelente absor\u00e7\u00e3o, um toque suave e respirabilidade, aumentando o conforto do doente. A camada interior, uma pel\u00edcula de gesso pesado, oferece uma resist\u00eancia superior a fluidos e a rasg\u00f5es, garantindo durabilidade e prote\u00e7\u00e3o contra fugas e derrames. Esta combina\u00e7\u00e3o proporciona um equil\u00edbrio \u00f3timo entre conforto, seguran\u00e7a e durabilidade.<\/p>\n<p><strong>3. Como \u00e9 que a descartabilidade destes len\u00e7\u00f3is contribui para a higiene e o controlo das infec\u00e7\u00f5es?<\/strong><\/p>\n<p>A descartabilidade destes len\u00e7\u00f3is de ber\u00e7o \u00e9 um fator-chave na manuten\u00e7\u00e3o de elevados padr\u00f5es de higiene e controlo de infec\u00e7\u00f5es. Os len\u00e7\u00f3is usados podem ser removidos e deitados fora imediatamente ap\u00f3s a utiliza\u00e7\u00e3o, eliminando a necessidade de lavagem e reduzindo o risco de contamina\u00e7\u00e3o cruzada. Isto torna-os uma escolha ideal para instala\u00e7\u00f5es m\u00e9dicas onde o controlo de infec\u00e7\u00f5es \u00e9 uma prioridade m\u00e1xima.<\/p>\n<p><strong>4. As fichas podem ser personalizadas de acordo com necessidades ou requisitos espec\u00edficos?<\/strong><\/p>\n<p>Embora os nossos len\u00e7\u00f3is de ber\u00e7o padr\u00e3o ofere\u00e7am uma excelente qualidade e desempenho, compreendemos que alguns prestadores de cuidados de sa\u00fade podem ter requisitos espec\u00edficos. Teremos todo o gosto em discutir op\u00e7\u00f5es de personaliza\u00e7\u00e3o, incluindo materiais e tamanhos, para satisfazer as suas necessidades exclusivas. Contacte a nossa equipa de apoio ao cliente para obter mais informa\u00e7\u00f5es.<\/p>","protected":false},"excerpt":{"rendered":"<p>2 camadas, fun\u00e7\u00e3o de absor\u00e7\u00e3o de \u00e1gua e fun\u00e7\u00e3o de resist\u00eancia a fluidos.<\/p>\n<p>Suportar o peso do doente n\u00e3o inferior a 90 kg.<\/p>","protected":false},"featured_media":1004,"template":"","meta":{"_seopress_robots_primary_cat":"none","_seopress_titles_title":"Stretcher Sheets - Disposable Heavy Duty Fitted Cot Sheets","_seopress_titles_desc":"Disposable Heavy Duty Fitted Cot Sheets - Hydrophilic PP non woven+cast film or Microporous coated PE film. Bear patient weight no less than 300 pounds.","_seopress_robots_index":""},"product_brand":[],"product_cat":[49],"product_tag":[83,65],"class_list":{"0":"post-1001","1":"product","2":"type-product","3":"status-publish","4":"has-post-thumbnail","6":"product_cat-bed-linens","7":"product_tag-bed-sheets","8":"product_tag-waterproof","10":"first","11":"instock","12":"shipping-taxable","13":"product-type-simple"},"_links":{"self":[{"href":"https:\/\/med-disposable.com\/pt\/wp-json\/wp\/v2\/product\/1001","targetHints":{"allow":["GET"]}}],"collection":[{"href":"https:\/\/med-disposable.com\/pt\/wp-json\/wp\/v2\/product"}],"about":[{"href":"https:\/\/med-disposable.com\/pt\/wp-json\/wp\/v2\/types\/product"}],"version-history":[{"count":0,"href":"https:\/\/med-disposable.com\/pt\/wp-json\/wp\/v2\/product\/1001\/revisions"}],"wp:featuredmedia":[{"embeddable":true,"href":"https:\/\/med-disposable.com\/pt\/wp-json\/wp\/v2\/media\/1004"}],"wp:attachment":[{"href":"https:\/\/med-disposable.com\/pt\/wp-json\/wp\/v2\/media?parent=1001"}],"wp:term":[{"taxonomy":"product_brand","embeddable":true,"href":"https:\/\/med-disposable.com\/pt\/wp-json\/wp\/v2\/product_brand?post=1001"},{"taxonomy":"product_cat","embeddable":true,"href":"https:\/\/med-disposable.com\/pt\/wp-json\/wp\/v2\/product_cat?post=1001"},{"taxonomy":"product_tag","embeddable":true,"href":"https:\/\/med-disposable.com\/pt\/wp-json\/wp\/v2\/product_tag?post=1001"}],"curies":[{"name":"wp","href":"https:\/\/api.w.org\/{rel}","templated":true}]}}