{"id":1031,"date":"2021-03-23T16:19:31","date_gmt":"2021-03-23T08:19:31","guid":{"rendered":"https:\/\/med-disposable.com\/?post_type=product&#038;p=1031"},"modified":"2023-04-17T15:07:57","modified_gmt":"2023-04-17T07:07:57","slug":"touca-nao-tecida-descartavel-para-bouffant","status":"publish","type":"product","link":"https:\/\/med-disposable.com\/pt\/product\/disposable-non-woven-bouffant-cap\/","title":{"rendered":"Touca descart\u00e1vel em tecido n\u00e3o tecido"},"content":{"rendered":"<p><strong>Introdu\u00e7\u00e3o:<\/strong><\/p>\n<p>As nossas toucas bouffant n\u00e3o tecidas descart\u00e1veis foram concebidas para proporcionar higiene, conforto e durabilidade superiores para v\u00e1rias aplica\u00e7\u00f5es nos sectores m\u00e9dico, alimentar e industrial. Estas toucas s\u00e3o feitas de material n\u00e3o tecido de alta qualidade, que \u00e9 simultaneamente leve e respir\u00e1vel, garantindo um ajuste confort\u00e1vel durante longos per\u00edodos. As nossas toucas bouffant s\u00e3o perfeitas para manter o cabelo contido e evitar a contamina\u00e7\u00e3o em ambientes esterilizados.<\/p>\n<p>&nbsp;<\/p>\n<p><strong>Carater\u00edsticas:<\/strong><\/p>\n<p>1. feito de material n\u00e3o tecido de alta qualidade para m\u00e1xima respirabilidade e conforto.<\/p>\n<p><img fetchpriority=\"high\" decoding=\"async\" class=\"aligncenter wp-image-5688 size-large\" src=\"https:\/\/med-disposable.com\/wp-content\/uploads\/2021\/03\/40A9163-1024x1024.jpg\" alt=\"\" width=\"800\" height=\"800\" srcset=\"https:\/\/med-disposable.com\/wp-content\/uploads\/2021\/03\/40A9163-1024x1024.jpg 1024w, https:\/\/med-disposable.com\/wp-content\/uploads\/2021\/03\/40A9163-300x300.jpg 300w, https:\/\/med-disposable.com\/wp-content\/uploads\/2021\/03\/40A9163-150x150.jpg 150w, https:\/\/med-disposable.com\/wp-content\/uploads\/2021\/03\/40A9163-768x768.jpg 768w, https:\/\/med-disposable.com\/wp-content\/uploads\/2021\/03\/40A9163-1536x1536.jpg 1536w, https:\/\/med-disposable.com\/wp-content\/uploads\/2021\/03\/40A9163-scaled.jpg 2048w, https:\/\/med-disposable.com\/wp-content\/uploads\/2021\/03\/40A9163-600x600.jpg 600w, https:\/\/med-disposable.com\/wp-content\/uploads\/2021\/03\/40A9163-100x100.jpg 100w\" sizes=\"(max-width: 800px) 100vw, 800px\" \/> <img decoding=\"async\" class=\"aligncenter wp-image-5682 size-full\" src=\"https:\/\/med-disposable.com\/wp-content\/uploads\/2021\/03\/O1CN01Xjd0fC2G2omHXSggW_2206823728958.jpg\" alt=\"\" width=\"800\" height=\"713\" srcset=\"https:\/\/med-disposable.com\/wp-content\/uploads\/2021\/03\/O1CN01Xjd0fC2G2omHXSggW_2206823728958.jpg 800w, https:\/\/med-disposable.com\/wp-content\/uploads\/2021\/03\/O1CN01Xjd0fC2G2omHXSggW_2206823728958-300x267.jpg 300w, https:\/\/med-disposable.com\/wp-content\/uploads\/2021\/03\/O1CN01Xjd0fC2G2omHXSggW_2206823728958-768x684.jpg 768w, https:\/\/med-disposable.com\/wp-content\/uploads\/2021\/03\/O1CN01Xjd0fC2G2omHXSggW_2206823728958-600x535.jpg 600w\" sizes=\"(max-width: 800px) 100vw, 800px\" \/><br \/>\n2. a banda el\u00e1stica garante um ajuste seguro e confort\u00e1vel para todos os tamanhos de cabe\u00e7a.<\/p>\n<p><img decoding=\"async\" class=\"aligncenter wp-image-5675 size-full\" src=\"https:\/\/med-disposable.com\/wp-content\/uploads\/2021\/03\/BOUFFANT-CAP-material.jpg\" alt=\"\" width=\"800\" height=\"726\" srcset=\"https:\/\/med-disposable.com\/wp-content\/uploads\/2021\/03\/BOUFFANT-CAP-material.jpg 800w, https:\/\/med-disposable.com\/wp-content\/uploads\/2021\/03\/BOUFFANT-CAP-material-300x272.jpg 300w, https:\/\/med-disposable.com\/wp-content\/uploads\/2021\/03\/BOUFFANT-CAP-material-768x697.jpg 768w, https:\/\/med-disposable.com\/wp-content\/uploads\/2021\/03\/BOUFFANT-CAP-material-600x545.jpg 600w\" sizes=\"(max-width: 800px) 100vw, 800px\" \/><br \/>\n3. dispon\u00edvel numa variedade de cores para se adequar \u00e0 sua prefer\u00eancia e aplica\u00e7\u00e3o.<\/p>\n<p><img loading=\"lazy\" decoding=\"async\" class=\"aligncenter wp-image-5674 size-full\" src=\"https:\/\/med-disposable.com\/wp-content\/uploads\/2021\/03\/bouffant-cap-1.jpg\" alt=\"\" width=\"800\" height=\"800\" srcset=\"https:\/\/med-disposable.com\/wp-content\/uploads\/2021\/03\/bouffant-cap-1.jpg 800w, https:\/\/med-disposable.com\/wp-content\/uploads\/2021\/03\/bouffant-cap-1-300x300.jpg 300w, https:\/\/med-disposable.com\/wp-content\/uploads\/2021\/03\/bouffant-cap-1-150x150.jpg 150w, https:\/\/med-disposable.com\/wp-content\/uploads\/2021\/03\/bouffant-cap-1-768x768.jpg 768w, https:\/\/med-disposable.com\/wp-content\/uploads\/2021\/03\/bouffant-cap-1-600x600.jpg 600w, https:\/\/med-disposable.com\/wp-content\/uploads\/2021\/03\/bouffant-cap-1-100x100.jpg 100w\" sizes=\"(max-width: 800px) 100vw, 800px\" \/><br \/>\n4. amigo do ambiente e sem l\u00e1tex para as pessoas com sensibilidades ou alergias.<br \/>\n5. n\u00e3o est\u00e9ril, mas adequado para utiliza\u00e7\u00e3o em ambientes est\u00e9reis quando s\u00e3o seguidos os protocolos adequados.<br \/>\n6. pre\u00e7o econ\u00f3mico para uma utiliza\u00e7\u00e3o econ\u00f3mica e \u00fanica.<br \/>\n7. fabricado sob rigorosos padr\u00f5es de controlo de qualidade para garantir consist\u00eancia e fiabilidade.<\/p>\n<p>&nbsp;<\/p>\n<p><strong>Especifica\u00e7\u00f5es pormenorizadas:<\/strong><\/p>\n<table width=\"559\">\n<tbody>\n<tr>\n<td width=\"106\">Tamanho<\/td>\n<td width=\"453\">18\", 19\", 21\", 24\", ou conforme necess\u00e1rio<\/td>\n<\/tr>\n<tr>\n<td width=\"106\">Material<\/td>\n<td width=\"453\">PP n\u00e3o tecido, 10-35gsm<\/td>\n<\/tr>\n<tr>\n<td width=\"106\">Estilo<\/td>\n<td width=\"453\">bon\u00e9 bouffant (redondo)<\/td>\n<\/tr>\n<tr>\n<td width=\"106\">Cor<\/td>\n<td width=\"453\">Branco, azul, cor-de-rosa, amarelo, verde, laranja, roxo, preto, (todas as cores podem estar dispon\u00edveis)<\/td>\n<\/tr>\n<tr>\n<td width=\"106\">Embalagem<\/td>\n<td width=\"453\">100 pcs\/saco, 2000pcs\/ctn, pode ser conforme os requisitos<\/td>\n<\/tr>\n<tr>\n<td width=\"106\">Conce\u00e7\u00e3o da embalagem<\/td>\n<td width=\"453\">A impress\u00e3o de todos os sacos interiores e caixas de cart\u00e3o pode ser conforme os requisitos<\/td>\n<\/tr>\n<\/tbody>\n<\/table>\n<p><img loading=\"lazy\" decoding=\"async\" class=\"aligncenter wp-image-5680 size-full\" src=\"https:\/\/med-disposable.com\/wp-content\/uploads\/2021\/03\/different-weight-bouffant-cap.jpg\" alt=\"\" width=\"800\" height=\"554\" srcset=\"https:\/\/med-disposable.com\/wp-content\/uploads\/2021\/03\/different-weight-bouffant-cap.jpg 800w, https:\/\/med-disposable.com\/wp-content\/uploads\/2021\/03\/different-weight-bouffant-cap-300x208.jpg 300w, https:\/\/med-disposable.com\/wp-content\/uploads\/2021\/03\/different-weight-bouffant-cap-768x532.jpg 768w, https:\/\/med-disposable.com\/wp-content\/uploads\/2021\/03\/different-weight-bouffant-cap-600x416.jpg 600w\" sizes=\"(max-width: 800px) 100vw, 800px\" \/><\/p>\n<p><strong>Vantagens:<\/strong><\/p>\n<p>1. higiene superior: Estas tampas cont\u00eam eficazmente os cabelos, reduzindo o risco de contamina\u00e7\u00e3o em ambientes sens\u00edveis.<br \/>\n2. confort\u00e1vel e leve: O material n\u00e3o tecido \u00e9 respir\u00e1vel, o que o torna ideal para uma utiliza\u00e7\u00e3o prolongada.<br \/>\n3. sem l\u00e1tex: Adequado para pessoas com alergias ou sensibilidades ao l\u00e1tex.<br \/>\n4. vers\u00e1til: pode ser utilizado em v\u00e1rios sectores, incluindo aplica\u00e7\u00f5es m\u00e9dicas, alimentares e industriais.<br \/>\n5. econ\u00f3mico: A conce\u00e7\u00e3o descart\u00e1vel e o pre\u00e7o competitivo fazem destas tampas uma escolha econ\u00f3mica.<\/p>\n<p>&nbsp;<\/p>\n<p><strong>Aplica\u00e7\u00f5es:<\/strong><\/p>\n<p>1. ambientes m\u00e9dicos: Ideal para m\u00e9dicos, enfermeiros e outros profissionais de sa\u00fade em hospitais, cl\u00ednicas e laborat\u00f3rios.<br \/>\n2. processamento de alimentos: Perfeito para trabalhadores em instala\u00e7\u00f5es de processamento de alimentos e cozinhas comerciais para manter os padr\u00f5es de higiene.<br \/>\n3. salas limpas: Adequado para utiliza\u00e7\u00e3o em salas limpas e ambientes est\u00e9reis, tais como no fabrico de produtos farmac\u00eauticos e electr\u00f3nicos.<br \/>\n4. ambientes industriais: Pode ser usado por trabalhadores em v\u00e1rios sectores industriais para manter a limpeza e a seguran\u00e7a.<br \/>\n5. utiliza\u00e7\u00e3o pessoal: \u00d3timo para utiliza\u00e7\u00e3o dom\u00e9stica ao cozinhar, limpar ou realizar outras tarefas que exijam a conten\u00e7\u00e3o do cabelo.<\/p>\n<p><img loading=\"lazy\" decoding=\"async\" class=\"aligncenter wp-image-5677 size-full\" src=\"https:\/\/med-disposable.com\/wp-content\/uploads\/2021\/03\/BOUFFANT-CAP-USAGE.jpg\" alt=\"\" width=\"800\" height=\"918\" srcset=\"https:\/\/med-disposable.com\/wp-content\/uploads\/2021\/03\/BOUFFANT-CAP-USAGE.jpg 800w, https:\/\/med-disposable.com\/wp-content\/uploads\/2021\/03\/BOUFFANT-CAP-USAGE-261x300.jpg 261w, https:\/\/med-disposable.com\/wp-content\/uploads\/2021\/03\/BOUFFANT-CAP-USAGE-768x881.jpg 768w, https:\/\/med-disposable.com\/wp-content\/uploads\/2021\/03\/BOUFFANT-CAP-USAGE-600x689.jpg 600w\" sizes=\"(max-width: 800px) 100vw, 800px\" \/><\/p>\n<p><strong>Perguntas e respostas:<\/strong><\/p>\n<p><strong>1\uff0eQue materiais s\u00e3o utilizados na produ\u00e7\u00e3o destes bon\u00e9s bouffant descart\u00e1veis?<\/strong><br \/>\nOs nossos bon\u00e9s bouffant n\u00e3o tecidos descart\u00e1veis s\u00e3o fabricados em tecido n\u00e3o tecido de polipropileno de alta qualidade, que \u00e9 simultaneamente leve e respir\u00e1vel. Isto garante um ajuste confort\u00e1vel, mesmo quando usado durante longos per\u00edodos. As toucas n\u00e3o cont\u00eam l\u00e1tex, o que as torna adequadas para pessoas com alergias ou sensibilidades ao l\u00e1tex.<\/p>\n<p><strong>2. estas tampas s\u00e3o adequadas para utiliza\u00e7\u00e3o em ambientes esterilizados?<\/strong><br \/>\nSim, as nossas toucas n\u00e3o tecidas descart\u00e1veis podem ser utilizadas em ambientes est\u00e9reis, como salas limpas, laborat\u00f3rios e ambientes cir\u00fargicos, desde que sejam seguidos os protocolos e diretrizes adequados. Embora as toucas em si n\u00e3o sejam est\u00e9reis, foram concebidas para conter eficazmente o cabelo e reduzir o risco de contamina\u00e7\u00e3o em ambientes sens\u00edveis.<\/p>\n<p><strong>3) Como \u00e9 que sei qual o tamanho a encomendar?<\/strong><br \/>\nAs nossas toucas bouffant descart\u00e1veis s\u00e3o concebidas com uma banda el\u00e1stica para garantir um ajuste seguro e confort\u00e1vel para todos os tamanhos de cabe\u00e7a. A banda el\u00e1stica pode ser esticada para se adaptar a uma variedade de tamanhos de cabe\u00e7a e volumes de cabelo, tornando mais f\u00e1cil encontrar o ajuste perfeito para cada utilizador.<\/p>\n<p><img loading=\"lazy\" decoding=\"async\" class=\"aligncenter wp-image-5676 size-full\" src=\"https:\/\/med-disposable.com\/wp-content\/uploads\/2021\/03\/bouffant-cap-size-difference.jpg\" alt=\"\" width=\"800\" height=\"711\" srcset=\"https:\/\/med-disposable.com\/wp-content\/uploads\/2021\/03\/bouffant-cap-size-difference.jpg 800w, https:\/\/med-disposable.com\/wp-content\/uploads\/2021\/03\/bouffant-cap-size-difference-300x267.jpg 300w, https:\/\/med-disposable.com\/wp-content\/uploads\/2021\/03\/bouffant-cap-size-difference-768x683.jpg 768w, https:\/\/med-disposable.com\/wp-content\/uploads\/2021\/03\/bouffant-cap-size-difference-600x533.jpg 600w\" sizes=\"(max-width: 800px) 100vw, 800px\" \/><\/p>\n<p><strong>4) Posso encomendar estes bon\u00e9s em grandes quantidades para a minha organiza\u00e7\u00e3o?<\/strong><br \/>\nSim, oferecemos op\u00e7\u00f5es de compra a granel para clientes que necessitem de grandes quantidades das nossas toucas bouffant n\u00e3o tecidas descart\u00e1veis. Para discutir as suas necessidades espec\u00edficas e receber um or\u00e7amento personalizado, contacte diretamente a nossa equipa de vendas. Estamos empenhados em fornecer pre\u00e7os competitivos e uma entrega fi\u00e1vel aos nossos valiosos clientes.<\/p>\n<p><strong>5) Estas tampas est\u00e3o dispon\u00edveis em cores diferentes?<\/strong><br \/>\nSim, as nossas toucas bouffant n\u00e3o tecidas descart\u00e1veis est\u00e3o dispon\u00edveis numa variedade de cores para se adequarem \u00e0 sua prefer\u00eancia e aplica\u00e7\u00e3o. Pode escolher a partir da nossa sele\u00e7\u00e3o de cores para corresponder \u00e0 marca da sua organiza\u00e7\u00e3o e \u00e0s suas prefer\u00eancias pessoais. E tamb\u00e9m podemos fazer cores personalizadas, basta dizer-nos as suas descri\u00e7\u00f5es de cores ideais ou os n\u00fameros dos cart\u00f5es de cores Pantone.<\/p>\n<p>&nbsp;<\/p>","protected":false},"excerpt":{"rendered":"<p>PP, SMS n\u00e3o tecido, f\u00e1cil de expandir e encolher, f\u00e1cil de dobrar, permite-lhe poupar nos custos<\/p>\n<p>&nbsp;<\/p>","protected":false},"featured_media":5692,"template":"","meta":{"_seopress_robots_primary_cat":"none","_seopress_titles_title":"High-Quality Disposable Bouffant Caps: Comfort, Hygiene, Durability for Medical, Food, Industrial Use.","_seopress_titles_desc":"Looking for the Disposable non woven Bouffant Cap? Place your order with med-disposable.com. Eco-friendly, tear resistant, soft and breathable, comfortable to wear the whole day.","_seopress_robots_index":""},"product_brand":[],"product_cat":[46],"product_tag":[67,57],"class_list":{"0":"post-1031","1":"product","2":"type-product","3":"status-publish","4":"has-post-thumbnail","6":"product_cat-caps","7":"product_tag-cap","8":"product_tag-non-woven","10":"first","11":"instock","12":"shipping-taxable","13":"product-type-simple"},"_links":{"self":[{"href":"https:\/\/med-disposable.com\/pt\/wp-json\/wp\/v2\/product\/1031","targetHints":{"allow":["GET"]}}],"collection":[{"href":"https:\/\/med-disposable.com\/pt\/wp-json\/wp\/v2\/product"}],"about":[{"href":"https:\/\/med-disposable.com\/pt\/wp-json\/wp\/v2\/types\/product"}],"version-history":[{"count":0,"href":"https:\/\/med-disposable.com\/pt\/wp-json\/wp\/v2\/product\/1031\/revisions"}],"wp:featuredmedia":[{"embeddable":true,"href":"https:\/\/med-disposable.com\/pt\/wp-json\/wp\/v2\/media\/5692"}],"wp:attachment":[{"href":"https:\/\/med-disposable.com\/pt\/wp-json\/wp\/v2\/media?parent=1031"}],"wp:term":[{"taxonomy":"product_brand","embeddable":true,"href":"https:\/\/med-disposable.com\/pt\/wp-json\/wp\/v2\/product_brand?post=1031"},{"taxonomy":"product_cat","embeddable":true,"href":"https:\/\/med-disposable.com\/pt\/wp-json\/wp\/v2\/product_cat?post=1031"},{"taxonomy":"product_tag","embeddable":true,"href":"https:\/\/med-disposable.com\/pt\/wp-json\/wp\/v2\/product_tag?post=1031"}],"curies":[{"name":"wp","href":"https:\/\/api.w.org\/{rel}","templated":true}]}}