{"id":1037,"date":"2021-03-23T16:51:50","date_gmt":"2021-03-23T08:51:50","guid":{"rendered":"https:\/\/med-disposable.com\/?post_type=product&#038;p=1037"},"modified":"2023-07-20T15:45:15","modified_gmt":"2023-07-20T07:45:15","slug":"tampa-de-clipe-detetavel-nao-tecida-descartavel-com-tira-metalica","status":"publish","type":"product","link":"https:\/\/med-disposable.com\/pt\/product\/disposable-non-woven-detectable-clip-cap-with-metal-strip\/","title":{"rendered":"Tampa de clipe detet\u00e1vel n\u00e3o tecida descart\u00e1vel com tira met\u00e1lica"},"content":{"rendered":"<p><strong>Introdu\u00e7\u00e3o ao produto<\/strong><\/p>\n<p>Conhe\u00e7a a nossa Touca Descart\u00e1vel Detet\u00e1vel em N\u00e3o-Tecido com Tira Met\u00e1lica, um equipamento de prote\u00e7\u00e3o revolucion\u00e1rio concebido para maximizar o saneamento e, ao mesmo tempo, melhorar as medidas de seguran\u00e7a no seu ambiente de trabalho. Estas toucas com clipe n\u00e3o s\u00f3 evitam a queda de cabelo no local de trabalho, como tamb\u00e9m apresentam uma tira met\u00e1lica \u00fanica que permite uma dete\u00e7\u00e3o f\u00e1cil durante a embalagem. Fabricadas com material de polipropileno n\u00e3o tecido de alta qualidade, estas toucas s\u00e3o uma escolha preferida para a ind\u00fastria alimentar e n\u00e3o s\u00f3.<\/p>\n<p><img fetchpriority=\"high\" decoding=\"async\" class=\"aligncenter wp-image-9238 size-large\" src=\"https:\/\/med-disposable.com\/wp-content\/uploads\/2021\/03\/40A9093-1024x1024.jpg\" alt=\"\" width=\"800\" height=\"800\" srcset=\"https:\/\/med-disposable.com\/wp-content\/uploads\/2021\/03\/40A9093-1024x1024.jpg 1024w, https:\/\/med-disposable.com\/wp-content\/uploads\/2021\/03\/40A9093-300x300.jpg 300w, https:\/\/med-disposable.com\/wp-content\/uploads\/2021\/03\/40A9093-150x150.jpg 150w, https:\/\/med-disposable.com\/wp-content\/uploads\/2021\/03\/40A9093-768x768.jpg 768w, https:\/\/med-disposable.com\/wp-content\/uploads\/2021\/03\/40A9093-1536x1536.jpg 1536w, https:\/\/med-disposable.com\/wp-content\/uploads\/2021\/03\/40A9093-scaled.jpg 2048w, https:\/\/med-disposable.com\/wp-content\/uploads\/2021\/03\/40A9093-600x600.jpg 600w, https:\/\/med-disposable.com\/wp-content\/uploads\/2021\/03\/40A9093-100x100.jpg 100w\" sizes=\"(max-width: 800px) 100vw, 800px\" \/><\/p>\n<p><strong>Especifica\u00e7\u00f5es pormenorizadas:<\/strong><\/p>\n<table width=\"559\">\n<tbody>\n<tr>\n<td width=\"106\">Tamanho<\/td>\n<td width=\"453\">18\", 19\", 21\", 24\", ou conforme necess\u00e1rio<\/td>\n<\/tr>\n<tr>\n<td width=\"106\">Material<\/td>\n<td width=\"453\">PP n\u00e3o tecido, 10-15gsm<\/td>\n<\/tr>\n<tr>\n<td width=\"106\">Estilo<\/td>\n<td width=\"453\">tampa de fixa\u00e7\u00e3o, com tiras de alum\u00ednio<\/td>\n<\/tr>\n<tr>\n<td width=\"106\">Cor<\/td>\n<td width=\"453\">Branco, azul, cor-de-rosa, amarelo, verde, laranja, roxo, preto, (todas as cores podem estar dispon\u00edveis)<\/td>\n<\/tr>\n<tr>\n<td width=\"106\">Embalagem<\/td>\n<td width=\"453\">100 pcs\/saco, 1000pcs\/ctn, pode ser conforme os requisitos<\/td>\n<\/tr>\n<tr>\n<td width=\"106\">Conce\u00e7\u00e3o da embalagem<\/td>\n<td width=\"453\">A impress\u00e3o de todos os sacos interiores e caixas de cart\u00e3o pode ser conforme os requisitos<\/td>\n<\/tr>\n<\/tbody>\n<\/table>\n<p><img decoding=\"async\" class=\"aligncenter wp-image-9237 size-large\" src=\"https:\/\/med-disposable.com\/wp-content\/uploads\/2021\/03\/40A9091-1024x1024.jpg\" alt=\"\" width=\"800\" height=\"800\" srcset=\"https:\/\/med-disposable.com\/wp-content\/uploads\/2021\/03\/40A9091-1024x1024.jpg 1024w, https:\/\/med-disposable.com\/wp-content\/uploads\/2021\/03\/40A9091-300x300.jpg 300w, https:\/\/med-disposable.com\/wp-content\/uploads\/2021\/03\/40A9091-150x150.jpg 150w, https:\/\/med-disposable.com\/wp-content\/uploads\/2021\/03\/40A9091-768x768.jpg 768w, https:\/\/med-disposable.com\/wp-content\/uploads\/2021\/03\/40A9091-1536x1536.jpg 1536w, https:\/\/med-disposable.com\/wp-content\/uploads\/2021\/03\/40A9091-scaled.jpg 2048w, https:\/\/med-disposable.com\/wp-content\/uploads\/2021\/03\/40A9091-600x600.jpg 600w, https:\/\/med-disposable.com\/wp-content\/uploads\/2021\/03\/40A9091-100x100.jpg 100w\" sizes=\"(max-width: 800px) 100vw, 800px\" \/><\/p>\n<p><strong>Carater\u00edsticas<\/strong><\/p>\n<p>A nossa Tampa de Clipe Detet\u00e1vel N\u00e3o Tecido Descart\u00e1vel possui uma gama de carater\u00edsticas que a tornam uma ferramenta indispens\u00e1vel em qualquer espa\u00e7o de trabalho centrado na higiene:<\/p>\n<ol>\n<li><strong>Fita met\u00e1lica<\/strong>: Esta carater\u00edstica \u00fanica permite que a tampa seja facilmente detectada durante a embalagem, reduzindo o risco de contamina\u00e7\u00e3o acidental.<\/li>\n<li><strong>Op\u00e7\u00f5es el\u00e1sticas<\/strong>: Dispon\u00edvel com el\u00e1sticos simples ou duplos, este bon\u00e9 responde a diversas prefer\u00eancias de ajuste e conforto dos utilizadores.<\/li>\n<li><strong>Ajuste universal<\/strong>: A touca com clipe foi concebida para se adaptar a qualquer estilo de cabelo, o que a torna adequada para todos os trabalhadores.<\/li>\n<li><strong>Op\u00e7\u00f5es de cores<\/strong>: Para satisfazer as prefer\u00eancias individuais ou corresponder ao esquema de cores da sua empresa, oferecemos esta tampa com clip em v\u00e1rias cores.<\/li>\n<\/ol>\n<p><img decoding=\"async\" class=\"aligncenter wp-image-9240 size-large\" src=\"https:\/\/med-disposable.com\/wp-content\/uploads\/2021\/03\/40A9097-1024x1024.jpg\" alt=\"\" width=\"800\" height=\"800\" srcset=\"https:\/\/med-disposable.com\/wp-content\/uploads\/2021\/03\/40A9097-1024x1024.jpg 1024w, https:\/\/med-disposable.com\/wp-content\/uploads\/2021\/03\/40A9097-300x300.jpg 300w, https:\/\/med-disposable.com\/wp-content\/uploads\/2021\/03\/40A9097-150x150.jpg 150w, https:\/\/med-disposable.com\/wp-content\/uploads\/2021\/03\/40A9097-768x768.jpg 768w, https:\/\/med-disposable.com\/wp-content\/uploads\/2021\/03\/40A9097-1536x1536.jpg 1536w, https:\/\/med-disposable.com\/wp-content\/uploads\/2021\/03\/40A9097-scaled.jpg 2048w, https:\/\/med-disposable.com\/wp-content\/uploads\/2021\/03\/40A9097-600x600.jpg 600w, https:\/\/med-disposable.com\/wp-content\/uploads\/2021\/03\/40A9097-100x100.jpg 100w\" sizes=\"(max-width: 800px) 100vw, 800px\" \/><\/p>\n<p><strong>Vantagens<\/strong><\/p>\n<p>A Tampa Clip Detet\u00e1vel N\u00e3o Tecida Descart\u00e1vel apresenta v\u00e1rias vantagens importantes:<\/p>\n<ol>\n<li><strong>Preven\u00e7\u00e3o da contamina\u00e7\u00e3o<\/strong>: A touca foi concebida para evitar a queda de cabelo, reduzindo a contamina\u00e7\u00e3o no local de trabalho.<\/li>\n<li><strong>Dete\u00e7\u00e3o f\u00e1cil<\/strong>: A tira met\u00e1lica incorporada permite uma dete\u00e7\u00e3o f\u00e1cil durante a embalagem, garantindo que nenhuma tampa de clipe passa despercebida ou contamina acidentalmente o produto.<\/li>\n<li><strong>Conforto e versatilidade<\/strong>: Com op\u00e7\u00f5es de el\u00e1stico simples ou duplo, esta touca responde a diferentes n\u00edveis de conforto e adapta-se a qualquer estilo de cabelo.<\/li>\n<li><strong>Diversas op\u00e7\u00f5es de cores<\/strong>: A nossa vasta gama de op\u00e7\u00f5es de cores permite que o bon\u00e9 se alinhe com as cores da sua marca ou ajude a codificar por cores as fun\u00e7\u00f5es no seu local de trabalho.<\/li>\n<\/ol>\n<p>&nbsp;<\/p>\n<p><strong>Utiliza\u00e7\u00f5es<\/strong><\/p>\n<p>A Tampa de Clipe Detet\u00e1vel N\u00e3o Tecido Descart\u00e1vel \u00e9 um acess\u00f3rio de prote\u00e7\u00e3o vers\u00e1til amplamente utilizado na ind\u00fastria alimentar, particularmente no processamento, embalagem e servi\u00e7o de alimentos. A sua tira met\u00e1lica \u00fanica faz com que seja a escolha preferida de qualquer empresa que pretenda minimizar a contamina\u00e7\u00e3o dos produtos, mantendo simultaneamente padr\u00f5es de higiene rigorosos.<\/p>\n<p>&nbsp;<\/p>\n<p><strong>FAQ:<\/strong><\/p>\n<ol>\n<li><strong>Quais s\u00e3o os prazos de entrega para encomendas a granel de Touca descart\u00e1vel n\u00e3o tecida detet\u00e1vel com tira met\u00e1lica?<\/strong>\n<p>Esfor\u00e7amo-nos por assegurar um processo de entrega sem problemas para todos os nossos clientes, especialmente no caso de encomendas de grandes dimens\u00f5es. No entanto, os prazos de entrega podem variar consoante o volume da encomenda e o destino. Para obter um prazo de entrega mais preciso, recomendamos que nos contacte diretamente com os detalhes da sua encomenda.<\/li>\n<li><strong>Existem descontos para encomendas de grandes quantidades de Tamp\u00e3o descart\u00e1vel n\u00e3o tecido detet\u00e1vel com tira met\u00e1lica?<\/strong>\n<p>Compreendemos as implica\u00e7\u00f5es financeiras das grandes encomendas e temos o prazer de oferecer descontos para essas compras. As especificidades destes descontos podem variar consoante a dimens\u00e3o da encomenda. Para obter informa\u00e7\u00f5es mais detalhadas sobre descontos, contacte-nos diretamente.<\/li>\n<li><strong>Que medidas tomam para garantir a qualidade da Tampa descart\u00e1vel n\u00e3o tecida detet\u00e1vel com tira met\u00e1lica?<\/strong>\n<p>Temos um processo de controlo de qualidade robusto que inclui uma inspe\u00e7\u00e3o e testes rigorosos de todos os nossos produtos, incluindo a Tampa descart\u00e1vel n\u00e3o tecida com clipe detet\u00e1vel. Cumprimos rigorosamente as normas internacionais de seguran\u00e7a e qualidade, garantindo que recebe um produto seguro, fi\u00e1vel e da mais alta qualidade.<\/li>\n<li><strong>\u00c9 poss\u00edvel obter amostras antes de efetuar uma encomenda de grande dimens\u00e3o?<\/strong>\n<p>Apoiamos plenamente a necessidade de avaliar a qualidade do produto antes de se comprometer com uma grande encomenda. Por este motivo, fornecemos amostras aos nossos clientes. Por favor, contacte-nos diretamente para obter informa\u00e7\u00f5es sobre como solicitar amostras.<\/li>\n<li><strong>A Tampa de Clip Detet\u00e1vel N\u00e3o Tecido Descart\u00e1vel com Tira Met\u00e1lica pode ser reutilizada?<\/strong>\n<p>A touca descart\u00e1vel de clipe detet\u00e1vel em n\u00e3o-tecido destina-se a uma \u00fanica utiliza\u00e7\u00e3o para garantir a m\u00e1xima higiene e seguran\u00e7a. Desaconselhamos vivamente a reutiliza\u00e7\u00e3o do produto, uma vez que pode comprometer as suas qualidades de prote\u00e7\u00e3o. Para uma seguran\u00e7a e higiene \u00f3ptimas, deve ser utilizada sempre uma tampa nova.<\/li>\n<\/ol>","protected":false},"excerpt":{"rendered":"<p>Material n\u00e3o tecido PP, com el\u00e1stico simples ou duplo<\/p>\n<p>Com tira met\u00e1lica, f\u00e1cil de detetar durante a embalagem. Amplamente utilizado na ind\u00fastria alimentar<\/p>","protected":false},"featured_media":1043,"template":"","meta":{"_seopress_robots_primary_cat":"none","_seopress_titles_title":"Experience Comfortable Fit with Metal Strip, Strong Size Extension &amp; Intelligent Cutting Seam","_seopress_titles_desc":"Disposable non woven detectable clip cap with metal strip, easy to detect during packing. Widely used in the food industry. Place your order with us today.","_seopress_robots_index":""},"product_brand":[],"product_cat":[46],"product_tag":[67,57],"class_list":{"0":"post-1037","1":"product","2":"type-product","3":"status-publish","4":"has-post-thumbnail","6":"product_cat-caps","7":"product_tag-cap","8":"product_tag-non-woven","10":"first","11":"instock","12":"shipping-taxable","13":"product-type-simple"},"_links":{"self":[{"href":"https:\/\/med-disposable.com\/pt\/wp-json\/wp\/v2\/product\/1037","targetHints":{"allow":["GET"]}}],"collection":[{"href":"https:\/\/med-disposable.com\/pt\/wp-json\/wp\/v2\/product"}],"about":[{"href":"https:\/\/med-disposable.com\/pt\/wp-json\/wp\/v2\/types\/product"}],"version-history":[{"count":0,"href":"https:\/\/med-disposable.com\/pt\/wp-json\/wp\/v2\/product\/1037\/revisions"}],"wp:featuredmedia":[{"embeddable":true,"href":"https:\/\/med-disposable.com\/pt\/wp-json\/wp\/v2\/media\/1043"}],"wp:attachment":[{"href":"https:\/\/med-disposable.com\/pt\/wp-json\/wp\/v2\/media?parent=1037"}],"wp:term":[{"taxonomy":"product_brand","embeddable":true,"href":"https:\/\/med-disposable.com\/pt\/wp-json\/wp\/v2\/product_brand?post=1037"},{"taxonomy":"product_cat","embeddable":true,"href":"https:\/\/med-disposable.com\/pt\/wp-json\/wp\/v2\/product_cat?post=1037"},{"taxonomy":"product_tag","embeddable":true,"href":"https:\/\/med-disposable.com\/pt\/wp-json\/wp\/v2\/product_tag?post=1037"}],"curies":[{"name":"wp","href":"https:\/\/api.w.org\/{rel}","templated":true}]}}