{"id":1060,"date":"2021-03-25T14:59:56","date_gmt":"2021-03-25T06:59:56","guid":{"rendered":"https:\/\/med-disposable.com\/?post_type=product&#038;p=1060"},"modified":"2023-06-14T19:19:04","modified_gmt":"2023-06-14T11:19:04","slug":"resguardo-de-cama-descartavel-impermeavel-cpe","status":"publish","type":"product","link":"https:\/\/med-disposable.com\/pt\/product\/disposable-waterproof-cpe-bed-cover\/","title":{"rendered":"Cobertura de cama CPE imperme\u00e1vel descart\u00e1vel"},"content":{"rendered":"<h2>Especifica\u00e7\u00f5es pormenorizadas:<\/h2>\n<table width=\"483\">\n<tbody>\n<tr>\n<td width=\"114\">Tamanho<\/td>\n<td width=\"369\">80*190cm, 90*190cm, 208*340cm, ou conforme personalizado<\/td>\n<\/tr>\n<tr>\n<td width=\"114\">Material<\/td>\n<td width=\"369\">CPE<\/td>\n<\/tr>\n<tr>\n<td width=\"114\">Peso<\/td>\n<td width=\"369\">50-120g\/pc<\/td>\n<\/tr>\n<tr>\n<td width=\"114\">Cor<\/td>\n<td width=\"369\">Branco, azul, preto ou conforme pedido<\/td>\n<\/tr>\n<tr>\n<td width=\"114\">Embalagem<\/td>\n<td width=\"369\">1pc\/rolo\/saco, 100pcs\/ctn, ou como pedido<\/td>\n<\/tr>\n<tr>\n<td width=\"114\">Conce\u00e7\u00e3o da embalagem<\/td>\n<td width=\"369\">A impress\u00e3o de todos os sacos interiores e caixas de cart\u00e3o pode ser conforme os requisitos<\/td>\n<\/tr>\n<tr>\n<td width=\"114\">Observa\u00e7\u00e3o<\/td>\n<td width=\"369\">Dispon\u00edvel em diferentes pesos, tamanhos e embalagens, conforme solicitado;<\/p>\n<p>As amostras e especifica\u00e7\u00f5es do cliente s\u00e3o sempre bem-vindas.<\/td>\n<\/tr>\n<\/tbody>\n<\/table>\n<p><img fetchpriority=\"high\" decoding=\"async\" class=\"aligncenter wp-image-7995 size-large\" src=\"https:\/\/med-disposable.com\/wp-content\/uploads\/2021\/03\/blue-CPE-bed-covers-4-1024x1024.jpg\" alt=\"\" width=\"800\" height=\"800\" srcset=\"https:\/\/med-disposable.com\/wp-content\/uploads\/2021\/03\/blue-CPE-bed-covers-4-1024x1024.jpg 1024w, https:\/\/med-disposable.com\/wp-content\/uploads\/2021\/03\/blue-CPE-bed-covers-4-300x300.jpg 300w, https:\/\/med-disposable.com\/wp-content\/uploads\/2021\/03\/blue-CPE-bed-covers-4-150x150.jpg 150w, https:\/\/med-disposable.com\/wp-content\/uploads\/2021\/03\/blue-CPE-bed-covers-4-768x768.jpg 768w, https:\/\/med-disposable.com\/wp-content\/uploads\/2021\/03\/blue-CPE-bed-covers-4-600x600.jpg 600w, https:\/\/med-disposable.com\/wp-content\/uploads\/2021\/03\/blue-CPE-bed-covers-4-100x100.jpg 100w, https:\/\/med-disposable.com\/wp-content\/uploads\/2021\/03\/blue-CPE-bed-covers-4.jpg 1050w\" sizes=\"(max-width: 800px) 100vw, 800px\" \/><\/p>\n<h2>Vantagens do resguardo de cama CPE descart\u00e1vel<\/h2>\n<ul>\n<li><strong>Prote\u00e7\u00e3o \u00e0 prova de \u00e1gua:<\/strong>\u00a0A carater\u00edstica imperme\u00e1vel do nosso resguardo de cama CPE torna-o ideal para ambientes de cuidados de sa\u00fade e outros estabelecimentos onde podem ocorrer derrames e acidentes. Esta prote\u00e7\u00e3o ajuda a proteger a cama e os len\u00e7\u00f3is da humidade, promovendo um ambiente limpo e higi\u00e9nico.<\/li>\n<li><strong>Bordos el\u00e1sticos:<\/strong>\u00a0Os rebordos el\u00e1sticos da nossa Cobertura de cama CPE descart\u00e1vel proporcionam um ajuste seguro e confort\u00e1vel na maioria dos tamanhos de cama, garantindo que a cobertura se mant\u00e9m no lugar durante toda a experi\u00eancia do utilizador. Esta carater\u00edstica oferece comodidade e um n\u00edvel de prote\u00e7\u00e3o adicional.<\/li>\n<li><strong>Higiene e limpeza:<\/strong>\u00a0A utiliza\u00e7\u00e3o de coberturas de cama descart\u00e1veis nas suas instala\u00e7\u00f5es \u00e9 uma excelente forma de manter elevados padr\u00f5es de limpeza e higiene. Ao substituir a cobertura da cama ap\u00f3s cada utiliza\u00e7\u00e3o, pode garantir um ambiente higi\u00e9nico para os seus clientes, doentes e pessoal.<\/li>\n<li><strong>Aplica\u00e7\u00f5es vers\u00e1teis:<\/strong>\u00a0Estas coberturas de cama descart\u00e1veis com el\u00e1stico s\u00e3o adequadas para uma vasta gama de estabelecimentos, incluindo hospitais, cl\u00ednicas, lares de idosos, centros de reabilita\u00e7\u00e3o, est\u00fadios de tatuagem, sal\u00f5es de beleza, spas, centros de massagem e hot\u00e9is.<\/li>\n<\/ul>\n<p><img decoding=\"async\" class=\"aligncenter wp-image-7994 size-large\" src=\"https:\/\/med-disposable.com\/wp-content\/uploads\/2021\/03\/blue-CPE-bed-covers-3-1024x1024.jpg\" alt=\"\" width=\"800\" height=\"800\" srcset=\"https:\/\/med-disposable.com\/wp-content\/uploads\/2021\/03\/blue-CPE-bed-covers-3-1024x1024.jpg 1024w, https:\/\/med-disposable.com\/wp-content\/uploads\/2021\/03\/blue-CPE-bed-covers-3-300x300.jpg 300w, https:\/\/med-disposable.com\/wp-content\/uploads\/2021\/03\/blue-CPE-bed-covers-3-150x150.jpg 150w, https:\/\/med-disposable.com\/wp-content\/uploads\/2021\/03\/blue-CPE-bed-covers-3-768x768.jpg 768w, https:\/\/med-disposable.com\/wp-content\/uploads\/2021\/03\/blue-CPE-bed-covers-3-1536x1536.jpg 1536w, https:\/\/med-disposable.com\/wp-content\/uploads\/2021\/03\/blue-CPE-bed-covers-3-scaled.jpg 2048w, https:\/\/med-disposable.com\/wp-content\/uploads\/2021\/03\/blue-CPE-bed-covers-3-600x600.jpg 600w, https:\/\/med-disposable.com\/wp-content\/uploads\/2021\/03\/blue-CPE-bed-covers-3-100x100.jpg 100w\" sizes=\"(max-width: 800px) 100vw, 800px\" \/> <img decoding=\"async\" class=\"aligncenter wp-image-7992 size-full\" src=\"https:\/\/med-disposable.com\/wp-content\/uploads\/2021\/03\/blue-CPE-bed-covers-1-scaled.jpg\" alt=\"\" width=\"2048\" height=\"2048\" srcset=\"https:\/\/med-disposable.com\/wp-content\/uploads\/2021\/03\/blue-CPE-bed-covers-1-scaled.jpg 2048w, https:\/\/med-disposable.com\/wp-content\/uploads\/2021\/03\/blue-CPE-bed-covers-1-300x300.jpg 300w, https:\/\/med-disposable.com\/wp-content\/uploads\/2021\/03\/blue-CPE-bed-covers-1-1024x1024.jpg 1024w, https:\/\/med-disposable.com\/wp-content\/uploads\/2021\/03\/blue-CPE-bed-covers-1-150x150.jpg 150w, https:\/\/med-disposable.com\/wp-content\/uploads\/2021\/03\/blue-CPE-bed-covers-1-768x768.jpg 768w, https:\/\/med-disposable.com\/wp-content\/uploads\/2021\/03\/blue-CPE-bed-covers-1-1536x1536.jpg 1536w, https:\/\/med-disposable.com\/wp-content\/uploads\/2021\/03\/blue-CPE-bed-covers-1-600x600.jpg 600w, https:\/\/med-disposable.com\/wp-content\/uploads\/2021\/03\/blue-CPE-bed-covers-1-100x100.jpg 100w\" sizes=\"(max-width: 2048px) 100vw, 2048px\" \/><\/p>\n<h2>Perguntas mais frequentes<\/h2>\n<p><strong>1. As coberturas de cama descart\u00e1veis CPE n\u00e3o cont\u00eam l\u00e1tex?<\/strong><\/p>\n<p>Sim, as nossas coberturas de cama CPE descart\u00e1veis n\u00e3o cont\u00eam l\u00e1tex, o que as torna adequadas para utilizadores com alergias ou sensibilidades ao l\u00e1tex.<\/p>\n<p><strong>2. Posso utilizar estes protectores de cama em camas ajust\u00e1veis?<\/strong><\/p>\n<p>Sim, as nossas coberturas de cama CPE descart\u00e1veis podem ser utilizadas em camas ajust\u00e1veis. O ajuste universal e a flexibilidade do material permitem-lhes adaptar-se a v\u00e1rios tamanhos e formas de cama.<\/p>\n<p><strong>3. Quantos colch\u00f5es v\u00eam num pacote?<\/strong><\/p>\n<p>O n\u00famero de colchas numa embalagem depende das op\u00e7\u00f5es de embalagem dispon\u00edveis. Para obter informa\u00e7\u00f5es espec\u00edficas sobre as quantidades de embalagens, contacte a nossa equipa de vendas.<\/p>\n<p><strong>4. As vossas coberturas de cama CPE descart\u00e1veis est\u00e3o dispon\u00edveis em cores diferentes?<\/strong><\/p>\n<p>As nossas coberturas de cama CPE descart\u00e1veis est\u00e3o normalmente dispon\u00edveis em azul ou branco. No entanto, para pedidos especiais relativos a cores, contacte a nossa equipa de vendas para discutir as op\u00e7\u00f5es dispon\u00edveis.<\/p>\n<p><strong>5. Como \u00e9 que posso assegurar a elimina\u00e7\u00e3o correta dos cobertores de cama usados?<\/strong><\/p>\n<p>Ap\u00f3s a utiliza\u00e7\u00e3o, retirar o resguardo da cama e coloc\u00e1-lo num contentor de lixo adequado. Verifique os regulamentos locais de elimina\u00e7\u00e3o de res\u00edduos para garantir a elimina\u00e7\u00e3o correta do material CPE na sua \u00e1rea.<\/p>","protected":false},"excerpt":{"rendered":"<p>A nossa cobertura de cama CPE (polietileno clorado) descart\u00e1vel e imperme\u00e1vel foi especificamente concebida para proporcionar uma superf\u00edcie limpa, confort\u00e1vel e protetora aos doentes em hospitais, cl\u00ednicas e outras instala\u00e7\u00f5es de cuidados de sa\u00fade. Fabricado em material CPE de alta qualidade, este resguardo de cama \u00e9 imperme\u00e1vel, dur\u00e1vel e leve, garantindo uma experi\u00eancia confort\u00e1vel para os doentes e mantendo um elevado n\u00edvel de higiene.<\/p>","protected":false},"featured_media":7995,"template":"","meta":{"_seopress_robots_primary_cat":"none","_seopress_titles_title":"\u201cEco-Friendly, Lightweight CPE - Waterproof, Tear Resistant in 80-120g\/pc: Customized Size, Color\u201d","_seopress_titles_desc":"Lightweight, waterproof, tear-resistant, and eco-friendly! Discover the perfect product with customizable options like size, weight, material, color, and packaging so you get exactly what you need. 100% satisfaction guaranteed.","_seopress_robots_index":""},"product_brand":[],"product_cat":[49],"product_tag":[68,65],"class_list":{"0":"post-1060","1":"product","2":"type-product","3":"status-publish","4":"has-post-thumbnail","6":"product_cat-bed-linens","7":"product_tag-bed-cover","8":"product_tag-waterproof","10":"first","11":"instock","12":"shipping-taxable","13":"product-type-simple"},"_links":{"self":[{"href":"https:\/\/med-disposable.com\/pt\/wp-json\/wp\/v2\/product\/1060","targetHints":{"allow":["GET"]}}],"collection":[{"href":"https:\/\/med-disposable.com\/pt\/wp-json\/wp\/v2\/product"}],"about":[{"href":"https:\/\/med-disposable.com\/pt\/wp-json\/wp\/v2\/types\/product"}],"version-history":[{"count":0,"href":"https:\/\/med-disposable.com\/pt\/wp-json\/wp\/v2\/product\/1060\/revisions"}],"wp:featuredmedia":[{"embeddable":true,"href":"https:\/\/med-disposable.com\/pt\/wp-json\/wp\/v2\/media\/7995"}],"wp:attachment":[{"href":"https:\/\/med-disposable.com\/pt\/wp-json\/wp\/v2\/media?parent=1060"}],"wp:term":[{"taxonomy":"product_brand","embeddable":true,"href":"https:\/\/med-disposable.com\/pt\/wp-json\/wp\/v2\/product_brand?post=1060"},{"taxonomy":"product_cat","embeddable":true,"href":"https:\/\/med-disposable.com\/pt\/wp-json\/wp\/v2\/product_cat?post=1060"},{"taxonomy":"product_tag","embeddable":true,"href":"https:\/\/med-disposable.com\/pt\/wp-json\/wp\/v2\/product_tag?post=1060"}],"curies":[{"name":"wp","href":"https:\/\/api.w.org\/{rel}","templated":true}]}}