{"id":1154,"date":"2021-04-06T20:54:41","date_gmt":"2021-04-06T12:54:41","guid":{"rendered":"https:\/\/med-disposable.com\/?post_type=product&#038;p=1154"},"modified":"2023-05-30T17:13:06","modified_gmt":"2023-05-30T09:13:06","slug":"fato-de-banho-descartavel-em-tecido-nao-tecido","status":"publish","type":"product","link":"https:\/\/med-disposable.com\/pt\/product\/disposable-non-woven-scrub-suit\/","title":{"rendered":"Fato de banho descart\u00e1vel em tecido n\u00e3o tecido"},"content":{"rendered":"<h2>Especifica\u00e7\u00f5es b\u00e1sicas do fato de bloco descart\u00e1vel:<\/h2>\n<table width=\"494\">\n<tbody>\n<tr>\n<td width=\"101\">Tamanho<\/td>\n<td width=\"393\">M, L, XL, XXL, XXXL<\/td>\n<\/tr>\n<tr>\n<td>Material<\/td>\n<td>SMS, tamb\u00e9m pode ser PP n\u00e3o tecido como pedido<\/td>\n<\/tr>\n<tr>\n<td>Peso em gramas<\/td>\n<td>35-55gsm<\/td>\n<\/tr>\n<tr>\n<td width=\"101\">Estilo<\/td>\n<td width=\"393\">Parte de cima: gola redonda, mangas curtas, com bolsos<\/p>\n<p>Cal\u00e7as: Cal\u00e7as de trabalho com cintura el\u00e1stica, abertas nos tornozelos, com ou sem bolsos (opcional)<\/p>\n<p>estilo personalizado para o top e as cal\u00e7as<\/td>\n<\/tr>\n<tr>\n<td width=\"101\">Cor<\/td>\n<td width=\"393\">Azul, verde, roxo, cor-de-rosa... etc.<\/td>\n<\/tr>\n<tr>\n<td width=\"101\">Embalagem<\/td>\n<td width=\"393\">1 conjunto\/saco, 50 conjuntos\/ctn, design de embalagem personalizado mediante pedido<\/td>\n<\/tr>\n<tr>\n<td width=\"101\">Aplica\u00e7\u00e3o<\/td>\n<td width=\"393\">Este fato de banho descart\u00e1vel \u00e9 perfeito para m\u00e9dicos, enfermeiros, dentistas e outros profissionais de sa\u00fade em hospitais, cl\u00ednicas, consult\u00f3rios dent\u00e1rios, lares de idosos, laborat\u00f3rios e outras instala\u00e7\u00f5es de cuidados de sa\u00fade.<\/td>\n<\/tr>\n<\/tbody>\n<\/table>\n<p>&nbsp;<\/p>\n<p><img fetchpriority=\"high\" decoding=\"async\" class=\"aligncenter wp-image-7351\" src=\"https:\/\/med-disposable.com\/wp-content\/uploads\/2021\/04\/SMS-scrub-suit-7-300x300.jpg\" alt=\"\" width=\"800\" height=\"800\" srcset=\"https:\/\/med-disposable.com\/wp-content\/uploads\/2021\/04\/SMS-scrub-suit-7-300x300.jpg 300w, https:\/\/med-disposable.com\/wp-content\/uploads\/2021\/04\/SMS-scrub-suit-7-150x150.jpg 150w, https:\/\/med-disposable.com\/wp-content\/uploads\/2021\/04\/SMS-scrub-suit-7-768x768.jpg 768w, https:\/\/med-disposable.com\/wp-content\/uploads\/2021\/04\/SMS-scrub-suit-7-600x600.jpg 600w, https:\/\/med-disposable.com\/wp-content\/uploads\/2021\/04\/SMS-scrub-suit-7-100x100.jpg 100w, https:\/\/med-disposable.com\/wp-content\/uploads\/2021\/04\/SMS-scrub-suit-7.jpg 770w\" sizes=\"(max-width: 800px) 100vw, 800px\" \/><\/p>\n<p><img decoding=\"async\" class=\"aligncenter wp-image-7352\" src=\"https:\/\/med-disposable.com\/wp-content\/uploads\/2021\/04\/SMS-scrub-suit-8-300x300.jpg\" alt=\"\" width=\"800\" height=\"800\" srcset=\"https:\/\/med-disposable.com\/wp-content\/uploads\/2021\/04\/SMS-scrub-suit-8-300x300.jpg 300w, https:\/\/med-disposable.com\/wp-content\/uploads\/2021\/04\/SMS-scrub-suit-8-150x150.jpg 150w, https:\/\/med-disposable.com\/wp-content\/uploads\/2021\/04\/SMS-scrub-suit-8-768x768.jpg 768w, https:\/\/med-disposable.com\/wp-content\/uploads\/2021\/04\/SMS-scrub-suit-8-600x600.jpg 600w, https:\/\/med-disposable.com\/wp-content\/uploads\/2021\/04\/SMS-scrub-suit-8-100x100.jpg 100w, https:\/\/med-disposable.com\/wp-content\/uploads\/2021\/04\/SMS-scrub-suit-8.jpg 875w\" sizes=\"(max-width: 800px) 100vw, 800px\" \/><\/p>\n<p>&nbsp;<\/p>\n<h2>Porqu\u00ea escolher a Wuhan Youfu?<\/h2>\n<ol>\n<li>Experi\u00eancia comprovada: A Wuhan Youfu tem mais de 10 anos de experi\u00eancia no fabrico de produtos de prote\u00e7\u00e3o n\u00e3o tecidos e de pl\u00e1stico de alta qualidade, garantindo a seguran\u00e7a, fiabilidade e durabilidade dos nossos produtos.<\/li>\n<li>Controlo de qualidade: Implementamos medidas rigorosas de controlo de qualidade em todo o processo de produ\u00e7\u00e3o, garantindo a consist\u00eancia do produto e a ades\u00e3o a normas internacionais, como a ISO13485, CE e FDA.<\/li>\n<li>Personaliza\u00e7\u00e3o: A Wuhan Youfu oferece solu\u00e7\u00f5es personalizadas para atender \u00e0s necessidades exclusivas de nossos clientes. Podemos fornecer tamanhos, cores e op\u00e7\u00f5es de embalagem sob medida para atender \u00e0s suas necessidades espec\u00edficas.<\/li>\n<li>Pre\u00e7os competitivos: Estamos empenhados em fornecer equipamento de prote\u00e7\u00e3o m\u00e9dica com uma boa rela\u00e7\u00e3o custo-benef\u00edcio sem comprometer a qualidade. Isto assegura a acessibilidade e o pre\u00e7o acess\u00edvel a todos os nossos clientes.<\/li>\n<li>Entrega r\u00e1pida: A nossa produ\u00e7\u00e3o e log\u00edstica eficientes garantem a entrega atempada das suas encomendas, mesmo durante per\u00edodos de grande procura, permitindo-lhe manter um fornecimento constante de fatos cir\u00fargicos descart\u00e1veis.<\/li>\n<li>Apoio abrangente: A nossa equipa dedicada de apoio ao cliente est\u00e1 sempre dispon\u00edvel para responder \u00e0s suas preocupa\u00e7\u00f5es e prestar assist\u00eancia em todas as fases do seu processo de compra. Esfor\u00e7amo-nos por construir rela\u00e7\u00f5es fortes e duradouras com os nossos clientes atrav\u00e9s de uma comunica\u00e7\u00e3o e apoio proactivos.<\/li>\n<li>Garantia de satisfa\u00e7\u00e3o: A sua satisfa\u00e7\u00e3o \u00e9 a nossa principal prioridade. Se tiver quaisquer preocupa\u00e7\u00f5es ou problemas com os nossos produtos, a nossa equipa de apoio ao cliente est\u00e1 pronta a prestar assist\u00eancia imediata e a garantir que as suas necessidades s\u00e3o satisfeitas.<\/li>\n<\/ol>\n<p><img decoding=\"async\" class=\"aligncenter wp-image-6653 size-large\" src=\"https:\/\/med-disposable.com\/wp-content\/uploads\/2023\/05\/\u62fc\u56fe-1-1024x729.jpg\" alt=\"\" width=\"800\" height=\"570\" srcset=\"https:\/\/med-disposable.com\/wp-content\/uploads\/2023\/05\/\u62fc\u56fe-1-1024x729.jpg 1024w, https:\/\/med-disposable.com\/wp-content\/uploads\/2023\/05\/\u62fc\u56fe-1-300x214.jpg 300w, https:\/\/med-disposable.com\/wp-content\/uploads\/2023\/05\/\u62fc\u56fe-1-768x547.jpg 768w, https:\/\/med-disposable.com\/wp-content\/uploads\/2023\/05\/\u62fc\u56fe-1-600x427.jpg 600w, https:\/\/med-disposable.com\/wp-content\/uploads\/2023\/05\/\u62fc\u56fe-1.jpg 1189w\" sizes=\"(max-width: 800px) 100vw, 800px\" \/><\/p>\n<p>&nbsp;<\/p>\n<h2>Principais carater\u00edsticas e vantagens dos fatos de banho em tecido n\u00e3o tecido:<\/h2>\n<ol>\n<li>Material n\u00e3o tecido: Constru\u00eddo a partir de um tecido n\u00e3o tecido confort\u00e1vel, leve e respir\u00e1vel, o nosso fato de banho descart\u00e1vel garante facilidade de movimentos e conforto ao longo do dia.<\/li>\n<li>Higiene superior: O design de utiliza\u00e7\u00e3o \u00fanica do nosso fato de banho ajuda a manter um ambiente limpo e higi\u00e9nico, reduzindo o risco de contamina\u00e7\u00e3o cruzada e a propaga\u00e7\u00e3o de infec\u00e7\u00f5es.<\/li>\n<li>V\u00e1rios tamanhos: Os nossos fatos de bloco descart\u00e1veis est\u00e3o dispon\u00edveis numa gama de tamanhos - desde pequeno a extra-grande - para acomodar as diversas necessidades dos profissionais de sa\u00fade.<\/li>\n<li>Aplica\u00e7\u00f5es vers\u00e1teis: Adequado para utiliza\u00e7\u00e3o em hospitais, cl\u00ednicas, consult\u00f3rios dent\u00e1rios, lares de idosos, laborat\u00f3rios e outras instala\u00e7\u00f5es de cuidados de sa\u00fade, este fato de banho descart\u00e1vel \u00e9 perfeito para m\u00e9dicos, enfermeiros, dentistas e outros profissionais de sa\u00fade.<\/li>\n<li>Amigo do ambiente: Fabricado a partir de materiais n\u00e3o tecidos n\u00e3o t\u00f3xicos e amigos do ambiente, o nosso fato de banho descart\u00e1vel foi concebido a pensar na sustentabilidade.<\/li>\n<\/ol>\n<p>&nbsp;<\/p>\n<p><img loading=\"lazy\" decoding=\"async\" class=\"aligncenter wp-image-7347 size-large\" src=\"https:\/\/med-disposable.com\/wp-content\/uploads\/2021\/04\/SMS-scrub-suit-2-1024x1024.jpg\" alt=\"\" width=\"800\" height=\"800\" srcset=\"https:\/\/med-disposable.com\/wp-content\/uploads\/2021\/04\/SMS-scrub-suit-2-1024x1024.jpg 1024w, https:\/\/med-disposable.com\/wp-content\/uploads\/2021\/04\/SMS-scrub-suit-2-300x300.jpg 300w, https:\/\/med-disposable.com\/wp-content\/uploads\/2021\/04\/SMS-scrub-suit-2-150x150.jpg 150w, https:\/\/med-disposable.com\/wp-content\/uploads\/2021\/04\/SMS-scrub-suit-2-768x768.jpg 768w, https:\/\/med-disposable.com\/wp-content\/uploads\/2021\/04\/SMS-scrub-suit-2-1536x1536.jpg 1536w, https:\/\/med-disposable.com\/wp-content\/uploads\/2021\/04\/SMS-scrub-suit-2-scaled.jpg 2048w, https:\/\/med-disposable.com\/wp-content\/uploads\/2021\/04\/SMS-scrub-suit-2-600x600.jpg 600w, https:\/\/med-disposable.com\/wp-content\/uploads\/2021\/04\/SMS-scrub-suit-2-100x100.jpg 100w\" sizes=\"(max-width: 800px) 100vw, 800px\" \/><\/p>","protected":false},"excerpt":{"rendered":"<p>Este fato cir\u00fargico de alta qualidade \u00e9 fabricado em n\u00e3o-tecido SMS leve e respir\u00e1vel, garantindo o m\u00e1ximo conforto e facilidade de movimentos durante turnos longos. Ideal para utiliza\u00e7\u00e3o em hospitais, cl\u00ednicas, consult\u00f3rios dent\u00e1rios e outros ambientes de cuidados de sa\u00fade, o nosso fato cir\u00fargico descart\u00e1vel \u00e9 imprescind\u00edvel para os profissionais que procuram uma alternativa pr\u00e1tica e higi\u00e9nica aos tradicionais fatos cir\u00fargicos reutiliz\u00e1veis.<\/p>","protected":false},"featured_media":7347,"template":"","meta":{"_seopress_robots_primary_cat":"none","_seopress_titles_title":"Pajamas &amp; Sscrub Suits - Disposable non woven pajamas\/scrub suit","_seopress_titles_desc":"Disposable non woven pajamas\/scrub suits - Eco-friendly fabric\u2013normally is SMS material, also could be PP non woven if needed. Available in all colors.","_seopress_robots_index":""},"product_brand":[],"product_cat":[43],"product_tag":[57,287],"class_list":{"0":"post-1154","1":"product","2":"type-product","3":"status-publish","4":"has-post-thumbnail","6":"product_cat-gowns","7":"product_tag-non-woven","8":"product_tag-scrub-suit","10":"first","11":"instock","12":"shipping-taxable","13":"product-type-simple"},"_links":{"self":[{"href":"https:\/\/med-disposable.com\/pt\/wp-json\/wp\/v2\/product\/1154","targetHints":{"allow":["GET"]}}],"collection":[{"href":"https:\/\/med-disposable.com\/pt\/wp-json\/wp\/v2\/product"}],"about":[{"href":"https:\/\/med-disposable.com\/pt\/wp-json\/wp\/v2\/types\/product"}],"version-history":[{"count":0,"href":"https:\/\/med-disposable.com\/pt\/wp-json\/wp\/v2\/product\/1154\/revisions"}],"wp:featuredmedia":[{"embeddable":true,"href":"https:\/\/med-disposable.com\/pt\/wp-json\/wp\/v2\/media\/7347"}],"wp:attachment":[{"href":"https:\/\/med-disposable.com\/pt\/wp-json\/wp\/v2\/media?parent=1154"}],"wp:term":[{"taxonomy":"product_brand","embeddable":true,"href":"https:\/\/med-disposable.com\/pt\/wp-json\/wp\/v2\/product_brand?post=1154"},{"taxonomy":"product_cat","embeddable":true,"href":"https:\/\/med-disposable.com\/pt\/wp-json\/wp\/v2\/product_cat?post=1154"},{"taxonomy":"product_tag","embeddable":true,"href":"https:\/\/med-disposable.com\/pt\/wp-json\/wp\/v2\/product_tag?post=1154"}],"curies":[{"name":"wp","href":"https:\/\/api.w.org\/{rel}","templated":true}]}}