{"id":1195,"date":"2021-04-09T18:08:07","date_gmt":"2021-04-09T10:08:07","guid":{"rendered":"https:\/\/med-disposable.com\/?post_type=product&#038;p=1195"},"modified":"2023-05-09T21:51:47","modified_gmt":"2023-05-09T13:51:47","slug":"bone-descartavel-de-astronauta-em-tecido-nao-tecido-com-mascara-facial","status":"publish","type":"product","link":"https:\/\/med-disposable.com\/pt\/product\/disposable-non-woven-astronaut-cap-with-face-mask\/","title":{"rendered":"Gorro de astronauta descart\u00e1vel em tecido n\u00e3o tecido com m\u00e1scara facial"},"content":{"rendered":"<p>Especifica\u00e7\u00e3o b\u00e1sica para o bon\u00e9 de astronauta n\u00e3o tecido descart\u00e1vel com m\u00e1scara facial:<\/p>\n<table width=\"583\">\n<tbody>\n<tr>\n<td width=\"111\">Tamanho<\/td>\n<td width=\"472\">35*35cm, 40*35cm, pode ser conforme os requisitos<\/td>\n<\/tr>\n<tr>\n<td rowspan=\"2\" width=\"111\">Material<\/td>\n<td width=\"472\">Tampa: Tecido n\u00e3o tecido de polipropileno (PP) de alta qualidade<\/td>\n<\/tr>\n<tr>\n<td width=\"472\">M\u00e1scara facial: Tr\u00eas camadas de material PP n\u00e3o tecido, incluindo uma camada interm\u00e9dia de filtro fundido por sopro. Tamb\u00e9m pode ser de 2 camadas, a pedido.<\/td>\n<\/tr>\n<tr>\n<td width=\"111\">Carater\u00edsticas de design:<\/td>\n<td width=\"472\">Bon\u00e9: estilo Bouffant com uma banda el\u00e1stica para um ajuste confort\u00e1vel \u00e0 volta da cabe\u00e7a<br \/>\nM\u00e1scara facial: Design integrado com a tampa, estilo plissado para uma melhor cobertura facial e respirabilidade<br \/>\nAn\u00e9is para as orelhas: el\u00e1stico montado na cabe\u00e7a, macio e extens\u00edvel para um maior conforto durante a utiliza\u00e7\u00e3o<\/td>\n<\/tr>\n<tr>\n<td width=\"111\">Cor<\/td>\n<td width=\"472\">Branco, azul, vermelho, amarelo, verde, laranja, roxo, preto, (todas as cores podem estar dispon\u00edveis)<\/td>\n<\/tr>\n<tr>\n<td width=\"111\">Embalagem<\/td>\n<td width=\"472\">100 pcs\/saco, 1000pcs\/ctn, pode ser conforme os requisitos<\/td>\n<\/tr>\n<tr>\n<td width=\"111\">Aplica\u00e7\u00e3o<\/td>\n<td width=\"472\">Ideal para utiliza\u00e7\u00e3o em cuidados de sa\u00fade, produtos farmac\u00eauticos, processamento de alimentos, fabrico de produtos electr\u00f3nicos e outras ind\u00fastrias onde a higiene e a seguran\u00e7a s\u00e3o fundamentais<\/td>\n<\/tr>\n<\/tbody>\n<\/table>\n<p><img fetchpriority=\"high\" decoding=\"async\" class=\"aligncenter wp-image-6225 size-large\" src=\"https:\/\/med-disposable.com\/wp-content\/uploads\/2021\/04\/40A0206-1024x1024.jpg\" alt=\"\" width=\"800\" height=\"800\" srcset=\"https:\/\/med-disposable.com\/wp-content\/uploads\/2021\/04\/40A0206-1024x1024.jpg 1024w, https:\/\/med-disposable.com\/wp-content\/uploads\/2021\/04\/40A0206-300x300.jpg 300w, https:\/\/med-disposable.com\/wp-content\/uploads\/2021\/04\/40A0206-150x150.jpg 150w, https:\/\/med-disposable.com\/wp-content\/uploads\/2021\/04\/40A0206-768x768.jpg 768w, https:\/\/med-disposable.com\/wp-content\/uploads\/2021\/04\/40A0206-1536x1536.jpg 1536w, https:\/\/med-disposable.com\/wp-content\/uploads\/2021\/04\/40A0206-scaled.jpg 2048w, https:\/\/med-disposable.com\/wp-content\/uploads\/2021\/04\/40A0206-600x600.jpg 600w, https:\/\/med-disposable.com\/wp-content\/uploads\/2021\/04\/40A0206-100x100.jpg 100w\" sizes=\"(max-width: 800px) 100vw, 800px\" \/><\/p>\n<h3><strong>Carater\u00edsticas e vantagens pormenorizadas<\/strong><\/h3>\n<ul>\n<li><strong>Tampa:<\/strong> A touca de estilo bouffant proporciona uma cobertura total do cabelo e do couro cabeludo, evitando que o cabelo e outros contaminantes entrem no ambiente de trabalho. O material de polipropileno n\u00e3o tecido \u00e9 respir\u00e1vel e leve, garantindo o m\u00e1ximo conforto durante uma utiliza\u00e7\u00e3o prolongada.<\/li>\n<\/ul>\n<p><img decoding=\"async\" class=\"aligncenter wp-image-6223 size-large\" src=\"https:\/\/med-disposable.com\/wp-content\/uploads\/2021\/04\/40A0204-1024x1024.jpg\" alt=\"\" width=\"800\" height=\"800\" srcset=\"https:\/\/med-disposable.com\/wp-content\/uploads\/2021\/04\/40A0204-1024x1024.jpg 1024w, https:\/\/med-disposable.com\/wp-content\/uploads\/2021\/04\/40A0204-300x300.jpg 300w, https:\/\/med-disposable.com\/wp-content\/uploads\/2021\/04\/40A0204-150x150.jpg 150w, https:\/\/med-disposable.com\/wp-content\/uploads\/2021\/04\/40A0204-768x768.jpg 768w, https:\/\/med-disposable.com\/wp-content\/uploads\/2021\/04\/40A0204-1536x1536.jpg 1536w, https:\/\/med-disposable.com\/wp-content\/uploads\/2021\/04\/40A0204-scaled.jpg 2048w, https:\/\/med-disposable.com\/wp-content\/uploads\/2021\/04\/40A0204-600x600.jpg 600w, https:\/\/med-disposable.com\/wp-content\/uploads\/2021\/04\/40A0204-100x100.jpg 100w\" sizes=\"(max-width: 800px) 100vw, 800px\" \/><\/p>\n<ul>\n<li><strong>M\u00e1scara facial:<\/strong> A m\u00e1scara facial integrada apresenta uma constru\u00e7\u00e3o de tr\u00eas camadas, incluindo uma camada interm\u00e9dia de filtro fundido que filtra eficazmente bact\u00e9rias, v\u00edrus, p\u00f3, p\u00f3len e outras part\u00edculas transportadas pelo ar. O design plissado da m\u00e1scara facial permite uma melhor cobertura facial e uma melhor respirabilidade, garantindo que os trabalhadores permanecem confort\u00e1veis e protegidos durante todo o dia.<\/li>\n<li><strong>Arame ajust\u00e1vel para o nariz:<\/strong> A m\u00e1scara facial inclui um fio de nariz ajust\u00e1vel que pode ser moldado para se adaptar \u00e0 forma do nariz do utilizador, garantindo um ajuste seguro e confort\u00e1vel. Esta carater\u00edstica tamb\u00e9m ajuda a reduzir o embaciamento dos \u00f3culos.<\/li>\n<li><strong>\u00a0La\u00e7os el\u00e1sticos montados na cabe\u00e7a:<\/strong> A m\u00e1scara facial est\u00e1 equipada com an\u00e9is el\u00e1sticos macios e extens\u00edveis montados na cabe\u00e7a, que permitem coloc\u00e1-la e retir\u00e1-la facilmente, assegurando ao mesmo tempo um ajuste confort\u00e1vel e apertado durante uma utiliza\u00e7\u00e3o prolongada.<\/li>\n<li><strong>Design de tamanho \u00fanico:<\/strong> Tanto o gorro como a m\u00e1scara facial foram concebidos para se adaptarem confortavelmente \u00e0 maioria dos tamanhos de cabe\u00e7a, gra\u00e7as \u00e0s bandas el\u00e1sticas e \u00e0s carater\u00edsticas ajust\u00e1veis.<\/li>\n<li><strong>Versatilidade:<\/strong> Este produto \u00e9 adequado para utiliza\u00e7\u00e3o numa vasta gama de ind\u00fastrias, incluindo cuidados de sa\u00fade, produtos farmac\u00eauticos, processamento de alimentos, fabrico de produtos electr\u00f3nicos e muito mais, o que o torna uma solu\u00e7\u00e3o vers\u00e1til para profissionais que procuram uma prote\u00e7\u00e3o fi\u00e1vel para a cabe\u00e7a e o rosto.<\/li>\n<\/ul>\n<p><img decoding=\"async\" class=\"aligncenter wp-image-6389 size-large\" src=\"https:\/\/med-disposable.com\/wp-content\/uploads\/2021\/04\/caps-with-mask-1024x576.jpg\" alt=\"\" width=\"800\" height=\"450\" srcset=\"https:\/\/med-disposable.com\/wp-content\/uploads\/2021\/04\/caps-with-mask-1024x576.jpg 1024w, https:\/\/med-disposable.com\/wp-content\/uploads\/2021\/04\/caps-with-mask-300x169.jpg 300w, https:\/\/med-disposable.com\/wp-content\/uploads\/2021\/04\/caps-with-mask-768x432.jpg 768w, https:\/\/med-disposable.com\/wp-content\/uploads\/2021\/04\/caps-with-mask-600x338.jpg 600w, https:\/\/med-disposable.com\/wp-content\/uploads\/2021\/04\/caps-with-mask.jpg 1280w\" sizes=\"(max-width: 800px) 100vw, 800px\" \/><\/p>\n<h3><strong>Como usar e eliminar a touca de astronauta n\u00e3o tecida descart\u00e1vel com m\u00e1scara facial<\/strong><\/h3>\n<p><strong>Passo 1:<\/strong> Retirar a touca de astronauta descart\u00e1vel em n\u00e3o-tecido com uma m\u00e1scara facial integrada do seu saco de pl\u00e1stico selado.<\/p>\n<p><strong>Passo 2:<\/strong> Segure a tampa pelo el\u00e1stico e abra-a suavemente, certificando-se de que n\u00e3o toca no interior da tampa ou da m\u00e1scara facial com as m\u00e3os.<\/p>\n<p><strong>Passo 3:<\/strong> Coloque o gorro na cabe\u00e7a, certificando-se de que todo o cabelo fica coberto e que o el\u00e1stico fica bem colocado \u00e0 volta da cabe\u00e7a para um ajuste confort\u00e1vel.<\/p>\n<p><strong>Passo 4:<\/strong> Segure a m\u00e1scara facial pelos el\u00e1sticos das orelhas e coloque-a sobre o nariz e a boca.<\/p>\n<p><strong>Passo 5:<\/strong> Molde o arame nasal ajust\u00e1vel \u00e0 forma do seu nariz para um ajuste seguro e confort\u00e1vel.<\/p>\n<p><strong>Passo 6:<\/strong> Estique os el\u00e1sticos \u00e0 volta das orelhas, certificando-se de que a m\u00e1scara cobre bem o nariz, a boca e o queixo.<\/p>\n<p><strong>Passo 7:<\/strong> Para retirar o gorro e a m\u00e1scara facial, agarre nas presilhas el\u00e1sticas das orelhas e levante-as cuidadosamente sobre as orelhas. Em seguida, levante o gorro da cabe\u00e7a, tendo o cuidado de n\u00e3o tocar no exterior do gorro ou da m\u00e1scara facial.<\/p>\n<p><strong>Passo 8:<\/strong> Elimine a touca e a m\u00e1scara facial usadas num recipiente de res\u00edduos designado, seguindo todas as diretrizes aplic\u00e1veis \u00e0 elimina\u00e7\u00e3o de equipamento de prote\u00e7\u00e3o individual (EPI) no seu local de trabalho.<\/p>\n<p>Ao compreender as carater\u00edsticas detalhadas, as vantagens e a utiliza\u00e7\u00e3o adequada do nosso bon\u00e9 de astronauta descart\u00e1vel em n\u00e3o-tecido com uma m\u00e1scara facial integrada, pode proporcionar \u00e0 sua for\u00e7a de trabalho o mais elevado n\u00edvel de prote\u00e7\u00e3o e conforto em v\u00e1rios ambientes de trabalho.<\/p>","protected":false},"excerpt":{"rendered":"<p>Apresentamos o nosso bon\u00e9 de astronauta descart\u00e1vel em n\u00e3o-tecido com uma m\u00e1scara facial integrada, concebido para uma prote\u00e7\u00e3o e conforto ideais em v\u00e1rias ind\u00fastrias e ambientes. Este produto inovador combina as vantagens de uma touca de prote\u00e7\u00e3o e de uma m\u00e1scara facial, garantindo um elevado n\u00edvel de higiene e seguran\u00e7a para os trabalhadores.<\/p>","protected":false},"featured_media":6227,"template":"","meta":{"_seopress_robots_primary_cat":"none","_seopress_titles_title":"Disposable non woven astronaut cap with face mask - YouFu Medical","_seopress_titles_desc":"Disposable Non Woven Astronaut Cap with Face Mask - designed to fit most sizes comfortably, ideal for use in a range of industries for hygiene and safety. With elastic headband and adjustable nose wire for secure fit.","_seopress_robots_index":""},"product_brand":[],"product_cat":[46],"product_tag":[152],"class_list":{"0":"post-1195","1":"product","2":"type-product","3":"status-publish","4":"has-post-thumbnail","6":"product_cat-caps","7":"product_tag-caps","9":"first","10":"instock","11":"shipping-taxable","12":"product-type-simple"},"_links":{"self":[{"href":"https:\/\/med-disposable.com\/pt\/wp-json\/wp\/v2\/product\/1195","targetHints":{"allow":["GET"]}}],"collection":[{"href":"https:\/\/med-disposable.com\/pt\/wp-json\/wp\/v2\/product"}],"about":[{"href":"https:\/\/med-disposable.com\/pt\/wp-json\/wp\/v2\/types\/product"}],"version-history":[{"count":0,"href":"https:\/\/med-disposable.com\/pt\/wp-json\/wp\/v2\/product\/1195\/revisions"}],"wp:featuredmedia":[{"embeddable":true,"href":"https:\/\/med-disposable.com\/pt\/wp-json\/wp\/v2\/media\/6227"}],"wp:attachment":[{"href":"https:\/\/med-disposable.com\/pt\/wp-json\/wp\/v2\/media?parent=1195"}],"wp:term":[{"taxonomy":"product_brand","embeddable":true,"href":"https:\/\/med-disposable.com\/pt\/wp-json\/wp\/v2\/product_brand?post=1195"},{"taxonomy":"product_cat","embeddable":true,"href":"https:\/\/med-disposable.com\/pt\/wp-json\/wp\/v2\/product_cat?post=1195"},{"taxonomy":"product_tag","embeddable":true,"href":"https:\/\/med-disposable.com\/pt\/wp-json\/wp\/v2\/product_tag?post=1195"}],"curies":[{"name":"wp","href":"https:\/\/api.w.org\/{rel}","templated":true}]}}