{"id":1208,"date":"2021-04-13T10:22:51","date_gmt":"2021-04-13T02:22:51","guid":{"rendered":"https:\/\/med-disposable.com\/?post_type=product&#038;p=1208"},"modified":"2023-06-15T19:06:05","modified_gmt":"2023-06-15T11:06:05","slug":"bone-descartavel-de-astronauta-em-tecido-nao-tecido-com-atilhos","status":"publish","type":"product","link":"https:\/\/med-disposable.com\/pt\/product\/disposable-non-woven-astronaut-cap-with-ties\/","title":{"rendered":"Bon\u00e9 de astronauta descart\u00e1vel em tecido n\u00e3o tecido com atilhos"},"content":{"rendered":"<h2>Especifica\u00e7\u00f5es pormenorizadas:<\/h2>\n<table width=\"559\">\n<tbody>\n<tr>\n<td width=\"106\">Tamanho<\/td>\n<td width=\"453\">36*38cm, 38*40cm, 40*42cm, pode ser conforme os requisitos<\/td>\n<\/tr>\n<tr>\n<td width=\"106\">Material<\/td>\n<td width=\"453\">PP n\u00e3o tecido, conforme necess\u00e1rio<\/td>\n<\/tr>\n<tr>\n<td width=\"106\">Cor<\/td>\n<td width=\"453\">Branco, azul, verde, pode ser personalizado<\/td>\n<\/tr>\n<tr>\n<td width=\"106\">Embalagem<\/td>\n<td width=\"453\">100 pcs\/saco, 1000pcs\/ctn, pode ser conforme os requisitos<\/td>\n<\/tr>\n<tr>\n<td width=\"106\">Aplica\u00e7\u00e3o<\/td>\n<td width=\"453\">Amplamente utilizado em laborat\u00f3rios, hospitais, sector m\u00e9dico, cl\u00ednicas dent\u00e1rias, aplica\u00e7\u00f5es higi\u00e9nicas, salas de limpeza biol\u00f3gica, farm\u00e1cias, pessoal m\u00e9dico, ambiente farmac\u00eautico, \u00e1reas relacionadas com a higiene, etc.<\/td>\n<\/tr>\n<\/tbody>\n<\/table>\n<p><img fetchpriority=\"high\" decoding=\"async\" class=\"aligncenter wp-image-8080 size-full\" src=\"https:\/\/med-disposable.com\/wp-content\/uploads\/2021\/04\/astronaut-caps-1.png\" alt=\"\" width=\"700\" height=\"700\" srcset=\"https:\/\/med-disposable.com\/wp-content\/uploads\/2021\/04\/astronaut-caps-1.png 700w, https:\/\/med-disposable.com\/wp-content\/uploads\/2021\/04\/astronaut-caps-1-300x300.png 300w, https:\/\/med-disposable.com\/wp-content\/uploads\/2021\/04\/astronaut-caps-1-150x150.png 150w, https:\/\/med-disposable.com\/wp-content\/uploads\/2021\/04\/astronaut-caps-1-600x600.png 600w, https:\/\/med-disposable.com\/wp-content\/uploads\/2021\/04\/astronaut-caps-1-100x100.png 100w\" sizes=\"(max-width: 700px) 100vw, 700px\" \/><\/p>\n<h2>Vantagens da touca de astronauta descart\u00e1vel:<\/h2>\n<ul>\n<li><strong>Ajuste seguro:<\/strong>\u00a0Os atilhos ajust\u00e1veis na parte de tr\u00e1s do bon\u00e9 garantem um ajuste confort\u00e1vel e seguro para todos os tamanhos de cabe\u00e7a, evitando deslizamentos indesejados durante o trabalho.<\/li>\n<li><strong>Cobertura total:<\/strong>\u00a0O design exclusivo para astronautas proporciona uma cobertura completa do cabelo, minimizando o risco de contamina\u00e7\u00e3o em ambientes sens\u00edveis.<\/li>\n<li><strong>Sem l\u00e1tex:<\/strong>\u00a0Estas tampas descart\u00e1veis n\u00e3o cont\u00eam l\u00e1tex, o que as torna adequadas para pessoas com sensibilidade ao l\u00e1tex.<\/li>\n<li><strong>Design unissexo:<\/strong>\u00a0Os nossos bon\u00e9s de astronauta em tecido n\u00e3o tecido com atilhos foram concebidos para se adaptarem confortavelmente a homens e mulheres.<\/li>\n<li><strong>Ideal para v\u00e1rios sectores:<\/strong>\u00a0Estas tampas s\u00e3o perfeitas para utiliza\u00e7\u00e3o em cuidados de sa\u00fade, servi\u00e7os alimentares, salas limpas, laborat\u00f3rios e outros ambientes profissionais onde a higiene \u00e9 da maior import\u00e2ncia.<\/li>\n<\/ul>\n<p><img decoding=\"async\" class=\"aligncenter wp-image-8083 size-full\" src=\"https:\/\/med-disposable.com\/wp-content\/uploads\/2021\/04\/astronaut-caps-3.jpg\" alt=\"\" width=\"750\" height=\"750\" srcset=\"https:\/\/med-disposable.com\/wp-content\/uploads\/2021\/04\/astronaut-caps-3.jpg 750w, https:\/\/med-disposable.com\/wp-content\/uploads\/2021\/04\/astronaut-caps-3-300x300.jpg 300w, https:\/\/med-disposable.com\/wp-content\/uploads\/2021\/04\/astronaut-caps-3-150x150.jpg 150w, https:\/\/med-disposable.com\/wp-content\/uploads\/2021\/04\/astronaut-caps-3-600x600.jpg 600w, https:\/\/med-disposable.com\/wp-content\/uploads\/2021\/04\/astronaut-caps-3-100x100.jpg 100w\" sizes=\"(max-width: 750px) 100vw, 750px\" \/><\/p>\n<p>&nbsp;<\/p>\n<h2>Como encomendar bon\u00e9s de astronauta da Wuhan Youfu?<\/h2>\n<ol>\n<li><strong>Identificar o produto:<\/strong> Determine os bon\u00e9s de astronauta espec\u00edficos que pretende encomendar. Seja claro quanto \u00e0s especifica\u00e7\u00f5es, \u00e0 qualidade e a quaisquer requisitos de personaliza\u00e7\u00e3o.<\/li>\n<li><strong>Pedir or\u00e7amentos:<\/strong> Contactar Wuhan Youfu e solicitar or\u00e7amentos para o produto pretendido. Forne\u00e7a especifica\u00e7\u00f5es claras e informe-se sobre quantidades m\u00ednimas de encomenda, prazos de entrega, condi\u00e7\u00f5es de pagamento e op\u00e7\u00f5es de envio.<\/li>\n<li><strong>Negociar as condi\u00e7\u00f5es:<\/strong> Negociar o pre\u00e7o, as condi\u00e7\u00f5es de pagamento, o prazo de entrega e quaisquer personaliza\u00e7\u00f5es. Assegurar que todos os acordos s\u00e3o documentados por escrito.<\/li>\n<li><strong>Efetuar a encomenda:<\/strong> Confirmar a encomenda com a Wuhan Youfu e efetuar os pagamentos necess\u00e1rios de acordo com as condi\u00e7\u00f5es acordadas. Conservar um registo de toda a correspond\u00eancia e transac\u00e7\u00f5es para refer\u00eancia futura.<\/li>\n<li><strong>Providenciar a inspe\u00e7\u00e3o:<\/strong> A Wuhan Youfu fornecer-lhe-\u00e1 fotografias e v\u00eddeos durante a produ\u00e7\u00e3o, para que possa compreender bem o seu produto. Se necess\u00e1rio, considere contratar uma empresa de inspe\u00e7\u00e3o externa para inspecionar os produtos antes do envio.<\/li>\n<li><strong>Organizar a expedi\u00e7\u00e3o e a log\u00edstica:<\/strong>\u00a0Coordenar com um transit\u00e1rio ou empresa de expedi\u00e7\u00e3o o transporte das mercadorias da f\u00e1brica para o seu armaz\u00e9m. Certifique-se de que possui toda a documenta\u00e7\u00e3o de importa\u00e7\u00e3o necess\u00e1ria e cumpra todos os regulamentos aduaneiros aplic\u00e1veis.<\/li>\n<li><strong>Desalfandegamento:<\/strong>\u00a0Trabalhar com um despachante aduaneiro, se necess\u00e1rio, para ajudar no processo de desalfandegamento. Esteja preparado para pagar quaisquer direitos e impostos de importa\u00e7\u00e3o aplic\u00e1veis.<\/li>\n<li><strong>Receber a mercadoria:<\/strong> Ap\u00f3s a chegada, inspecionar a remessa para verificar se existem discrep\u00e2ncias, danos ou problemas de qualidade. Se necess\u00e1rio, contacte a Wuhan Youfu e o transit\u00e1rio para esclarecer quaisquer d\u00favidas.<\/li>\n<\/ol>","protected":false},"excerpt":{"rendered":"<p>Touca de astronauta descart\u00e1vel em tecido n\u00e3o tecido com atilhos - a solu\u00e7\u00e3o perfeita para manter a higiene em v\u00e1rios ambientes profissionais. Estas toucas de alta qualidade foram concebidas para proporcionar um conforto e uma cobertura \u00f3ptimos, garantindo que o cabelo fica bem preso e que o ambiente de trabalho permanece limpo e higi\u00e9nico.<\/p>","protected":false},"featured_media":8080,"template":"","meta":{"_seopress_robots_primary_cat":"none","_seopress_titles_title":"Latex-Free Tie-On Fixing Neck Protectors: Long Lasting &amp; Hygienic for Lab, Hospitals, Clinics","_seopress_titles_desc":"Stay protected with our wide tie-on fixing around the neck, 100% latex free medical face masks! Breathable and non-stereile, available in various sizes and colors. Perfect for lab, hospital, pharmacy and more.","_seopress_robots_index":""},"product_brand":[],"product_cat":[46],"product_tag":[343,57],"class_list":{"0":"post-1208","1":"product","2":"type-product","3":"status-publish","4":"has-post-thumbnail","6":"product_cat-caps","7":"product_tag-astronaut-cap","8":"product_tag-non-woven","10":"first","11":"instock","12":"shipping-taxable","13":"product-type-simple"},"_links":{"self":[{"href":"https:\/\/med-disposable.com\/pt\/wp-json\/wp\/v2\/product\/1208","targetHints":{"allow":["GET"]}}],"collection":[{"href":"https:\/\/med-disposable.com\/pt\/wp-json\/wp\/v2\/product"}],"about":[{"href":"https:\/\/med-disposable.com\/pt\/wp-json\/wp\/v2\/types\/product"}],"version-history":[{"count":0,"href":"https:\/\/med-disposable.com\/pt\/wp-json\/wp\/v2\/product\/1208\/revisions"}],"wp:featuredmedia":[{"embeddable":true,"href":"https:\/\/med-disposable.com\/pt\/wp-json\/wp\/v2\/media\/8080"}],"wp:attachment":[{"href":"https:\/\/med-disposable.com\/pt\/wp-json\/wp\/v2\/media?parent=1208"}],"wp:term":[{"taxonomy":"product_brand","embeddable":true,"href":"https:\/\/med-disposable.com\/pt\/wp-json\/wp\/v2\/product_brand?post=1208"},{"taxonomy":"product_cat","embeddable":true,"href":"https:\/\/med-disposable.com\/pt\/wp-json\/wp\/v2\/product_cat?post=1208"},{"taxonomy":"product_tag","embeddable":true,"href":"https:\/\/med-disposable.com\/pt\/wp-json\/wp\/v2\/product_tag?post=1208"}],"curies":[{"name":"wp","href":"https:\/\/api.w.org\/{rel}","templated":true}]}}