{"id":12421,"date":"2024-06-25T17:33:41","date_gmt":"2024-06-25T09:33:41","guid":{"rendered":"https:\/\/med-disposable.com\/?post_type=product&#038;p=12421"},"modified":"2024-06-25T17:35:22","modified_gmt":"2024-06-25T09:35:22","slug":"bata-descartavel-em-rolo","status":"publish","type":"product","link":"https:\/\/med-disposable.com\/pt\/product\/new-style-disposable-pe-gown-in-roll\/","title":{"rendered":"Bata PE descart\u00e1vel de estilo novo em rolo"},"content":{"rendered":"<p><strong>Informa\u00e7\u00f5es b\u00e1sicas sobre as batas descart\u00e1veis em PE<\/strong><\/p>\n<table style=\"border-collapse: collapse;width: 938px;height: 437px\" border=\"0\" width=\"128\" cellspacing=\"0\" cellpadding=\"0\">\n<tbody>\n<tr style=\"height: 13.8pt\">\n<td style=\"height: 13.8pt;width: 48pt\" width=\"64\" height=\"18\">Material:<\/td>\n<td style=\"width: 48pt\" width=\"64\">100% Polietileno (PE)<\/td>\n<\/tr>\n<tr style=\"height: 13.8pt\">\n<td style=\"height: 13.8pt\" height=\"18\">Peso do material:<\/td>\n<td>25-70g\/pc<\/td>\n<\/tr>\n<tr style=\"height: 13.8pt\">\n<td style=\"height: 13.8pt\" height=\"18\">Processo:<\/td>\n<td>Corte, selagem a quente<\/td>\n<\/tr>\n<tr style=\"height: 13.8pt\">\n<td style=\"height: 13.8pt\" height=\"18\">Tamanho:<\/td>\n<td>190*115cm, 120*195cm, 125*200cm, ou conforme os requisitos<\/td>\n<\/tr>\n<tr style=\"height: 13.8pt\">\n<td style=\"height: 13.8pt\" height=\"18\">Cor:<\/td>\n<td>Branco, azul, amarelo ou personalizado<\/td>\n<\/tr>\n<tr style=\"height: 13.8pt\">\n<td style=\"height: 13.8pt\" height=\"18\">Embalagem:<\/td>\n<td>50pcs\/rolo, 1 rolo\/saco, 1 saco\/caixa ou personalizado<\/td>\n<\/tr>\n<tr style=\"height: 13.8pt\">\n<td style=\"height: 13.8pt\" height=\"18\">Certifica\u00e7\u00e3o:<\/td>\n<td>FDA, CE, ISO13485<\/td>\n<\/tr>\n<tr style=\"height: 13.8pt\">\n<td style=\"height: 13.8pt\" height=\"18\">Capacidade:<\/td>\n<td>100000pcs-150000pcs\/day<\/td>\n<\/tr>\n<tr style=\"height: 13.8pt\">\n<td style=\"height: 13.8pt\" height=\"18\">Aplica\u00e7\u00e3o:<\/td>\n<td>Ind\u00fastria alimentar e outras<\/td>\n<\/tr>\n<\/tbody>\n<\/table>\n<figure class=\"wp-block-embed wp-block-embed-youtube is-type-video is-provider-youtube epyt-figure\"><div class=\"wp-block-embed__wrapper\"><div  id=\"_ytid_10092\"  width=\"800\" height=\"450\"  data-origwidth=\"800\" data-origheight=\"450\" data-facadesrc=\"https:\/\/www.youtube.com\/embed\/-hfnKKgAD14?enablejsapi=1&autoplay=0&cc_load_policy=0&cc_lang_pref=&iv_load_policy=1&loop=0&rel=1&fs=1&playsinline=0&autohide=2&theme=dark&color=red&controls=1&disablekb=0&\" class=\"__youtube_prefs__ epyt-facade no-lazyload\" data-epautoplay=\"1\" ><img decoding=\"async\" data-spai-excluded=\"true\" class=\"epyt-facade-poster skip-lazy\" loading=\"lazy\"  alt=\"Leitor do YouTube\"  src=\"https:\/\/i.ytimg.com\/vi\/-hfnKKgAD14\/maxresdefault.jpg\"  \/><button class=\"epyt-facade-play\" aria-label=\"Jogar\"><svg data-no-lazy=\"1\" height=\"100%\" version=\"1.1\" viewbox=\"0 0 68 48\" width=\"100%\"><path class=\"ytp-large-play-button-bg\" d=\"M66.52,7.74c-0.78-2.93-2.49-5.41-5.42-6.19C55.79,.13,34,0,34,0S12.21,.13,6.9,1.55 C3.97,2.33,2.27,4.81,1.48,7.74C0.06,13.05,0,24,0,24s0.06,10.95,1.48,16.26c0.78,2.93,2.49,5.41,5.42,6.19 C12.21,47.87,34,48,34,48s21.79-0.13,27.1-1.55c2.93-0.78,4.64-3.26,5.42-6.19C67.94,34.95,68,24,68,24S67.94,13.05,66.52,7.74z\" fill=\"#f00\"><\/path><path d=\"M 45,24 27,14 27,34\" fill=\"#fff\"><\/path><\/svg><\/button><\/div><\/div><\/figure>\n<p>&nbsp;<\/p>\n<p><strong>Imagens de pormenor das batas de educa\u00e7\u00e3o f\u00edsica em rolo:<\/strong><\/p>\n<p><img fetchpriority=\"high\" decoding=\"async\" class=\"aligncenter wp-image-12425 size-full\" src=\"https:\/\/med-disposable.com\/wp-content\/uploads\/2024\/06\/PE-gowns-new-design-1.png\" alt=\"\" width=\"800\" height=\"800\" srcset=\"https:\/\/med-disposable.com\/wp-content\/uploads\/2024\/06\/PE-gowns-new-design-1.png 800w, https:\/\/med-disposable.com\/wp-content\/uploads\/2024\/06\/PE-gowns-new-design-1-300x300.png 300w, https:\/\/med-disposable.com\/wp-content\/uploads\/2024\/06\/PE-gowns-new-design-1-150x150.png 150w, https:\/\/med-disposable.com\/wp-content\/uploads\/2024\/06\/PE-gowns-new-design-1-768x768.png 768w, https:\/\/med-disposable.com\/wp-content\/uploads\/2024\/06\/PE-gowns-new-design-1-600x600.png 600w, https:\/\/med-disposable.com\/wp-content\/uploads\/2024\/06\/PE-gowns-new-design-1-100x100.png 100w\" sizes=\"(max-width: 800px) 100vw, 800px\" \/><\/p>\n<p><img decoding=\"async\" class=\"aligncenter wp-image-12430 size-full\" src=\"https:\/\/med-disposable.com\/wp-content\/uploads\/2024\/06\/PE-gowns-new-design-6.png\" alt=\"\" width=\"800\" height=\"800\" srcset=\"https:\/\/med-disposable.com\/wp-content\/uploads\/2024\/06\/PE-gowns-new-design-6.png 800w, https:\/\/med-disposable.com\/wp-content\/uploads\/2024\/06\/PE-gowns-new-design-6-300x300.png 300w, https:\/\/med-disposable.com\/wp-content\/uploads\/2024\/06\/PE-gowns-new-design-6-150x150.png 150w, https:\/\/med-disposable.com\/wp-content\/uploads\/2024\/06\/PE-gowns-new-design-6-768x768.png 768w, https:\/\/med-disposable.com\/wp-content\/uploads\/2024\/06\/PE-gowns-new-design-6-600x600.png 600w, https:\/\/med-disposable.com\/wp-content\/uploads\/2024\/06\/PE-gowns-new-design-6-100x100.png 100w\" sizes=\"(max-width: 800px) 100vw, 800px\" \/><\/p>\n<p>&nbsp;<\/p>\n<p><strong>Combinado com a linha de corte:<\/strong><\/p>\n<p><img decoding=\"async\" class=\"aligncenter wp-image-12431 size-full\" src=\"https:\/\/med-disposable.com\/wp-content\/uploads\/2024\/06\/PE-gowns-new-design.png\" alt=\"\" width=\"800\" height=\"800\" srcset=\"https:\/\/med-disposable.com\/wp-content\/uploads\/2024\/06\/PE-gowns-new-design.png 800w, https:\/\/med-disposable.com\/wp-content\/uploads\/2024\/06\/PE-gowns-new-design-300x300.png 300w, https:\/\/med-disposable.com\/wp-content\/uploads\/2024\/06\/PE-gowns-new-design-150x150.png 150w, https:\/\/med-disposable.com\/wp-content\/uploads\/2024\/06\/PE-gowns-new-design-768x768.png 768w, https:\/\/med-disposable.com\/wp-content\/uploads\/2024\/06\/PE-gowns-new-design-600x600.png 600w, https:\/\/med-disposable.com\/wp-content\/uploads\/2024\/06\/PE-gowns-new-design-100x100.png 100w\" sizes=\"(max-width: 800px) 100vw, 800px\" \/><\/p>\n<p>&nbsp;<\/p>\n<p><strong>Imagem da embalagem:<\/strong><\/p>\n<p><img loading=\"lazy\" decoding=\"async\" class=\"aligncenter wp-image-12424 size-large\" src=\"https:\/\/med-disposable.com\/wp-content\/uploads\/2024\/06\/PE-gowns-new-design-1-695x1024.jpg\" alt=\"\" width=\"695\" height=\"1024\" srcset=\"https:\/\/med-disposable.com\/wp-content\/uploads\/2024\/06\/PE-gowns-new-design-1-695x1024.jpg 695w, https:\/\/med-disposable.com\/wp-content\/uploads\/2024\/06\/PE-gowns-new-design-1-204x300.jpg 204w, https:\/\/med-disposable.com\/wp-content\/uploads\/2024\/06\/PE-gowns-new-design-1-768x1131.jpg 768w, https:\/\/med-disposable.com\/wp-content\/uploads\/2024\/06\/PE-gowns-new-design-1-600x884.jpg 600w, https:\/\/med-disposable.com\/wp-content\/uploads\/2024\/06\/PE-gowns-new-design-1.jpg 800w\" sizes=\"(max-width: 695px) 100vw, 695px\" \/><\/p>\n<p>&nbsp;<\/p>\n<p><strong>Vantagens das batas descart\u00e1veis em PE<\/strong><\/p>\n<ol>\n<li><strong>Prote\u00e7\u00e3o \u00f3ptima<\/strong>: Estas batas oferecem uma cobertura total com mangas compridas e uma gola redonda, fechando eficazmente a frente e as costas para garantir a m\u00e1xima prote\u00e7\u00e3o contra os contaminantes.<\/li>\n<li><strong>Higi\u00e9nico e seguro<\/strong>: Sendo descart\u00e1veis, as batas PE minimizam o risco de contamina\u00e7\u00e3o cruzada e de propaga\u00e7\u00e3o de infec\u00e7\u00f5es, tornando-as ideais para ambientes m\u00e9dicos, laboratoriais e industriais.<\/li>\n<li><strong>Conveni\u00eancia<\/strong>: As batas s\u00e3o concebidas com um estilo pullover, permitindo uma f\u00e1cil coloca\u00e7\u00e3o e remo\u00e7\u00e3o. A inclus\u00e3o de uma linha de corte para uma separa\u00e7\u00e3o f\u00e1cil aumenta ainda mais a comodidade do utilizador.<\/li>\n<li><strong>Uniformidade superior<\/strong>: As nossas batas PE s\u00e3o inteiramente fabricadas e embaladas \u00e0 m\u00e1quina, garantindo uma qualidade consistente e uniformidade em todos os produtos.<\/li>\n<li><strong>Efici\u00eancia<\/strong>: O processo automatizado de produ\u00e7\u00e3o e embalagem aumenta a efici\u00eancia, reduzindo o tempo e o esfor\u00e7o necess\u00e1rios para produzir e distribuir as batas.<\/li>\n<li><strong>Rent\u00e1vel<\/strong>: Sendo um produto de utiliza\u00e7\u00e3o \u00fanica, as batas descart\u00e1veis em PE eliminam a necessidade de lavagem e esteriliza\u00e7\u00e3o, poupando tempo e recursos.<\/li>\n<li><strong>Conforto<\/strong>: O material leve e respir\u00e1vel garante o conforto do utilizador, mesmo durante longos per\u00edodos de utiliza\u00e7\u00e3o.<\/li>\n<li><strong>Versatilidade<\/strong>: Adequado para uma vasta gama de aplica\u00e7\u00f5es, incluindo cuidados de sa\u00fade, processamento de alimentos, limpeza e outros ambientes onde a higiene e a prote\u00e7\u00e3o s\u00e3o fundamentais.<\/li>\n<\/ol>\n<p>&nbsp;<\/p>","protected":false},"excerpt":{"rendered":"<p>As batas PE s\u00e3o do tipo pullover, cada bata \u00e9 inteiramente fabricada e embalada \u00e0 m\u00e1quina, garantindo uma uniformidade e efici\u00eancia excepcionais. As batas s\u00e3o combinadas com uma linha de corte para uma separa\u00e7\u00e3o f\u00e1cil, depois s\u00e3o enroladas e embaladas para uma utiliza\u00e7\u00e3o conveniente.<\/p>","protected":false},"featured_media":12426,"template":"","meta":{"_seopress_robots_primary_cat":"none","_seopress_titles_title":"","_seopress_titles_desc":"","_seopress_robots_index":""},"product_brand":[],"product_cat":[43],"product_tag":[557],"class_list":{"0":"post-12421","1":"product","2":"type-product","3":"status-publish","4":"has-post-thumbnail","6":"product_cat-gowns","7":"product_tag-pe-gowns","9":"first","10":"instock","11":"shipping-taxable","12":"product-type-simple"},"_links":{"self":[{"href":"https:\/\/med-disposable.com\/pt\/wp-json\/wp\/v2\/product\/12421","targetHints":{"allow":["GET"]}}],"collection":[{"href":"https:\/\/med-disposable.com\/pt\/wp-json\/wp\/v2\/product"}],"about":[{"href":"https:\/\/med-disposable.com\/pt\/wp-json\/wp\/v2\/types\/product"}],"version-history":[{"count":0,"href":"https:\/\/med-disposable.com\/pt\/wp-json\/wp\/v2\/product\/12421\/revisions"}],"wp:featuredmedia":[{"embeddable":true,"href":"https:\/\/med-disposable.com\/pt\/wp-json\/wp\/v2\/media\/12426"}],"wp:attachment":[{"href":"https:\/\/med-disposable.com\/pt\/wp-json\/wp\/v2\/media?parent=12421"}],"wp:term":[{"taxonomy":"product_brand","embeddable":true,"href":"https:\/\/med-disposable.com\/pt\/wp-json\/wp\/v2\/product_brand?post=12421"},{"taxonomy":"product_cat","embeddable":true,"href":"https:\/\/med-disposable.com\/pt\/wp-json\/wp\/v2\/product_cat?post=12421"},{"taxonomy":"product_tag","embeddable":true,"href":"https:\/\/med-disposable.com\/pt\/wp-json\/wp\/v2\/product_tag?post=12421"}],"curies":[{"name":"wp","href":"https:\/\/api.w.org\/{rel}","templated":true}]}}