{"id":1245,"date":"2021-04-15T16:49:19","date_gmt":"2021-04-15T08:49:19","guid":{"rendered":"https:\/\/med-disposable.com\/?post_type=product&#038;p=1245"},"modified":"2023-06-14T19:50:40","modified_gmt":"2023-06-14T11:50:40","slug":"touca-de-duche-de-plastico-impermeavel-descartavel","status":"publish","type":"product","link":"https:\/\/med-disposable.com\/pt\/product\/disposable-waterproof-plastic-shower-cap\/","title":{"rendered":"Touca de duche descart\u00e1vel de pl\u00e1stico \u00e0 prova de \u00e1gua"},"content":{"rendered":"<h2>Especifica\u00e7\u00f5es de base:<\/h2>\n<table width=\"559\">\n<tbody>\n<tr>\n<td width=\"106\">Tamanho<\/td>\n<td width=\"453\">18\", 19\", 21\", 24\", ou conforme necess\u00e1rio<\/td>\n<\/tr>\n<tr>\n<td width=\"106\">Material<\/td>\n<td width=\"453\">PEAD, PEBD<\/td>\n<\/tr>\n<tr>\n<td width=\"106\">Estilo<\/td>\n<td width=\"453\">Em forma de barra ou redondo<\/td>\n<\/tr>\n<tr>\n<td width=\"106\">Cor<\/td>\n<td width=\"453\">Branco, transparente, vermelho, cor-de-rosa, amarelo, (todas as cores podem estar dispon\u00edveis)<\/td>\n<\/tr>\n<tr>\n<td width=\"106\">Embalagem<\/td>\n<td width=\"453\">100 unidades\/caixa, 1000 unidades\/ctn, pode ser conforme os requisitos<\/td>\n<\/tr>\n<\/tbody>\n<\/table>\n<p><img fetchpriority=\"high\" decoding=\"async\" class=\"aligncenter wp-image-8010 size-large\" src=\"https:\/\/med-disposable.com\/wp-content\/uploads\/2021\/04\/PE-shower-cap-3-1024x1024.jpg\" alt=\"\" width=\"800\" height=\"800\" srcset=\"https:\/\/med-disposable.com\/wp-content\/uploads\/2021\/04\/PE-shower-cap-3-1024x1024.jpg 1024w, https:\/\/med-disposable.com\/wp-content\/uploads\/2021\/04\/PE-shower-cap-3-300x300.jpg 300w, https:\/\/med-disposable.com\/wp-content\/uploads\/2021\/04\/PE-shower-cap-3-150x150.jpg 150w, https:\/\/med-disposable.com\/wp-content\/uploads\/2021\/04\/PE-shower-cap-3-768x768.jpg 768w, https:\/\/med-disposable.com\/wp-content\/uploads\/2021\/04\/PE-shower-cap-3-1536x1536.jpg 1536w, https:\/\/med-disposable.com\/wp-content\/uploads\/2021\/04\/PE-shower-cap-3-scaled.jpg 2048w, https:\/\/med-disposable.com\/wp-content\/uploads\/2021\/04\/PE-shower-cap-3-600x600.jpg 600w, https:\/\/med-disposable.com\/wp-content\/uploads\/2021\/04\/PE-shower-cap-3-100x100.jpg 100w\" sizes=\"(max-width: 800px) 100vw, 800px\" \/><\/p>\n<h2>Carater\u00edsticas e vantagens das toucas de duche de pl\u00e1stico:<\/h2>\n<ul>\n<li><strong>Faixa el\u00e1stica:<\/strong>\u00a0A banda el\u00e1stica das nossas toucas de banho proporciona um ajuste seguro e confort\u00e1vel, garantindo que a touca se mant\u00e9m no lugar durante a utiliza\u00e7\u00e3o. A banda el\u00e1stica foi concebida para se adaptar confortavelmente a v\u00e1rios tamanhos de cabe\u00e7a.<\/li>\n<\/ul>\n<p><img decoding=\"async\" class=\"aligncenter wp-image-8018 size-large\" src=\"https:\/\/med-disposable.com\/wp-content\/uploads\/2021\/04\/PE-shower-cap-11-1024x1024.jpg\" alt=\"\" width=\"800\" height=\"800\" srcset=\"https:\/\/med-disposable.com\/wp-content\/uploads\/2021\/04\/PE-shower-cap-11-1024x1024.jpg 1024w, https:\/\/med-disposable.com\/wp-content\/uploads\/2021\/04\/PE-shower-cap-11-300x300.jpg 300w, https:\/\/med-disposable.com\/wp-content\/uploads\/2021\/04\/PE-shower-cap-11-150x150.jpg 150w, https:\/\/med-disposable.com\/wp-content\/uploads\/2021\/04\/PE-shower-cap-11-768x768.jpg 768w, https:\/\/med-disposable.com\/wp-content\/uploads\/2021\/04\/PE-shower-cap-11-1536x1536.jpg 1536w, https:\/\/med-disposable.com\/wp-content\/uploads\/2021\/04\/PE-shower-cap-11-scaled.jpg 2048w, https:\/\/med-disposable.com\/wp-content\/uploads\/2021\/04\/PE-shower-cap-11-600x600.jpg 600w, https:\/\/med-disposable.com\/wp-content\/uploads\/2021\/04\/PE-shower-cap-11-100x100.jpg 100w\" sizes=\"(max-width: 800px) 100vw, 800px\" \/><\/p>\n<ul>\n<li><strong>Higiene e comodidade:<\/strong>\u00a0A utiliza\u00e7\u00e3o de toucas de duche descart\u00e1veis ajuda a manter elevados n\u00edveis de higiene e limpeza. A natureza de utiliza\u00e7\u00e3o \u00fanica destas toucas de banho garante uma experi\u00eancia limpa e higi\u00e9nica para cada utilizador, tornando-as ideais para hot\u00e9is, spas e instala\u00e7\u00f5es de cuidados de sa\u00fade.<\/li>\n<\/ul>\n<p>&nbsp;<\/p>\n<ul>\n<li><strong>Prote\u00e7\u00e3o \u00e0 prova de \u00e1gua:<\/strong>\u00a0O material pl\u00e1stico imperme\u00e1vel das nossas toucas de duche descart\u00e1veis oferece uma excelente prote\u00e7\u00e3o, mantendo o seu cabelo seco e bem protegido durante os duches ou banhos. Esta carater\u00edstica torna estas toucas de banho perfeitas para os clientes que querem proteger o seu cabelo da \u00e1gua, do vapor e da humidade.<\/li>\n<\/ul>\n<p><img decoding=\"async\" class=\"aligncenter wp-image-8008 size-large\" src=\"https:\/\/med-disposable.com\/wp-content\/uploads\/2021\/04\/PE-shower-cap-1-1024x1024.jpg\" alt=\"\" width=\"800\" height=\"800\" srcset=\"https:\/\/med-disposable.com\/wp-content\/uploads\/2021\/04\/PE-shower-cap-1-1024x1024.jpg 1024w, https:\/\/med-disposable.com\/wp-content\/uploads\/2021\/04\/PE-shower-cap-1-300x300.jpg 300w, https:\/\/med-disposable.com\/wp-content\/uploads\/2021\/04\/PE-shower-cap-1-150x150.jpg 150w, https:\/\/med-disposable.com\/wp-content\/uploads\/2021\/04\/PE-shower-cap-1-768x768.jpg 768w, https:\/\/med-disposable.com\/wp-content\/uploads\/2021\/04\/PE-shower-cap-1-1536x1536.jpg 1536w, https:\/\/med-disposable.com\/wp-content\/uploads\/2021\/04\/PE-shower-cap-1-scaled.jpg 2048w, https:\/\/med-disposable.com\/wp-content\/uploads\/2021\/04\/PE-shower-cap-1-600x600.jpg 600w, https:\/\/med-disposable.com\/wp-content\/uploads\/2021\/04\/PE-shower-cap-1-100x100.jpg 100w\" sizes=\"(max-width: 800px) 100vw, 800px\" \/><\/p>\n<ul>\n<li><strong>Tamanho \u00fanico:<\/strong>\u00a0As nossas toucas de duche de pl\u00e1stico imperme\u00e1veis descart\u00e1veis foram concebidas para se adaptarem confortavelmente \u00e0 maior parte dos tamanhos de cabe\u00e7a, atendendo a v\u00e1rios comprimentos e volumes de cabelo. A banda el\u00e1stica garante um ajuste seguro e ajust\u00e1vel para todos os utilizadores.<\/li>\n<\/ul>\n<p><img loading=\"lazy\" decoding=\"async\" class=\"aligncenter wp-image-8016 size-large\" src=\"https:\/\/med-disposable.com\/wp-content\/uploads\/2021\/04\/PE-shower-cap-9-1024x1024.jpg\" alt=\"\" width=\"800\" height=\"800\" srcset=\"https:\/\/med-disposable.com\/wp-content\/uploads\/2021\/04\/PE-shower-cap-9-1024x1024.jpg 1024w, https:\/\/med-disposable.com\/wp-content\/uploads\/2021\/04\/PE-shower-cap-9-300x300.jpg 300w, https:\/\/med-disposable.com\/wp-content\/uploads\/2021\/04\/PE-shower-cap-9-150x150.jpg 150w, https:\/\/med-disposable.com\/wp-content\/uploads\/2021\/04\/PE-shower-cap-9-768x768.jpg 768w, https:\/\/med-disposable.com\/wp-content\/uploads\/2021\/04\/PE-shower-cap-9-1536x1536.jpg 1536w, https:\/\/med-disposable.com\/wp-content\/uploads\/2021\/04\/PE-shower-cap-9-scaled.jpg 2048w, https:\/\/med-disposable.com\/wp-content\/uploads\/2021\/04\/PE-shower-cap-9-600x600.jpg 600w, https:\/\/med-disposable.com\/wp-content\/uploads\/2021\/04\/PE-shower-cap-9-100x100.jpg 100w\" sizes=\"(max-width: 800px) 100vw, 800px\" \/><\/p>\n<p>&nbsp;<\/p>\n<h2>Aplica\u00e7\u00f5es:<\/h2>\n<p>Estas toucas de duche descart\u00e1veis s\u00e3o adequadas para uma vasta gama de estabelecimentos e utiliza\u00e7\u00f5es, incluindo hot\u00e9is, spas, hospitais, lares de idosos, uso dom\u00e9stico e viagens. Proporcionam uma solu\u00e7\u00e3o pr\u00e1tica e higi\u00e9nica para a prote\u00e7\u00e3o do cabelo durante os duches ou banhos.<\/p>\n<p><img loading=\"lazy\" decoding=\"async\" class=\"aligncenter wp-image-8019 size-full\" src=\"https:\/\/med-disposable.com\/wp-content\/uploads\/2021\/04\/PE-shoe-cap-applications.jpg\" alt=\"\" width=\"800\" height=\"642\" srcset=\"https:\/\/med-disposable.com\/wp-content\/uploads\/2021\/04\/PE-shoe-cap-applications.jpg 800w, https:\/\/med-disposable.com\/wp-content\/uploads\/2021\/04\/PE-shoe-cap-applications-300x241.jpg 300w, https:\/\/med-disposable.com\/wp-content\/uploads\/2021\/04\/PE-shoe-cap-applications-768x616.jpg 768w, https:\/\/med-disposable.com\/wp-content\/uploads\/2021\/04\/PE-shoe-cap-applications-600x482.jpg 600w\" sizes=\"(max-width: 800px) 100vw, 800px\" \/><\/p>\n<h2>Quest\u00f5es que lhe podem interessar:<\/h2>\n<p><strong>1. Estas toucas de banho est\u00e3o dispon\u00edveis em cores diferentes?<\/strong><\/p>\n<p>As nossas toucas de duche descart\u00e1veis de pl\u00e1stico \u00e0 prova de \u00e1gua est\u00e3o normalmente dispon\u00edveis numa cor transparente ou branca. Para pedidos especiais relativos a op\u00e7\u00f5es de cor, contacte a nossa equipa de vendas para discutir as op\u00e7\u00f5es dispon\u00edveis.<\/p>\n<p><strong>2. Estas toucas de banho podem ser utilizadas durante tratamentos capilares?<\/strong><\/p>\n<p>Sim, as nossas toucas de duche descart\u00e1veis de pl\u00e1stico \u00e0 prova de \u00e1gua podem ser utilizadas para cobrir o cabelo durante v\u00e1rios tratamentos capilares, como o condicionamento profundo ou a colora\u00e7\u00e3o, para proteger o cabelo e otimizar os resultados do tratamento.<\/p>\n<p><strong>3. Quantas toucas de banho v\u00eam numa embalagem?<\/strong><\/p>\n<p>O n\u00famero de toucas de banho numa embalagem depende das op\u00e7\u00f5es de embalagem dispon\u00edveis. Para obter informa\u00e7\u00f5es espec\u00edficas sobre as quantidades de embalagens, contacte a nossa equipa de vendas.<\/p>\n<p><strong>4. Estas toucas de banho s\u00e3o adequadas para pessoas com alergia ao l\u00e1tex?<\/strong><\/p>\n<p>As nossas toucas de duche descart\u00e1veis de pl\u00e1stico \u00e0 prova de \u00e1gua s\u00e3o feitas de material pl\u00e1stico sem l\u00e1tex, o que as torna adequadas para utilizadores com alergias ou sensibilidades ao l\u00e1tex.<\/p>\n<p><strong>5. Estas toucas de banho podem ser reutilizadas ap\u00f3s a lavagem?<\/strong><\/p>\n<p>Embora as nossas toucas de duche descart\u00e1veis de pl\u00e1stico \u00e0 prova de \u00e1gua sejam concebidas para uma \u00fanica utiliza\u00e7\u00e3o, podem ser potencialmente reutilizadas ap\u00f3s a lavagem, se permanecerem em boas condi\u00e7\u00f5es. No entanto, para uma higiene e comodidade ideais, recomenda-se a utiliza\u00e7\u00e3o de uma nova touca de banho para cada utiliza\u00e7\u00e3o.<\/p>","protected":false},"excerpt":{"rendered":"<p>As nossas toucas de duche descart\u00e1veis de pl\u00e1stico \u00e0 prova de \u00e1gua foram concebidas para proporcionar uma prote\u00e7\u00e3o eficaz e pr\u00e1tica do cabelo durante o duche ou o banho. Fabricadas em material pl\u00e1stico imperme\u00e1vel de alta qualidade, estas toucas de duche garantem que o seu cabelo permanece seco e bem protegido. Ideais para utiliza\u00e7\u00e3o em v\u00e1rios estabelecimentos, incluindo hot\u00e9is, spas, hospitais e em casa, estas toucas de banho descart\u00e1veis oferecem uma solu\u00e7\u00e3o higi\u00e9nica e pr\u00e1tica para a prote\u00e7\u00e3o do cabelo.<\/p>","protected":false},"featured_media":8009,"template":"","meta":{"_seopress_robots_primary_cat":"none","_seopress_titles_title":"Eco-Friendly HDPE\/LDPE Bar-Shape or Round Bags in Various Sizes and Colors","_seopress_titles_desc":"Disposable waterproof Plastic Shower Cap - Multi-purpose thickening elastic waterproof shower caps, home Use, hotel and hair Salon, portable travel.","_seopress_robots_index":""},"product_brand":[],"product_cat":[46],"product_tag":[67,65],"class_list":{"0":"post-1245","1":"product","2":"type-product","3":"status-publish","4":"has-post-thumbnail","6":"product_cat-caps","7":"product_tag-cap","8":"product_tag-waterproof","10":"first","11":"instock","12":"shipping-taxable","13":"product-type-simple"},"_links":{"self":[{"href":"https:\/\/med-disposable.com\/pt\/wp-json\/wp\/v2\/product\/1245","targetHints":{"allow":["GET"]}}],"collection":[{"href":"https:\/\/med-disposable.com\/pt\/wp-json\/wp\/v2\/product"}],"about":[{"href":"https:\/\/med-disposable.com\/pt\/wp-json\/wp\/v2\/types\/product"}],"version-history":[{"count":0,"href":"https:\/\/med-disposable.com\/pt\/wp-json\/wp\/v2\/product\/1245\/revisions"}],"wp:featuredmedia":[{"embeddable":true,"href":"https:\/\/med-disposable.com\/pt\/wp-json\/wp\/v2\/media\/8009"}],"wp:attachment":[{"href":"https:\/\/med-disposable.com\/pt\/wp-json\/wp\/v2\/media?parent=1245"}],"wp:term":[{"taxonomy":"product_brand","embeddable":true,"href":"https:\/\/med-disposable.com\/pt\/wp-json\/wp\/v2\/product_brand?post=1245"},{"taxonomy":"product_cat","embeddable":true,"href":"https:\/\/med-disposable.com\/pt\/wp-json\/wp\/v2\/product_cat?post=1245"},{"taxonomy":"product_tag","embeddable":true,"href":"https:\/\/med-disposable.com\/pt\/wp-json\/wp\/v2\/product_tag?post=1245"}],"curies":[{"name":"wp","href":"https:\/\/api.w.org\/{rel}","templated":true}]}}