{"id":12461,"date":"2024-06-26T17:25:54","date_gmt":"2024-06-26T09:25:54","guid":{"rendered":"https:\/\/med-disposable.com\/?post_type=product&#038;p=12461"},"modified":"2024-06-26T17:25:54","modified_gmt":"2024-06-26T09:25:54","slug":"protectores-de-mangas-nao-tecidos-descartaveis","status":"publish","type":"product","link":"https:\/\/med-disposable.com\/pt\/product\/disposable-non-woven-sleeve-covers\/","title":{"rendered":"Protectores de mangas n\u00e3o tecidos descart\u00e1veis"},"content":{"rendered":"<p><strong>Especifica\u00e7\u00f5es pormenorizadas das capas de mangas n\u00e3o tecidas descart\u00e1veis:<\/strong><\/p>\n<table width=\"703\">\n<tbody>\n<tr>\n<td width=\"146\">Material<\/td>\n<td width=\"557\">PP n\u00e3o tecido, SMS n\u00e3o tecido, PP+ Pel\u00edcula microporosa<\/td>\n<\/tr>\n<tr>\n<td>Tamanho<\/td>\n<td>40x20cm, 40x22cm, 44x22cm ou conforme personalizado<\/td>\n<\/tr>\n<tr>\n<td>Peso<\/td>\n<td>20-45g, conforme personalizado.<\/td>\n<\/tr>\n<tr>\n<td>Cor<\/td>\n<td>Branco, azul, verde, roxo, amarelo, preto, todas as cores est\u00e3o dispon\u00edveis.<\/td>\n<\/tr>\n<tr>\n<td>M\u00e9todo de produ\u00e7\u00e3o<\/td>\n<td>Selagem a quente por ultra-sons; costura cosida, a pedido<\/td>\n<\/tr>\n<tr>\n<td>Estilo<\/td>\n<td>Com el\u00e1stico nas duas extremidades; el\u00e1stico na parte superior e punhos de malha<\/td>\n<\/tr>\n<tr>\n<td>MOQ<\/td>\n<td>100.000 unidades<\/td>\n<\/tr>\n<tr>\n<td>Detalhes da embalagem<\/td>\n<td>100pcs\/saco, 10bags\/ctn, 20bags\/ctn, ou como customzied.<\/td>\n<\/tr>\n<tr>\n<td>Carater\u00edsticas<\/td>\n<td>Descart\u00e1vel, leve, pr\u00e1tico, flex\u00edvel, econ\u00f3mico, macio e com bom aspeto.<\/td>\n<\/tr>\n<tr>\n<td>Aplica\u00e7\u00e3o<\/td>\n<td>Amplamente utilizado em casa, jardim, hotel, hospital e ind\u00fastria alimentar, etc.<\/td>\n<\/tr>\n<\/tbody>\n<\/table>\n<p><img fetchpriority=\"high\" decoding=\"async\" class=\"aligncenter wp-image-12445 size-full\" src=\"https:\/\/med-disposable.com\/wp-content\/uploads\/2024\/06\/machine-made-arm-sleeves-2.png\" alt=\"\" width=\"800\" height=\"800\" srcset=\"https:\/\/med-disposable.com\/wp-content\/uploads\/2024\/06\/machine-made-arm-sleeves-2.png 800w, https:\/\/med-disposable.com\/wp-content\/uploads\/2024\/06\/machine-made-arm-sleeves-2-300x300.png 300w, https:\/\/med-disposable.com\/wp-content\/uploads\/2024\/06\/machine-made-arm-sleeves-2-150x150.png 150w, https:\/\/med-disposable.com\/wp-content\/uploads\/2024\/06\/machine-made-arm-sleeves-2-768x768.png 768w, https:\/\/med-disposable.com\/wp-content\/uploads\/2024\/06\/machine-made-arm-sleeves-2-600x600.png 600w, https:\/\/med-disposable.com\/wp-content\/uploads\/2024\/06\/machine-made-arm-sleeves-2-100x100.png 100w\" sizes=\"(max-width: 800px) 100vw, 800px\" \/><\/p>\n<p>&nbsp;<\/p>\n<p><strong>Carater\u00edsticas dos protectores de mangas descart\u00e1veis em n\u00e3o-tecido:<\/strong><\/p>\n<ul>\n<li><strong>Tecido n\u00e3o tecido de alta qualidade:<\/strong>\u00a0O material dur\u00e1vel, leve e respir\u00e1vel garante conforto durante uma utiliza\u00e7\u00e3o prolongada.<\/li>\n<li><strong>Op\u00e7\u00f5es el\u00e1sticas:<\/strong>\n<ul>\n<li><strong>El\u00e1stico em ambas as extremidades:<\/strong>\u00a0Proporciona um ajuste confort\u00e1vel e seguro, evitando o deslizamento e garantindo uma cobertura consistente.<\/li>\n<li><strong>El\u00e1stico na parte superior e punhos de malha:<\/strong>\u00a0Oferece um ajuste seguro com maior conforto e flexibilidade no pulso.<\/li>\n<\/ul>\n<\/li>\n<li><strong>Op\u00e7\u00f5es de costura:<\/strong>\n<ul>\n<li><strong>Selagem a quente por ultra-sons (fabricada \u00e0 m\u00e1quina):<\/strong>\u00a0Assegura costuras fortes e fi\u00e1veis com uniformidade e efici\u00eancia superiores.<\/li>\n<li><strong>Cosido (feito \u00e0 m\u00e3o):<\/strong>\u00a0As costuras s\u00e3o robustas e duradouras, com um fabrico artesanal tradicional.<\/li>\n<\/ul>\n<\/li>\n<li><strong>Design descart\u00e1vel:<\/strong>\u00a0As mangas de utiliza\u00e7\u00e3o \u00fanica ajudam a manter elevados padr\u00f5es de higiene e reduzem o risco de contamina\u00e7\u00e3o cruzada.<\/li>\n<li><strong>Ajuste universal:<\/strong>\u00a0Concebida para se adaptar confortavelmente \u00e0 maioria dos tamanhos de bra\u00e7os, proporcionando uma barreira eficaz contra os contaminantes.<\/li>\n<\/ul>\n<p><img decoding=\"async\" class=\"aligncenter wp-image-12469 size-full\" src=\"https:\/\/med-disposable.com\/wp-content\/uploads\/2024\/06\/Nonwoven-arm-sleeve.jpg\" alt=\"\" width=\"800\" height=\"403\" srcset=\"https:\/\/med-disposable.com\/wp-content\/uploads\/2024\/06\/Nonwoven-arm-sleeve.jpg 800w, https:\/\/med-disposable.com\/wp-content\/uploads\/2024\/06\/Nonwoven-arm-sleeve-300x151.jpg 300w, https:\/\/med-disposable.com\/wp-content\/uploads\/2024\/06\/Nonwoven-arm-sleeve-768x387.jpg 768w, https:\/\/med-disposable.com\/wp-content\/uploads\/2024\/06\/Nonwoven-arm-sleeve-600x302.jpg 600w\" sizes=\"(max-width: 800px) 100vw, 800px\" \/><\/p>\n<p>&nbsp;<\/p>\n<p><strong>Porqu\u00ea escolher as capas de manga da Wuhan Youfu?<\/strong><\/p>\n<p>Os nossos protectores de mangas descart\u00e1veis em n\u00e3o-tecido foram concebidos para oferecer uma prote\u00e7\u00e3o superior, conforto e versatilidade.<\/p>\n<p>Com op\u00e7\u00f5es de el\u00e1stico e tipos de costura, garantimos que tem o vestu\u00e1rio de prote\u00e7\u00e3o certo para as suas necessidades espec\u00edficas.<\/p>\n<p>Quer esteja na ind\u00fastria alimentar, nos cuidados de sa\u00fade, na ind\u00fastria transformadora ou em qualquer outro dom\u00ednio que exija vestu\u00e1rio de prote\u00e7\u00e3o fi\u00e1vel, as nossas capas para mangas constituem a solu\u00e7\u00e3o ideal.<\/p>\n<p><img decoding=\"async\" class=\"aligncenter wp-image-12466 size-full\" src=\"https:\/\/med-disposable.com\/wp-content\/uploads\/2024\/06\/Nonwoven-arm-sleeves.jpg\" alt=\"\" width=\"800\" height=\"800\" srcset=\"https:\/\/med-disposable.com\/wp-content\/uploads\/2024\/06\/Nonwoven-arm-sleeves.jpg 800w, https:\/\/med-disposable.com\/wp-content\/uploads\/2024\/06\/Nonwoven-arm-sleeves-300x300.jpg 300w, https:\/\/med-disposable.com\/wp-content\/uploads\/2024\/06\/Nonwoven-arm-sleeves-150x150.jpg 150w, https:\/\/med-disposable.com\/wp-content\/uploads\/2024\/06\/Nonwoven-arm-sleeves-768x768.jpg 768w, https:\/\/med-disposable.com\/wp-content\/uploads\/2024\/06\/Nonwoven-arm-sleeves-600x600.jpg 600w, https:\/\/med-disposable.com\/wp-content\/uploads\/2024\/06\/Nonwoven-arm-sleeves-100x100.jpg 100w\" sizes=\"(max-width: 800px) 100vw, 800px\" \/><\/p>\n<p>&nbsp;<\/p>\n<p><strong>Vantagens das mangas de bra\u00e7o em tecido n\u00e3o tecido:<\/strong><\/p>\n<ul>\n<li><strong>Prote\u00e7\u00e3o refor\u00e7ada:<\/strong>\u00a0Oferece uma barreira protetora contra p\u00f3, sujidade e salpicos ligeiros de produtos qu\u00edmicos, protegendo os seus bra\u00e7os em v\u00e1rios ambientes.<\/li>\n<li><strong>Rent\u00e1vel:<\/strong>\u00a0A conce\u00e7\u00e3o descart\u00e1vel elimina a necessidade de lavagem, poupando tempo e recursos.<\/li>\n<li><strong>Conforto e respirabilidade:<\/strong>\u00a0O material leve e respir\u00e1vel garante o conforto do utilizador, mesmo durante longos per\u00edodos de utiliza\u00e7\u00e3o.<\/li>\n<li><strong>Higiene e seguran\u00e7a:<\/strong>\u00a0Ajuda a manter a limpeza e a higiene, essenciais em ambientes onde o controlo da contamina\u00e7\u00e3o \u00e9 crucial.<\/li>\n<li><strong>Design vers\u00e1til:<\/strong>\u00a0As m\u00faltiplas op\u00e7\u00f5es de el\u00e1sticos e tipos de costuras satisfazem as diferentes prefer\u00eancias e necessidades, proporcionando uma prote\u00e7\u00e3o personalizada.<\/li>\n<\/ul>\n<p><img loading=\"lazy\" decoding=\"async\" class=\"aligncenter wp-image-11106 size-full\" src=\"https:\/\/med-disposable.com\/wp-content\/uploads\/2023\/11\/sleeve-cover4.jpg\" alt=\"\" width=\"739\" height=\"978\" srcset=\"https:\/\/med-disposable.com\/wp-content\/uploads\/2023\/11\/sleeve-cover4.jpg 739w, https:\/\/med-disposable.com\/wp-content\/uploads\/2023\/11\/sleeve-cover4-227x300.jpg 227w, https:\/\/med-disposable.com\/wp-content\/uploads\/2023\/11\/sleeve-cover4-600x794.jpg 600w\" sizes=\"(max-width: 739px) 100vw, 739px\" \/><\/p>\n<p>&nbsp;<\/p>\n<p><strong>Aplica\u00e7\u00f5es:<\/strong><\/p>\n<ul>\n<li><strong>Processamento de alimentos:<\/strong>\u00a0Ideal para manter a higiene e proteger os bra\u00e7os durante a manipula\u00e7\u00e3o e prepara\u00e7\u00e3o de alimentos.<\/li>\n<li><strong>Cuidados de sa\u00fade:<\/strong>\u00a0Adequado para utiliza\u00e7\u00e3o em ambientes m\u00e9dicos e laboratoriais para prote\u00e7\u00e3o contra contaminantes e manuten\u00e7\u00e3o de condi\u00e7\u00f5es est\u00e9reis.<\/li>\n<li><strong>Fabrico:<\/strong>\u00a0Proporciona prote\u00e7\u00e3o em ambientes industriais onde os bra\u00e7os necessitam de prote\u00e7\u00e3o contra poeiras e produtos qu\u00edmicos ligeiros.<\/li>\n<li><strong>Limpeza e saneamento:<\/strong>\u00a0Perfeito para utilizar durante as tarefas de limpeza, protegendo a pele dos detergentes e agentes de limpeza.<\/li>\n<li><strong>Pintura e decora\u00e7\u00e3o:<\/strong>\u00a0Protege os bra\u00e7os de salpicos e derrames de tinta, garantindo limpeza e conforto.<\/li>\n<\/ul>\n<p><img loading=\"lazy\" decoding=\"async\" class=\"aligncenter wp-image-12459 size-large\" src=\"https:\/\/med-disposable.com\/wp-content\/uploads\/2024\/06\/PP-sleeve-cover-application-1024x576.jpg\" alt=\"\" width=\"800\" height=\"450\" srcset=\"https:\/\/med-disposable.com\/wp-content\/uploads\/2024\/06\/PP-sleeve-cover-application-1024x576.jpg 1024w, https:\/\/med-disposable.com\/wp-content\/uploads\/2024\/06\/PP-sleeve-cover-application-300x169.jpg 300w, https:\/\/med-disposable.com\/wp-content\/uploads\/2024\/06\/PP-sleeve-cover-application-768x432.jpg 768w, https:\/\/med-disposable.com\/wp-content\/uploads\/2024\/06\/PP-sleeve-cover-application-600x338.jpg 600w, https:\/\/med-disposable.com\/wp-content\/uploads\/2024\/06\/PP-sleeve-cover-application.jpg 1280w\" sizes=\"(max-width: 800px) 100vw, 800px\" \/><\/p>","protected":false},"excerpt":{"rendered":"<p>Estes protectores de mangas s\u00e3o fabricados em tecido n\u00e3o tecido de alta qualidade, leve e respir\u00e1vel, garantindo conforto e durabilidade. Concebidos a pensar nas suas necessidades, os nossos protectores de mangas est\u00e3o dispon\u00edveis em dois estilos: el\u00e1stico em ambas as extremidades ou el\u00e1stico na parte superior com punhos tricotados, oferecendo flexibilidade e maior prote\u00e7\u00e3o.<\/p>","protected":false},"featured_media":12444,"template":"","meta":{"_seopress_robots_primary_cat":"","_seopress_titles_title":"","_seopress_titles_desc":"","_seopress_robots_index":""},"product_brand":[],"product_cat":[51],"product_tag":[559],"class_list":{"0":"post-12461","1":"product","2":"type-product","3":"status-publish","4":"has-post-thumbnail","6":"product_cat-sleeve-cover","7":"product_tag-disposable-arm-sleeves","9":"first","10":"instock","11":"shipping-taxable","12":"product-type-simple"},"_links":{"self":[{"href":"https:\/\/med-disposable.com\/pt\/wp-json\/wp\/v2\/product\/12461","targetHints":{"allow":["GET"]}}],"collection":[{"href":"https:\/\/med-disposable.com\/pt\/wp-json\/wp\/v2\/product"}],"about":[{"href":"https:\/\/med-disposable.com\/pt\/wp-json\/wp\/v2\/types\/product"}],"version-history":[{"count":0,"href":"https:\/\/med-disposable.com\/pt\/wp-json\/wp\/v2\/product\/12461\/revisions"}],"wp:featuredmedia":[{"embeddable":true,"href":"https:\/\/med-disposable.com\/pt\/wp-json\/wp\/v2\/media\/12444"}],"wp:attachment":[{"href":"https:\/\/med-disposable.com\/pt\/wp-json\/wp\/v2\/media?parent=12461"}],"wp:term":[{"taxonomy":"product_brand","embeddable":true,"href":"https:\/\/med-disposable.com\/pt\/wp-json\/wp\/v2\/product_brand?post=12461"},{"taxonomy":"product_cat","embeddable":true,"href":"https:\/\/med-disposable.com\/pt\/wp-json\/wp\/v2\/product_cat?post=12461"},{"taxonomy":"product_tag","embeddable":true,"href":"https:\/\/med-disposable.com\/pt\/wp-json\/wp\/v2\/product_tag?post=12461"}],"curies":[{"name":"wp","href":"https:\/\/api.w.org\/{rel}","templated":true}]}}