{"id":1253,"date":"2021-04-15T17:08:48","date_gmt":"2021-04-15T09:08:48","guid":{"rendered":"https:\/\/med-disposable.com\/?post_type=product&#038;p=1253"},"modified":"2023-07-04T18:04:13","modified_gmt":"2023-07-04T10:04:13","slug":"touca-de-banho-descartavel-biodegradavel","status":"publish","type":"product","link":"https:\/\/med-disposable.com\/pt\/product\/biodegradable-disposable-shower-cap\/","title":{"rendered":"touca de banho descart\u00e1vel biodegrad\u00e1vel"},"content":{"rendered":"<p><strong>Introdu\u00e7\u00e3o do produto:<\/strong><\/p>\n<p>Descubra uma solu\u00e7\u00e3o ecol\u00f3gica para as suas necessidades de higiene com as nossas toucas de duche descart\u00e1veis biodegrad\u00e1veis. Estas toucas de duche leves e robustas n\u00e3o s\u00f3 s\u00e3o confort\u00e1veis de usar, como tamb\u00e9m contribuem para reduzir a sua pegada ambiental. Dispon\u00edveis numa variedade de cores, estas toucas de duche s\u00e3o ideais para uso pessoal e profissional.<\/p>\n<p><strong>Carater\u00edsticas do produto:<\/strong><\/p>\n<p>As nossas toucas de banho descart\u00e1veis biodegrad\u00e1veis apresentam v\u00e1rias carater\u00edsticas distintas:<\/p>\n<ul>\n<li><em>Design leve:<\/em> Concebidas para o conforto, estas toucas de duche s\u00e3o leves e f\u00e1ceis de usar, assegurando que n\u00e3o h\u00e1 press\u00e3o adicional na sua cabe\u00e7a durante a utiliza\u00e7\u00e3o.<\/li>\n<li><em>Forte resist\u00eancia:<\/em> Apesar do seu design leve, estas toucas s\u00e3o robustas e resistentes, garantindo uma prote\u00e7\u00e3o \u00f3ptima para o seu cabelo durante um duche ou um tratamento capilar profissional.<\/li>\n<li><em>Biodegrad\u00e1vel:<\/em> Como parte do nosso compromisso com a sustentabilidade, estas toucas de banho s\u00e3o totalmente biodegrad\u00e1veis, decompondo-se gradualmente no ambiente ap\u00f3s a elimina\u00e7\u00e3o.<\/li>\n<li><em>Variedade de cores:<\/em> As nossas toucas de banho est\u00e3o dispon\u00edveis numa vasta gama de cores, permitindo-lhe escolher a que melhor se adequa \u00e0s suas prefer\u00eancias pessoais ou \u00e0 est\u00e9tica da sua marca.<\/li>\n<\/ul>\n<p>&nbsp;<\/p>\n<p><strong>Especifica\u00e7\u00f5es de base:<\/strong><\/p>\n<table width=\"293\">\n<tbody>\n<tr style=\"font-style: inherit;font-weight: inherit\">\n<td style=\"font-style: inherit\" width=\"64\">Material:<\/td>\n<td style=\"font-style: inherit\" width=\"229\">PBAT+Amido de milho+PLA<\/td>\n<\/tr>\n<tr style=\"font-style: inherit;font-weight: inherit\">\n<td style=\"font-style: inherit\" width=\"64\">Tamanho:<\/td>\n<td style=\"font-style: inherit\" width=\"229\">18\", 19\", 21\", 24\", ou conforme necess\u00e1rio<\/td>\n<\/tr>\n<tr style=\"font-style: inherit;font-weight: inherit\">\n<td style=\"font-style: inherit\" width=\"64\">Utiliza\u00e7\u00e3o:<\/td>\n<td style=\"font-style: inherit\" width=\"229\"><span style=\"font-style: inherit;font-weight: inherit\">cuidados pessoais<\/span><\/td>\n<\/tr>\n<tr style=\"font-style: inherit;font-weight: inherit\">\n<td style=\"font-style: inherit\" width=\"64\">Cor:<\/td>\n<td style=\"font-style: inherit\" width=\"229\"><span style=\"font-style: inherit;font-weight: inherit\">Branco, tamb\u00e9m pode ser personalizado<\/span><\/td>\n<\/tr>\n<tr style=\"font-style: inherit;font-weight: inherit\">\n<td style=\"font-style: inherit\" width=\"64\">Carater\u00edstica<\/td>\n<td style=\"font-style: inherit\" width=\"229\"><span data-spm-anchor-id=\"a2700.details.0.i23.511c723dPbQ4TE\">Biodegrad\u00e1vel e compost\u00e1vel\u00a0<\/span><\/td>\n<\/tr>\n<\/tbody>\n<\/table>\n<p><img fetchpriority=\"high\" decoding=\"async\" class=\"aligncenter wp-image-8993 size-full\" src=\"https:\/\/med-disposable.com\/wp-content\/uploads\/2021\/04\/showe-cap-4.jpg\" alt=\"\" width=\"800\" height=\"800\" srcset=\"https:\/\/med-disposable.com\/wp-content\/uploads\/2021\/04\/showe-cap-4.jpg 800w, https:\/\/med-disposable.com\/wp-content\/uploads\/2021\/04\/showe-cap-4-300x300.jpg 300w, https:\/\/med-disposable.com\/wp-content\/uploads\/2021\/04\/showe-cap-4-150x150.jpg 150w, https:\/\/med-disposable.com\/wp-content\/uploads\/2021\/04\/showe-cap-4-768x768.jpg 768w, https:\/\/med-disposable.com\/wp-content\/uploads\/2021\/04\/showe-cap-4-600x600.jpg 600w, https:\/\/med-disposable.com\/wp-content\/uploads\/2021\/04\/showe-cap-4-100x100.jpg 100w\" sizes=\"(max-width: 800px) 100vw, 800px\" \/><\/p>\n<p><strong>Vantagens:<\/strong><\/p>\n<p>A escolha das nossas toucas de duche descart\u00e1veis biodegrad\u00e1veis tem in\u00fameras vantagens:<\/p>\n<ul>\n<li><em>Amigo do ambiente:<\/em> Ao escolher as nossas tampas biodegrad\u00e1veis, est\u00e1 a fazer uma escolha ambientalmente respons\u00e1vel, reduzindo os res\u00edduos de pl\u00e1stico e contribuindo para um planeta mais sustent\u00e1vel.<\/li>\n<li><em>Duradouro:<\/em> A forte resist\u00eancia das nossas tampas garante que podem resistir a v\u00e1rias condi\u00e7\u00f5es, tornando-as uma escolha fi\u00e1vel.<\/li>\n<li><em>Confort\u00e1vel:<\/em> Com o seu design leve, estas toucas oferecem um conforto superior em compara\u00e7\u00e3o com as toucas de duche tradicionais.<\/li>\n<li><em>Vers\u00e1til:<\/em> Ideais para uso pessoal em casa ou para uso profissional em hot\u00e9is, spas e sal\u00f5es de beleza, estas tampas oferecem uma vasta gama de aplica\u00e7\u00f5es.<\/li>\n<\/ul>\n<p><strong>Utiliza\u00e7\u00f5es:<\/strong><\/p>\n<p>As nossas toucas de duche descart\u00e1veis biodegrad\u00e1veis s\u00e3o uma excelente escolha para uso pessoal e profissional. Podem ser utilizadas em casa durante o duche, em sal\u00f5es de beleza durante tratamentos capilares ou em hot\u00e9is e spas como parte do seu pacote de hospitalidade.<\/p>\n<p>&nbsp;<\/p>","protected":false},"excerpt":{"rendered":"<p>O material \u00e9 PBAT+Amido de milho+PLA, 100% biodegrad\u00e1vel, 100% compost\u00e1vel<\/p>","protected":false},"featured_media":1255,"template":"","meta":{"_seopress_robots_primary_cat":"none","_seopress_titles_title":"Lightweight, Tough and Biodegradable: PBAT+Cornstarch+PLA for Personal Care","_seopress_titles_desc":"Discover the perfect balance between lightweight, strength, and biodegradability with our PBAT+Cornstarch+PLA materials. Available in a range of sizes and colors to meet your personal care needs.","_seopress_robots_index":""},"product_brand":[],"product_cat":[46],"product_tag":[90,67],"class_list":{"0":"post-1253","1":"product","2":"type-product","3":"status-publish","4":"has-post-thumbnail","6":"product_cat-caps","7":"product_tag-biodegradable","8":"product_tag-cap","10":"first","11":"instock","12":"shipping-taxable","13":"product-type-simple"},"_links":{"self":[{"href":"https:\/\/med-disposable.com\/pt\/wp-json\/wp\/v2\/product\/1253","targetHints":{"allow":["GET"]}}],"collection":[{"href":"https:\/\/med-disposable.com\/pt\/wp-json\/wp\/v2\/product"}],"about":[{"href":"https:\/\/med-disposable.com\/pt\/wp-json\/wp\/v2\/types\/product"}],"version-history":[{"count":0,"href":"https:\/\/med-disposable.com\/pt\/wp-json\/wp\/v2\/product\/1253\/revisions"}],"wp:featuredmedia":[{"embeddable":true,"href":"https:\/\/med-disposable.com\/pt\/wp-json\/wp\/v2\/media\/1255"}],"wp:attachment":[{"href":"https:\/\/med-disposable.com\/pt\/wp-json\/wp\/v2\/media?parent=1253"}],"wp:term":[{"taxonomy":"product_brand","embeddable":true,"href":"https:\/\/med-disposable.com\/pt\/wp-json\/wp\/v2\/product_brand?post=1253"},{"taxonomy":"product_cat","embeddable":true,"href":"https:\/\/med-disposable.com\/pt\/wp-json\/wp\/v2\/product_cat?post=1253"},{"taxonomy":"product_tag","embeddable":true,"href":"https:\/\/med-disposable.com\/pt\/wp-json\/wp\/v2\/product_tag?post=1253"}],"curies":[{"name":"wp","href":"https:\/\/api.w.org\/{rel}","templated":true}]}}