{"id":12579,"date":"2024-07-04T18:29:41","date_gmt":"2024-07-04T10:29:41","guid":{"rendered":"https:\/\/med-disposable.com\/?post_type=product&#038;p=12579"},"modified":"2024-07-04T18:29:41","modified_gmt":"2024-07-04T10:29:41","slug":"luvas-descartaveis-de-nao-tecido-agulhado","status":"publish","type":"product","link":"https:\/\/med-disposable.com\/pt\/product\/needle-punched-nonwoven-disposable-mittens\/","title":{"rendered":"luvas descart\u00e1veis de n\u00e3o tecido agulhado"},"content":{"rendered":"<p><strong>Especifica\u00e7\u00f5es de base:<\/strong><\/p>\n<table width=\"717\">\n<tbody>\n<tr>\n<td width=\"127\">Material<\/td>\n<td width=\"590\">N\u00e3o tecido perfurado com agulha<\/td>\n<\/tr>\n<tr>\n<td>Estilo<\/td>\n<td>Forma quadrada<\/td>\n<\/tr>\n<tr>\n<td>Tamanho<\/td>\n<td>20x22cm, 22x22cm, ou conforme pedido<\/td>\n<\/tr>\n<tr>\n<td>Peso<\/td>\n<td>40-100g, a pedido.<\/td>\n<\/tr>\n<tr>\n<td>Cor<\/td>\n<td>Branco, azul, roxo ou outras cores a pedido<\/td>\n<\/tr>\n<tr>\n<td>MOQ<\/td>\n<td>50.000 unidades<\/td>\n<\/tr>\n<tr>\n<td>Embalagem<\/td>\n<td>1pc\/saco, ou conforme pedido<\/td>\n<\/tr>\n<tr>\n<td>M\u00faltiplo cosido<\/td>\n<td>Selagem a quente por ultra-sons, ou costura por pontos, a pedido<\/td>\n<\/tr>\n<\/tbody>\n<\/table>\n<p><img fetchpriority=\"high\" decoding=\"async\" class=\"aligncenter wp-image-12584 size-full\" src=\"https:\/\/med-disposable.com\/wp-content\/uploads\/2024\/07\/disposable-mittens-2.jpg\" alt=\"\" width=\"800\" height=\"688\" srcset=\"https:\/\/med-disposable.com\/wp-content\/uploads\/2024\/07\/disposable-mittens-2.jpg 800w, https:\/\/med-disposable.com\/wp-content\/uploads\/2024\/07\/disposable-mittens-2-300x258.jpg 300w, https:\/\/med-disposable.com\/wp-content\/uploads\/2024\/07\/disposable-mittens-2-768x660.jpg 768w, https:\/\/med-disposable.com\/wp-content\/uploads\/2024\/07\/disposable-mittens-2-600x516.jpg 600w\" sizes=\"(max-width: 800px) 100vw, 800px\" \/><\/p>\n<p>&nbsp;<\/p>\n<h3><strong>Porqu\u00ea escolher luvas descart\u00e1veis de tecido n\u00e3o tecido perfurado com agulha?<\/strong><\/h3>\n<p>1. as luvas descart\u00e1veis s\u00e3o produzidas para proporcionar uma combina\u00e7\u00e3o inigual\u00e1vel de absor\u00e7\u00e3o, durabilidade e comodidade.<\/p>\n<p>2. O material n\u00e3o tecido perfurado com agulha garante uma elevada absor\u00e7\u00e3o, tornando-os perfeitos para reter \u00e1gua e sab\u00e3o durante a utiliza\u00e7\u00e3o.<\/p>\n<p>3. A tecnologia de selagem a quente por ultra-sons aumenta a sua durabilidade, evitando que as luvas se desgastem e garantindo a sua boa resist\u00eancia durante a sua utiliza\u00e7\u00e3o.<\/p>\n<p>4. A pr\u00e1tica forma quadrada oferece uma maior superf\u00edcie de limpeza e um ajuste confort\u00e1vel, tornando estas luvas f\u00e1ceis de utilizar.<\/p>\n<p>5. Dispon\u00edveis em v\u00e1rias cores, podem ser adaptados \u00e0s suas prefer\u00eancias pessoais ou \u00e0s necessidades de marca da sua empresa.<\/p>\n<p><img decoding=\"async\" class=\"aligncenter wp-image-12583 size-full\" src=\"https:\/\/med-disposable.com\/wp-content\/uploads\/2024\/07\/disposable-mittens-1-1.png\" alt=\"\" width=\"800\" height=\"800\" srcset=\"https:\/\/med-disposable.com\/wp-content\/uploads\/2024\/07\/disposable-mittens-1-1.png 800w, https:\/\/med-disposable.com\/wp-content\/uploads\/2024\/07\/disposable-mittens-1-1-300x300.png 300w, https:\/\/med-disposable.com\/wp-content\/uploads\/2024\/07\/disposable-mittens-1-1-150x150.png 150w, https:\/\/med-disposable.com\/wp-content\/uploads\/2024\/07\/disposable-mittens-1-1-768x768.png 768w, https:\/\/med-disposable.com\/wp-content\/uploads\/2024\/07\/disposable-mittens-1-1-600x600.png 600w, https:\/\/med-disposable.com\/wp-content\/uploads\/2024\/07\/disposable-mittens-1-1-100x100.png 100w\" sizes=\"(max-width: 800px) 100vw, 800px\" \/> <img decoding=\"async\" class=\"aligncenter wp-image-12595 size-full\" src=\"https:\/\/med-disposable.com\/wp-content\/uploads\/2024\/07\/disposable-mittens-15.png\" alt=\"\" width=\"800\" height=\"800\" srcset=\"https:\/\/med-disposable.com\/wp-content\/uploads\/2024\/07\/disposable-mittens-15.png 800w, https:\/\/med-disposable.com\/wp-content\/uploads\/2024\/07\/disposable-mittens-15-300x300.png 300w, https:\/\/med-disposable.com\/wp-content\/uploads\/2024\/07\/disposable-mittens-15-150x150.png 150w, https:\/\/med-disposable.com\/wp-content\/uploads\/2024\/07\/disposable-mittens-15-768x768.png 768w, https:\/\/med-disposable.com\/wp-content\/uploads\/2024\/07\/disposable-mittens-15-600x600.png 600w, https:\/\/med-disposable.com\/wp-content\/uploads\/2024\/07\/disposable-mittens-15-100x100.png 100w\" sizes=\"(max-width: 800px) 100vw, 800px\" \/> <img loading=\"lazy\" decoding=\"async\" class=\"aligncenter wp-image-12594 size-full\" src=\"https:\/\/med-disposable.com\/wp-content\/uploads\/2024\/07\/disposable-mittens-14.png\" alt=\"\" width=\"800\" height=\"800\" srcset=\"https:\/\/med-disposable.com\/wp-content\/uploads\/2024\/07\/disposable-mittens-14.png 800w, https:\/\/med-disposable.com\/wp-content\/uploads\/2024\/07\/disposable-mittens-14-300x300.png 300w, https:\/\/med-disposable.com\/wp-content\/uploads\/2024\/07\/disposable-mittens-14-150x150.png 150w, https:\/\/med-disposable.com\/wp-content\/uploads\/2024\/07\/disposable-mittens-14-768x768.png 768w, https:\/\/med-disposable.com\/wp-content\/uploads\/2024\/07\/disposable-mittens-14-600x600.png 600w, https:\/\/med-disposable.com\/wp-content\/uploads\/2024\/07\/disposable-mittens-14-100x100.png 100w\" sizes=\"(max-width: 800px) 100vw, 800px\" \/><\/p>\n<h3><strong>Aplica\u00e7\u00f5es:<\/strong><\/h3>\n<ul>\n<li><strong>Utiliza\u00e7\u00e3o dom\u00e9stica:<\/strong>\u00a0Ideal para duches di\u00e1rios, banhos e limpezas r\u00e1pidas, proporcionando uma solu\u00e7\u00e3o conveniente e higi\u00e9nica.<\/li>\n<li><strong>Viajar:<\/strong>\u00a0Compacto e leve, perfeito para manter a higiene em viagem.<\/li>\n<li><strong>Hot\u00e9is e Spas:<\/strong>\u00a0Melhore a experi\u00eancia dos seus clientes com produtos de higiene de primeira qualidade e de utiliza\u00e7\u00e3o \u00fanica.<\/li>\n<li><strong>Estabelecimentos de sa\u00fade:<\/strong>\u00a0Assegurar os mais elevados padr\u00f5es de higiene para os doentes e os prestadores de cuidados.<\/li>\n<li><strong>Beleza e bem-estar:<\/strong>\u00a0Perfeito para tratamentos faciais, corporais e outros servi\u00e7os de beleza, oferecendo um toque limpo e profissional.<\/li>\n<\/ul>\n<p><img loading=\"lazy\" decoding=\"async\" class=\"aligncenter wp-image-12569 size-full\" src=\"https:\/\/med-disposable.com\/wp-content\/uploads\/2024\/07\/disposable-mittens-applications.jpg\" alt=\"\" width=\"800\" height=\"571\" srcset=\"https:\/\/med-disposable.com\/wp-content\/uploads\/2024\/07\/disposable-mittens-applications.jpg 800w, https:\/\/med-disposable.com\/wp-content\/uploads\/2024\/07\/disposable-mittens-applications-300x214.jpg 300w, https:\/\/med-disposable.com\/wp-content\/uploads\/2024\/07\/disposable-mittens-applications-768x548.jpg 768w, https:\/\/med-disposable.com\/wp-content\/uploads\/2024\/07\/disposable-mittens-applications-600x428.jpg 600w\" sizes=\"(max-width: 800px) 100vw, 800px\" \/><\/p>","protected":false},"excerpt":{"rendered":"<p>As luvas descart\u00e1veis n\u00e3o tecidas perfuradas com agulha s\u00e3o produzidas a partir de material n\u00e3o tecido perfurado com agulha de alta qualidade, que \u00e9 altamente absorvente e dur\u00e1vel. Com selagem a quente por ultra-sons, uma conveniente forma quadrada e dispon\u00edveis em v\u00e1rias cores, estas luvas s\u00e3o perfeitas para uma multiplicidade de utiliza\u00e7\u00f5es.<\/p>","protected":false},"featured_media":12587,"template":"","meta":{"_seopress_robots_primary_cat":"none","_seopress_titles_title":"","_seopress_titles_desc":"","_seopress_robots_index":""},"product_brand":[],"product_cat":[86],"product_tag":[597],"class_list":{"0":"post-12579","1":"product","2":"type-product","3":"status-publish","4":"has-post-thumbnail","6":"product_cat-beauty-and-spa","7":"product_tag-disposable-mittens","9":"first","10":"instock","11":"shipping-taxable","12":"product-type-simple"},"_links":{"self":[{"href":"https:\/\/med-disposable.com\/pt\/wp-json\/wp\/v2\/product\/12579","targetHints":{"allow":["GET"]}}],"collection":[{"href":"https:\/\/med-disposable.com\/pt\/wp-json\/wp\/v2\/product"}],"about":[{"href":"https:\/\/med-disposable.com\/pt\/wp-json\/wp\/v2\/types\/product"}],"version-history":[{"count":0,"href":"https:\/\/med-disposable.com\/pt\/wp-json\/wp\/v2\/product\/12579\/revisions"}],"wp:featuredmedia":[{"embeddable":true,"href":"https:\/\/med-disposable.com\/pt\/wp-json\/wp\/v2\/media\/12587"}],"wp:attachment":[{"href":"https:\/\/med-disposable.com\/pt\/wp-json\/wp\/v2\/media?parent=12579"}],"wp:term":[{"taxonomy":"product_brand","embeddable":true,"href":"https:\/\/med-disposable.com\/pt\/wp-json\/wp\/v2\/product_brand?post=12579"},{"taxonomy":"product_cat","embeddable":true,"href":"https:\/\/med-disposable.com\/pt\/wp-json\/wp\/v2\/product_cat?post=12579"},{"taxonomy":"product_tag","embeddable":true,"href":"https:\/\/med-disposable.com\/pt\/wp-json\/wp\/v2\/product_tag?post=12579"}],"curies":[{"name":"wp","href":"https:\/\/api.w.org\/{rel}","templated":true}]}}