{"id":1262,"date":"2021-04-15T17:52:38","date_gmt":"2021-04-15T09:52:38","guid":{"rendered":"https:\/\/med-disposable.com\/?post_type=product&#038;p=1262"},"modified":"2023-06-14T19:29:49","modified_gmt":"2023-06-14T11:29:49","slug":"protetor-de-barba-descartavel-em-tecido-nao-tecido","status":"publish","type":"product","link":"https:\/\/med-disposable.com\/pt\/product\/disposable-non-woven-beard-cover\/","title":{"rendered":"Protetor de barba descart\u00e1vel em tecido n\u00e3o tecido"},"content":{"rendered":"<h2>Especifica\u00e7\u00e3o b\u00e1sica do protetor de barba descart\u00e1vel:<\/h2>\n<table width=\"559\">\n<tbody>\n<tr>\n<td width=\"106\">Tamanho<\/td>\n<td width=\"453\">46*22cm, 48*23cm, ou conforme pedido<\/td>\n<\/tr>\n<tr>\n<td width=\"106\">Material<\/td>\n<td width=\"453\">PP n\u00e3o tecido<\/td>\n<\/tr>\n<tr>\n<td width=\"106\">Peso em gramas<\/td>\n<td width=\"453\">10-15gsm<\/td>\n<\/tr>\n<tr>\n<td width=\"106\">Estilo<\/td>\n<td width=\"453\">La\u00e7o simples ou la\u00e7os duplos<\/td>\n<\/tr>\n<tr>\n<td width=\"106\">Cor<\/td>\n<td width=\"453\">Branco, azul, pode ser personalizado<\/td>\n<\/tr>\n<tr>\n<td width=\"106\">Embalagem<\/td>\n<td width=\"453\">100 unidades\/saco, 500 unidades\/ctn<\/td>\n<\/tr>\n<tr>\n<td width=\"106\">Aplica\u00e7\u00e3o<\/td>\n<td width=\"453\">Ind\u00fastria alimentar, hospital, ind\u00fastria eletr\u00f3nica, vida di\u00e1ria... etc.<\/td>\n<\/tr>\n<\/tbody>\n<\/table>\n<p>&nbsp;<\/p>\n<p><img fetchpriority=\"high\" decoding=\"async\" class=\"aligncenter wp-image-7999 size-large\" src=\"https:\/\/med-disposable.com\/wp-content\/uploads\/2021\/04\/disposable-beard-cover-3-1024x1024.jpg\" alt=\"\" width=\"800\" height=\"800\" srcset=\"https:\/\/med-disposable.com\/wp-content\/uploads\/2021\/04\/disposable-beard-cover-3-1024x1024.jpg 1024w, https:\/\/med-disposable.com\/wp-content\/uploads\/2021\/04\/disposable-beard-cover-3-300x300.jpg 300w, https:\/\/med-disposable.com\/wp-content\/uploads\/2021\/04\/disposable-beard-cover-3-150x150.jpg 150w, https:\/\/med-disposable.com\/wp-content\/uploads\/2021\/04\/disposable-beard-cover-3-768x768.jpg 768w, https:\/\/med-disposable.com\/wp-content\/uploads\/2021\/04\/disposable-beard-cover-3-1536x1536.jpg 1536w, https:\/\/med-disposable.com\/wp-content\/uploads\/2021\/04\/disposable-beard-cover-3-scaled.jpg 2048w, https:\/\/med-disposable.com\/wp-content\/uploads\/2021\/04\/disposable-beard-cover-3-600x600.jpg 600w, https:\/\/med-disposable.com\/wp-content\/uploads\/2021\/04\/disposable-beard-cover-3-100x100.jpg 100w\" sizes=\"(max-width: 800px) 100vw, 800px\" \/><\/p>\n<p>&nbsp;<\/p>\n<h2>Carater\u00edsticas do protetor de barba descart\u00e1vel em tecido n\u00e3o tecido<\/h2>\n<ul>\n<li><strong>Presilhas el\u00e1sticas para as orelhas:<\/strong>\u00a0Com presilhas el\u00e1sticas para as orelhas, estes protectores para a barba ajustam-se firmemente \u00e0 volta das orelhas, assegurando um ajuste confort\u00e1vel e apertado. As presilhas el\u00e1sticas foram concebidas para se adaptarem a v\u00e1rios tamanhos de cabe\u00e7a sem causar desconforto.<\/li>\n<\/ul>\n<p><img decoding=\"async\" class=\"aligncenter wp-image-8003 size-large\" src=\"https:\/\/med-disposable.com\/wp-content\/uploads\/2021\/04\/disposable-beard-cover-7-1024x1024.jpg\" alt=\"\" width=\"800\" height=\"800\" srcset=\"https:\/\/med-disposable.com\/wp-content\/uploads\/2021\/04\/disposable-beard-cover-7-1024x1024.jpg 1024w, https:\/\/med-disposable.com\/wp-content\/uploads\/2021\/04\/disposable-beard-cover-7-300x300.jpg 300w, https:\/\/med-disposable.com\/wp-content\/uploads\/2021\/04\/disposable-beard-cover-7-150x150.jpg 150w, https:\/\/med-disposable.com\/wp-content\/uploads\/2021\/04\/disposable-beard-cover-7-768x768.jpg 768w, https:\/\/med-disposable.com\/wp-content\/uploads\/2021\/04\/disposable-beard-cover-7-1536x1536.jpg 1536w, https:\/\/med-disposable.com\/wp-content\/uploads\/2021\/04\/disposable-beard-cover-7-scaled.jpg 2048w, https:\/\/med-disposable.com\/wp-content\/uploads\/2021\/04\/disposable-beard-cover-7-600x600.jpg 600w, https:\/\/med-disposable.com\/wp-content\/uploads\/2021\/04\/disposable-beard-cover-7-100x100.jpg 100w\" sizes=\"(max-width: 800px) 100vw, 800px\" \/><\/p>\n<ul>\n<li><strong>Higiene e limpeza:<\/strong>\u00a0A utiliza\u00e7\u00e3o de protectores de barba descart\u00e1veis nas suas instala\u00e7\u00f5es ajuda a manter elevados n\u00edveis de limpeza e higiene, evitando a contamina\u00e7\u00e3o dos p\u00ealos faciais. A natureza de utiliza\u00e7\u00e3o \u00fanica destes protectores garante um ambiente limpo e higi\u00e9nico para o seu pessoal, clientes e consumidores.<\/li>\n<\/ul>\n<p><img decoding=\"async\" class=\"aligncenter wp-image-8000 size-large\" src=\"https:\/\/med-disposable.com\/wp-content\/uploads\/2021\/04\/disposable-beard-cover-4-1024x1024.jpg\" alt=\"\" width=\"800\" height=\"800\" srcset=\"https:\/\/med-disposable.com\/wp-content\/uploads\/2021\/04\/disposable-beard-cover-4-1024x1024.jpg 1024w, https:\/\/med-disposable.com\/wp-content\/uploads\/2021\/04\/disposable-beard-cover-4-300x300.jpg 300w, https:\/\/med-disposable.com\/wp-content\/uploads\/2021\/04\/disposable-beard-cover-4-150x150.jpg 150w, https:\/\/med-disposable.com\/wp-content\/uploads\/2021\/04\/disposable-beard-cover-4-768x768.jpg 768w, https:\/\/med-disposable.com\/wp-content\/uploads\/2021\/04\/disposable-beard-cover-4-1536x1536.jpg 1536w, https:\/\/med-disposable.com\/wp-content\/uploads\/2021\/04\/disposable-beard-cover-4-scaled.jpg 2048w, https:\/\/med-disposable.com\/wp-content\/uploads\/2021\/04\/disposable-beard-cover-4-600x600.jpg 600w, https:\/\/med-disposable.com\/wp-content\/uploads\/2021\/04\/disposable-beard-cover-4-100x100.jpg 100w\" sizes=\"(max-width: 800px) 100vw, 800px\" \/><\/p>\n<ul>\n<li><strong>Respir\u00e1vel e confort\u00e1vel:<\/strong>\u00a0O material n\u00e3o tecido dos nossos protectores de barba descart\u00e1veis oferece uma excelente respirabilidade, garantindo conforto mesmo durante longas horas de utiliza\u00e7\u00e3o. O design leve evita o desconforto e o sobreaquecimento do utilizador.<\/li>\n<\/ul>\n<p><img loading=\"lazy\" decoding=\"async\" class=\"aligncenter wp-image-8004 size-large\" src=\"https:\/\/med-disposable.com\/wp-content\/uploads\/2021\/04\/disposable-beard-cover-8-1024x1024.jpg\" alt=\"\" width=\"800\" height=\"800\" srcset=\"https:\/\/med-disposable.com\/wp-content\/uploads\/2021\/04\/disposable-beard-cover-8-1024x1024.jpg 1024w, https:\/\/med-disposable.com\/wp-content\/uploads\/2021\/04\/disposable-beard-cover-8-300x300.jpg 300w, https:\/\/med-disposable.com\/wp-content\/uploads\/2021\/04\/disposable-beard-cover-8-150x150.jpg 150w, https:\/\/med-disposable.com\/wp-content\/uploads\/2021\/04\/disposable-beard-cover-8-768x768.jpg 768w, https:\/\/med-disposable.com\/wp-content\/uploads\/2021\/04\/disposable-beard-cover-8-1536x1536.jpg 1536w, https:\/\/med-disposable.com\/wp-content\/uploads\/2021\/04\/disposable-beard-cover-8-scaled.jpg 2048w, https:\/\/med-disposable.com\/wp-content\/uploads\/2021\/04\/disposable-beard-cover-8-600x600.jpg 600w, https:\/\/med-disposable.com\/wp-content\/uploads\/2021\/04\/disposable-beard-cover-8-100x100.jpg 100w\" sizes=\"(max-width: 800px) 100vw, 800px\" \/><\/p>\n<ul>\n<li><strong>Tamanho universal:<\/strong>\u00a0Concebidos para se adaptarem confortavelmente \u00e0 maioria das pessoas, os nossos protectores de barba descart\u00e1veis em tecido n\u00e3o tecido adaptam-se a v\u00e1rios comprimentos de p\u00ealos faciais e tamanhos de cabe\u00e7a. As presilhas el\u00e1sticas para as orelhas proporcionam um ajuste seguro e ajust\u00e1vel a todos os utilizadores.<\/li>\n<\/ul>\n<p>&nbsp;<\/p>\n<h2>Perguntas frequentes:<\/h2>\n<p><strong>1. Estes protectores de barba est\u00e3o dispon\u00edveis em cores diferentes?<\/strong><\/p>\n<p>Os nossos protectores de barba descart\u00e1veis em tecido n\u00e3o tecido est\u00e3o normalmente dispon\u00edveis em branco. No entanto, para pedidos especiais relativos a cores, contacte a nossa equipa de vendas para discutir as op\u00e7\u00f5es dispon\u00edveis.<\/p>\n<p><strong>2. Os protectores da barba podem ser ajustados para ficarem mais apertados?<\/strong><\/p>\n<p>Os an\u00e9is el\u00e1sticos para as orelhas dos nossos protectores de barba descart\u00e1veis em tecido n\u00e3o tecido proporcionam um ajuste seguro e ajust\u00e1vel para a maioria dos tamanhos de cabe\u00e7a. Embora tenham sido concebidos para se ajustarem confortavelmente, podem n\u00e3o ser ajust\u00e1veis para um ajuste extremamente apertado.<\/p>\n<p><strong>3. Estes protectores de barba s\u00e3o adequados para pessoas com pele sens\u00edvel?<\/strong><\/p>\n<p>Os nossos protectores de barba descart\u00e1veis em tecido n\u00e3o tecido s\u00e3o feitos de material macio, leve e respir\u00e1vel, o que os torna adequados para a maioria das pessoas, incluindo as que t\u00eam pele sens\u00edvel. No entanto, \u00e9 sempre recomend\u00e1vel testar o produto para detetar qualquer potencial irrita\u00e7\u00e3o da pele antes de uma utiliza\u00e7\u00e3o prolongada.<\/p>\n<p><strong>4. Como devem ser armazenados os protectores de barba para garantir uma higiene \u00f3ptima?<\/strong><\/p>\n<p>Para manter uma higiene \u00f3ptima, guarde os Protectores de barba n\u00e3o tecidos descart\u00e1veis num local fresco e seco, afastado da luz solar direta, da humidade e de contaminantes. Mantenha os protectores de barba na sua embalagem original at\u00e9 estarem prontos a ser utilizados.<\/p>\n<p><strong>5. Estes protectores de barba podem ser reutilizados ap\u00f3s a lavagem?<\/strong><\/p>\n<p>Os nossos protectores de barba descart\u00e1veis em tecido n\u00e3o tecido foram concebidos para uma \u00fanica utiliza\u00e7\u00e3o e n\u00e3o devem ser reutilizados ap\u00f3s a lavagem. A reutiliza\u00e7\u00e3o dos protectores de barba pode comprometer a sua efic\u00e1cia na manuten\u00e7\u00e3o da higiene e na preven\u00e7\u00e3o da contamina\u00e7\u00e3o.<\/p>","protected":false},"excerpt":{"rendered":"<p>Os nossos protectores de barba n\u00e3o tecidos descart\u00e1veis foram concebidos para proporcionar uma solu\u00e7\u00e3o eficaz e confort\u00e1vel para a conten\u00e7\u00e3o de p\u00ealos faciais em v\u00e1rios ambientes profissionais. Estes protetores de barba s\u00e3o feitos de material n\u00e3o tecido de alta qualidade, oferecendo respirabilidade e prote\u00e7\u00e3o leve. Ideais para utiliza\u00e7\u00e3o em ind\u00fastrias de transforma\u00e7\u00e3o de alimentos, cuidados de sa\u00fade, fabrico e outras ind\u00fastrias, estes protectores de barba ajudam a manter a higiene e a evitar a contamina\u00e7\u00e3o.<\/p>","protected":false},"featured_media":7999,"template":"","meta":{"_seopress_robots_primary_cat":"none","_seopress_titles_title":"Soft, Light and Comfy: Non-Woven PP &amp; Nylon in Custom Colors for All!","_seopress_titles_desc":"Light, soft, and comfortable PP non-woven basic \u2013 perfect for food industry, hospital, and daily life. Choose from size 46*22cm, 48*23cm, and other sizes on request, with 10-15gsm gram weight in white, blue, black, and brown. 100 pcs\/bag, 500pcs\/ctn.","_seopress_robots_index":""},"product_brand":[],"product_cat":[46],"product_tag":[91],"class_list":{"0":"post-1262","1":"product","2":"type-product","3":"status-publish","4":"has-post-thumbnail","6":"product_cat-caps","7":"product_tag-beard-cover","9":"first","10":"instock","11":"shipping-taxable","12":"product-type-simple"},"_links":{"self":[{"href":"https:\/\/med-disposable.com\/pt\/wp-json\/wp\/v2\/product\/1262","targetHints":{"allow":["GET"]}}],"collection":[{"href":"https:\/\/med-disposable.com\/pt\/wp-json\/wp\/v2\/product"}],"about":[{"href":"https:\/\/med-disposable.com\/pt\/wp-json\/wp\/v2\/types\/product"}],"version-history":[{"count":0,"href":"https:\/\/med-disposable.com\/pt\/wp-json\/wp\/v2\/product\/1262\/revisions"}],"wp:featuredmedia":[{"embeddable":true,"href":"https:\/\/med-disposable.com\/pt\/wp-json\/wp\/v2\/media\/7999"}],"wp:attachment":[{"href":"https:\/\/med-disposable.com\/pt\/wp-json\/wp\/v2\/media?parent=1262"}],"wp:term":[{"taxonomy":"product_brand","embeddable":true,"href":"https:\/\/med-disposable.com\/pt\/wp-json\/wp\/v2\/product_brand?post=1262"},{"taxonomy":"product_cat","embeddable":true,"href":"https:\/\/med-disposable.com\/pt\/wp-json\/wp\/v2\/product_cat?post=1262"},{"taxonomy":"product_tag","embeddable":true,"href":"https:\/\/med-disposable.com\/pt\/wp-json\/wp\/v2\/product_tag?post=1262"}],"curies":[{"name":"wp","href":"https:\/\/api.w.org\/{rel}","templated":true}]}}