{"id":1275,"date":"2021-04-16T18:21:40","date_gmt":"2021-04-16T10:21:40","guid":{"rendered":"https:\/\/med-disposable.com\/?post_type=product&#038;p=1275"},"modified":"2023-07-04T15:31:08","modified_gmt":"2023-07-04T07:31:08","slug":"macacao-de-protecao-nao-tecido-sms-descartavel","status":"publish","type":"product","link":"https:\/\/med-disposable.com\/pt\/product\/disposable-sms-non-woven-protective-coverall\/","title":{"rendered":"Fato de prote\u00e7\u00e3o n\u00e3o tecido SMS descart\u00e1vel"},"content":{"rendered":"<h2>Especifica\u00e7\u00f5es pormenorizadas:<\/h2>\n<table width=\"445\">\n<tbody>\n<tr>\n<td width=\"98\">Tamanho<\/td>\n<td width=\"347\">M-5XL<\/td>\n<\/tr>\n<tr>\n<td>Material<\/td>\n<td>SMS<\/td>\n<\/tr>\n<tr>\n<td>Peso em gramas<\/td>\n<td>20-65gsm<\/td>\n<\/tr>\n<tr>\n<td width=\"98\">Cor<\/td>\n<td width=\"347\">Azul, tamb\u00e9m pode ser branco, amarelo ou laranja a pedido<\/td>\n<\/tr>\n<tr>\n<td width=\"98\">Embalagem<\/td>\n<td width=\"347\">10pcs\/saco, 50pcs\/caixa de cart\u00e3o, ou como pedido<\/td>\n<\/tr>\n<\/tbody>\n<\/table>\n<figure class=\"wp-block-embed wp-block-embed-youtube is-type-video is-provider-youtube epyt-figure\"><div class=\"wp-block-embed__wrapper\"><div  id=\"_ytid_47974\"  width=\"800\" height=\"450\"  data-origwidth=\"800\" data-origheight=\"450\" data-facadesrc=\"https:\/\/www.youtube.com\/embed\/gdzmMZXja6A?enablejsapi=1&autoplay=0&cc_load_policy=0&cc_lang_pref=&iv_load_policy=1&loop=0&rel=1&fs=1&playsinline=0&autohide=2&theme=dark&color=red&controls=1&disablekb=0&\" class=\"__youtube_prefs__ epyt-facade no-lazyload\" data-epautoplay=\"1\" ><img decoding=\"async\" data-spai-excluded=\"true\" class=\"epyt-facade-poster skip-lazy\" loading=\"lazy\"  alt=\"Leitor do YouTube\"  src=\"https:\/\/i.ytimg.com\/vi\/gdzmMZXja6A\/maxresdefault.jpg\"  \/><button class=\"epyt-facade-play\" aria-label=\"Jogar\"><svg data-no-lazy=\"1\" height=\"100%\" version=\"1.1\" viewbox=\"0 0 68 48\" width=\"100%\"><path class=\"ytp-large-play-button-bg\" d=\"M66.52,7.74c-0.78-2.93-2.49-5.41-5.42-6.19C55.79,.13,34,0,34,0S12.21,.13,6.9,1.55 C3.97,2.33,2.27,4.81,1.48,7.74C0.06,13.05,0,24,0,24s0.06,10.95,1.48,16.26c0.78,2.93,2.49,5.41,5.42,6.19 C12.21,47.87,34,48,34,48s21.79-0.13,27.1-1.55c2.93-0.78,4.64-3.26,5.42-6.19C67.94,34.95,68,24,68,24S67.94,13.05,66.52,7.74z\" fill=\"#f00\"><\/path><path d=\"M 45,24 27,14 27,34\" fill=\"#fff\"><\/path><\/svg><\/button><\/div><\/div><\/figure>\n<h2>Estilos e carater\u00edsticas do macac\u00e3o n\u00e3o tecido SMS:<\/h2>\n<ul>\n<li><strong>Capuz para maior prote\u00e7\u00e3o:<\/strong>\u00a0O capuz integrado proporciona uma cobertura e prote\u00e7\u00e3o adicionais para a cabe\u00e7a e o pesco\u00e7o, garantindo uma barreira abrangente contra potenciais perigos.<\/li>\n<li><strong>Punhos e cintura el\u00e1sticos:<\/strong>\u00a0Os punhos e a cintura el\u00e1sticos proporcionam um ajuste confort\u00e1vel e apertado, evitando a exposi\u00e7\u00e3o a contaminantes e permitindo liberdade de movimentos durante as tarefas de trabalho.<\/li>\n<li><strong>Frente com fecho de correr:<\/strong> O c\u00f3modo fecho de correr frontal permite uma f\u00e1cil coloca\u00e7\u00e3o e remo\u00e7\u00e3o.<\/li>\n<li><strong>Boot opcional para uma prote\u00e7\u00e3o melhorada:<\/strong>\u00a0Escolha a op\u00e7\u00e3o de incluir uma bota anexa para prote\u00e7\u00e3o e cobertura adicionais dos seus p\u00e9s, garantindo uma barreira completa contra contaminantes no seu ambiente de trabalho.<\/li>\n<li><strong>Material n\u00e3o tecido SMS dur\u00e1vel:<\/strong>\u00a0O nosso macac\u00e3o de prote\u00e7\u00e3o descart\u00e1vel com capuz azul \u00e9 fabricado a partir de tecido n\u00e3o tecido SMS de alta qualidade, proporcionando uma forte barreira contra part\u00edculas, l\u00edquidos e contaminantes, garantindo simultaneamente a respirabilidade para um uso confort\u00e1vel.<\/li>\n<\/ul>\n<p>&nbsp;<\/p>\n<p><img fetchpriority=\"high\" decoding=\"async\" class=\"aligncenter wp-image-8357 size-large\" src=\"https:\/\/med-disposable.com\/wp-content\/uploads\/2021\/04\/SMS-coverall-12-1024x1024.jpg\" alt=\"\" width=\"800\" height=\"800\" srcset=\"https:\/\/med-disposable.com\/wp-content\/uploads\/2021\/04\/SMS-coverall-12-1024x1024.jpg 1024w, https:\/\/med-disposable.com\/wp-content\/uploads\/2021\/04\/SMS-coverall-12-300x300.jpg 300w, https:\/\/med-disposable.com\/wp-content\/uploads\/2021\/04\/SMS-coverall-12-150x150.jpg 150w, https:\/\/med-disposable.com\/wp-content\/uploads\/2021\/04\/SMS-coverall-12-768x768.jpg 768w, https:\/\/med-disposable.com\/wp-content\/uploads\/2021\/04\/SMS-coverall-12-1536x1536.jpg 1536w, https:\/\/med-disposable.com\/wp-content\/uploads\/2021\/04\/SMS-coverall-12-scaled.jpg 2048w, https:\/\/med-disposable.com\/wp-content\/uploads\/2021\/04\/SMS-coverall-12-600x600.jpg 600w, https:\/\/med-disposable.com\/wp-content\/uploads\/2021\/04\/SMS-coverall-12-100x100.jpg 100w\" sizes=\"(max-width: 800px) 100vw, 800px\" \/> <img decoding=\"async\" class=\"aligncenter wp-image-8360 size-full\" src=\"https:\/\/med-disposable.com\/wp-content\/uploads\/2021\/04\/SMS-coverall-16.jpg\" alt=\"\" width=\"700\" height=\"700\" srcset=\"https:\/\/med-disposable.com\/wp-content\/uploads\/2021\/04\/SMS-coverall-16.jpg 700w, https:\/\/med-disposable.com\/wp-content\/uploads\/2021\/04\/SMS-coverall-16-300x300.jpg 300w, https:\/\/med-disposable.com\/wp-content\/uploads\/2021\/04\/SMS-coverall-16-150x150.jpg 150w, https:\/\/med-disposable.com\/wp-content\/uploads\/2021\/04\/SMS-coverall-16-600x600.jpg 600w, https:\/\/med-disposable.com\/wp-content\/uploads\/2021\/04\/SMS-coverall-16-100x100.jpg 100w\" sizes=\"(max-width: 700px) 100vw, 700px\" \/> <img decoding=\"async\" class=\"aligncenter wp-image-8362 size-full\" src=\"https:\/\/med-disposable.com\/wp-content\/uploads\/2021\/04\/SMS-coverall-19.jpg\" alt=\"\" width=\"700\" height=\"700\" srcset=\"https:\/\/med-disposable.com\/wp-content\/uploads\/2021\/04\/SMS-coverall-19.jpg 700w, https:\/\/med-disposable.com\/wp-content\/uploads\/2021\/04\/SMS-coverall-19-300x300.jpg 300w, https:\/\/med-disposable.com\/wp-content\/uploads\/2021\/04\/SMS-coverall-19-150x150.jpg 150w, https:\/\/med-disposable.com\/wp-content\/uploads\/2021\/04\/SMS-coverall-19-600x600.jpg 600w, https:\/\/med-disposable.com\/wp-content\/uploads\/2021\/04\/SMS-coverall-19-100x100.jpg 100w\" sizes=\"(max-width: 700px) 100vw, 700px\" \/><\/p>\n<h2>Perguntas frequentes:<\/h2>\n<p><strong>P: Como posso determinar o tamanho correto para o meu macac\u00e3o de prote\u00e7\u00e3o descart\u00e1vel com capuz n\u00e3o tecido SMS azul?<\/strong><\/p>\n<p>R: Para garantir um ajuste confort\u00e1vel, consulte a tabela de tamanhos fornecida na p\u00e1gina do produto. Me\u00e7a o peito, a cintura e as ancas e compare essas medidas com a tabela de tamanhos para determinar o tamanho correto para si. Se n\u00e3o tiver a certeza ou se estiver entre tamanhos, recomendamos que escolha o tamanho maior para maior conforto e facilidade de movimentos.<\/p>\n<p><strong>P: O macac\u00e3o de prote\u00e7\u00e3o descart\u00e1vel com capuz n\u00e3o tecido SMS azul oferece prote\u00e7\u00e3o contra l\u00edquidos?<\/strong><\/p>\n<p>R: O tecido n\u00e3o tecido SMS utilizado no nosso macac\u00e3o de prote\u00e7\u00e3o descart\u00e1vel com capuz azul oferece um certo grau de resist\u00eancia a l\u00edquidos, proporcionando uma barreira contra derrames, salpicos e salpicos ligeiros. No entanto, n\u00e3o foi concebido para proporcionar uma prote\u00e7\u00e3o total contra a \u00e1gua durante chuvas fortes ou quando se trabalha em ambientes muito h\u00famidos.<\/p>\n<p><strong>P: Estes fatos-macaco de prote\u00e7\u00e3o descart\u00e1veis com capuz n\u00e3o tecido SMS azul podem ser usados por cima de vestu\u00e1rio de trabalho normal?<\/strong><\/p>\n<p>R: Sim, os nossos fatos-macaco de prote\u00e7\u00e3o descart\u00e1veis com capuz n\u00e3o tecido SMS azuis foram concebidos para serem usados confortavelmente por cima do seu vestu\u00e1rio de trabalho normal, proporcionando uma camada adicional de prote\u00e7\u00e3o contra contaminantes. Certifique-se de que escolhe o tamanho adequado para garantir um ajuste confort\u00e1vel sobre o seu vestu\u00e1rio.<\/p>\n<p><strong>P: O capuz do macac\u00e3o de prote\u00e7\u00e3o descart\u00e1vel com capuz n\u00e3o tecido SMS azul \u00e9 ajust\u00e1vel?<\/strong><\/p>\n<p>R: O capuz do nosso macac\u00e3o de prote\u00e7\u00e3o descart\u00e1vel com capuz n\u00e3o tecido SMS azul n\u00e3o \u00e9 ajust\u00e1vel. No entanto, foi concebido para acomodar uma vasta gama de tamanhos e formas de cabe\u00e7a, proporcionando um ajuste confort\u00e1vel e seguro para todos os utilizadores.<\/p>\n<p><strong>P: Existe alguma diferen\u00e7a nos n\u00edveis de prote\u00e7\u00e3o entre o macac\u00e3o com e sem a op\u00e7\u00e3o de bota acoplada?<\/strong><\/p>\n<p>R: Ambas as op\u00e7\u00f5es do nosso macac\u00e3o de prote\u00e7\u00e3o descart\u00e1vel com capuz n\u00e3o tecido SMS azul proporcionam uma excelente prote\u00e7\u00e3o contra contaminantes. A op\u00e7\u00e3o de bota anexa oferece cobertura e prote\u00e7\u00e3o adicionais para os seus p\u00e9s, garantindo uma barreira completa contra contaminantes no seu ambiente de trabalho.<\/p>\n<p><strong>P: Estes fatos de prote\u00e7\u00e3o s\u00e3o adequados para utiliza\u00e7\u00e3o em ambientes de sala limpa?<\/strong><\/p>\n<p>R: Os nossos fatos-macaco de prote\u00e7\u00e3o descart\u00e1veis com capuz n\u00e3o tecido SMS azuis proporcionam uma excelente prote\u00e7\u00e3o contra part\u00edculas e derrames de l\u00edquidos. No entanto, ambientes espec\u00edficos de salas limpas podem ter requisitos mais rigorosos relativamente a materiais, constru\u00e7\u00e3o e certifica\u00e7\u00f5es. \u00c9 essencial consultar as diretrizes e os requisitos da sua sala limpa antes de utilizar este macac\u00e3o nesses ambientes.<\/p>","protected":false},"excerpt":{"rendered":"<p>Mantenha-se protegido e confort\u00e1vel com o nosso macac\u00e3o de prote\u00e7\u00e3o descart\u00e1vel n\u00e3o tecido com capuz SMS azul. Concebido para v\u00e1rias aplica\u00e7\u00f5es que requerem prote\u00e7\u00e3o contra contaminantes, este macac\u00e3o \u00e9 perfeito para utiliza\u00e7\u00e3o em instala\u00e7\u00f5es m\u00e9dicas, laborat\u00f3rios e ambientes industriais. Fabricado em tecido n\u00e3o tecido SMS de alta qualidade, este macac\u00e3o proporciona uma excelente respirabilidade, mantendo uma barreira contra part\u00edculas e derrames de l\u00edquidos. Com um capuz, punhos el\u00e1sticos e uma bota opcional, este macac\u00e3o de prote\u00e7\u00e3o oferece cobertura para todo o corpo e garante um ajuste seguro para todos os utilizadores.<\/p>","protected":false},"featured_media":8357,"template":"","meta":{"_seopress_robots_primary_cat":"none","_seopress_titles_title":"Size M-5XL Blue, White, or Yellow? Waterproof, Air Permeable, Dustproof Bacteria Isolation Coverall!","_seopress_titles_desc":"Boost the effectiveness of your safety protocol. Equip workers with our superior bacteria isolation, waterproof, air permeable, dustproof protection. Our size M-5XL suits all shapes and sizes and various functions offered. Color selection of Blue, white, yellow, orange. Get your protective coveralls today!","_seopress_robots_index":""},"product_brand":[],"product_cat":[44],"product_tag":[64,57],"class_list":{"0":"post-1275","1":"product","2":"type-product","3":"status-publish","4":"has-post-thumbnail","6":"product_cat-coverall","7":"product_tag-coverall","8":"product_tag-non-woven","10":"first","11":"instock","12":"shipping-taxable","13":"product-type-simple"},"_links":{"self":[{"href":"https:\/\/med-disposable.com\/pt\/wp-json\/wp\/v2\/product\/1275","targetHints":{"allow":["GET"]}}],"collection":[{"href":"https:\/\/med-disposable.com\/pt\/wp-json\/wp\/v2\/product"}],"about":[{"href":"https:\/\/med-disposable.com\/pt\/wp-json\/wp\/v2\/types\/product"}],"version-history":[{"count":0,"href":"https:\/\/med-disposable.com\/pt\/wp-json\/wp\/v2\/product\/1275\/revisions"}],"wp:featuredmedia":[{"embeddable":true,"href":"https:\/\/med-disposable.com\/pt\/wp-json\/wp\/v2\/media\/8357"}],"wp:attachment":[{"href":"https:\/\/med-disposable.com\/pt\/wp-json\/wp\/v2\/media?parent=1275"}],"wp:term":[{"taxonomy":"product_brand","embeddable":true,"href":"https:\/\/med-disposable.com\/pt\/wp-json\/wp\/v2\/product_brand?post=1275"},{"taxonomy":"product_cat","embeddable":true,"href":"https:\/\/med-disposable.com\/pt\/wp-json\/wp\/v2\/product_cat?post=1275"},{"taxonomy":"product_tag","embeddable":true,"href":"https:\/\/med-disposable.com\/pt\/wp-json\/wp\/v2\/product_tag?post=1275"}],"curies":[{"name":"wp","href":"https:\/\/api.w.org\/{rel}","templated":true}]}}