{"id":1306,"date":"2021-04-19T18:12:43","date_gmt":"2021-04-19T10:12:43","guid":{"rendered":"https:\/\/med-disposable.com\/?post_type=product&#038;p=1306"},"modified":"2023-07-04T15:25:17","modified_gmt":"2023-07-04T07:25:17","slug":"vestuario-de-seguranca-descartavel-macacao-com-fita-reflectora","status":"publish","type":"product","link":"https:\/\/med-disposable.com\/pt\/product\/disposable-safety-clothing-coverall-with-reflective-tape\/","title":{"rendered":"Vestu\u00e1rio de seguran\u00e7a descart\u00e1vel\/macac\u00e3o com fita reflectora"},"content":{"rendered":"<h2>Especifica\u00e7\u00f5es de base:<\/h2>\n<table border=\"1\" data-mce-background-color=\"#ffffff\">\n<tbody>\n<tr>\n<td><strong data-spm-anchor-id=\"a2700.details.0.i16.6f04593cmZ4amQ\">Material:<\/strong><\/td>\n<td>PP n\u00e3o tecido+Filme microporoso<\/td>\n<\/tr>\n<tr>\n<td><strong>Peso:<\/strong><\/td>\n<td>45gsm a 70gsm<\/td>\n<\/tr>\n<tr>\n<td><strong>Tamanho:<\/strong><\/td>\n<td>M-5XL<\/td>\n<\/tr>\n<tr>\n<td><strong>Estilo:<\/strong><\/td>\n<td>Punho\/cintura\/tornozelo el\u00e1stico, com capuz, fecho de correr \u00e0 frente com aba<\/td>\n<\/tr>\n<tr>\n<td><strong>Cor<\/strong><\/td>\n<td>cor de laranja, tamb\u00e9m pode ser de outras cores a pedido<\/td>\n<\/tr>\n<tr>\n<td><b>Embalagem<br \/>\n<\/b><\/td>\n<td>1 unidade\/saco, 50 unidades\/caixa<\/td>\n<\/tr>\n<\/tbody>\n<\/table>\n<figure class=\"wp-block-embed wp-block-embed-youtube is-type-video is-provider-youtube epyt-figure\"><div class=\"wp-block-embed__wrapper\"><div  id=\"_ytid_72856\"  width=\"800\" height=\"450\"  data-origwidth=\"800\" data-origheight=\"450\" data-facadesrc=\"https:\/\/www.youtube.com\/embed\/9Yq-HGdzM6U?enablejsapi=1&autoplay=0&cc_load_policy=0&cc_lang_pref=&iv_load_policy=1&loop=0&rel=1&fs=1&playsinline=0&autohide=2&theme=dark&color=red&controls=1&disablekb=0&\" class=\"__youtube_prefs__ epyt-facade no-lazyload\" data-epautoplay=\"1\" ><img decoding=\"async\" data-spai-excluded=\"true\" class=\"epyt-facade-poster skip-lazy\" loading=\"lazy\"  alt=\"Leitor do YouTube\"  src=\"https:\/\/i.ytimg.com\/vi\/9Yq-HGdzM6U\/maxresdefault.jpg\"  \/><button class=\"epyt-facade-play\" aria-label=\"Jogar\"><svg data-no-lazy=\"1\" height=\"100%\" version=\"1.1\" viewbox=\"0 0 68 48\" width=\"100%\"><path class=\"ytp-large-play-button-bg\" d=\"M66.52,7.74c-0.78-2.93-2.49-5.41-5.42-6.19C55.79,.13,34,0,34,0S12.21,.13,6.9,1.55 C3.97,2.33,2.27,4.81,1.48,7.74C0.06,13.05,0,24,0,24s0.06,10.95,1.48,16.26c0.78,2.93,2.49,5.41,5.42,6.19 C12.21,47.87,34,48,34,48s21.79-0.13,27.1-1.55c2.93-0.78,4.64-3.26,5.42-6.19C67.94,34.95,68,24,68,24S67.94,13.05,66.52,7.74z\" fill=\"#f00\"><\/path><path d=\"M 45,24 27,14 27,34\" fill=\"#fff\"><\/path><\/svg><\/button><\/div><\/div><\/figure>\n<h2>Vantagens e carater\u00edsticas do macac\u00e3o refletor descart\u00e1vel:<\/h2>\n<ul>\n<li><strong>Fita reflectora para maior visibilidade:<\/strong>\u00a0Este macac\u00e3o de prote\u00e7\u00e3o possui fita reflectora nos bra\u00e7os, pernas e tronco, garantindo uma elevada visibilidade em condi\u00e7\u00f5es de pouca luz e aumentando a seguran\u00e7a dos trabalhadores em v\u00e1rios ambientes.<\/li>\n<li><strong>Punhos, tornozelos e cintura el\u00e1sticos:<\/strong>\u00a0Os punhos, tornozelos e cintura el\u00e1sticos proporcionam um ajuste confort\u00e1vel e apertado, evitando a exposi\u00e7\u00e3o a contaminantes e assegurando a liberdade de movimentos durante as tarefas de trabalho.<\/li>\n<li><strong>Fecho de correr frontal com aba de prote\u00e7\u00e3o:<\/strong>\u00a0O pr\u00e1tico fecho de correr frontal permite uma f\u00e1cil coloca\u00e7\u00e3o e remo\u00e7\u00e3o, enquanto a aba de prote\u00e7\u00e3o garante uma veda\u00e7\u00e3o segura contra potenciais perigos.<\/li>\n<li><strong>Material dur\u00e1vel e respir\u00e1vel:<\/strong>\u00a0O nosso macac\u00e3o descart\u00e1vel de alta visibilidade \u00e9 fabricado em tecido n\u00e3o tecido de alta qualidade que proporciona uma excelente prote\u00e7\u00e3o e respirabilidade durante longos per\u00edodos de utiliza\u00e7\u00e3o.<\/li>\n<li><strong>Vasta gama de aplica\u00e7\u00f5es:<\/strong>\u00a0O nosso macac\u00e3o de prote\u00e7\u00e3o descart\u00e1vel de alta visibilidade com fita reflectora \u00e9 adequado para v\u00e1rios ambientes, incluindo estaleiros de constru\u00e7\u00e3o, trabalhos em estradas, locais de trabalho industriais e situa\u00e7\u00f5es de resposta a emerg\u00eancias.<\/li>\n<\/ul>\n<p>&nbsp;<\/p>\n<p><img fetchpriority=\"high\" decoding=\"async\" class=\"aligncenter wp-image-8337 size-full\" src=\"https:\/\/med-disposable.com\/wp-content\/uploads\/2021\/04\/disposable-coverall-with-reflective-tapes.jpg\" alt=\"\" width=\"800\" height=\"771\" srcset=\"https:\/\/med-disposable.com\/wp-content\/uploads\/2021\/04\/disposable-coverall-with-reflective-tapes.jpg 800w, https:\/\/med-disposable.com\/wp-content\/uploads\/2021\/04\/disposable-coverall-with-reflective-tapes-300x289.jpg 300w, https:\/\/med-disposable.com\/wp-content\/uploads\/2021\/04\/disposable-coverall-with-reflective-tapes-768x740.jpg 768w, https:\/\/med-disposable.com\/wp-content\/uploads\/2021\/04\/disposable-coverall-with-reflective-tapes-600x578.jpg 600w\" sizes=\"(max-width: 800px) 100vw, 800px\" \/><\/p>\n<p>&nbsp;<\/p>\n<h2>FAQs<\/h2>\n<ol>\n<li><strong>P: Que tamanhos est\u00e3o dispon\u00edveis para o macac\u00e3o de prote\u00e7\u00e3o descart\u00e1vel de alta visibilidade com fita reflectora?<\/strong>R: O nosso macac\u00e3o de prote\u00e7\u00e3o descart\u00e1vel de alta visibilidade est\u00e1 dispon\u00edvel numa gama de tamanhos, de pequeno a XXL, garantindo um ajuste confort\u00e1vel para todos os utilizadores.<\/li>\n<li><strong>P: Qual \u00e9 a efic\u00e1cia da fita reflectora em condi\u00e7\u00f5es de fraca luminosidade?<\/strong>R: A fita reflectora do nosso macac\u00e3o de prote\u00e7\u00e3o descart\u00e1vel de alta visibilidade foi concebida para melhorar a visibilidade em condi\u00e7\u00f5es de pouca luz, aumentando a seguran\u00e7a dos trabalhadores em v\u00e1rios ambientes. A fita est\u00e1 estrategicamente colocada nos bra\u00e7os, pernas e tronco para m\u00e1xima visibilidade.<\/li>\n<li><strong>P: Como posso determinar o tamanho correto para o meu macac\u00e3o de prote\u00e7\u00e3o descart\u00e1vel de alta visibilidade?<\/strong>R: Para garantir um ajuste confort\u00e1vel, consulte a tabela de tamanhos fornecida na p\u00e1gina do produto. Me\u00e7a o peito, a cintura e as ancas e compare essas medidas com a tabela de tamanhos para determinar o tamanho correto para si. Se n\u00e3o tiver a certeza ou se estiver entre tamanhos, recomendamos que escolha o tamanho maior para maior conforto e facilidade de movimentos.<\/li>\n<li><strong>P: Os fatos-macaco de prote\u00e7\u00e3o descart\u00e1veis de alta visibilidade s\u00e3o \u00e0 prova de \u00e1gua ou resistentes \u00e0 \u00e1gua?<\/strong>R: Os nossos fatos-macaco de prote\u00e7\u00e3o descart\u00e1veis de alta visibilidade s\u00e3o feitos de tecido n\u00e3o tecido de alta qualidade que oferece um certo grau de resist\u00eancia \u00e0 \u00e1gua. No entanto, n\u00e3o foram concebidos para proporcionar uma prote\u00e7\u00e3o total contra a \u00e1gua durante chuvas fortes ou quando se trabalha em ambientes muito h\u00famidos.<\/li>\n<li><strong>P: Estes fatos-macaco de prote\u00e7\u00e3o descart\u00e1veis de alta visibilidade podem ser usados por cima de vestu\u00e1rio de trabalho normal?<\/strong>R: Sim, os nossos fatos-macaco de prote\u00e7\u00e3o descart\u00e1veis de alta visibilidade foram concebidos para serem usados confortavelmente por cima do seu vestu\u00e1rio de trabalho normal, proporcionando uma camada adicional de prote\u00e7\u00e3o e maior visibilidade durante o trabalho. Certifique-se de que escolhe o tamanho adequado para garantir um ajuste confort\u00e1vel sobre o seu vestu\u00e1rio.<\/li>\n<\/ol>","protected":false},"excerpt":{"rendered":"<p>Mantenha-se seguro e vis\u00edvel com o nosso macac\u00e3o de prote\u00e7\u00e3o descart\u00e1vel de alta visibilidade com fita reflectora. Concebido para prote\u00e7\u00e3o e visibilidade, este macac\u00e3o \u00e9 perfeito para uma vasta gama de aplica\u00e7\u00f5es, incluindo constru\u00e7\u00e3o, trabalhos em estradas, ambientes industriais e de resposta a emerg\u00eancias. Fabricado em material microporoso respir\u00e1vel de alta qualidade, este macac\u00e3o possui fita reflectora para aumentar a visibilidade em situa\u00e7\u00f5es de pouca luz, garantindo a sua seguran\u00e7a durante o trabalho.<\/p>","protected":false},"featured_media":8331,"template":"","meta":{"_seopress_robots_primary_cat":"none","_seopress_titles_title":"Protective Coveralls - M-5XL: Breathable, Light Weight, Dust\/Liquid\/Chem Resistant","_seopress_titles_desc":"Protect yourself with this breathable, lightweight, dust proof, liquid proof, and chemical resistant fabric. Built from PP &amp; SMS with a size range of M-5XL, featuring elastic wrist\/waist\/ankle, hoods, and zippers available in 5 colors. Ideal for asbestos, cement, painting &amp; more.","_seopress_robots_index":""},"product_brand":[],"product_cat":[44],"product_tag":[64],"class_list":{"0":"post-1306","1":"product","2":"type-product","3":"status-publish","4":"has-post-thumbnail","6":"product_cat-coverall","7":"product_tag-coverall","9":"first","10":"instock","11":"shipping-taxable","12":"product-type-simple"},"_links":{"self":[{"href":"https:\/\/med-disposable.com\/pt\/wp-json\/wp\/v2\/product\/1306","targetHints":{"allow":["GET"]}}],"collection":[{"href":"https:\/\/med-disposable.com\/pt\/wp-json\/wp\/v2\/product"}],"about":[{"href":"https:\/\/med-disposable.com\/pt\/wp-json\/wp\/v2\/types\/product"}],"version-history":[{"count":0,"href":"https:\/\/med-disposable.com\/pt\/wp-json\/wp\/v2\/product\/1306\/revisions"}],"wp:featuredmedia":[{"embeddable":true,"href":"https:\/\/med-disposable.com\/pt\/wp-json\/wp\/v2\/media\/8331"}],"wp:attachment":[{"href":"https:\/\/med-disposable.com\/pt\/wp-json\/wp\/v2\/media?parent=1306"}],"wp:term":[{"taxonomy":"product_brand","embeddable":true,"href":"https:\/\/med-disposable.com\/pt\/wp-json\/wp\/v2\/product_brand?post=1306"},{"taxonomy":"product_cat","embeddable":true,"href":"https:\/\/med-disposable.com\/pt\/wp-json\/wp\/v2\/product_cat?post=1306"},{"taxonomy":"product_tag","embeddable":true,"href":"https:\/\/med-disposable.com\/pt\/wp-json\/wp\/v2\/product_tag?post=1306"}],"curies":[{"name":"wp","href":"https:\/\/api.w.org\/{rel}","templated":true}]}}