{"id":13236,"date":"2024-07-16T17:49:16","date_gmt":"2024-07-16T09:49:16","guid":{"rendered":"https:\/\/med-disposable.com\/?post_type=product&#038;p=13236"},"modified":"2024-07-16T17:49:17","modified_gmt":"2024-07-16T09:49:17","slug":"tapetes-de-casa-de-banho-descartaveis-super-absorventes","status":"publish","type":"product","link":"https:\/\/med-disposable.com\/pt\/product\/super-absorbent-disposable-bathroom-mats\/","title":{"rendered":"Tapetes de casa de banho descart\u00e1veis super absorventes"},"content":{"rendered":"<h2>Especifica\u00e7\u00f5es pormenorizadas dos tapetes de casa de banho descart\u00e1veis:<\/h2>\n<table width=\"583\">\n<tbody>\n<tr>\n<td width=\"64\">Material<\/td>\n<td width=\"519\">Tecido n\u00e3o tecido+tecido\/papel+polpa de madeira+SAP+tecido\/papel+tecido n\u00e3o tecido<\/td>\n<\/tr>\n<tr>\n<td>Estilo<\/td>\n<td>Forma quadrada<\/td>\n<\/tr>\n<tr>\n<td>Tamanho<\/td>\n<td>90*50cm, ou conforme pedido<\/td>\n<\/tr>\n<tr>\n<td>Peso<\/td>\n<td>100g, ou a pedido<\/td>\n<\/tr>\n<tr>\n<td>Cor<\/td>\n<td>Branco, cinzento, azul ou outras cores a pedido<\/td>\n<\/tr>\n<tr>\n<td>Embalagem<\/td>\n<td>1pc\/saco, ou conforme pedido<\/td>\n<\/tr>\n<\/tbody>\n<\/table>\n<p><img fetchpriority=\"high\" decoding=\"async\" class=\"wp-image-13228 size-full aligncenter\" src=\"https:\/\/med-disposable.com\/wp-content\/uploads\/2024\/07\/white-pads-3.png\" alt=\"Resguardo para incontin\u00eancia de adultos com camadas absorventes\" width=\"800\" height=\"800\" srcset=\"https:\/\/med-disposable.com\/wp-content\/uploads\/2024\/07\/white-pads-3.png 800w, https:\/\/med-disposable.com\/wp-content\/uploads\/2024\/07\/white-pads-3-300x300.png 300w, https:\/\/med-disposable.com\/wp-content\/uploads\/2024\/07\/white-pads-3-150x150.png 150w, https:\/\/med-disposable.com\/wp-content\/uploads\/2024\/07\/white-pads-3-768x768.png 768w, https:\/\/med-disposable.com\/wp-content\/uploads\/2024\/07\/white-pads-3-600x600.png 600w, https:\/\/med-disposable.com\/wp-content\/uploads\/2024\/07\/white-pads-3-100x100.png 100w\" sizes=\"(max-width: 800px) 100vw, 800px\" \/><\/p>\n<h2><strong>Estrutura de material de 5 camadas<\/strong><\/h2>\n<p><strong>Camada superior: Material n\u00e3o tecido absorvente<\/strong><\/p>\n<ul>\n<li><strong>Absor\u00e7\u00e3o r\u00e1pida:<\/strong>\u00a0A camada superior \u00e9 feita de um tecido n\u00e3o tecido macio e absorvente que absorve rapidamente a \u00e1gua, mantendo a superf\u00edcie seca e confort\u00e1vel.<\/li>\n<\/ul>\n<p><strong>Camadas interm\u00e9dias: Tecido e polpa de madeira com SAP<\/strong><\/p>\n<ul>\n<li><strong>Absor\u00e7\u00e3o eficaz:<\/strong>\u00a0As camadas interm\u00e9dias incluem tecido e polpa de madeira com pol\u00edmeros superabsorventes (SAP), proporcionando uma absor\u00e7\u00e3o excecional e a capacidade de reter l\u00edquidos de forma eficiente.<\/li>\n<li><strong>Capacidade refor\u00e7ada:<\/strong>\u00a0Estas camadas garantem que o tapete pode suportar grandes quantidades de humidade, tornando-o ideal para \u00e1reas com muito tr\u00e1fego.<\/li>\n<\/ul>\n<p><strong>Camada inferior: Material n\u00e3o tecido \u00e0 prova de \u00e1gua<\/strong><\/p>\n<ul>\n<li><strong>Prote\u00e7\u00e3o contra fugas:<\/strong>\u00a0A camada inferior \u00e9 um material n\u00e3o tecido imperme\u00e1vel que impede a infiltra\u00e7\u00e3o de qualquer l\u00edquido, protegendo os seus pavimentos de danos.<\/li>\n<\/ul>\n<p><img decoding=\"async\" class=\"aligncenter wp-image-11923 size-full\" src=\"https:\/\/med-disposable.com\/wp-content\/uploads\/2024\/01\/disposable-underp-pads-1.png\" alt=\"\" width=\"800\" height=\"800\" srcset=\"https:\/\/med-disposable.com\/wp-content\/uploads\/2024\/01\/disposable-underp-pads-1.png 800w, https:\/\/med-disposable.com\/wp-content\/uploads\/2024\/01\/disposable-underp-pads-1-300x300.png 300w, https:\/\/med-disposable.com\/wp-content\/uploads\/2024\/01\/disposable-underp-pads-1-150x150.png 150w, https:\/\/med-disposable.com\/wp-content\/uploads\/2024\/01\/disposable-underp-pads-1-768x768.png 768w, https:\/\/med-disposable.com\/wp-content\/uploads\/2024\/01\/disposable-underp-pads-1-600x600.png 600w, https:\/\/med-disposable.com\/wp-content\/uploads\/2024\/01\/disposable-underp-pads-1-100x100.png 100w\" sizes=\"(max-width: 800px) 100vw, 800px\" \/><\/p>\n<p><img decoding=\"async\" class=\"aligncenter wp-image-11941 size-full\" src=\"https:\/\/med-disposable.com\/wp-content\/uploads\/2024\/01\/disposable-underp-pads-19.png\" alt=\"\" width=\"800\" height=\"800\" srcset=\"https:\/\/med-disposable.com\/wp-content\/uploads\/2024\/01\/disposable-underp-pads-19.png 800w, https:\/\/med-disposable.com\/wp-content\/uploads\/2024\/01\/disposable-underp-pads-19-300x300.png 300w, https:\/\/med-disposable.com\/wp-content\/uploads\/2024\/01\/disposable-underp-pads-19-150x150.png 150w, https:\/\/med-disposable.com\/wp-content\/uploads\/2024\/01\/disposable-underp-pads-19-768x768.png 768w, https:\/\/med-disposable.com\/wp-content\/uploads\/2024\/01\/disposable-underp-pads-19-600x600.png 600w, https:\/\/med-disposable.com\/wp-content\/uploads\/2024\/01\/disposable-underp-pads-19-100x100.png 100w\" sizes=\"(max-width: 800px) 100vw, 800px\" \/><\/p>\n<h3><\/h3>\n<h3><strong>Utiliza\u00e7\u00f5es ideais<\/strong><\/h3>\n<h4><strong>Hot\u00e9is e Spas<\/strong><\/h4>\n<ul>\n<li><strong>Melhorar a experi\u00eancia do cliente:<\/strong>\u00a0Proporcionar aos h\u00f3spedes uma superf\u00edcie limpa e seca sempre que saem do duche ou da banheira.<\/li>\n<li><strong>Efici\u00eancia do servi\u00e7o de limpeza:<\/strong>\u00a0Simplifica o processo de limpeza para o pessoal de limpeza, poupando tempo e esfor\u00e7o.<\/li>\n<\/ul>\n<h4><strong>Instala\u00e7\u00f5es de cuidados de sa\u00fade<\/strong><\/h4>\n<ul>\n<li><strong>Cuidados com o paciente:<\/strong>\u00a0Essencial para a manuten\u00e7\u00e3o de ambientes esterilizados nos quartos e casas de banho dos doentes.<\/li>\n<li><strong>Controlo de Infec\u00e7\u00f5es:<\/strong>\u00a0Reduz o risco de contamina\u00e7\u00e3o cruzada e ajuda no controlo de infec\u00e7\u00f5es.<\/li>\n<\/ul>\n<h4><strong>Utiliza\u00e7\u00e3o dom\u00e9stica<\/strong><\/h4>\n<ul>\n<li><strong>Familiar:<\/strong>\u00a0Perfeito para casas com crian\u00e7as ou membros idosos da fam\u00edlia, proporcionando um ambiente de casa de banho seguro e seco.<\/li>\n<li><strong>Conveni\u00eancia di\u00e1ria:<\/strong>\u00a0Desfrute da paz de esp\u00edrito que adv\u00e9m de um ch\u00e3o de casa de banho sempre seco e limpo.<\/li>\n<\/ul>\n<p><img loading=\"lazy\" decoding=\"async\" class=\"aligncenter wp-image-11936 size-full\" src=\"https:\/\/med-disposable.com\/wp-content\/uploads\/2024\/01\/disposable-underp-pads-14.png\" alt=\"\" width=\"800\" height=\"800\" srcset=\"https:\/\/med-disposable.com\/wp-content\/uploads\/2024\/01\/disposable-underp-pads-14.png 800w, https:\/\/med-disposable.com\/wp-content\/uploads\/2024\/01\/disposable-underp-pads-14-300x300.png 300w, https:\/\/med-disposable.com\/wp-content\/uploads\/2024\/01\/disposable-underp-pads-14-150x150.png 150w, https:\/\/med-disposable.com\/wp-content\/uploads\/2024\/01\/disposable-underp-pads-14-768x768.png 768w, https:\/\/med-disposable.com\/wp-content\/uploads\/2024\/01\/disposable-underp-pads-14-600x600.png 600w, https:\/\/med-disposable.com\/wp-content\/uploads\/2024\/01\/disposable-underp-pads-14-100x100.png 100w\" sizes=\"(max-width: 800px) 100vw, 800px\" \/><\/p>\n<h2><\/h2>\n<h2>FAQs<\/h2>\n<p><strong>P: Como \u00e9 que os tapetes de casa de banho descart\u00e1veis se comparam aos tradicionais tapetes de banho reutiliz\u00e1veis em termos de custo?<\/strong><br \/>\n<strong>A:<\/strong>\u00a0Embora o custo inicial dos tapetes descart\u00e1veis possa parecer mais elevado, poupam nos custos a longo prazo relacionados com a lavagem, secagem e potencial substitui\u00e7\u00e3o dos tapetes reutiliz\u00e1veis. As op\u00e7\u00f5es de compra a granel tamb\u00e9m oferecem poupan\u00e7as significativas.<\/p>\n<p><strong>P: Os tapetes de casa de banho descart\u00e1veis podem ser utilizados em qualquer tipo de pavimento?<\/strong><br \/>\n<strong>A:<\/strong>\u00a0Sim, os nossos tapetes foram concebidos para serem utilizados em v\u00e1rios tipos de pavimentos, incluindo azulejo, lin\u00f3leo e madeira dura, gra\u00e7as ao seu suporte antiderrapante \u00e0 prova de \u00e1gua que garante a sua fixa\u00e7\u00e3o.<\/p>\n<p><strong>P: Com que frequ\u00eancia devem ser substitu\u00eddos os tapetes de casa de banho descart\u00e1veis?<\/strong><br \/>\n<strong>A:<\/strong>\u00a0Para uma higiene e uma absor\u00e7\u00e3o \u00f3ptimas, recomenda-se a substitui\u00e7\u00e3o dos tapetes ap\u00f3s cada utiliza\u00e7\u00e3o, especialmente em ambientes com muito tr\u00e1fego ou muita humidade.<\/p>\n<p><strong>P: Estes tapetes s\u00e3o adequados para serem utilizados fora da casa de banho?<\/strong><br \/>\n<strong>A:<\/strong>\u00a0Sim, podem ser utilizados em qualquer \u00e1rea em que o derrame de \u00e1gua ou a humidade sejam uma preocupa\u00e7\u00e3o, como cozinhas, entradas e \u00e0 volta de tigelas de \u00e1gua para animais de estima\u00e7\u00e3o.<\/p>\n<p><strong>P: Que tamanhos est\u00e3o dispon\u00edveis para os tapetes de casa de banho descart\u00e1veis?<\/strong><br \/>\n<strong>A:<\/strong>\u00a0Os nossos tapetes est\u00e3o dispon\u00edveis em v\u00e1rios tamanhos para se adaptarem a diferentes necessidades. Consulte o nosso s\u00edtio Web ou contacte o servi\u00e7o de apoio ao cliente para obter informa\u00e7\u00f5es sobre as dimens\u00f5es espec\u00edficas e a disponibilidade.<\/p>\n<p><strong>P: Os tapetes s\u00e3o f\u00e1ceis de eliminar?<\/strong><br \/>\n<strong>A:<\/strong>\u00a0Sim, os tapetes foram concebidos para uma elimina\u00e7\u00e3o f\u00e1cil e respons\u00e1vel. Basta coloc\u00e1-los num caixote do lixo ap\u00f3s a utiliza\u00e7\u00e3o. S\u00e3o fabricados com materiais que minimizam o impacto ambiental.<\/p>","protected":false},"excerpt":{"rendered":"<p>Os tapetes de casa de banho descart\u00e1veis super absorventes foram concebidos para proporcionar uma higiene, seguran\u00e7a e comodidade sem paralelo em qualquer ambiente. Ideais para hot\u00e9is, spas, instala\u00e7\u00f5es de cuidados de sa\u00fade e utiliza\u00e7\u00e3o dom\u00e9stica, estes tapetes s\u00e3o fabricados com tecnologia avan\u00e7ada de 5 camadas para garantir uma absor\u00e7\u00e3o e durabilidade superiores.<\/p>","protected":false},"featured_media":13227,"template":"","meta":{"_seopress_robots_primary_cat":"none","_seopress_titles_title":"","_seopress_titles_desc":"","_seopress_robots_index":""},"product_brand":[],"product_cat":[86],"product_tag":[601],"class_list":{"0":"post-13236","1":"product","2":"type-product","3":"status-publish","4":"has-post-thumbnail","6":"product_cat-beauty-and-spa","7":"product_tag-disposable-bath-mats","9":"first","10":"instock","11":"shipping-taxable","12":"product-type-simple"},"_links":{"self":[{"href":"https:\/\/med-disposable.com\/pt\/wp-json\/wp\/v2\/product\/13236","targetHints":{"allow":["GET"]}}],"collection":[{"href":"https:\/\/med-disposable.com\/pt\/wp-json\/wp\/v2\/product"}],"about":[{"href":"https:\/\/med-disposable.com\/pt\/wp-json\/wp\/v2\/types\/product"}],"version-history":[{"count":0,"href":"https:\/\/med-disposable.com\/pt\/wp-json\/wp\/v2\/product\/13236\/revisions"}],"wp:featuredmedia":[{"embeddable":true,"href":"https:\/\/med-disposable.com\/pt\/wp-json\/wp\/v2\/media\/13227"}],"wp:attachment":[{"href":"https:\/\/med-disposable.com\/pt\/wp-json\/wp\/v2\/media?parent=13236"}],"wp:term":[{"taxonomy":"product_brand","embeddable":true,"href":"https:\/\/med-disposable.com\/pt\/wp-json\/wp\/v2\/product_brand?post=13236"},{"taxonomy":"product_cat","embeddable":true,"href":"https:\/\/med-disposable.com\/pt\/wp-json\/wp\/v2\/product_cat?post=13236"},{"taxonomy":"product_tag","embeddable":true,"href":"https:\/\/med-disposable.com\/pt\/wp-json\/wp\/v2\/product_tag?post=13236"}],"curies":[{"name":"wp","href":"https:\/\/api.w.org\/{rel}","templated":true}]}}