{"id":1417,"date":"2021-04-25T10:42:57","date_gmt":"2021-04-25T02:42:57","guid":{"rendered":"https:\/\/med-disposable.com\/?post_type=product&#038;p=1417"},"modified":"2023-07-10T18:12:11","modified_gmt":"2023-07-10T10:12:11","slug":"aami-level-1-standard-disposable-sms-gown","status":"publish","type":"product","link":"https:\/\/med-disposable.com\/pt\/product\/aami-level-1-standard-disposable-sms-gown\/","title":{"rendered":"Bata SMS descart\u00e1vel normalizada de n\u00edvel 1 AAMI"},"content":{"rendered":"<h2>Especifica\u00e7\u00f5es pormenorizadas:<\/h2>\n<table width=\"494\">\n<tbody>\n<tr>\n<td width=\"101\">Padr\u00e3o<\/td>\n<td width=\"393\">AAMI Level 1<\/td>\n<\/tr>\n<tr>\n<td>Tamanho<\/td>\n<td>120*140cm, 130*150cm, ou conforme pedido<\/td>\n<\/tr>\n<tr>\n<td width=\"101\">Material<\/td>\n<td width=\"393\">SMS<\/td>\n<\/tr>\n<tr>\n<td width=\"101\">Peso em gramas<\/td>\n<td width=\"393\">35gsm<\/td>\n<\/tr>\n<tr>\n<td width=\"101\">Cor<\/td>\n<td width=\"393\">Blue, also can be other colors as request<\/td>\n<\/tr>\n<tr>\n<td width=\"101\">Embalagem<\/td>\n<td width=\"393\">10 pcs\/bag, 100pcs\/ctn, or as request<\/td>\n<\/tr>\n<tr>\n<td width=\"101\">Conce\u00e7\u00e3o da embalagem<\/td>\n<td width=\"393\">Inner bag and outer carton printing can be as customized<\/td>\n<\/tr>\n<\/tbody>\n<\/table>\n<figure class=\"wp-block-embed wp-block-embed-youtube is-type-video is-provider-youtube epyt-figure\"><div class=\"wp-block-embed__wrapper\"><div  id=\"_ytid_94900\"  width=\"800\" height=\"450\"  data-origwidth=\"800\" data-origheight=\"450\" data-facadesrc=\"https:\/\/www.youtube.com\/embed\/Mj4dlVPgLi0?enablejsapi=1&autoplay=0&cc_load_policy=0&cc_lang_pref=&iv_load_policy=1&loop=0&rel=1&fs=1&playsinline=0&autohide=2&theme=dark&color=red&controls=1&disablekb=0&\" class=\"__youtube_prefs__ epyt-facade no-lazyload\" data-epautoplay=\"1\" ><img decoding=\"async\" data-spai-excluded=\"true\" class=\"epyt-facade-poster skip-lazy\" loading=\"lazy\"  alt=\"Leitor do YouTube\"  src=\"https:\/\/i.ytimg.com\/vi\/Mj4dlVPgLi0\/maxresdefault.jpg\"  \/><button class=\"epyt-facade-play\" aria-label=\"Jogar\"><svg data-no-lazy=\"1\" height=\"100%\" version=\"1.1\" viewbox=\"0 0 68 48\" width=\"100%\"><path class=\"ytp-large-play-button-bg\" d=\"M66.52,7.74c-0.78-2.93-2.49-5.41-5.42-6.19C55.79,.13,34,0,34,0S12.21,.13,6.9,1.55 C3.97,2.33,2.27,4.81,1.48,7.74C0.06,13.05,0,24,0,24s0.06,10.95,1.48,16.26c0.78,2.93,2.49,5.41,5.42,6.19 C12.21,47.87,34,48,34,48s21.79-0.13,27.1-1.55c2.93-0.78,4.64-3.26,5.42-6.19C67.94,34.95,68,24,68,24S67.94,13.05,66.52,7.74z\" fill=\"#f00\"><\/path><path d=\"M 45,24 27,14 27,34\" fill=\"#fff\"><\/path><\/svg><\/button><\/div><\/div><\/figure>\n<h2>Detail styles and features of AAMI Level 1 isolation gown:<\/h2>\n<ul>\n<li><strong>AAMI Level 1 Standard:<\/strong>\u00a0Our disposable SMS gown meets the AAMI Level 1 standard, providing minimal fluid resistance and ensuring a safe and clean environment in various settings.<\/li>\n<\/ul>\n<p><img fetchpriority=\"high\" decoding=\"async\" class=\"wp-image-7113 size-large aligncenter\" src=\"https:\/\/med-disposable.com\/wp-content\/uploads\/2023\/05\/AAMI-LEVEL-1-SMS-ISOLATION-GOWN-3-724x1024.png\" alt=\"\" width=\"724\" height=\"1024\" srcset=\"https:\/\/med-disposable.com\/wp-content\/uploads\/2023\/05\/AAMI-LEVEL-1-SMS-ISOLATION-GOWN-3-724x1024.png 724w, https:\/\/med-disposable.com\/wp-content\/uploads\/2023\/05\/AAMI-LEVEL-1-SMS-ISOLATION-GOWN-3-212x300.png 212w, https:\/\/med-disposable.com\/wp-content\/uploads\/2023\/05\/AAMI-LEVEL-1-SMS-ISOLATION-GOWN-3-768x1086.png 768w, https:\/\/med-disposable.com\/wp-content\/uploads\/2023\/05\/AAMI-LEVEL-1-SMS-ISOLATION-GOWN-3-1086x1536.png 1086w, https:\/\/med-disposable.com\/wp-content\/uploads\/2023\/05\/AAMI-LEVEL-1-SMS-ISOLATION-GOWN-3-600x849.png 600w, https:\/\/med-disposable.com\/wp-content\/uploads\/2023\/05\/AAMI-LEVEL-1-SMS-ISOLATION-GOWN-3.png 1414w\" sizes=\"(max-width: 724px) 100vw, 724px\" \/><\/p>\n<ul>\n<li><strong>High-Quality SMS Material:<\/strong>\u00a0Made from durable and breathable SMS material, our gown offers enhanced comfort and protection against dust, dirt, and contaminants.<\/li>\n<li><strong>Atilhos na gola e na cintura para um ajuste seguro:<\/strong>\u00a0O vestido tem atilhos na gola e na cintura, garantindo um ajuste seguro e confort\u00e1vel para v\u00e1rios tamanhos e tipos de corpo.<\/li>\n<li><strong>Knitted Cuffs for Enhanced Comfort:<\/strong>\u00a0The knitted cuffs provide added comfort and maintain a secure fit around the wrists, preventing the sleeves from rolling up during use.<\/li>\n<li><strong>Selagem a quente por ultra-sons para uma maior durabilidade:<\/strong>\u00a0Our disposable SMS gown is constructed with ultrasonic heat sealing, ensuring enhanced durability and reducing the risk of tearing during use.<\/li>\n<\/ul>\n<p>&nbsp;<\/p>\n<p><img decoding=\"async\" class=\"aligncenter wp-image-7344 size-large\" src=\"https:\/\/med-disposable.com\/wp-content\/uploads\/2021\/04\/SMS-isolation-gown-1024x576.jpg\" alt=\"\" width=\"800\" height=\"450\" srcset=\"https:\/\/med-disposable.com\/wp-content\/uploads\/2021\/04\/SMS-isolation-gown-1024x576.jpg 1024w, https:\/\/med-disposable.com\/wp-content\/uploads\/2021\/04\/SMS-isolation-gown-300x169.jpg 300w, https:\/\/med-disposable.com\/wp-content\/uploads\/2021\/04\/SMS-isolation-gown-768x432.jpg 768w, https:\/\/med-disposable.com\/wp-content\/uploads\/2021\/04\/SMS-isolation-gown-600x338.jpg 600w, https:\/\/med-disposable.com\/wp-content\/uploads\/2021\/04\/SMS-isolation-gown.jpg 1280w\" sizes=\"(max-width: 800px) 100vw, 800px\" \/><\/p>","protected":false},"excerpt":{"rendered":"<p>This AAMI Level 1 standard disposable SMS gown is made from high-quality SMS (spunbond-meltblown-spunbond) material and features ties on the collar and waist, knitted cuffs, and ultrasonic heat sealing for enhanced durability. Ideal for use in medical facilities, laboratories, and other settings, our disposable SMS gown offers reliable performance and convenience.<\/p>","protected":false},"featured_media":7338,"template":"","meta":{"_seopress_robots_primary_cat":"none","_seopress_titles_title":"Discover Non-Sterile or Sterilized AAMI Level 1 Ultrasonic Seam PPE Today!","_seopress_titles_desc":"","_seopress_robots_index":""},"product_brand":[],"product_cat":[43],"product_tag":[97,78],"class_list":{"0":"post-1417","1":"product","2":"type-product","3":"status-publish","4":"has-post-thumbnail","6":"product_cat-gowns","7":"product_tag-aami","8":"product_tag-gown","10":"first","11":"instock","12":"shipping-taxable","13":"product-type-simple"},"_links":{"self":[{"href":"https:\/\/med-disposable.com\/pt\/wp-json\/wp\/v2\/product\/1417","targetHints":{"allow":["GET"]}}],"collection":[{"href":"https:\/\/med-disposable.com\/pt\/wp-json\/wp\/v2\/product"}],"about":[{"href":"https:\/\/med-disposable.com\/pt\/wp-json\/wp\/v2\/types\/product"}],"version-history":[{"count":0,"href":"https:\/\/med-disposable.com\/pt\/wp-json\/wp\/v2\/product\/1417\/revisions"}],"wp:featuredmedia":[{"embeddable":true,"href":"https:\/\/med-disposable.com\/pt\/wp-json\/wp\/v2\/media\/7338"}],"wp:attachment":[{"href":"https:\/\/med-disposable.com\/pt\/wp-json\/wp\/v2\/media?parent=1417"}],"wp:term":[{"taxonomy":"product_brand","embeddable":true,"href":"https:\/\/med-disposable.com\/pt\/wp-json\/wp\/v2\/product_brand?post=1417"},{"taxonomy":"product_cat","embeddable":true,"href":"https:\/\/med-disposable.com\/pt\/wp-json\/wp\/v2\/product_cat?post=1417"},{"taxonomy":"product_tag","embeddable":true,"href":"https:\/\/med-disposable.com\/pt\/wp-json\/wp\/v2\/product_tag?post=1417"}],"curies":[{"name":"wp","href":"https:\/\/api.w.org\/{rel}","templated":true}]}}