{"id":1421,"date":"2021-04-25T11:59:56","date_gmt":"2021-04-25T03:59:56","guid":{"rendered":"https:\/\/med-disposable.com\/?post_type=product&#038;p=1421"},"modified":"2023-06-28T11:25:56","modified_gmt":"2023-06-28T03:25:56","slug":"bata-smms-nao-tecida-de-nivel-3-da-aami","status":"publish","type":"product","link":"https:\/\/med-disposable.com\/pt\/product\/aami-level-3-non-woven-smms-gown\/","title":{"rendered":"Bata SMMS n\u00e3o tecida de n\u00edvel 3 da AAMI"},"content":{"rendered":"<h2>Especifica\u00e7\u00f5es de base:<\/h2>\n<table width=\"494\">\n<tbody>\n<tr>\n<td width=\"101\">Tamanho<\/td>\n<td width=\"393\">120*140cm, 130*150cm, ou conforme pedido<\/td>\n<\/tr>\n<tr>\n<td width=\"101\">Material<\/td>\n<td width=\"393\">SMMS<\/td>\n<\/tr>\n<tr>\n<td width=\"101\">Peso em gramas<\/td>\n<td width=\"393\">35gsm, ou outra gramagem a pedido<\/td>\n<\/tr>\n<tr>\n<td width=\"101\">Cor<\/td>\n<td width=\"393\">azul, tamb\u00e9m pode ser de outras cores a pedido<\/td>\n<\/tr>\n<tr>\n<td width=\"101\">Padr\u00e3o<\/td>\n<td width=\"393\">AAMI PB70 N\u00edvel 3<\/td>\n<\/tr>\n<tr>\n<td width=\"101\">Embalagem<\/td>\n<td width=\"393\">10pcs\/saco, 100pcs\/caixa de cart\u00e3o, ou como pedido<\/td>\n<\/tr>\n<\/tbody>\n<\/table>\n<p>&nbsp;<\/p>\n<p><strong>Norma AAMI de n\u00edvel 3:<\/strong>\u00a0A nossa bata n\u00e3o tecida SMMS cumpre a norma AAMI N\u00edvel 3, proporcionando uma resist\u00eancia moderada a elevada aos fluidos e garantindo um ambiente seguro e limpo em v\u00e1rios contextos.<\/p>\n<p>&nbsp;<\/p>\n<p><img fetchpriority=\"high\" decoding=\"async\" class=\"wp-image-7107 size-large aligncenter\" src=\"https:\/\/med-disposable.com\/wp-content\/uploads\/2023\/05\/Level-3-SMMS-isolation-gown-3-724x1024.png\" alt=\"\" width=\"724\" height=\"1024\" srcset=\"https:\/\/med-disposable.com\/wp-content\/uploads\/2023\/05\/Level-3-SMMS-isolation-gown-3-724x1024.png 724w, https:\/\/med-disposable.com\/wp-content\/uploads\/2023\/05\/Level-3-SMMS-isolation-gown-3-212x300.png 212w, https:\/\/med-disposable.com\/wp-content\/uploads\/2023\/05\/Level-3-SMMS-isolation-gown-3-768x1086.png 768w, https:\/\/med-disposable.com\/wp-content\/uploads\/2023\/05\/Level-3-SMMS-isolation-gown-3-1086x1536.png 1086w, https:\/\/med-disposable.com\/wp-content\/uploads\/2023\/05\/Level-3-SMMS-isolation-gown-3-600x849.png 600w, https:\/\/med-disposable.com\/wp-content\/uploads\/2023\/05\/Level-3-SMMS-isolation-gown-3.png 1414w\" sizes=\"(max-width: 724px) 100vw, 724px\" \/><\/p>\n<h2>Estilos e carater\u00edsticas pormenorizados da bata de isolamento de n\u00edvel 3 da AAMI:<\/h2>\n<p><strong>Atilhos na gola e na cintura para um ajuste seguro:<\/strong>\u00a0O vestido tem atilhos na gola e na cintura, garantindo um ajuste seguro e confort\u00e1vel para v\u00e1rios tamanhos e tipos de corpo.<\/p>\n<p><strong>Selagem a quente por ultra-sons para uma maior durabilidade:<\/strong> A nossa bata SMMS descart\u00e1vel \u00e9 fabricada com selagem a quente por ultra-sons, garantindo uma maior durabilidade e reduzindo o risco de rasgar durante a utiliza\u00e7\u00e3o.<\/p>\n<p><strong>Cor azul para um aspeto profissional:<\/strong>\u00a0A elegante cor azul da nossa bata de n\u00edvel 3 AAMI proporciona uma apar\u00eancia profissional em ambientes que exigem uma maior prote\u00e7\u00e3o contra fluidos.<\/p>\n<p><strong>Material SMMS de alta qualidade:<\/strong>\u00a0Fabricada em material SMMS dur\u00e1vel e respir\u00e1vel, a nossa bata oferece maior conforto e prote\u00e7\u00e3o contra fluidos, p\u00f3, sujidade e contaminantes.<\/p>\n<p><strong>Descart\u00e1vel e higi\u00e9nico:<\/strong>\u00a0Concebida para uma \u00fanica utiliza\u00e7\u00e3o, a nossa bata SMMS descart\u00e1vel garante uma higiene \u00f3ptima e reduz o risco de contamina\u00e7\u00e3o cruzada em v\u00e1rios ambientes.<\/p>\n<p><img decoding=\"async\" class=\"aligncenter wp-image-8519 size-full\" src=\"https:\/\/med-disposable.com\/wp-content\/uploads\/2021\/04\/SMMS-isolation-gown-blue.jpg\" alt=\"\" width=\"800\" height=\"585\" srcset=\"https:\/\/med-disposable.com\/wp-content\/uploads\/2021\/04\/SMMS-isolation-gown-blue.jpg 800w, https:\/\/med-disposable.com\/wp-content\/uploads\/2021\/04\/SMMS-isolation-gown-blue-300x219.jpg 300w, https:\/\/med-disposable.com\/wp-content\/uploads\/2021\/04\/SMMS-isolation-gown-blue-768x562.jpg 768w, https:\/\/med-disposable.com\/wp-content\/uploads\/2021\/04\/SMMS-isolation-gown-blue-600x439.jpg 600w\" sizes=\"(max-width: 800px) 100vw, 800px\" \/><\/p>","protected":false},"excerpt":{"rendered":"<p>Apresentamos a nossa bata n\u00e3o tecida SMMS de n\u00edvel 3 da norma AAMI, concebida para proporcionar uma prote\u00e7\u00e3o e conforto ideais em v\u00e1rios ambientes que exigem uma resist\u00eancia moderada a elevada aos fluidos. Esta bata de cor amarela \u00e9 feita de material SMMS (spunbond-meltblown-meltblown-spunbond) de alta qualidade e tem atilhos na gola e na cintura, selagem a quente por ultra-sons para maior durabilidade e desempenho fi\u00e1vel. Ideal para utiliza\u00e7\u00e3o em instala\u00e7\u00f5es m\u00e9dicas, laborat\u00f3rios e outros locais, a nossa bata SMMS descart\u00e1vel oferece seguran\u00e7a, conforto e comodidade.<\/p>","protected":false},"featured_media":8745,"template":"","meta":{"_seopress_robots_primary_cat":"none","_seopress_titles_title":"Epidemic Protection Suit: Military, Medical, &amp; More - 120*140cm, 130*150cm &amp; Above","_seopress_titles_desc":"","_seopress_robots_index":""},"product_brand":[],"product_cat":[43],"product_tag":[97,78],"class_list":{"0":"post-1421","1":"product","2":"type-product","3":"status-publish","4":"has-post-thumbnail","6":"product_cat-gowns","7":"product_tag-aami","8":"product_tag-gown","10":"first","11":"instock","12":"shipping-taxable","13":"product-type-simple"},"_links":{"self":[{"href":"https:\/\/med-disposable.com\/pt\/wp-json\/wp\/v2\/product\/1421","targetHints":{"allow":["GET"]}}],"collection":[{"href":"https:\/\/med-disposable.com\/pt\/wp-json\/wp\/v2\/product"}],"about":[{"href":"https:\/\/med-disposable.com\/pt\/wp-json\/wp\/v2\/types\/product"}],"version-history":[{"count":0,"href":"https:\/\/med-disposable.com\/pt\/wp-json\/wp\/v2\/product\/1421\/revisions"}],"wp:featuredmedia":[{"embeddable":true,"href":"https:\/\/med-disposable.com\/pt\/wp-json\/wp\/v2\/media\/8745"}],"wp:attachment":[{"href":"https:\/\/med-disposable.com\/pt\/wp-json\/wp\/v2\/media?parent=1421"}],"wp:term":[{"taxonomy":"product_brand","embeddable":true,"href":"https:\/\/med-disposable.com\/pt\/wp-json\/wp\/v2\/product_brand?post=1421"},{"taxonomy":"product_cat","embeddable":true,"href":"https:\/\/med-disposable.com\/pt\/wp-json\/wp\/v2\/product_cat?post=1421"},{"taxonomy":"product_tag","embeddable":true,"href":"https:\/\/med-disposable.com\/pt\/wp-json\/wp\/v2\/product_tag?post=1421"}],"curies":[{"name":"wp","href":"https:\/\/api.w.org\/{rel}","templated":true}]}}