{"id":1436,"date":"2021-04-25T15:56:23","date_gmt":"2021-04-25T07:56:23","guid":{"rendered":"https:\/\/med-disposable.com\/?post_type=product&#038;p=1436"},"modified":"2023-06-12T10:51:29","modified_gmt":"2023-06-12T02:51:29","slug":"roupao-de-banho-descartavel-unissexo-em-tecido-nao-tecido","status":"publish","type":"product","link":"https:\/\/med-disposable.com\/pt\/product\/disposable-non-woven-unisex-bathrobe\/","title":{"rendered":"Roup\u00e3o de banho descart\u00e1vel unissexo em tecido n\u00e3o tecido"},"content":{"rendered":"<h2>Especifica\u00e7\u00e3o pormenorizada do roup\u00e3o de banho em tecido n\u00e3o tecido:<\/h2>\n<table width=\"1092\">\n<tbody>\n<tr style=\"font-style: inherit;font-weight: inherit\">\n<td style=\"font-style: inherit\" width=\"167\" data-spm-anchor-id=\"a2700.details.0.i29.486c6425ZPdJLB\"><span style=\"font-style: inherit;font-weight: inherit\"><span style=\"font-style: inherit\">Material<\/span><\/span><\/td>\n<td style=\"font-style: inherit\" width=\"925\"><span style=\"font-style: inherit;font-weight: inherit\">n\u00e3o tecido PP macio<\/span><\/td>\n<\/tr>\n<tr style=\"font-style: inherit;font-weight: inherit\">\n<td style=\"font-style: inherit\"><span style=\"font-style: inherit;font-weight: inherit\"><span style=\"font-style: inherit\">Peso<\/span><\/span><\/td>\n<td style=\"font-style: inherit\"><span style=\"font-style: inherit;font-weight: inherit\">20-50gsm, pode ser personalizado.<\/span><\/td>\n<\/tr>\n<tr style=\"font-style: inherit;font-weight: inherit\">\n<td style=\"font-style: inherit\"><span style=\"font-style: inherit;font-weight: inherit\"><span style=\"font-style: inherit\">Grupo et\u00e1rio<\/span><\/span><\/td>\n<td style=\"font-style: inherit\"><span style=\"font-style: inherit;font-weight: inherit\">Adultos<\/span><\/td>\n<\/tr>\n<tr style=\"font-style: inherit;font-weight: inherit\">\n<td style=\"font-style: inherit\"><span style=\"font-style: inherit;font-weight: inherit\"><span style=\"font-style: inherit\">G\u00e9nero<\/span><\/span><\/td>\n<td style=\"font-style: inherit\"><span style=\"font-style: inherit;font-weight: inherit\">Unissexo<\/span><\/td>\n<\/tr>\n<tr style=\"font-style: inherit;font-weight: inherit\">\n<td style=\"font-style: inherit\"><span style=\"font-style: inherit;font-weight: inherit\"><span style=\"font-style: inherit\">Tamanho<\/span><\/span><\/td>\n<td style=\"font-style: inherit\"><span style=\"font-style: inherit;font-weight: inherit\">100cm x 140cm; 120cm x 140cm; 100cm x 150cm; pode ser personalizado.<\/span><\/td>\n<\/tr>\n<tr style=\"font-style: inherit;font-weight: inherit\">\n<td style=\"font-style: inherit\"><span style=\"font-style: inherit;font-weight: inherit\"><span style=\"font-style: inherit\">Cor<\/span><\/span><\/td>\n<td style=\"font-style: inherit\"><span style=\"font-style: inherit;font-weight: inherit\">Principalmente branco \/ preto \/ azul escuro. Aceita-se personaliza\u00e7\u00e3o.<\/span><\/td>\n<\/tr>\n<tr style=\"font-style: inherit;font-weight: inherit\">\n<td style=\"font-style: inherit\"><span style=\"font-style: inherit;font-weight: inherit\"><span style=\"font-style: inherit\">Estilo<\/span><\/span><\/td>\n<td style=\"font-style: inherit\"><span style=\"font-style: inherit;font-weight: inherit\">roup\u00e3o de banho superior, com el\u00e1stico na cintura<\/span><\/td>\n<\/tr>\n<tr style=\"font-style: inherit;font-weight: inherit\">\n<td style=\"font-style: inherit\"><span style=\"font-style: inherit;font-weight: inherit\"><span style=\"font-style: inherit\">Processo de produ\u00e7\u00e3o<\/span><\/span><\/td>\n<td style=\"font-style: inherit\"><span style=\"font-style: inherit;font-weight: inherit\">Selagem t\u00e9rmica por ultra-sons<\/span><\/td>\n<\/tr>\n<tr style=\"font-style: inherit;font-weight: inherit\">\n<td style=\"font-style: inherit\"><span style=\"font-style: inherit;font-weight: inherit\"><span style=\"font-style: inherit\">Carater\u00edsticas<\/span><\/span><\/td>\n<td style=\"font-style: inherit\">\n<ol>\n<li>Material de alta qualidade: fabricado em tecido n\u00e3o tecido PP macio e respir\u00e1vel, garante uma experi\u00eancia confort\u00e1vel e relaxante, mantendo a sua durabilidade.<\/li>\n<li>Design unissexo: Este roup\u00e3o de banho foi concebido para todos os g\u00e9neros, o que o torna uma adi\u00e7\u00e3o vers\u00e1til e inclusiva ao seu guarda-roupa ou estabelecimento.<\/li>\n<li>Cintura el\u00e1stica: Com uma cintura el\u00e1stica, este roup\u00e3o de banho proporciona um ajuste seguro e confort\u00e1vel para pessoas de todas as formas e tamanhos de corpo.<\/li>\n<li>Selagem a quente por ultra-sons: As costuras deste roup\u00e3o de banho s\u00e3o seladas a quente por ultra-sons, o que garante uma maior durabilidade e prote\u00e7\u00e3o contra o desfiamento ou o desprendimento.<\/li>\n<li>Descart\u00e1vel e higi\u00e9nico: concebido para uma \u00fanica utiliza\u00e7\u00e3o, \u00e9 a escolha perfeita para manter os padr\u00f5es de higiene em hot\u00e9is, spas ou outros estabelecimentos.<\/li>\n<li>F\u00e1cil de usar: O design simples da capa facilita a coloca\u00e7\u00e3o ou remo\u00e7\u00e3o do roup\u00e3o de banho, proporcionando-lhe comodidade e facilidade de utiliza\u00e7\u00e3o.<\/li>\n<\/ol>\n<\/td>\n<\/tr>\n<tr style=\"font-style: inherit;font-weight: inherit\">\n<td style=\"font-style: inherit\"><span style=\"font-style: inherit;font-weight: inherit\"><span style=\"font-style: inherit\">Aplica\u00e7\u00e3o<\/span><\/span><\/td>\n<td style=\"font-style: inherit\">Ideal para spas, hot\u00e9is, descanso \u00e0 beira da piscina ou para descontrair em casa, o nosso roup\u00e3o de banho descart\u00e1vel em tecido n\u00e3o tecido destina-se a v\u00e1rias ocasi\u00f5es e finalidades.<\/td>\n<\/tr>\n<\/tbody>\n<\/table>\n<p>&nbsp;<\/p>\n<p><img fetchpriority=\"high\" decoding=\"async\" class=\"aligncenter wp-image-7755 size-full\" src=\"https:\/\/med-disposable.com\/wp-content\/uploads\/2021\/08\/disposable-PP-robe.png\" alt=\"\" width=\"800\" height=\"800\" srcset=\"https:\/\/med-disposable.com\/wp-content\/uploads\/2021\/08\/disposable-PP-robe.png 800w, https:\/\/med-disposable.com\/wp-content\/uploads\/2021\/08\/disposable-PP-robe-300x300.png 300w, https:\/\/med-disposable.com\/wp-content\/uploads\/2021\/08\/disposable-PP-robe-150x150.png 150w, https:\/\/med-disposable.com\/wp-content\/uploads\/2021\/08\/disposable-PP-robe-768x768.png 768w, https:\/\/med-disposable.com\/wp-content\/uploads\/2021\/08\/disposable-PP-robe-600x600.png 600w, https:\/\/med-disposable.com\/wp-content\/uploads\/2021\/08\/disposable-PP-robe-100x100.png 100w\" sizes=\"(max-width: 800px) 100vw, 800px\" \/> <img decoding=\"async\" class=\"aligncenter wp-image-7757 size-full\" src=\"https:\/\/med-disposable.com\/wp-content\/uploads\/2021\/04\/PP-robe-6_\u526f\u672c.jpg\" alt=\"\" width=\"800\" height=\"420\" srcset=\"https:\/\/med-disposable.com\/wp-content\/uploads\/2021\/04\/PP-robe-6_\u526f\u672c.jpg 800w, https:\/\/med-disposable.com\/wp-content\/uploads\/2021\/04\/PP-robe-6_\u526f\u672c-300x158.jpg 300w, https:\/\/med-disposable.com\/wp-content\/uploads\/2021\/04\/PP-robe-6_\u526f\u672c-768x403.jpg 768w, https:\/\/med-disposable.com\/wp-content\/uploads\/2021\/04\/PP-robe-6_\u526f\u672c-600x315.jpg 600w\" sizes=\"(max-width: 800px) 100vw, 800px\" \/><\/p>\n<p>&nbsp;<\/p>\n<p>A Wuhan Youfu \u00e9 um fabricante e fornecedor l\u00edder de equipamento de prote\u00e7\u00e3o individual e produtos descart\u00e1veis de alta qualidade. Com o compromisso de fornecer produtos e servi\u00e7os excepcionais, a Wuhan Youfu conquistou uma reputa\u00e7\u00e3o de excel\u00eancia no sector.<\/p>\n<h2>Eis algumas das principais vantagens de escolher os produtos Wuhan Youfu:<\/h2>\n<ol>\n<li>Garantia de qualidade: Os produtos Wuhan Youfu s\u00e3o fabricados em estrita conformidade com as normas internacionais, garantindo produtos de alta qualidade e fi\u00e1veis que satisfazem as necessidades de v\u00e1rias ind\u00fastrias.<\/li>\n<li>Vasta gama de produtos: A Wuhan Youfu oferece uma vasta gama de produtos, incluindo luvas descart\u00e1veis, m\u00e1scaras faciais, batas de isolamento e vestu\u00e1rio de prote\u00e7\u00e3o, que satisfazem v\u00e1rias ind\u00fastrias e requisitos.<\/li>\n<li>Inova\u00e7\u00e3o cont\u00ednua: A Wuhan Youfu est\u00e1 empenhada na inova\u00e7\u00e3o e investiga\u00e7\u00e3o cont\u00ednuas, garantindo que os seus produtos est\u00e3o na vanguarda das tend\u00eancias e avan\u00e7os da ind\u00fastria.<\/li>\n<li>Pre\u00e7os competitivos: Os processos de produ\u00e7\u00e3o eficientes e o aprovisionamento estrat\u00e9gico da Wuhan Youfu permitem-lhe oferecer pre\u00e7os competitivos sem comprometer a qualidade.<\/li>\n<li>Atendimento ao cliente: A Wuhan Youfu d\u00e1 grande \u00eanfase \u00e0 satisfa\u00e7\u00e3o do cliente e oferece um servi\u00e7o personalizado para satisfazer as necessidades \u00fanicas dos seus clientes.<\/li>\n<\/ol>\n<p>&nbsp;<\/p>\n<h2>Perguntas frequentes:<\/h2>\n<ol>\n<li>P: Qual \u00e9 o material utilizado no Roup\u00e3o de Banho Unissexo N\u00e3o Tecido Descart\u00e1vel?<br \/>\nR: O roup\u00e3o de banho descart\u00e1vel n\u00e3o tecido unissexo \u00e9 feito de tecido n\u00e3o tecido de alta qualidade, macio e respir\u00e1vel, garantindo conforto e durabilidade.<\/li>\n<li>P: O roup\u00e3o de banho descart\u00e1vel \u00e9 adequado para todos os tamanhos de corpo?<br \/>\nR: Sim, o roup\u00e3o de banho tem uma cintura el\u00e1stica que lhe permite adaptar-se confortavelmente a pessoas de v\u00e1rias formas e tamanhos.<\/li>\n<li>P: O roup\u00e3o de banho unissexo em tecido n\u00e3o tecido pode ser reutilizado?<br \/>\nR: Este roup\u00e3o de banho foi concebido para uma \u00fanica utiliza\u00e7\u00e3o, a fim de manter os padr\u00f5es de higiene, especialmente em hot\u00e9is, spas ou outros estabelecimentos. N\u00e3o se recomenda a sua reutiliza\u00e7\u00e3o.<\/li>\n<li>P: Qual \u00e9 o principal objetivo do roup\u00e3o de banho unissexo?<br \/>\nR: O roup\u00e3o de banho \u00e9 ideal para ser utilizado em spas, hot\u00e9is, \u00e0 beira da piscina ou para relaxar em casa. A sua natureza descart\u00e1vel garante higiene e comodidade, tornando-o uma escolha adequada para v\u00e1rias ocasi\u00f5es e objectivos.<\/li>\n<li>P: Como \u00e9 que a carater\u00edstica de selagem t\u00e9rmica ultra-s\u00f3nica do Roup\u00e3o de Banho Unissexo Descart\u00e1vel beneficia o utilizador?<br \/>\nR: A tecnologia de selagem a quente por ultra-sons utilizada no roup\u00e3o de banho aumenta a sua durabilidade, selando as costuras de forma segura, evitando que se desfiem ou desfiem. Isto garante uma experi\u00eancia confort\u00e1vel e duradoura para o utilizador.<\/li>\n<\/ol>\n<p>&nbsp;<\/p>","protected":false},"excerpt":{"rendered":"<p>Experimente a fus\u00e3o perfeita de conforto e conveni\u00eancia com o nosso Roup\u00e3o de Banho Unissexo N\u00e3o Tecido Descart\u00e1vel. Concebido para satisfazer todas as suas necessidades de relaxamento, este roup\u00e3o de banho \u00e9 a melhor escolha para spas, hot\u00e9is ou mesmo para utiliza\u00e7\u00e3o em casa. Fabricado em material n\u00e3o tecido de alta qualidade, este roup\u00e3o de banho garante um conforto e uma durabilidade supremos, ao mesmo tempo que proporciona um ajuste seguro e acolhedor, gra\u00e7as \u00e0 sua cintura el\u00e1stica e \u00e0s costuras seladas por ultra-sons.<\/p>","protected":false},"featured_media":7743,"template":"","meta":{"_seopress_robots_primary_cat":"none","_seopress_titles_title":"Unisex Bathrobe - Disposable non woven unisex bathrobe\/smock","_seopress_titles_desc":".\r\n\r\nFeel comfortable and look your best with PP\/SMS\/Spunlace non-woven material. Unisex, multiple sizes &amp; colors with customizations. Breathable, eco-friendly &amp; non-irritating for use in hotels, spas, massage centers, and more.","_seopress_robots_index":""},"product_brand":[],"product_cat":[86],"product_tag":[73,98],"class_list":{"0":"post-1436","1":"product","2":"type-product","3":"status-publish","4":"has-post-thumbnail","6":"product_cat-beauty-and-spa","7":"product_tag-disposable","8":"product_tag-spa","10":"first","11":"instock","12":"shipping-taxable","13":"product-type-simple"},"_links":{"self":[{"href":"https:\/\/med-disposable.com\/pt\/wp-json\/wp\/v2\/product\/1436","targetHints":{"allow":["GET"]}}],"collection":[{"href":"https:\/\/med-disposable.com\/pt\/wp-json\/wp\/v2\/product"}],"about":[{"href":"https:\/\/med-disposable.com\/pt\/wp-json\/wp\/v2\/types\/product"}],"version-history":[{"count":0,"href":"https:\/\/med-disposable.com\/pt\/wp-json\/wp\/v2\/product\/1436\/revisions"}],"wp:featuredmedia":[{"embeddable":true,"href":"https:\/\/med-disposable.com\/pt\/wp-json\/wp\/v2\/media\/7743"}],"wp:attachment":[{"href":"https:\/\/med-disposable.com\/pt\/wp-json\/wp\/v2\/media?parent=1436"}],"wp:term":[{"taxonomy":"product_brand","embeddable":true,"href":"https:\/\/med-disposable.com\/pt\/wp-json\/wp\/v2\/product_brand?post=1436"},{"taxonomy":"product_cat","embeddable":true,"href":"https:\/\/med-disposable.com\/pt\/wp-json\/wp\/v2\/product_cat?post=1436"},{"taxonomy":"product_tag","embeddable":true,"href":"https:\/\/med-disposable.com\/pt\/wp-json\/wp\/v2\/product_tag?post=1436"}],"curies":[{"name":"wp","href":"https:\/\/api.w.org\/{rel}","templated":true}]}}