{"id":1471,"date":"2021-04-26T17:48:17","date_gmt":"2021-04-26T09:48:17","guid":{"rendered":"https:\/\/med-disposable.com\/?post_type=product&#038;p=1471"},"modified":"2023-07-10T18:03:05","modified_gmt":"2023-07-10T10:03:05","slug":"capa-descartavel-impermeavel-nao-tecida-para-botas","status":"publish","type":"product","link":"https:\/\/med-disposable.com\/pt\/product\/disposable-non-woven-waterproof-boot-cover\/","title":{"rendered":"Cobertura descart\u00e1vel de botas imperme\u00e1vel em tecido n\u00e3o tecido"},"content":{"rendered":"<h2>Especifica\u00e7\u00f5es pormenorizadas:<\/h2>\n<table width=\"433\">\n<tbody>\n<tr>\n<td width=\"97\">Tamanho<\/td>\n<td width=\"336\">35*45cm, 38*50cm, 42*45cm, ou conforme pedido<\/td>\n<\/tr>\n<tr>\n<td width=\"97\">Material<\/td>\n<td width=\"336\">PP+PE<\/td>\n<\/tr>\n<tr>\n<td width=\"97\">Peso em gramas<\/td>\n<td width=\"336\">50gsm, pode ser outro peso a pedido<\/td>\n<\/tr>\n<tr>\n<td width=\"97\">Cor<\/td>\n<td width=\"336\">Branco, azul ou conforme pedido<\/td>\n<\/tr>\n<tr>\n<td width=\"97\">Embalagem<\/td>\n<td width=\"336\">10 unidades\/saco, 500 unidades\/ctn<\/td>\n<\/tr>\n<tr>\n<td width=\"97\">Conce\u00e7\u00e3o da embalagem<\/td>\n<td width=\"336\">A impress\u00e3o de todos os sacos interiores e caixas de cart\u00e3o pode ser conforme os requisitos<\/td>\n<\/tr>\n<\/tbody>\n<\/table>\n<figure class=\"wp-block-embed wp-block-embed-youtube is-type-video is-provider-youtube epyt-figure\"><div class=\"wp-block-embed__wrapper\"><div  id=\"_ytid_94589\"  width=\"800\" height=\"450\"  data-origwidth=\"800\" data-origheight=\"450\" data-facadesrc=\"https:\/\/www.youtube.com\/embed\/KE6VBKE4-mc?enablejsapi=1&autoplay=0&cc_load_policy=0&cc_lang_pref=&iv_load_policy=1&loop=0&rel=1&fs=1&playsinline=0&autohide=2&theme=dark&color=red&controls=1&disablekb=0&\" class=\"__youtube_prefs__ epyt-facade no-lazyload\" data-epautoplay=\"1\" ><img decoding=\"async\" data-spai-excluded=\"true\" class=\"epyt-facade-poster skip-lazy\" loading=\"lazy\"  alt=\"Leitor do YouTube\"  src=\"https:\/\/i.ytimg.com\/vi\/KE6VBKE4-mc\/maxresdefault.jpg\"  \/><button class=\"epyt-facade-play\" aria-label=\"Jogar\"><svg data-no-lazy=\"1\" height=\"100%\" version=\"1.1\" viewbox=\"0 0 68 48\" width=\"100%\"><path class=\"ytp-large-play-button-bg\" d=\"M66.52,7.74c-0.78-2.93-2.49-5.41-5.42-6.19C55.79,.13,34,0,34,0S12.21,.13,6.9,1.55 C3.97,2.33,2.27,4.81,1.48,7.74C0.06,13.05,0,24,0,24s0.06,10.95,1.48,16.26c0.78,2.93,2.49,5.41,5.42,6.19 C12.21,47.87,34,48,34,48s21.79-0.13,27.1-1.55c2.93-0.78,4.64-3.26,5.42-6.19C67.94,34.95,68,24,68,24S67.94,13.05,66.52,7.74z\" fill=\"#f00\"><\/path><path d=\"M 45,24 27,14 27,34\" fill=\"#fff\"><\/path><\/svg><\/button><\/div><\/div><\/figure>\n<h2>Carater\u00edsticas:<\/h2>\n<p><strong>Material de alta qualidade:<\/strong>\u00a0As nossas coberturas para botas \u00e0 prova de \u00e1gua s\u00e3o feitas de material PP+PE, proporcionando uma maior durabilidade e prote\u00e7\u00e3o \u00e0 prova de \u00e1gua contra l\u00edquidos, poeiras e contaminantes, garantindo um ambiente limpo e higi\u00e9nico.<\/p>\n<p><strong>Prote\u00e7\u00e3o \u00e0 prova de \u00e1gua:<\/strong>\u00a0O material PP+PE cria uma barreira que impede a penetra\u00e7\u00e3o de l\u00edquidos na cobertura da bota, assegurando que os seus sapatos permanecem limpos e secos em v\u00e1rios ambientes.<\/p>\n<p><img fetchpriority=\"high\" decoding=\"async\" class=\"aligncenter wp-image-8474 size-large\" src=\"https:\/\/med-disposable.com\/wp-content\/uploads\/2021\/04\/PP-PE-boot-cover-1-1024x1024.jpg\" alt=\"\" width=\"800\" height=\"800\" srcset=\"https:\/\/med-disposable.com\/wp-content\/uploads\/2021\/04\/PP-PE-boot-cover-1-1024x1024.jpg 1024w, https:\/\/med-disposable.com\/wp-content\/uploads\/2021\/04\/PP-PE-boot-cover-1-300x300.jpg 300w, https:\/\/med-disposable.com\/wp-content\/uploads\/2021\/04\/PP-PE-boot-cover-1-150x150.jpg 150w, https:\/\/med-disposable.com\/wp-content\/uploads\/2021\/04\/PP-PE-boot-cover-1-768x768.jpg 768w, https:\/\/med-disposable.com\/wp-content\/uploads\/2021\/04\/PP-PE-boot-cover-1-1536x1536.jpg 1536w, https:\/\/med-disposable.com\/wp-content\/uploads\/2021\/04\/PP-PE-boot-cover-1-scaled.jpg 2048w, https:\/\/med-disposable.com\/wp-content\/uploads\/2021\/04\/PP-PE-boot-cover-1-600x600.jpg 600w, https:\/\/med-disposable.com\/wp-content\/uploads\/2021\/04\/PP-PE-boot-cover-1-100x100.jpg 100w\" sizes=\"(max-width: 800px) 100vw, 800px\" \/><\/p>\n<p><strong>Faixas el\u00e1sticas nas pernas e tornozelos:<\/strong>\u00a0Os protectores de botas possuem el\u00e1sticos nas pernas e nos tornozelos, permitindo um ajuste seguro e confort\u00e1vel para v\u00e1rios tamanhos e tipos de cal\u00e7ado. Este design tamb\u00e9m ajuda a manter os protectores de botas no lugar durante a utiliza\u00e7\u00e3o.<\/p>\n<p><strong>Descart\u00e1vel e higi\u00e9nico:<\/strong>\u00a0Estas coberturas para botas s\u00e3o concebidas para uma \u00fanica utiliza\u00e7\u00e3o, garantindo uma higiene \u00f3ptima e reduzindo o risco de contamina\u00e7\u00e3o cruzada em v\u00e1rios ambientes.<\/p>\n<p><img decoding=\"async\" class=\"aligncenter wp-image-8477 size-large\" src=\"https:\/\/med-disposable.com\/wp-content\/uploads\/2021\/04\/PP-PE-boot-cover-4-1024x1024.jpg\" alt=\"\" width=\"800\" height=\"800\" srcset=\"https:\/\/med-disposable.com\/wp-content\/uploads\/2021\/04\/PP-PE-boot-cover-4-1024x1024.jpg 1024w, https:\/\/med-disposable.com\/wp-content\/uploads\/2021\/04\/PP-PE-boot-cover-4-300x300.jpg 300w, https:\/\/med-disposable.com\/wp-content\/uploads\/2021\/04\/PP-PE-boot-cover-4-150x150.jpg 150w, https:\/\/med-disposable.com\/wp-content\/uploads\/2021\/04\/PP-PE-boot-cover-4-768x768.jpg 768w, https:\/\/med-disposable.com\/wp-content\/uploads\/2021\/04\/PP-PE-boot-cover-4-1536x1536.jpg 1536w, https:\/\/med-disposable.com\/wp-content\/uploads\/2021\/04\/PP-PE-boot-cover-4-scaled.jpg 2048w, https:\/\/med-disposable.com\/wp-content\/uploads\/2021\/04\/PP-PE-boot-cover-4-600x600.jpg 600w, https:\/\/med-disposable.com\/wp-content\/uploads\/2021\/04\/PP-PE-boot-cover-4-100x100.jpg 100w\" sizes=\"(max-width: 800px) 100vw, 800px\" \/> <img decoding=\"async\" class=\"aligncenter wp-image-8478 size-large\" src=\"https:\/\/med-disposable.com\/wp-content\/uploads\/2021\/04\/PP-PE-boot-cover-5-1024x1024.jpg\" alt=\"\" width=\"800\" height=\"800\" srcset=\"https:\/\/med-disposable.com\/wp-content\/uploads\/2021\/04\/PP-PE-boot-cover-5-1024x1024.jpg 1024w, https:\/\/med-disposable.com\/wp-content\/uploads\/2021\/04\/PP-PE-boot-cover-5-300x300.jpg 300w, https:\/\/med-disposable.com\/wp-content\/uploads\/2021\/04\/PP-PE-boot-cover-5-150x150.jpg 150w, https:\/\/med-disposable.com\/wp-content\/uploads\/2021\/04\/PP-PE-boot-cover-5-768x768.jpg 768w, https:\/\/med-disposable.com\/wp-content\/uploads\/2021\/04\/PP-PE-boot-cover-5-1536x1536.jpg 1536w, https:\/\/med-disposable.com\/wp-content\/uploads\/2021\/04\/PP-PE-boot-cover-5-scaled.jpg 2048w, https:\/\/med-disposable.com\/wp-content\/uploads\/2021\/04\/PP-PE-boot-cover-5-600x600.jpg 600w, https:\/\/med-disposable.com\/wp-content\/uploads\/2021\/04\/PP-PE-boot-cover-5-100x100.jpg 100w\" sizes=\"(max-width: 800px) 100vw, 800px\" \/><\/p>\n<p>&nbsp;<\/p>\n<p>&nbsp;<\/p>\n<h2>Porqu\u00ea encomendar uma cobertura de porta-bagagens descart\u00e1vel \u00e0 Wuhan Youfu?<\/h2>\n<ol>\n<li><strong>Garantia de qualidade:<\/strong>\u00a0A Wuhan Youfu est\u00e1 empenhada em fornecer produtos de alta qualidade que cumprem as normas internacionais. A empresa assegura que todos os produtos s\u00e3o submetidos a rigorosos processos de controlo de qualidade para garantir durabilidade, fiabilidade e desempenho \u00f3timo.<\/li>\n<li><strong>Pre\u00e7os competitivos:<\/strong>\u00a0A Wuhan Youfu oferece pre\u00e7os competitivos para os seus produtos sem comprometer a qualidade. Ao escolher a Wuhan Youfu, pode obter o melhor valor para o seu dinheiro.<\/li>\n<li><strong>Vasta gama de produtos:<\/strong>\u00a0A Wuhan Youfu oferece uma vasta gama de produtos de prote\u00e7\u00e3o e descart\u00e1veis, incluindo coberturas para botas, m\u00e1scaras faciais, fatos-macaco e muito mais. Isto permite-lhe encontrar todas as suas necessidades de equipamento de prote\u00e7\u00e3o num \u00fanico local.<\/li>\n<li><strong>Op\u00e7\u00f5es de personaliza\u00e7\u00e3o:<\/strong>\u00a0A Wuhan Youfu oferece op\u00e7\u00f5es de personaliza\u00e7\u00e3o para os seus produtos, permitindo-lhe adaptar os produtos de acordo com as suas necessidades e prefer\u00eancias espec\u00edficas. Isto garante que obt\u00e9m o produto perfeito para as suas necessidades.<\/li>\n<li><strong>Entrega r\u00e1pida:<\/strong>\u00a0A Wuhan Youfu possui uma rede log\u00edstica bem estabelecida, garantindo que as suas encomendas sejam entregues de forma r\u00e1pida e eficiente. Isto permite-lhe receber os seus produtos de forma atempada, minimizando quaisquer perturba\u00e7\u00f5es nas suas opera\u00e7\u00f5es.<\/li>\n<li><strong>Excelente servi\u00e7o ao cliente:<\/strong>\u00a0A Wuhan Youfu orgulha-se de prestar um servi\u00e7o excecional ao cliente. A equipa da empresa \u00e9 reactiva e atenta, assegurando que as suas quest\u00f5es e preocupa\u00e7\u00f5es s\u00e3o abordadas de forma r\u00e1pida e eficaz.<\/li>\n<\/ol>","protected":false},"excerpt":{"rendered":"<p>Apresentamos as nossas capas descart\u00e1veis n\u00e3o tecidas imperme\u00e1veis para botas, concebidas para proporcionar uma prote\u00e7\u00e3o e limpeza ideais em v\u00e1rios ambientes. Fabricadas em material PP+PE de alta qualidade, estas capas para botas oferecem maior durabilidade e prote\u00e7\u00e3o \u00e0 prova de \u00e1gua. As faixas el\u00e1sticas nas pernas e tornozelos garantem um ajuste seguro e confort\u00e1vel, tornando-as numa escolha ideal para uma vasta gama de aplica\u00e7\u00f5es.<\/p>","protected":false},"featured_media":8480,"template":"","meta":{"_seopress_robots_primary_cat":"none","_seopress_titles_title":"Disposable non woven anti-skid boot cover - YouFu Medical","_seopress_titles_desc":"Discover the perfect elastic ankle support brace for your needs! Our high quality brace is made with strong materials plus size, breathable and comfortable, ensuring it&#039;s eco-friendly, recyclable, biodegradable, latex free and non-irritating or toxic. Get yours now!","_seopress_robots_index":""},"product_brand":[],"product_cat":[47],"product_tag":[101,57],"class_list":{"0":"post-1471","1":"product","2":"type-product","3":"status-publish","4":"has-post-thumbnail","6":"product_cat-foot-protection","7":"product_tag-boot-cover","8":"product_tag-non-woven","10":"first","11":"instock","12":"shipping-taxable","13":"product-type-simple"},"_links":{"self":[{"href":"https:\/\/med-disposable.com\/pt\/wp-json\/wp\/v2\/product\/1471","targetHints":{"allow":["GET"]}}],"collection":[{"href":"https:\/\/med-disposable.com\/pt\/wp-json\/wp\/v2\/product"}],"about":[{"href":"https:\/\/med-disposable.com\/pt\/wp-json\/wp\/v2\/types\/product"}],"version-history":[{"count":0,"href":"https:\/\/med-disposable.com\/pt\/wp-json\/wp\/v2\/product\/1471\/revisions"}],"wp:featuredmedia":[{"embeddable":true,"href":"https:\/\/med-disposable.com\/pt\/wp-json\/wp\/v2\/media\/8480"}],"wp:attachment":[{"href":"https:\/\/med-disposable.com\/pt\/wp-json\/wp\/v2\/media?parent=1471"}],"wp:term":[{"taxonomy":"product_brand","embeddable":true,"href":"https:\/\/med-disposable.com\/pt\/wp-json\/wp\/v2\/product_brand?post=1471"},{"taxonomy":"product_cat","embeddable":true,"href":"https:\/\/med-disposable.com\/pt\/wp-json\/wp\/v2\/product_cat?post=1471"},{"taxonomy":"product_tag","embeddable":true,"href":"https:\/\/med-disposable.com\/pt\/wp-json\/wp\/v2\/product_tag?post=1471"}],"curies":[{"name":"wp","href":"https:\/\/api.w.org\/{rel}","templated":true}]}}