{"id":15025,"date":"2024-08-14T18:25:03","date_gmt":"2024-08-14T10:25:03","guid":{"rendered":"https:\/\/med-disposable.com\/?post_type=product&#038;p=15025"},"modified":"2024-08-14T18:26:43","modified_gmt":"2024-08-14T10:26:43","slug":"disposable-spunlace-nonwoven-surgical-cap","status":"publish","type":"product","link":"https:\/\/med-disposable.com\/pt\/product\/disposable-spunlace-nonwoven-surgical-cap\/","title":{"rendered":"Touca cir\u00fargica descart\u00e1vel em n\u00e3o-tecido spunlace"},"content":{"rendered":"<p><strong>Basic information of Spunlace nonwoven surgical cap:<\/strong><\/p>\n<table width=\"635\">\n<tbody>\n<tr>\n<td width=\"105\">Tamanho<\/td>\n<td width=\"530\">60*14cm, 65*14cm, ou conforme os requisitos<\/td>\n<\/tr>\n<tr>\n<td width=\"105\">Material<\/td>\n<td width=\"530\">Spunlace 40-60g<\/td>\n<\/tr>\n<tr>\n<td width=\"105\">Estilo<\/td>\n<td width=\"530\">voltar com o ealstic<\/td>\n<\/tr>\n<tr>\n<td width=\"105\">Cor<\/td>\n<td width=\"530\">Azul, verde, branco, com riscas a pedido<\/td>\n<\/tr>\n<tr>\n<td width=\"105\">Carater\u00edstica<\/td>\n<td width=\"530\">more elastic than PP nonwoven, Soft, breathable, and comfortable,<\/td>\n<\/tr>\n<tr>\n<td width=\"105\">Embalagem<\/td>\n<td width=\"530\">100 pcs\/saco, 1000pcs\/ctn, pode ser conforme os requisitos<\/td>\n<\/tr>\n<tr>\n<td width=\"105\">Aplica\u00e7\u00e3o<\/td>\n<td width=\"530\">Operating room, laboratory, medical workshop<\/td>\n<\/tr>\n<\/tbody>\n<\/table>\n<p><img fetchpriority=\"high\" decoding=\"async\" class=\"wp-image-15044 size-full aligncenter\" src=\"https:\/\/med-disposable.com\/wp-content\/uploads\/2024\/08\/spunlace-caps-6.png\" alt=\"Cirurgi\u00e3o com m\u00e1scara e touca cir\u00fargica\" width=\"800\" height=\"800\" srcset=\"https:\/\/med-disposable.com\/wp-content\/uploads\/2024\/08\/spunlace-caps-6.png 800w, https:\/\/med-disposable.com\/wp-content\/uploads\/2024\/08\/spunlace-caps-6-300x300.png 300w, https:\/\/med-disposable.com\/wp-content\/uploads\/2024\/08\/spunlace-caps-6-150x150.png 150w, https:\/\/med-disposable.com\/wp-content\/uploads\/2024\/08\/spunlace-caps-6-768x768.png 768w, https:\/\/med-disposable.com\/wp-content\/uploads\/2024\/08\/spunlace-caps-6-600x600.png 600w, https:\/\/med-disposable.com\/wp-content\/uploads\/2024\/08\/spunlace-caps-6-100x100.png 100w\" sizes=\"(max-width: 800px) 100vw, 800px\" \/><\/p>\n<p>&nbsp;<\/p>\n<p><strong>Carater\u00edsticas principais:<\/strong><\/p>\n<ul>\n<li><strong>Superior Material<\/strong>: Made from soft, lightweight spunlace nonwoven fabric, offering a comfortable fit for extended wear.<\/li>\n<li><strong>Prote\u00e7\u00e3o refor\u00e7ada<\/strong>: Effectively prevents the spread of contaminants, ensuring a hygienic environment for both patients and medical staff.<\/li>\n<li><strong>Respir\u00e1vel e confort\u00e1vel<\/strong>: The breathable material allows for proper air circulation, reducing heat buildup and providing comfort during long procedures.<\/li>\n<li><strong>Ajuste seguro<\/strong>: Designed with an elastic band that fits snugly around the head, ensuring the cap stays in place without causing discomfort.<\/li>\n<li><strong>Tamanho \u00fanico<\/strong>: O design universal adapta-se a v\u00e1rios tamanhos de cabe\u00e7a, tornando-o adequado para todos os profissionais de sa\u00fade.<\/li>\n<li><strong>Descart\u00e1vel e higi\u00e9nico<\/strong>: A conce\u00e7\u00e3o de utiliza\u00e7\u00e3o \u00fanica elimina a necessidade de lavagem, reduzindo o risco de contamina\u00e7\u00e3o cruzada e garantindo a m\u00e1xima higiene.<\/li>\n<\/ul>\n<p><img decoding=\"async\" class=\"wp-image-15041 size-full aligncenter\" src=\"https:\/\/med-disposable.com\/wp-content\/uploads\/2024\/08\/spunlace-caps-2.png\" alt=\"Disposable blue poly-wipe hat\" width=\"800\" height=\"800\" srcset=\"https:\/\/med-disposable.com\/wp-content\/uploads\/2024\/08\/spunlace-caps-2.png 800w, https:\/\/med-disposable.com\/wp-content\/uploads\/2024\/08\/spunlace-caps-2-300x300.png 300w, https:\/\/med-disposable.com\/wp-content\/uploads\/2024\/08\/spunlace-caps-2-150x150.png 150w, https:\/\/med-disposable.com\/wp-content\/uploads\/2024\/08\/spunlace-caps-2-768x768.png 768w, https:\/\/med-disposable.com\/wp-content\/uploads\/2024\/08\/spunlace-caps-2-600x600.png 600w, https:\/\/med-disposable.com\/wp-content\/uploads\/2024\/08\/spunlace-caps-2-100x100.png 100w\" sizes=\"(max-width: 800px) 100vw, 800px\" \/><\/p>\n<p><img decoding=\"async\" class=\"wp-image-15042 size-full aligncenter\" src=\"https:\/\/med-disposable.com\/wp-content\/uploads\/2024\/08\/spunlace-caps-4.png\" alt=\"Blue and white patterned pad\" width=\"800\" height=\"800\" srcset=\"https:\/\/med-disposable.com\/wp-content\/uploads\/2024\/08\/spunlace-caps-4.png 800w, https:\/\/med-disposable.com\/wp-content\/uploads\/2024\/08\/spunlace-caps-4-300x300.png 300w, https:\/\/med-disposable.com\/wp-content\/uploads\/2024\/08\/spunlace-caps-4-150x150.png 150w, https:\/\/med-disposable.com\/wp-content\/uploads\/2024\/08\/spunlace-caps-4-768x768.png 768w, https:\/\/med-disposable.com\/wp-content\/uploads\/2024\/08\/spunlace-caps-4-600x600.png 600w, https:\/\/med-disposable.com\/wp-content\/uploads\/2024\/08\/spunlace-caps-4-100x100.png 100w\" sizes=\"(max-width: 800px) 100vw, 800px\" \/><\/p>\n<p><strong>Aplica\u00e7\u00f5es:<\/strong><\/p>\n<p>Our Disposable Spunlace Nonwoven Surgical Cap is ideal for use in hospitals, clinics, laboratories, and other medical environments where maintaining a sterile field is crucial. Whether you&#8217;re performing surgery, conducting examinations, or working in a cleanroom, this surgical cap provides reliable protection and peace of mind.<\/p>\n<p><img loading=\"lazy\" decoding=\"async\" class=\"wp-image-13556 size-full aligncenter\" src=\"https:\/\/med-disposable.com\/wp-content\/uploads\/2024\/07\/disposable-surgical-caps.png\" alt=\"Surgeons in operating room preparing for surgery\" width=\"800\" height=\"600\" srcset=\"https:\/\/med-disposable.com\/wp-content\/uploads\/2024\/07\/disposable-surgical-caps.png 800w, https:\/\/med-disposable.com\/wp-content\/uploads\/2024\/07\/disposable-surgical-caps-300x225.png 300w, https:\/\/med-disposable.com\/wp-content\/uploads\/2024\/07\/disposable-surgical-caps-768x576.png 768w, https:\/\/med-disposable.com\/wp-content\/uploads\/2024\/07\/disposable-surgical-caps-600x450.png 600w\" sizes=\"(max-width: 800px) 100vw, 800px\" \/><\/p>\n<p>&nbsp;<\/p>\n<p><strong>Why Choose Surgical Cap from Wuhan Youfu?<\/strong><\/p>\n<ul>\n<li><strong>Rich production experience<\/strong>: more than 10 years&#8217;s production experience.<\/li>\n<li><strong>High productivity<\/strong>: With more than 300 workers we always can adjust our production schedule for urgent delivery.<\/li>\n<li><strong>Rent\u00e1vel<\/strong>: Reasonable pricing without compromising on quality, making it an economical choice for healthcare providers.<\/li>\n<li><strong>Environmental Responsibility<\/strong>: Made from environmentally friendly materials, our surgical caps are designed with sustainability in mind.<\/li>\n<\/ul>","protected":false},"excerpt":{"rendered":"<p>A touca cir\u00fargica n\u00e3o tecida Spunlace descart\u00e1vel foi concebida para proporcionar uma prote\u00e7\u00e3o e um conforto ideais aos profissionais de sa\u00fade. Fabricada em tecido n\u00e3o tecido spunlace de primeira qualidade, esta touca cir\u00fargica garante uma excelente respirabilidade e durabilidade, o que a torna um componente essencial para manter um ambiente est\u00e9ril em ambientes m\u00e9dicos.<\/p>","protected":false},"featured_media":15044,"template":"","meta":{"_seopress_robots_primary_cat":"none","_seopress_titles_title":"","_seopress_titles_desc":"","_seopress_robots_index":""},"product_brand":[],"product_cat":[46],"product_tag":[611,612],"class_list":{"0":"post-15025","1":"product","2":"type-product","3":"status-publish","4":"has-post-thumbnail","6":"product_cat-caps","7":"product_tag-disposable-caps","8":"product_tag-surgical-cap","10":"first","11":"instock","12":"shipping-taxable","13":"product-type-simple"},"_links":{"self":[{"href":"https:\/\/med-disposable.com\/pt\/wp-json\/wp\/v2\/product\/15025","targetHints":{"allow":["GET"]}}],"collection":[{"href":"https:\/\/med-disposable.com\/pt\/wp-json\/wp\/v2\/product"}],"about":[{"href":"https:\/\/med-disposable.com\/pt\/wp-json\/wp\/v2\/types\/product"}],"version-history":[{"count":0,"href":"https:\/\/med-disposable.com\/pt\/wp-json\/wp\/v2\/product\/15025\/revisions"}],"wp:featuredmedia":[{"embeddable":true,"href":"https:\/\/med-disposable.com\/pt\/wp-json\/wp\/v2\/media\/15044"}],"wp:attachment":[{"href":"https:\/\/med-disposable.com\/pt\/wp-json\/wp\/v2\/media?parent=15025"}],"wp:term":[{"taxonomy":"product_brand","embeddable":true,"href":"https:\/\/med-disposable.com\/pt\/wp-json\/wp\/v2\/product_brand?post=15025"},{"taxonomy":"product_cat","embeddable":true,"href":"https:\/\/med-disposable.com\/pt\/wp-json\/wp\/v2\/product_cat?post=15025"},{"taxonomy":"product_tag","embeddable":true,"href":"https:\/\/med-disposable.com\/pt\/wp-json\/wp\/v2\/product_tag?post=15025"}],"curies":[{"name":"wp","href":"https:\/\/api.w.org\/{rel}","templated":true}]}}