{"id":15227,"date":"2024-08-21T16:59:21","date_gmt":"2024-08-21T08:59:21","guid":{"rendered":"https:\/\/med-disposable.com\/?post_type=product&#038;p=15227"},"modified":"2024-08-21T17:00:08","modified_gmt":"2024-08-21T09:00:08","slug":"touca-cirurgica-em-nao-tecido-de-viscose-descartavel","status":"publish","type":"product","link":"https:\/\/med-disposable.com\/pt\/product\/viscose-nonwoven-surgical-cap-disposable\/","title":{"rendered":"touca cir\u00fargica em n\u00e3o-tecido de viscose descart\u00e1vel"},"content":{"rendered":"<p><strong>Especifica\u00e7\u00e3o b\u00e1sica da touca cir\u00fargica em n\u00e3o-tecido de viscose<\/strong>:<\/p>\n<table width=\"635\">\n<tbody>\n<tr>\n<td width=\"105\">Tamanho<\/td>\n<td width=\"530\">60*14cm, 65*14cm, ou conforme os requisitos<\/td>\n<\/tr>\n<tr>\n<td width=\"105\">Material<\/td>\n<td width=\"530\">Viscose 60g, ou a pedido<\/td>\n<\/tr>\n<tr>\n<td width=\"105\">Estilo<\/td>\n<td width=\"530\">voltar com o ealstic<\/td>\n<\/tr>\n<tr>\n<td width=\"105\">Cor<\/td>\n<td width=\"530\">Azul, verde, branco, com riscas a pedido<\/td>\n<\/tr>\n<tr>\n<td width=\"105\">Carater\u00edstica<\/td>\n<td width=\"530\">mais el\u00e1stico do que o n\u00e3o tecido PP, macio, respir\u00e1vel e confort\u00e1vel<\/td>\n<\/tr>\n<tr>\n<td width=\"105\">Embalagem<\/td>\n<td width=\"530\">100 pcs\/saco, 1000pcs\/ctn, pode ser conforme os requisitos<\/td>\n<\/tr>\n<\/tbody>\n<\/table>\n<p><img fetchpriority=\"high\" decoding=\"async\" class=\"aligncenter wp-image-15237 size-full\" src=\"https:\/\/med-disposable.com\/wp-content\/uploads\/2024\/08\/spunlace-surgical-mask-5.png\" alt=\"Tampa azul descart\u00e1vel para uso m\u00e9dico.\" width=\"800\" height=\"800\" srcset=\"https:\/\/med-disposable.com\/wp-content\/uploads\/2024\/08\/spunlace-surgical-mask-5.png 800w, https:\/\/med-disposable.com\/wp-content\/uploads\/2024\/08\/spunlace-surgical-mask-5-300x300.png 300w, https:\/\/med-disposable.com\/wp-content\/uploads\/2024\/08\/spunlace-surgical-mask-5-150x150.png 150w, https:\/\/med-disposable.com\/wp-content\/uploads\/2024\/08\/spunlace-surgical-mask-5-768x768.png 768w, https:\/\/med-disposable.com\/wp-content\/uploads\/2024\/08\/spunlace-surgical-mask-5-600x600.png 600w, https:\/\/med-disposable.com\/wp-content\/uploads\/2024\/08\/spunlace-surgical-mask-5-100x100.png 100w\" sizes=\"(max-width: 800px) 100vw, 800px\" \/><\/p>\n<p><strong>Carater\u00edsticas da touca cir\u00fargica em n\u00e3o-tecido de viscose:<\/strong><\/p>\n<ul>\n<li><strong>Suavidade excecional<\/strong>: Fabricado em tecido n\u00e3o tecido de viscose de primeira qualidade, proporciona um ajuste suave e confort\u00e1vel que ultrapassa os tradicionais bon\u00e9s n\u00e3o tecidos de PP.<\/li>\n<li><strong>Respirabilidade melhorada<\/strong>: O material respir\u00e1vel permite uma excelente circula\u00e7\u00e3o de ar, reduzindo a acumula\u00e7\u00e3o de calor e garantindo o conforto durante procedimentos longos.<\/li>\n<li><strong>Controlo eficaz da contamina\u00e7\u00e3o<\/strong>: Concebido para evitar a propaga\u00e7\u00e3o de contaminantes, mantendo um ambiente est\u00e9ril para os doentes e o pessoal m\u00e9dico.<\/li>\n<li><strong>Ajuste seguro<\/strong>: Possui um el\u00e1stico que se ajusta perfeitamente \u00e0 cabe\u00e7a, mantendo o bon\u00e9 no s\u00edtio sem causar desconforto.<\/li>\n<li><strong>Tamanho \u00fanico<\/strong>: O design universal adapta-se a v\u00e1rios tamanhos de cabe\u00e7a, tornando-o adequado para todos os profissionais de sa\u00fade.<\/li>\n<li><strong>Descart\u00e1vel e higi\u00e9nico<\/strong>: A conce\u00e7\u00e3o de utiliza\u00e7\u00e3o \u00fanica elimina a necessidade de lavagem, reduzindo o risco de contamina\u00e7\u00e3o cruzada e garantindo a m\u00e1xima higiene.<\/li>\n<\/ul>\n<p><img decoding=\"async\" class=\"aligncenter wp-image-15236 size-full\" src=\"https:\/\/med-disposable.com\/wp-content\/uploads\/2024\/08\/spunlace-surgical-mask-3.png\" alt=\"M\u00e9dico com touca m\u00e9dica e m\u00e1scara vista lateral\" width=\"800\" height=\"800\" srcset=\"https:\/\/med-disposable.com\/wp-content\/uploads\/2024\/08\/spunlace-surgical-mask-3.png 800w, https:\/\/med-disposable.com\/wp-content\/uploads\/2024\/08\/spunlace-surgical-mask-3-300x300.png 300w, https:\/\/med-disposable.com\/wp-content\/uploads\/2024\/08\/spunlace-surgical-mask-3-150x150.png 150w, https:\/\/med-disposable.com\/wp-content\/uploads\/2024\/08\/spunlace-surgical-mask-3-768x768.png 768w, https:\/\/med-disposable.com\/wp-content\/uploads\/2024\/08\/spunlace-surgical-mask-3-600x600.png 600w, https:\/\/med-disposable.com\/wp-content\/uploads\/2024\/08\/spunlace-surgical-mask-3-100x100.png 100w\" sizes=\"(max-width: 800px) 100vw, 800px\" \/><\/p>\n<p>&nbsp;<\/p>\n<p><strong><span style=\"font-size: 16px\">Perguntas frequentes sobre a touca cir\u00fargica n\u00e3o tecida de viscose descart\u00e1vel<\/span><\/strong><\/p>\n<p><strong>1. o que \u00e9 uma touca cir\u00fargica de viscose n\u00e3o tecida?<\/strong><\/p>\n<p>Uma touca cir\u00fargica de viscose n\u00e3o tecida \u00e9 um tipo de cobertura para a cabe\u00e7a feita de tecido de viscose n\u00e3o tecida. Foi concebida para proporcionar uma barreira contra contaminantes, mantendo o pessoal m\u00e9dico e os doentes seguros ao manter um ambiente est\u00e9ril.<\/p>\n<p><strong>2. Estas toucas cir\u00fargicas s\u00e3o de tamanho \u00fanico?<\/strong><\/p>\n<p>Sim, as nossas toucas cir\u00fargicas s\u00e3o concebidas com um ajuste universal, com uma banda el\u00e1stica que se adapta confortavelmente a v\u00e1rios tamanhos de cabe\u00e7a.<\/p>\n<p><strong>3. Como deve ser usada a touca cir\u00fargica?<\/strong><\/p>\n<p>Para usar a touca cir\u00fargica:<\/p>\n<ol>\n<li>Limpe bem as suas m\u00e3os.<\/li>\n<li>Desdobre a tampa e coloque-a sobre a cabe\u00e7a.<\/li>\n<li>Certifique-se de que a banda el\u00e1stica se ajusta bem \u00e0 testa, aos lados da cabe\u00e7a e ao pesco\u00e7o.<\/li>\n<li>Ajuste para maior conforto e certifique-se de que cobre completamente o seu cabelo.<\/li>\n<\/ol>\n<p><strong>4. Estas tampas podem ser reutilizadas?<\/strong><\/p>\n<p>N\u00e3o, estas tampas cir\u00fargicas foram concebidas apenas para utiliza\u00e7\u00e3o \u00fanica. Devem ser eliminadas ap\u00f3s cada utiliza\u00e7\u00e3o para manter a higiene e evitar a contamina\u00e7\u00e3o cruzada.<\/p>\n<p><strong>5. As toucas cir\u00fargicas s\u00e3o respir\u00e1veis?<\/strong><\/p>\n<p>Sim, o tecido n\u00e3o tecido de viscose \u00e9 respir\u00e1vel, permitindo uma circula\u00e7\u00e3o de ar adequada e reduzindo a acumula\u00e7\u00e3o de calor, o que garante conforto durante procedimentos longos.<\/p>\n<p><strong>6. Para que ambientes s\u00e3o adequadas estas toucas cir\u00fargicas?<\/strong><\/p>\n<p>As nossas toucas cir\u00fargicas descart\u00e1veis s\u00e3o ideais para utiliza\u00e7\u00e3o em hospitais, cl\u00ednicas, laborat\u00f3rios, salas limpas e outros ambientes m\u00e9dicos onde a manuten\u00e7\u00e3o de um campo est\u00e9ril \u00e9 crucial.<\/p>\n<p><strong>7. Como \u00e9 que as tampas cir\u00fargicas s\u00e3o embaladas?<\/strong><\/p>\n<p>As toucas cir\u00fargicas s\u00e3o normalmente embaladas a granel, com cada touca dobrada individualmente e colocada num saco selado para manter a limpeza e a higiene.<\/p>\n<p><strong>8. Os materiais utilizados s\u00e3o amigos do ambiente?<\/strong><\/p>\n<p>Sim, as nossas toucas cir\u00fargicas s\u00e3o feitas de tecido n\u00e3o tecido de viscose amigo do ambiente, concebido a pensar na sustentabilidade.<\/p>","protected":false},"excerpt":{"rendered":"<p>A touca cir\u00fargica descart\u00e1vel em tecido n\u00e3o tecido de viscose oferece uma suavidade e respirabilidade superiores \u00e0s toucas normais em tecido n\u00e3o tecido de PP. Concebida para satisfazer as exig\u00eancias rigorosas dos profissionais de sa\u00fade, a nossa touca cir\u00fargica garante que se mant\u00e9m confort\u00e1vel e bem protegido durante todo o seu turno.<\/p>","protected":false},"featured_media":15232,"template":"","meta":{"_seopress_robots_primary_cat":"none","_seopress_titles_title":"","_seopress_titles_desc":"","_seopress_robots_index":""},"product_brand":[],"product_cat":[46],"product_tag":[612],"class_list":{"0":"post-15227","1":"product","2":"type-product","3":"status-publish","4":"has-post-thumbnail","6":"product_cat-caps","7":"product_tag-surgical-cap","9":"first","10":"instock","11":"shipping-taxable","12":"product-type-simple"},"_links":{"self":[{"href":"https:\/\/med-disposable.com\/pt\/wp-json\/wp\/v2\/product\/15227","targetHints":{"allow":["GET"]}}],"collection":[{"href":"https:\/\/med-disposable.com\/pt\/wp-json\/wp\/v2\/product"}],"about":[{"href":"https:\/\/med-disposable.com\/pt\/wp-json\/wp\/v2\/types\/product"}],"version-history":[{"count":0,"href":"https:\/\/med-disposable.com\/pt\/wp-json\/wp\/v2\/product\/15227\/revisions"}],"wp:featuredmedia":[{"embeddable":true,"href":"https:\/\/med-disposable.com\/pt\/wp-json\/wp\/v2\/media\/15232"}],"wp:attachment":[{"href":"https:\/\/med-disposable.com\/pt\/wp-json\/wp\/v2\/media?parent=15227"}],"wp:term":[{"taxonomy":"product_brand","embeddable":true,"href":"https:\/\/med-disposable.com\/pt\/wp-json\/wp\/v2\/product_brand?post=15227"},{"taxonomy":"product_cat","embeddable":true,"href":"https:\/\/med-disposable.com\/pt\/wp-json\/wp\/v2\/product_cat?post=15227"},{"taxonomy":"product_tag","embeddable":true,"href":"https:\/\/med-disposable.com\/pt\/wp-json\/wp\/v2\/product_tag?post=15227"}],"curies":[{"name":"wp","href":"https:\/\/api.w.org\/{rel}","templated":true}]}}