{"id":15242,"date":"2024-08-22T11:26:45","date_gmt":"2024-08-22T03:26:45","guid":{"rendered":"https:\/\/med-disposable.com\/?post_type=product&#038;p=15242"},"modified":"2024-08-22T11:26:46","modified_gmt":"2024-08-22T03:26:46","slug":"touca-de-cirurgiao-descartavel-com-atilhos","status":"publish","type":"product","link":"https:\/\/med-disposable.com\/pt\/product\/disposable-surgeon-cap-with-ties\/","title":{"rendered":"Touca de cirurgi\u00e3o descart\u00e1vel com atilhos"},"content":{"rendered":"<p><strong>Informa\u00e7\u00f5es de base<\/strong>:<\/p>\n<table class=\"table\">\n<tbody>\n<tr>\n<td>Material<\/td>\n<td>PP ou SMS n\u00e3o tecidoPP \u00e9 um tecido de polipropileno respir\u00e1vel, \u00e0 prova de p\u00f3 e dur\u00e1vel;<\/p>\n<p>O SMS \u00e9 um tecido fiado, fundido, soprado e fiado que oferece uma elevada resist\u00eancia \u00e0 tra\u00e7\u00e3o.<\/td>\n<\/tr>\n<tr>\n<td>Cor<\/td>\n<td>Cor branca, azul, verde, tamb\u00e9m pode ser como pedido<\/td>\n<\/tr>\n<tr>\n<td>Peso em gramas<\/td>\n<td>20~40gsm<\/td>\n<\/tr>\n<tr>\n<td>Conce\u00e7\u00e3o<\/td>\n<td>Com atilhos na parte de tr\u00e1s, feitos \u00e0 m\u00e1quina ou \u00e0 m\u00e3o, a pedido<\/td>\n<\/tr>\n<tr>\n<td>Tamanho<\/td>\n<td>62x12cm, 64*14cm, ou de acordo com o seu pedido<\/td>\n<\/tr>\n<tr>\n<td>Embalagem<\/td>\n<td>N\u00e3o est\u00e9ril: 10pcs\/saco, 1000pcs\/caixa de cart\u00e3oTamb\u00e9m pode ser com design de embalagem OEM<\/td>\n<\/tr>\n<tr>\n<td>Carater\u00edstica<\/td>\n<td>Suave, respir\u00e1vel e \u00e0 prova de l\u00edquidos. Com atilhos na parte de tr\u00e1s que cobrem facilmente todos os tamanhos de cabe\u00e7a e estilos de cabelo.<\/td>\n<\/tr>\n<tr>\n<td>Certificado<\/td>\n<td>Aprova\u00e7\u00e3o ISO13485, CE, FDA<\/td>\n<\/tr>\n<\/tbody>\n<\/table>\n<p><img fetchpriority=\"high\" decoding=\"async\" class=\"aligncenter wp-image-10557 size-full\" src=\"https:\/\/med-disposable.com\/wp-content\/uploads\/2023\/10\/surgical-gown-doctor-cap.jpg\" alt=\"\" width=\"800\" height=\"548\" srcset=\"https:\/\/med-disposable.com\/wp-content\/uploads\/2023\/10\/surgical-gown-doctor-cap.jpg 800w, https:\/\/med-disposable.com\/wp-content\/uploads\/2023\/10\/surgical-gown-doctor-cap-300x206.jpg 300w, https:\/\/med-disposable.com\/wp-content\/uploads\/2023\/10\/surgical-gown-doctor-cap-768x526.jpg 768w, https:\/\/med-disposable.com\/wp-content\/uploads\/2023\/10\/surgical-gown-doctor-cap-600x411.jpg 600w\" sizes=\"(max-width: 800px) 100vw, 800px\" \/><\/p>\n<p><b>Touca cir\u00fargica descart\u00e1vel fabricada \u00e0 m\u00e1quina com atilhos<\/b><\/p>\n<p>Vantagens: Costura por ultra-sons, sem fiapos, mais econ\u00f3mica do que as tampas feitas \u00e0 m\u00e3o.<\/p>\n<p>Desvantagens: Os tamanhos dispon\u00edveis s\u00e3o limitados; s\u00f3 podem ser fabricados com o mesmo material.<\/p>\n<p><img decoding=\"async\" class=\"wp-image-15267 size-large\" src=\"https:\/\/med-disposable.com\/wp-content\/uploads\/2024\/08\/surgical-cap-with-ties-10-1024x1024.jpg\" alt=\"Grande plano de tecido azul com costura\" width=\"800\" height=\"800\" srcset=\"https:\/\/med-disposable.com\/wp-content\/uploads\/2024\/08\/surgical-cap-with-ties-10-1024x1024.jpg 1024w, https:\/\/med-disposable.com\/wp-content\/uploads\/2024\/08\/surgical-cap-with-ties-10-300x300.jpg 300w, https:\/\/med-disposable.com\/wp-content\/uploads\/2024\/08\/surgical-cap-with-ties-10-150x150.jpg 150w, https:\/\/med-disposable.com\/wp-content\/uploads\/2024\/08\/surgical-cap-with-ties-10-768x768.jpg 768w, https:\/\/med-disposable.com\/wp-content\/uploads\/2024\/08\/surgical-cap-with-ties-10-1536x1536.jpg 1536w, https:\/\/med-disposable.com\/wp-content\/uploads\/2024\/08\/surgical-cap-with-ties-10-2048x2048.jpg 2048w, https:\/\/med-disposable.com\/wp-content\/uploads\/2024\/08\/surgical-cap-with-ties-10-600x600.jpg 600w, https:\/\/med-disposable.com\/wp-content\/uploads\/2024\/08\/surgical-cap-with-ties-10-100x100.jpg 100w\" sizes=\"(max-width: 800px) 100vw, 800px\" \/><\/p>\n<p><b>Touca cir\u00fargica descart\u00e1vel feita \u00e0 m\u00e3o com atilhos<\/b><\/p>\n<p>Vantagens: Dur\u00e1vel; pode ser de todos os tamanhos; pode ser feito de 2 materiais diferentes.<\/p>\n<p>Desvantagens: A costura \u00e9 feita a ponto, \u00e9 poss\u00edvel a forma\u00e7\u00e3o de cot\u00e3o, o custo do fabrico manual \u00e9 superior ao do fabrico mec\u00e2nico.<\/p>\n<p><img decoding=\"async\" class=\"wp-image-15258 size-large\" src=\"https:\/\/med-disposable.com\/wp-content\/uploads\/2024\/08\/surgical-cap-with-ties-2-1024x1024.jpg\" alt=\"Touca cir\u00fargica descart\u00e1vel azul\" width=\"800\" height=\"800\" srcset=\"https:\/\/med-disposable.com\/wp-content\/uploads\/2024\/08\/surgical-cap-with-ties-2-1024x1024.jpg 1024w, https:\/\/med-disposable.com\/wp-content\/uploads\/2024\/08\/surgical-cap-with-ties-2-300x300.jpg 300w, https:\/\/med-disposable.com\/wp-content\/uploads\/2024\/08\/surgical-cap-with-ties-2-150x150.jpg 150w, https:\/\/med-disposable.com\/wp-content\/uploads\/2024\/08\/surgical-cap-with-ties-2-768x768.jpg 768w, https:\/\/med-disposable.com\/wp-content\/uploads\/2024\/08\/surgical-cap-with-ties-2-1536x1536.jpg 1536w, https:\/\/med-disposable.com\/wp-content\/uploads\/2024\/08\/surgical-cap-with-ties-2-2048x2048.jpg 2048w, https:\/\/med-disposable.com\/wp-content\/uploads\/2024\/08\/surgical-cap-with-ties-2-600x600.jpg 600w, https:\/\/med-disposable.com\/wp-content\/uploads\/2024\/08\/surgical-cap-with-ties-2-100x100.jpg 100w\" sizes=\"(max-width: 800px) 100vw, 800px\" \/><\/p>\n<h3>Porqu\u00ea escolher uma touca de cirurgi\u00e3o descart\u00e1vel com atilhos em vez de el\u00e1stico?<\/h3>\n<p>Ao selecionar um arn\u00eas de prote\u00e7\u00e3o para ambientes m\u00e9dicos, \u00e9 essencial ter em conta as necessidades e prefer\u00eancias espec\u00edficas dos profissionais de sa\u00fade. Eis v\u00e1rias raz\u00f5es pelas quais pode escolher uma touca de cirurgi\u00e3o descart\u00e1vel com atilhos em vez de uma com el\u00e1stico:<\/p>\n<p>1. <strong>Ajuste ajust\u00e1vel<\/strong>:<br \/>\nAs toucas de cirurgi\u00e3o com atilhos proporcionam um ajuste personaliz\u00e1vel, permitindo a cada utilizador ajustar o aperto de acordo com o seu conforto e tamanho da cabe\u00e7a. Isto garante que a touca permanece firmemente no lugar durante todo o procedimento, adaptando-se a v\u00e1rias formas e tamanhos de cabe\u00e7a de forma mais eficaz do que as toucas el\u00e1sticas.<\/p>\n<p>2. <strong>Conforto melhorado<\/strong>:<br \/>\nOs atilhos podem ser ajustados para evitar um aperto excessivo, reduzindo o risco de desconforto ou marcas de press\u00e3o que podem ser causados por el\u00e1sticos. Isto \u00e9 particularmente importante durante interven\u00e7\u00f5es cir\u00fargicas longas ou turnos em que o conforto \u00e9 crucial para manter a concentra\u00e7\u00e3o e o desempenho.<\/p>\n<p>3. <strong>Ajuste seguro<\/strong>:<br \/>\nA natureza ajust\u00e1vel dos atilhos garante que a touca permanece firmemente no lugar, mesmo durante actividades intensas ou prolongadas. Isto minimiza o risco de a touca escorregar ou deslocar-se, o que pode comprometer o ambiente est\u00e9ril.<\/p>\n<p>4. <strong>Redu\u00e7\u00e3o das reac\u00e7\u00f5es al\u00e9rgicas<\/strong>:<br \/>\nAlgumas pessoas podem ter sensibilidades ou alergias a materiais el\u00e1sticos, que podem causar irrita\u00e7\u00e3o na pele. As toucas atadas eliminam esta preocupa\u00e7\u00e3o, proporcionando uma op\u00e7\u00e3o mais segura e mais confort\u00e1vel para as pessoas com pele sens\u00edvel.<\/p>\n<p>5. <strong>Versatilidade na utiliza\u00e7\u00e3o<\/strong>:<br \/>\nOs bon\u00e9s atados oferecem uma maior versatilidade, uma vez que podem ser ajustados para se adaptarem a v\u00e1rios estilos de cabelo, incluindo o cabelo comprido que precisa de ser bem preso. Isto torna-os uma escolha pr\u00e1tica para uma gama mais vasta de utilizadores.<\/p>\n<p>6. <strong>Aspeto profissional<\/strong>:<br \/>\nAs toucas de cirurgi\u00e3o com atilhos apresentam frequentemente um aspeto mais limpo e profissional. Os atilhos podem ser bem presos na parte de tr\u00e1s da cabe\u00e7a, evitando o volume que por vezes pode resultar de el\u00e1sticos.<\/p>\n<p>7. <strong>Durabilidade no ajuste<\/strong>:<br \/>\nAs bandas el\u00e1sticas podem perder a sua elasticidade ao longo do tempo, especialmente ap\u00f3s uma utiliza\u00e7\u00e3o prolongada ou exposi\u00e7\u00e3o a determinadas condi\u00e7\u00f5es. Os bon\u00e9s atados mant\u00eam a sua adapta\u00e7\u00e3o e ajustabilidade ao longo da sua utiliza\u00e7\u00e3o, garantindo um desempenho consistente.<\/p>","protected":false},"excerpt":{"rendered":"<p><span class=\"a-list-item a-size-base a-color-base\">A touca de cirurgi\u00e3o descart\u00e1vel com atilhos \u00e9 fabricada a partir de um material n\u00e3o tecido spunbond dur\u00e1vel e respir\u00e1vel, t<\/span><span class=\"a-list-item a-size-base a-color-base\">na parte de tr\u00e1s para um ajuste seguro e personalizado. <\/span><span class=\"a-list-item a-size-base a-color-base\">Concebida para manter um desempenho consistente durante a utiliza\u00e7\u00e3o<\/span><\/p>","protected":false},"featured_media":3601,"template":"","meta":{"_seopress_robots_primary_cat":"none","_seopress_titles_title":"","_seopress_titles_desc":"","_seopress_robots_index":""},"product_brand":[],"product_cat":[46],"product_tag":[679],"class_list":{"0":"post-15242","1":"product","2":"type-product","3":"status-publish","4":"has-post-thumbnail","6":"product_cat-caps","7":"product_tag-disposable-surgical-caps","9":"first","10":"instock","11":"shipping-taxable","12":"product-type-simple"},"_links":{"self":[{"href":"https:\/\/med-disposable.com\/pt\/wp-json\/wp\/v2\/product\/15242","targetHints":{"allow":["GET"]}}],"collection":[{"href":"https:\/\/med-disposable.com\/pt\/wp-json\/wp\/v2\/product"}],"about":[{"href":"https:\/\/med-disposable.com\/pt\/wp-json\/wp\/v2\/types\/product"}],"version-history":[{"count":0,"href":"https:\/\/med-disposable.com\/pt\/wp-json\/wp\/v2\/product\/15242\/revisions"}],"wp:featuredmedia":[{"embeddable":true,"href":"https:\/\/med-disposable.com\/pt\/wp-json\/wp\/v2\/media\/3601"}],"wp:attachment":[{"href":"https:\/\/med-disposable.com\/pt\/wp-json\/wp\/v2\/media?parent=15242"}],"wp:term":[{"taxonomy":"product_brand","embeddable":true,"href":"https:\/\/med-disposable.com\/pt\/wp-json\/wp\/v2\/product_brand?post=15242"},{"taxonomy":"product_cat","embeddable":true,"href":"https:\/\/med-disposable.com\/pt\/wp-json\/wp\/v2\/product_cat?post=15242"},{"taxonomy":"product_tag","embeddable":true,"href":"https:\/\/med-disposable.com\/pt\/wp-json\/wp\/v2\/product_tag?post=15242"}],"curies":[{"name":"wp","href":"https:\/\/api.w.org\/{rel}","templated":true}]}}