{"id":15302,"date":"2024-08-22T15:19:44","date_gmt":"2024-08-22T07:19:44","guid":{"rendered":"https:\/\/med-disposable.com\/?post_type=product&#038;p=15302"},"modified":"2024-08-22T15:20:29","modified_gmt":"2024-08-22T07:20:29","slug":"capuz-balaclava-descartavel-novo-estilo","status":"publish","type":"product","link":"https:\/\/med-disposable.com\/pt\/product\/new-style-disposable-balaclava-hood\/","title":{"rendered":"Capuz de balaclava descart\u00e1vel de novo estilo"},"content":{"rendered":"<p><strong>Carater\u00edsticas principais:<\/strong><\/p>\n<ul>\n<li><strong>Design da tampa com clipe<\/strong>: A parte superior do capuz possui uma tampa com clipe que se ajusta firmemente \u00e0 volta da cabe\u00e7a, proporcionando um ajuste confort\u00e1vel e apertado.<\/li>\n<li><strong>Cabo integrado<\/strong>: A capa anexa estende-se para baixo para cobrir o pesco\u00e7o e os ombros, oferecendo uma prote\u00e7\u00e3o adicional contra os contaminantes e assegurando uma barreira mais completa.<\/li>\n<li><strong>Materiais de alta qualidade<\/strong>: Fabricado com materiais n\u00e3o tecidos respir\u00e1veis de primeira qualidade que garantem conforto e durabilidade durante uma utiliza\u00e7\u00e3o prolongada.<\/li>\n<li><strong>Tamanho \u00fanico<\/strong>: Concebida para se adaptar a v\u00e1rios tamanhos de cabe\u00e7a e pesco\u00e7o, garantindo um ajuste universal para todos os utilizadores.<\/li>\n<\/ul>\n<p><img fetchpriority=\"high\" decoding=\"async\" class=\"wp-image-15305 size-full aligncenter\" src=\"https:\/\/med-disposable.com\/wp-content\/uploads\/2024\/08\/new-balacava-cap-1.jpg\" alt=\"Poncho verde descart\u00e1vel com capuz\" width=\"800\" height=\"766\" srcset=\"https:\/\/med-disposable.com\/wp-content\/uploads\/2024\/08\/new-balacava-cap-1.jpg 800w, https:\/\/med-disposable.com\/wp-content\/uploads\/2024\/08\/new-balacava-cap-1-300x287.jpg 300w, https:\/\/med-disposable.com\/wp-content\/uploads\/2024\/08\/new-balacava-cap-1-768x735.jpg 768w, https:\/\/med-disposable.com\/wp-content\/uploads\/2024\/08\/new-balacava-cap-1-600x575.jpg 600w\" sizes=\"(max-width: 800px) 100vw, 800px\" \/><\/p>\n<p>&nbsp;<\/p>\n<p><strong>Vantagens:<\/strong><\/p>\n<ul>\n<li><strong>Cobertura abrangente<\/strong>: A combina\u00e7\u00e3o de uma capa com clipe e de uma capa proporciona uma cobertura total da cabe\u00e7a, do pesco\u00e7o e dos ombros, aumentando a prote\u00e7\u00e3o contra os contaminantes.<\/li>\n<li><strong>Conforto melhorado<\/strong>: Materiais respir\u00e1veis e um ajuste seguro garantem conforto durante procedimentos ou turnos longos.<\/li>\n<li><strong>Facilidade de utiliza\u00e7\u00e3o<\/strong>: O design descart\u00e1vel permite uma aplica\u00e7\u00e3o e remo\u00e7\u00e3o r\u00e1pida e f\u00e1cil, poupando tempo e esfor\u00e7o.<\/li>\n<li><strong>Versatilidade<\/strong>: Adequado para uma vasta gama de ambientes, incluindo hospitais, laborat\u00f3rios, salas limpas, instala\u00e7\u00f5es de processamento de alimentos e muito mais.<\/li>\n<\/ul>\n<p><img decoding=\"async\" class=\"wp-image-15307 size-full aligncenter\" src=\"https:\/\/med-disposable.com\/wp-content\/uploads\/2024\/08\/new-balacava-cap-3.jpg\" alt=\"Manequim com touca e bata m\u00e9dico-cir\u00fargica verde.\" width=\"800\" height=\"790\" srcset=\"https:\/\/med-disposable.com\/wp-content\/uploads\/2024\/08\/new-balacava-cap-3.jpg 800w, https:\/\/med-disposable.com\/wp-content\/uploads\/2024\/08\/new-balacava-cap-3-300x296.jpg 300w, https:\/\/med-disposable.com\/wp-content\/uploads\/2024\/08\/new-balacava-cap-3-768x758.jpg 768w, https:\/\/med-disposable.com\/wp-content\/uploads\/2024\/08\/new-balacava-cap-3-600x593.jpg 600w, https:\/\/med-disposable.com\/wp-content\/uploads\/2024\/08\/new-balacava-cap-3-100x100.jpg 100w\" sizes=\"(max-width: 800px) 100vw, 800px\" \/><\/p>\n<p>&nbsp;<\/p>\n<p><strong>Aplica\u00e7\u00f5es:<\/strong><\/p>\n<p>O nosso capuz balaclava descart\u00e1vel New Style \u00e9 ideal para ser utilizado em qualquer contexto em que seja crucial manter um ambiente est\u00e9ril e limpo. Isto inclui:<\/p>\n<ul>\n<li><strong>Cuidados de sa\u00fade<\/strong>: Hospitais, cl\u00ednicas, centros cir\u00fargicos e consult\u00f3rios dent\u00e1rios.<\/li>\n<li><strong>Industrial<\/strong>: Salas limpas, instala\u00e7\u00f5es de fabrico e produ\u00e7\u00e3o farmac\u00eautica.<\/li>\n<li><strong>Processamento de alimentos<\/strong>: Assegurar a higiene e a seguran\u00e7a em ambientes de produ\u00e7\u00e3o e manipula\u00e7\u00e3o de g\u00e9neros aliment\u00edcios.<\/li>\n<li><strong>Laborat\u00f3rios<\/strong>: Prote\u00e7\u00e3o do pessoal e das amostras nos laborat\u00f3rios de investiga\u00e7\u00e3o e de ensaio.<\/li>\n<\/ul>","protected":false},"excerpt":{"rendered":"<p>O capuz balaclava descart\u00e1vel New Style foi concebido para proporcionar prote\u00e7\u00e3o e conforto abrangentes aos profissionais de sa\u00fade e aos trabalhadores em ambientes de higiene. Este design \u00fanico combina as vantagens de uma touca com clipe com uma capa integrada, oferecendo uma maior cobertura e versatilidade. Ideal para v\u00e1rias aplica\u00e7\u00f5es m\u00e9dicas, industriais e em salas limpas, o nosso capuz balaclava descart\u00e1vel garante a m\u00e1xima higiene e facilidade de utiliza\u00e7\u00e3o.<\/p>","protected":false},"featured_media":15305,"template":"","meta":{"_seopress_robots_primary_cat":"none","_seopress_titles_title":"","_seopress_titles_desc":"","_seopress_robots_index":""},"product_brand":[],"product_cat":[46],"product_tag":[611],"class_list":{"0":"post-15302","1":"product","2":"type-product","3":"status-publish","4":"has-post-thumbnail","6":"product_cat-caps","7":"product_tag-disposable-caps","9":"first","10":"instock","11":"shipping-taxable","12":"product-type-simple"},"_links":{"self":[{"href":"https:\/\/med-disposable.com\/pt\/wp-json\/wp\/v2\/product\/15302","targetHints":{"allow":["GET"]}}],"collection":[{"href":"https:\/\/med-disposable.com\/pt\/wp-json\/wp\/v2\/product"}],"about":[{"href":"https:\/\/med-disposable.com\/pt\/wp-json\/wp\/v2\/types\/product"}],"version-history":[{"count":0,"href":"https:\/\/med-disposable.com\/pt\/wp-json\/wp\/v2\/product\/15302\/revisions"}],"wp:featuredmedia":[{"embeddable":true,"href":"https:\/\/med-disposable.com\/pt\/wp-json\/wp\/v2\/media\/15305"}],"wp:attachment":[{"href":"https:\/\/med-disposable.com\/pt\/wp-json\/wp\/v2\/media?parent=15302"}],"wp:term":[{"taxonomy":"product_brand","embeddable":true,"href":"https:\/\/med-disposable.com\/pt\/wp-json\/wp\/v2\/product_brand?post=15302"},{"taxonomy":"product_cat","embeddable":true,"href":"https:\/\/med-disposable.com\/pt\/wp-json\/wp\/v2\/product_cat?post=15302"},{"taxonomy":"product_tag","embeddable":true,"href":"https:\/\/med-disposable.com\/pt\/wp-json\/wp\/v2\/product_tag?post=15302"}],"curies":[{"name":"wp","href":"https:\/\/api.w.org\/{rel}","templated":true}]}}