{"id":15311,"date":"2024-08-22T17:25:48","date_gmt":"2024-08-22T09:25:48","guid":{"rendered":"https:\/\/med-disposable.com\/?post_type=product&#038;p=15311"},"modified":"2024-08-22T17:26:10","modified_gmt":"2024-08-22T09:26:10","slug":"cobertura-do-capuz-descartavel-e-respiravel","status":"publish","type":"product","link":"https:\/\/med-disposable.com\/pt\/product\/breathable-disposable-hood-cover\/","title":{"rendered":"Cobertura do capuz descart\u00e1vel e respir\u00e1vel"},"content":{"rendered":"<p><strong>Carater\u00edsticas do novo estilo de cobertura do cap\u00f4:<\/strong><\/p>\n<ul>\n<li><strong>Tampa de fixa\u00e7\u00e3o Topo<\/strong>: A parte superior do capuz possui uma tampa com clipe que se ajusta firmemente \u00e0 volta da cabe\u00e7a, assegurando um ajuste confort\u00e1vel.<\/li>\n<li><strong>Capas de n\u00e3o-tecido PP<\/strong>: Fabricadas em tecido n\u00e3o tecido PP respir\u00e1vel e de alta qualidade, as capas oferecem uma excelente cobertura e prote\u00e7\u00e3o.<\/li>\n<li><strong>Dois la\u00e7os no Cabo<\/strong>: As capas s\u00e3o fornecidas com dois atilhos que podem ser utilizados para envolver o cabelo e prend\u00ea-lo, assegurando que o cabelo fica contido e protegido.<\/li>\n<li><strong>Tamanho \u00fanico<\/strong>: Concebida para se adaptar a v\u00e1rios tamanhos de cabe\u00e7a e pesco\u00e7o, garantindo um ajuste universal para todos os utilizadores.<\/li>\n<\/ul>\n<p><img fetchpriority=\"high\" decoding=\"async\" class=\"wp-image-15320 size-full aligncenter\" src=\"https:\/\/med-disposable.com\/wp-content\/uploads\/2024\/08\/new-style-hood-covers-3.jpg\" alt=\"Pessoa com rede de cabelo descart\u00e1vel.\" width=\"800\" height=\"800\" srcset=\"https:\/\/med-disposable.com\/wp-content\/uploads\/2024\/08\/new-style-hood-covers-3.jpg 800w, https:\/\/med-disposable.com\/wp-content\/uploads\/2024\/08\/new-style-hood-covers-3-300x300.jpg 300w, https:\/\/med-disposable.com\/wp-content\/uploads\/2024\/08\/new-style-hood-covers-3-150x150.jpg 150w, https:\/\/med-disposable.com\/wp-content\/uploads\/2024\/08\/new-style-hood-covers-3-768x768.jpg 768w, https:\/\/med-disposable.com\/wp-content\/uploads\/2024\/08\/new-style-hood-covers-3-600x600.jpg 600w, https:\/\/med-disposable.com\/wp-content\/uploads\/2024\/08\/new-style-hood-covers-3-100x100.jpg 100w\" sizes=\"(max-width: 800px) 100vw, 800px\" \/><\/p>\n<p>&nbsp;<\/p>\n<p><strong>Vantagens da cobertura descart\u00e1vel do capuz:<\/strong><\/p>\n<ul>\n<li><strong>Cobertura e prote\u00e7\u00e3o melhoradas<\/strong>: A combina\u00e7\u00e3o de uma touca com clipe e capas com atilhos proporciona uma cobertura total da cabe\u00e7a, pesco\u00e7o e ombros, aumentando a prote\u00e7\u00e3o contra os contaminantes.<\/li>\n<li><strong>Respir\u00e1vel e confort\u00e1vel<\/strong>: O material n\u00e3o tecido PP garante a respirabilidade, mantendo o utilizador confort\u00e1vel durante longos procedimentos ou turnos.<\/li>\n<li><strong>Conten\u00e7\u00e3o segura do cabelo<\/strong>: Os dois atilhos das capas permitem enrolar o cabelo com seguran\u00e7a, mantendo um aspeto limpo e higi\u00e9nico.<\/li>\n<li><strong>Facilidade de utiliza\u00e7\u00e3o<\/strong>: O design descart\u00e1vel permite uma aplica\u00e7\u00e3o e remo\u00e7\u00e3o r\u00e1pida e f\u00e1cil, poupando tempo e esfor\u00e7o.<\/li>\n<li><strong>Versatilidade<\/strong>: Adequado para uma vasta gama de ambientes, incluindo hospitais, laborat\u00f3rios, salas limpas, instala\u00e7\u00f5es de processamento de alimentos e muito mais.<\/li>\n<\/ul>\n<p><img decoding=\"async\" class=\"wp-image-15318 size-full aligncenter\" src=\"https:\/\/med-disposable.com\/wp-content\/uploads\/2024\/08\/new-style-hood-covers-1.jpg\" alt=\"Saco de filtro de malha branca com atilhos.\" width=\"800\" height=\"794\" srcset=\"https:\/\/med-disposable.com\/wp-content\/uploads\/2024\/08\/new-style-hood-covers-1.jpg 800w, https:\/\/med-disposable.com\/wp-content\/uploads\/2024\/08\/new-style-hood-covers-1-300x298.jpg 300w, https:\/\/med-disposable.com\/wp-content\/uploads\/2024\/08\/new-style-hood-covers-1-150x150.jpg 150w, https:\/\/med-disposable.com\/wp-content\/uploads\/2024\/08\/new-style-hood-covers-1-768x762.jpg 768w, https:\/\/med-disposable.com\/wp-content\/uploads\/2024\/08\/new-style-hood-covers-1-600x596.jpg 600w, https:\/\/med-disposable.com\/wp-content\/uploads\/2024\/08\/new-style-hood-covers-1-100x100.jpg 100w\" sizes=\"(max-width: 800px) 100vw, 800px\" \/><\/p>\n<p>&nbsp;<\/p>\n<h3>Perguntas frequentes:<\/h3>\n<p><strong>1. Que materiais s\u00e3o utilizados no capuz respir\u00e1vel descart\u00e1vel?<\/strong><br \/>\nA cobertura do capuz \u00e9 feita de tecido n\u00e3o tecido PP (polipropileno) respir\u00e1vel e de alta qualidade, garantindo conforto e durabilidade durante a utiliza\u00e7\u00e3o.<\/p>\n<p><strong>2. Como \u00e9 que funciona a tampa de clipe?<\/strong><br \/>\nA tampa com clipe ajusta-se firmemente \u00e0 volta da cabe\u00e7a, proporcionando um ajuste confort\u00e1vel. Ajuda a manter a cobertura do capuz no lugar, garantindo uma prote\u00e7\u00e3o consistente.<\/p>\n<p><strong>3. Qual \u00e9 o objetivo dos dois la\u00e7os na capa?<\/strong><br \/>\nOs dois atilhos da capa permitem envolver e conter o cabelo de forma segura. Ajudam a manter uma apar\u00eancia limpa e higi\u00e9nica, evitando que o cabelo fique solto ou exposto.<\/p>\n<p><strong>4. Estas coberturas do capot podem ser reutilizadas?<\/strong><br \/>\nN\u00e3o, estes protectores de camp\u00e2nula foram concebidos para uma \u00fanica utiliza\u00e7\u00e3o. Devem ser eliminadas ap\u00f3s cada utiliza\u00e7\u00e3o para manter a higiene e evitar a contamina\u00e7\u00e3o cruzada.<\/p>\n<p><strong>4. Para que ambientes s\u00e3o adequados estes protectores de capuz?<\/strong><br \/>\nOs nossos protectores de camp\u00e2nula descart\u00e1veis e respir\u00e1veis s\u00e3o ideais para hospitais, cl\u00ednicas, centros cir\u00fargicos, laborat\u00f3rios, salas limpas, instala\u00e7\u00f5es de processamento de alimentos e outros ambientes onde \u00e9 crucial manter um ambiente est\u00e9ril e limpo.<\/p>\n<p><strong>5. Por que raz\u00e3o devo escolher a Wuhan Youfu para os protectores de capuz descart\u00e1veis?<\/strong><br \/>\nA Wuhan Youfu dedica-se a fornecer solu\u00e7\u00f5es de alta qualidade, fi\u00e1veis e econ\u00f3micas para os profissionais de sa\u00fade. Os nossos produtos s\u00e3o fabricados de acordo com os mais elevados padr\u00f5es, garantindo conforto, prote\u00e7\u00e3o e higiene superiores. Oferecemos tamb\u00e9m um excelente servi\u00e7o ao cliente e uma entrega atempada.<\/p>\n<p><strong>6. As coberturas do capot podem ser personalizadas?<\/strong><br \/>\nAtualmente, as nossas coberturas de cap\u00f4 s\u00e3o concebidas para oferecer um ajuste universal. No entanto, se tiver requisitos espec\u00edficos de personaliza\u00e7\u00e3o, contacte a nossa equipa de vendas para discutir poss\u00edveis op\u00e7\u00f5es.<\/p>","protected":false},"excerpt":{"rendered":"<p>O capuz descart\u00e1vel e respir\u00e1vel combina uma parte superior em forma de touca com capas n\u00e3o tecidas em PP (polipropileno), proporcionando uma maior cobertura e versatilidade. Com dois atilhos na capa, permite envolver e conter o cabelo de forma segura, garantindo um aspeto limpo e higi\u00e9nico. Ideal para v\u00e1rias aplica\u00e7\u00f5es m\u00e9dicas, industriais e em salas limpas, o nosso resguardo de camp\u00e2nula descart\u00e1vel \u00e9 a solu\u00e7\u00e3o ideal para manter elevados padr\u00f5es de higiene e seguran\u00e7a.<\/p>","protected":false},"featured_media":15320,"template":"","meta":{"_seopress_robots_primary_cat":"none","_seopress_titles_title":"","_seopress_titles_desc":"","_seopress_robots_index":""},"product_brand":[],"product_cat":[46],"product_tag":[611],"class_list":{"0":"post-15311","1":"product","2":"type-product","3":"status-publish","4":"has-post-thumbnail","6":"product_cat-caps","7":"product_tag-disposable-caps","9":"first","10":"instock","11":"shipping-taxable","12":"product-type-simple"},"_links":{"self":[{"href":"https:\/\/med-disposable.com\/pt\/wp-json\/wp\/v2\/product\/15311","targetHints":{"allow":["GET"]}}],"collection":[{"href":"https:\/\/med-disposable.com\/pt\/wp-json\/wp\/v2\/product"}],"about":[{"href":"https:\/\/med-disposable.com\/pt\/wp-json\/wp\/v2\/types\/product"}],"version-history":[{"count":0,"href":"https:\/\/med-disposable.com\/pt\/wp-json\/wp\/v2\/product\/15311\/revisions"}],"wp:featuredmedia":[{"embeddable":true,"href":"https:\/\/med-disposable.com\/pt\/wp-json\/wp\/v2\/media\/15320"}],"wp:attachment":[{"href":"https:\/\/med-disposable.com\/pt\/wp-json\/wp\/v2\/media?parent=15311"}],"wp:term":[{"taxonomy":"product_brand","embeddable":true,"href":"https:\/\/med-disposable.com\/pt\/wp-json\/wp\/v2\/product_brand?post=15311"},{"taxonomy":"product_cat","embeddable":true,"href":"https:\/\/med-disposable.com\/pt\/wp-json\/wp\/v2\/product_cat?post=15311"},{"taxonomy":"product_tag","embeddable":true,"href":"https:\/\/med-disposable.com\/pt\/wp-json\/wp\/v2\/product_tag?post=15311"}],"curies":[{"name":"wp","href":"https:\/\/api.w.org\/{rel}","templated":true}]}}