{"id":16016,"date":"2024-09-13T18:20:30","date_gmt":"2024-09-13T10:20:30","guid":{"rendered":"https:\/\/med-disposable.com\/?post_type=product&#038;p=16016"},"modified":"2024-09-18T18:13:35","modified_gmt":"2024-09-18T10:13:35","slug":"capas-de-encosto-de-cabeca-descartaveis-para-avioes","status":"publish","type":"product","link":"https:\/\/med-disposable.com\/pt\/product\/disposable-headrest-covers-for-airplanes\/","title":{"rendered":"Protectores de encosto de cabe\u00e7a descart\u00e1veis para avi\u00f5es"},"content":{"rendered":"<p><strong>Descri\u00e7\u00e3o dos revestimentos dos encostos de cabe\u00e7a dos avi\u00f5es<\/strong>:<\/p>\n<ul>\n<li><strong>Material<\/strong>: Fabricado em material n\u00e3o tecido PP (polipropileno) de alta qualidade, garantindo durabilidade e conforto.<\/li>\n<li><strong>Conce\u00e7\u00e3o<\/strong>: Forma quadrada com formas personalizadas opcionais dispon\u00edveis mediante pedido.<\/li>\n<li><strong>Anexo<\/strong>: Duas cordas resistentes cosidas na parte superior para fixar firmemente a capa \u00e0 almofada, impedindo-a de cair.<\/li>\n<li><strong>Cor<\/strong>: Cor branca padr\u00e3o com op\u00e7\u00f5es de cores personalizadas.<\/li>\n<li><strong>Personaliza\u00e7\u00e3o<\/strong>: Impress\u00e3o de LOGOTIPO personalizado dispon\u00edvel para promover a sua marca ou para personaliza\u00e7\u00e3o.<\/li>\n<li><strong>Higiene<\/strong>: Proporciona uma superf\u00edcie limpa e higi\u00e9nica para os viajantes, aumentando o conforto e a satisfa\u00e7\u00e3o dos passageiros.<\/li>\n<\/ul>\n<p><img fetchpriority=\"high\" decoding=\"async\" class=\"wp-image-13807 size-full aligncenter\" src=\"https:\/\/med-disposable.com\/wp-content\/uploads\/2024\/08\/\u5fae\u4fe1\u56fe\u7247_20240807165346.png\" alt=\"Guardanapos com a marca EgyptAir.\" width=\"795\" height=\"753\" srcset=\"https:\/\/med-disposable.com\/wp-content\/uploads\/2024\/08\/\u5fae\u4fe1\u56fe\u7247_20240807165346.png 795w, https:\/\/med-disposable.com\/wp-content\/uploads\/2024\/08\/\u5fae\u4fe1\u56fe\u7247_20240807165346-300x284.png 300w, https:\/\/med-disposable.com\/wp-content\/uploads\/2024\/08\/\u5fae\u4fe1\u56fe\u7247_20240807165346-768x727.png 768w, https:\/\/med-disposable.com\/wp-content\/uploads\/2024\/08\/\u5fae\u4fe1\u56fe\u7247_20240807165346-600x568.png 600w\" sizes=\"(max-width: 795px) 100vw, 795px\" \/><\/p>\n<h3>Carater\u00edsticas principais<\/h3>\n<ul>\n<li><strong>Alta qualidade<\/strong>: Material n\u00e3o tecido PP dur\u00e1vel.<\/li>\n<li><strong>Ajuste seguro<\/strong>: Duas cordas asseguram a manuten\u00e7\u00e3o da cobertura no s\u00edtio.<\/li>\n<li><strong>Personaliz\u00e1vel<\/strong>: Op\u00e7\u00f5es de formas, cores e impress\u00e3o de log\u00f3tipo personalizado.<\/li>\n<li><strong>Higi\u00e9nico<\/strong>: A conce\u00e7\u00e3o de utiliza\u00e7\u00e3o \u00fanica garante a limpeza.<\/li>\n<\/ul>\n<figure id=\"attachment_16027\" aria-describedby=\"caption-attachment-16027\" style=\"width: 800px\" class=\"wp-caption aligncenter\"><img decoding=\"async\" class=\"wp-image-16027 size-full\" src=\"https:\/\/med-disposable.com\/wp-content\/uploads\/2024\/09\/disposable-headrest-cover-5.jpg\" alt=\"Turkmenistan Airlines e saco de aprendizagem BabyBoss\" width=\"800\" height=\"800\" srcset=\"https:\/\/med-disposable.com\/wp-content\/uploads\/2024\/09\/disposable-headrest-cover-5.jpg 800w, https:\/\/med-disposable.com\/wp-content\/uploads\/2024\/09\/disposable-headrest-cover-5-300x300.jpg 300w, https:\/\/med-disposable.com\/wp-content\/uploads\/2024\/09\/disposable-headrest-cover-5-150x150.jpg 150w, https:\/\/med-disposable.com\/wp-content\/uploads\/2024\/09\/disposable-headrest-cover-5-768x768.jpg 768w, https:\/\/med-disposable.com\/wp-content\/uploads\/2024\/09\/disposable-headrest-cover-5-600x600.jpg 600w, https:\/\/med-disposable.com\/wp-content\/uploads\/2024\/09\/disposable-headrest-cover-5-100x100.jpg 100w\" sizes=\"(max-width: 800px) 100vw, 800px\" \/><figcaption id=\"caption-attachment-16027\" class=\"wp-caption-text\">capas de encosto de cabe\u00e7a descart\u00e1veis para avi\u00f5es<\/figcaption><\/figure>\n<figure id=\"attachment_16026\" aria-describedby=\"caption-attachment-16026\" style=\"width: 800px\" class=\"wp-caption aligncenter\"><img decoding=\"async\" class=\"wp-image-16026 size-full\" src=\"https:\/\/med-disposable.com\/wp-content\/uploads\/2024\/09\/disposable-headrest-cover-4.jpg\" alt=\"Grande plano de um material de tecido n\u00e3o tecido.\" width=\"800\" height=\"800\" srcset=\"https:\/\/med-disposable.com\/wp-content\/uploads\/2024\/09\/disposable-headrest-cover-4.jpg 800w, https:\/\/med-disposable.com\/wp-content\/uploads\/2024\/09\/disposable-headrest-cover-4-300x300.jpg 300w, https:\/\/med-disposable.com\/wp-content\/uploads\/2024\/09\/disposable-headrest-cover-4-150x150.jpg 150w, https:\/\/med-disposable.com\/wp-content\/uploads\/2024\/09\/disposable-headrest-cover-4-768x768.jpg 768w, https:\/\/med-disposable.com\/wp-content\/uploads\/2024\/09\/disposable-headrest-cover-4-600x600.jpg 600w, https:\/\/med-disposable.com\/wp-content\/uploads\/2024\/09\/disposable-headrest-cover-4-100x100.jpg 100w\" sizes=\"(max-width: 800px) 100vw, 800px\" \/><figcaption id=\"caption-attachment-16026\" class=\"wp-caption-text\">capas de encosto de cabe\u00e7a descart\u00e1veis para avi\u00f5es<\/figcaption><\/figure>\n<h3><\/h3>\n<h3>Perguntas frequentes sobre os protectores de encosto de cabe\u00e7a descart\u00e1veis para avi\u00f5es<\/h3>\n<p><strong>1. De que material s\u00e3o feitos os protectores de encosto de cabe\u00e7a descart\u00e1veis?<\/strong><br \/>\nAs nossas capas de apoio de cabe\u00e7a descart\u00e1veis s\u00e3o feitas de material n\u00e3o tecido PP (polipropileno) de alta qualidade, que \u00e9 simultaneamente dur\u00e1vel e confort\u00e1vel.<\/p>\n<p><strong>2. Como \u00e9 que as coberturas dos apoios de cabe\u00e7a se fixam ao assento do avi\u00e3o?<\/strong><br \/>\nCada cobertura do apoio para a cabe\u00e7a \u00e9 fornecida com duas cordas resistentes cosidas na parte superior, garantindo que pode ser fixada com seguran\u00e7a ao apoio para a cabe\u00e7a do assento do avi\u00e3o e que permanece no lugar durante todo o voo.<\/p>\n<p><strong>3. As coberturas dos apoios de cabe\u00e7a est\u00e3o dispon\u00edveis em diferentes formas e tamanhos?<\/strong><br \/>\nSim, embora a forma padr\u00e3o seja quadrada, podemos adaptar formas e tamanhos personalizados, mediante pedido, para se adequarem a diferentes designs de bancos.<\/p>\n<p><strong>4. Posso adquirir as capas para os apoios de cabe\u00e7a em cores diferentes?<\/strong><br \/>\nSim, a nossa cor padr\u00e3o \u00e9 o branco, mas tamb\u00e9m oferecemos op\u00e7\u00f5es de cores personalizadas para corresponder \u00e0s suas prefer\u00eancias ou necessidades de marca.<\/p>\n<p><strong>5. \u00c9 poss\u00edvel imprimir um log\u00f3tipo personalizado nas capas dos apoios de cabe\u00e7a?<\/strong><br \/>\nSem d\u00favida! Oferecemos servi\u00e7os de impress\u00e3o de log\u00f3tipos personalizados para ajudar a promover a sua marca ou personalizar as capas para fins espec\u00edficos.<\/p>\n<p><strong>6. Os protectores dos apoios de cabe\u00e7a s\u00e3o reutiliz\u00e1veis ou de utiliza\u00e7\u00e3o \u00fanica?<\/strong><br \/>\nAs nossas coberturas para apoios de cabe\u00e7a s\u00e3o concebidas para uma \u00fanica utiliza\u00e7\u00e3o, proporcionando uma superf\u00edcie higi\u00e9nica para cada passageiro e garantindo uma elimina\u00e7\u00e3o f\u00e1cil ap\u00f3s a utiliza\u00e7\u00e3o.<\/p>\n<p><strong>7. Como \u00e9 que elimino as coberturas dos apoios de cabe\u00e7a ap\u00f3s a utiliza\u00e7\u00e3o?<\/strong><br \/>\nAs coberturas dos apoios de cabe\u00e7a podem ser eliminadas nos caixotes do lixo normais. S\u00e3o concebidos para uma \u00fanica utiliza\u00e7\u00e3o, a fim de manter as normas de higiene.<\/p>\n<p><strong>8. Os revestimentos dos apoios de cabe\u00e7a s\u00e3o hipoalerg\u00e9nicos?<\/strong><br \/>\nSim, o material n\u00e3o tecido PP \u00e9 hipoalerg\u00e9nico e seguro para ser utilizado por pessoas com pele sens\u00edvel ou alergias.<\/p>\n<p><strong>9. As coberturas dos apoios de cabe\u00e7a proporcionam algum conforto adicional?<\/strong><br \/>\nEmbora o principal objetivo das coberturas dos apoios de cabe\u00e7a seja manter a higiene, o material n\u00e3o tecido macio tamb\u00e9m acrescenta uma camada de conforto para o passageiro.<\/p>\n<p><strong>10. Como s\u00e3o embalados os protectores dos apoios de cabe\u00e7a?<\/strong><br \/>\nAs nossas capas para apoios de cabe\u00e7a s\u00e3o embaladas a granel, com cada capa dobrada individualmente e agrupadas para facilitar a distribui\u00e7\u00e3o.<\/p>\n<p><strong>11. Posso encomendar uma amostra antes de efetuar uma compra a granel?<\/strong><br \/>\nSim, oferecemos pacotes de amostras para que possa avaliar a qualidade e o ajuste das nossas capas para apoios de cabe\u00e7a antes de efetuar uma encomenda maior.<\/p>\n<p><strong>12. Qual \u00e9 a quantidade m\u00ednima de encomenda para cores ou log\u00f3tipos personalizados?<\/strong><br \/>\nA quantidade m\u00ednima de encomenda para cores ou log\u00f3tipos personalizados varia. Contacte a nossa equipa de vendas para obter detalhes espec\u00edficos sobre as suas necessidades de personaliza\u00e7\u00e3o.<\/p>\n<p><strong>13. Quanto tempo demora a processar e enviar uma encomenda?<\/strong><br \/>\nOs tempos de processamento variam consoante o tamanho da encomenda e os requisitos de personaliza\u00e7\u00e3o. Normalmente, as encomendas s\u00e3o processadas no prazo de 5 a 7 dias \u00fateis, sendo que os prazos de envio dependem da sua localiza\u00e7\u00e3o.<\/p>\n<p><strong>14. Existem descontos para grandes quantidades?<\/strong><br \/>\nSim, oferecemos descontos para compras em grandes quantidades. Contacte a nossa equipa de vendas para obter mais informa\u00e7\u00f5es sobre pre\u00e7os e descontos para grandes encomendas.<\/p>\n<p><strong>15. Como posso efetuar uma encomenda de capas de apoio de cabe\u00e7a descart\u00e1veis?<\/strong><br \/>\nPode efetuar uma encomenda diretamente atrav\u00e9s do nosso s\u00edtio Web ou contactar a nossa equipa de vendas por correio eletr\u00f3nico ou telefone para obter assist\u00eancia com encomendas personalizadas.<\/p>\n<p><strong>16. Quais s\u00e3o os m\u00e9todos de pagamento aceites?<\/strong><br \/>\nAceitamos v\u00e1rios m\u00e9todos de pagamento, incluindo cart\u00f5es de cr\u00e9dito\/d\u00e9bito, PayPal e transfer\u00eancias banc\u00e1rias. Poder\u00e3o estar dispon\u00edveis op\u00e7\u00f5es adicionais para encomendas em massa.<\/p>\n<p><strong>17. Oferecem transporte internacional?<\/strong><br \/>\nSim, enviamos as nossas capas de apoio de cabe\u00e7a descart\u00e1veis para todo o mundo. Os custos e prazos de envio variam consoante o destino.<\/p>\n<p><strong>18. E se eu tiver problemas com a minha encomenda?<\/strong><br \/>\nSe tiver algum problema com a sua encomenda, contacte a nossa equipa de apoio ao cliente. Estamos aqui para ajudar a resolver qualquer problema e garantir a sua satisfa\u00e7\u00e3o.<\/p>","protected":false},"excerpt":{"rendered":"<p>Description of airplanes&#8217; headrest covers: Material: Made from high-quality PP (polypropylene) nonwoven material, ensuring durability and comfort. Design: Square shape with optional custom shapes available upon request. Attachment: Two sturdy ropes stitched on the top to secure the cover firmly to the cushion, preventing it from falling off. Color: Standard white color with options for [&hellip;]<\/p>\n","protected":false},"featured_media":15871,"template":"","meta":{"_seopress_robots_primary_cat":"none","_seopress_titles_title":"","_seopress_titles_desc":"","_seopress_robots_index":""},"product_brand":[],"product_cat":[49],"product_tag":[699],"class_list":{"0":"post-16016","1":"product","2":"type-product","3":"status-publish","4":"has-post-thumbnail","6":"product_cat-bed-linens","7":"product_tag-disposable-headrest-covers","9":"first","10":"instock","11":"shipping-taxable","12":"product-type-simple"},"_links":{"self":[{"href":"https:\/\/med-disposable.com\/pt\/wp-json\/wp\/v2\/product\/16016","targetHints":{"allow":["GET"]}}],"collection":[{"href":"https:\/\/med-disposable.com\/pt\/wp-json\/wp\/v2\/product"}],"about":[{"href":"https:\/\/med-disposable.com\/pt\/wp-json\/wp\/v2\/types\/product"}],"version-history":[{"count":0,"href":"https:\/\/med-disposable.com\/pt\/wp-json\/wp\/v2\/product\/16016\/revisions"}],"wp:featuredmedia":[{"embeddable":true,"href":"https:\/\/med-disposable.com\/pt\/wp-json\/wp\/v2\/media\/15871"}],"wp:attachment":[{"href":"https:\/\/med-disposable.com\/pt\/wp-json\/wp\/v2\/media?parent=16016"}],"wp:term":[{"taxonomy":"product_brand","embeddable":true,"href":"https:\/\/med-disposable.com\/pt\/wp-json\/wp\/v2\/product_brand?post=16016"},{"taxonomy":"product_cat","embeddable":true,"href":"https:\/\/med-disposable.com\/pt\/wp-json\/wp\/v2\/product_cat?post=16016"},{"taxonomy":"product_tag","embeddable":true,"href":"https:\/\/med-disposable.com\/pt\/wp-json\/wp\/v2\/product_tag?post=16016"}],"curies":[{"name":"wp","href":"https:\/\/api.w.org\/{rel}","templated":true}]}}