{"id":1630,"date":"2021-05-08T15:43:56","date_gmt":"2021-05-08T07:43:56","guid":{"rendered":"https:\/\/med-disposable.com\/?post_type=product&#038;p=1630"},"modified":"2023-07-03T11:39:01","modified_gmt":"2023-07-03T03:39:01","slug":"resguardo-de-cama-descartavel-em-tecido-nao-tecido","status":"publish","type":"product","link":"https:\/\/med-disposable.com\/pt\/product\/disposable-non-woven-bed-cover\/","title":{"rendered":"Cobertura de cama descart\u00e1vel em tecido n\u00e3o tecido"},"content":{"rendered":"<h2>Especifica\u00e7\u00f5es pormenorizadas:<\/h2>\n<table width=\"448\">\n<tbody>\n<tr>\n<td width=\"118\">Material<\/td>\n<td width=\"330\">PP n\u00e3o tecido<\/td>\n<\/tr>\n<tr>\n<td width=\"118\">Tamanho<\/td>\n<td width=\"330\">90*210cm, 110*220cm, 130*240cm, o tamanho pode ser personalizado mediante pedido<\/td>\n<\/tr>\n<tr>\n<td width=\"118\">Peso em gramas<\/td>\n<td width=\"330\">18-55 grs.<\/td>\n<\/tr>\n<tr>\n<td width=\"118\">Cor<\/td>\n<td width=\"330\">Branco, azul, cor-de-rosa, amarelo ou conforme pedido<\/td>\n<\/tr>\n<tr>\n<td width=\"118\">Estilo<\/td>\n<td width=\"330\">com el\u00e1stico nas duas extremidades, ou el\u00e1stico nos quatro cantos, el\u00e1stico a toda a volta, a pedido<\/td>\n<\/tr>\n<\/tbody>\n<\/table>\n<div  id=\"_ytid_47558\"  width=\"800\" height=\"450\"  data-origwidth=\"800\" data-origheight=\"450\" data-facadesrc=\"https:\/\/www.youtube.com\/embed\/wqGtvyc46CM?enablejsapi=1&#038;autoplay=0&#038;cc_load_policy=0&#038;cc_lang_pref=&#038;iv_load_policy=1&#038;loop=0&#038;rel=1&#038;fs=1&#038;playsinline=0&#038;autohide=2&#038;theme=dark&#038;color=red&#038;controls=1&#038;disablekb=0&#038;\" class=\"__youtube_prefs__ epyt-facade epyt-is-override  no-lazyload\" data-epautoplay=\"1\" ><img decoding=\"async\" data-spai-excluded=\"true\" class=\"epyt-facade-poster skip-lazy\" loading=\"lazy\"  alt=\"Leitor do YouTube\"  src=\"https:\/\/i.ytimg.com\/vi\/wqGtvyc46CM\/maxresdefault.jpg\"  \/><button class=\"epyt-facade-play\" aria-label=\"Jogar\"><svg data-no-lazy=\"1\" height=\"100%\" version=\"1.1\" viewbox=\"0 0 68 48\" width=\"100%\"><path class=\"ytp-large-play-button-bg\" d=\"M66.52,7.74c-0.78-2.93-2.49-5.41-5.42-6.19C55.79,.13,34,0,34,0S12.21,.13,6.9,1.55 C3.97,2.33,2.27,4.81,1.48,7.74C0.06,13.05,0,24,0,24s0.06,10.95,1.48,16.26c0.78,2.93,2.49,5.41,5.42,6.19 C12.21,47.87,34,48,34,48s21.79-0.13,27.1-1.55c2.93-0.78,4.64-3.26,5.42-6.19C67.94,34.95,68,24,68,24S67.94,13.05,66.52,7.74z\" fill=\"#f00\"><\/path><path d=\"M 45,24 27,14 27,34\" fill=\"#fff\"><\/path><\/svg><\/button><\/div>\n<h2>Vantagens das coberturas de cama n\u00e3o tecidas descart\u00e1veis da Wuhan Youfu<\/h2>\n<ul>\n<li><strong>Material:<\/strong>\u00a0Fabricado em material n\u00e3o tecido PP de primeira qualidade, o nosso resguardo de cama descart\u00e1vel \u00e9 macio, duradouro e confort\u00e1vel para os seus clientes. Este material hipoalerg\u00e9nico \u00e9 perfeito para peles sens\u00edveis e ajuda a evitar irrita\u00e7\u00f5es ou alergias.<\/li>\n<li><strong>El\u00e1stico nas duas extremidades:<\/strong>\u00a0O el\u00e1stico em ambas as extremidades do resguardo de cama permite-lhe ajustar-se confortavelmente \u00e0 maioria dos tamanhos de cama, garantindo uma superf\u00edcie limpa e segura para os seus clientes. O el\u00e1stico tamb\u00e9m facilita a coloca\u00e7\u00e3o e remo\u00e7\u00e3o do resguardo de cama, poupando tempo e esfor\u00e7o ao seu pessoal.<\/li>\n<li><strong>Variedade de cores:<\/strong>\u00a0As nossas coberturas de cama n\u00e3o tecidas descart\u00e1veis est\u00e3o dispon\u00edveis numa gama de cores para combinar com a decora\u00e7\u00e3o do seu estabelecimento. Escolha entre o branco cl\u00e1ssico, o azul suave, o verde elegante ou qualquer outra cor que complemente a est\u00e9tica da sua empresa.<\/li>\n<\/ul>\n<p>&nbsp;<\/p>\n<p><img fetchpriority=\"high\" decoding=\"async\" class=\"aligncenter wp-image-7975 size-large\" src=\"https:\/\/med-disposable.com\/wp-content\/uploads\/2021\/05\/disposable-bed-covers-16-1024x1024.jpg\" alt=\"\" width=\"800\" height=\"800\" srcset=\"https:\/\/med-disposable.com\/wp-content\/uploads\/2021\/05\/disposable-bed-covers-16-1024x1024.jpg 1024w, https:\/\/med-disposable.com\/wp-content\/uploads\/2021\/05\/disposable-bed-covers-16-300x300.jpg 300w, https:\/\/med-disposable.com\/wp-content\/uploads\/2021\/05\/disposable-bed-covers-16-150x150.jpg 150w, https:\/\/med-disposable.com\/wp-content\/uploads\/2021\/05\/disposable-bed-covers-16-768x768.jpg 768w, https:\/\/med-disposable.com\/wp-content\/uploads\/2021\/05\/disposable-bed-covers-16-1536x1536.jpg 1536w, https:\/\/med-disposable.com\/wp-content\/uploads\/2021\/05\/disposable-bed-covers-16-scaled.jpg 2048w, https:\/\/med-disposable.com\/wp-content\/uploads\/2021\/05\/disposable-bed-covers-16-600x600.jpg 600w, https:\/\/med-disposable.com\/wp-content\/uploads\/2021\/05\/disposable-bed-covers-16-100x100.jpg 100w\" sizes=\"(max-width: 800px) 100vw, 800px\" \/><\/p>\n<p><img decoding=\"async\" class=\"aligncenter wp-image-7969 size-full\" src=\"https:\/\/med-disposable.com\/wp-content\/uploads\/2021\/05\/bed-sheets-details_\u526f\u672c-1.jpg\" alt=\"\" width=\"800\" height=\"696\" srcset=\"https:\/\/med-disposable.com\/wp-content\/uploads\/2021\/05\/bed-sheets-details_\u526f\u672c-1.jpg 800w, https:\/\/med-disposable.com\/wp-content\/uploads\/2021\/05\/bed-sheets-details_\u526f\u672c-1-300x261.jpg 300w, https:\/\/med-disposable.com\/wp-content\/uploads\/2021\/05\/bed-sheets-details_\u526f\u672c-1-768x668.jpg 768w, https:\/\/med-disposable.com\/wp-content\/uploads\/2021\/05\/bed-sheets-details_\u526f\u672c-1-600x522.jpg 600w\" sizes=\"(max-width: 800px) 100vw, 800px\" \/><\/p>\n<p><img decoding=\"async\" class=\"aligncenter wp-image-3439\" src=\"https:\/\/med-disposable.com\/wp-content\/uploads\/2022\/03\/what-are-bed-linens-300x300.jpg\" alt=\"4 folhas descart\u00e1veis dobradas de cores diferentes\" width=\"800\" height=\"800\" srcset=\"https:\/\/med-disposable.com\/wp-content\/uploads\/2022\/03\/what-are-bed-linens-300x300.jpg 300w, https:\/\/med-disposable.com\/wp-content\/uploads\/2022\/03\/what-are-bed-linens-150x150.jpg 150w, https:\/\/med-disposable.com\/wp-content\/uploads\/2022\/03\/what-are-bed-linens-100x100.jpg 100w, https:\/\/med-disposable.com\/wp-content\/uploads\/2022\/03\/what-are-bed-linens.jpg 500w\" sizes=\"(max-width: 800px) 100vw, 800px\" \/><\/p>\n<p>&nbsp;<\/p>\n<ul>\n<li><strong>Higiene e limpeza:<\/strong>\u00a0A utiliza\u00e7\u00e3o de coberturas de cama descart\u00e1veis no seu estabelecimento \u00e9 uma excelente forma de manter elevados n\u00edveis de higiene e limpeza. Ao substituir o resguardo de cama ap\u00f3s cada utiliza\u00e7\u00e3o, pode garantir que os seus clientes t\u00eam sempre uma superf\u00edcie fresca e limpa para se deitarem.<\/li>\n<li><strong>Elimina\u00e7\u00e3o f\u00e1cil:<\/strong>\u00a0As nossas coberturas de cama descart\u00e1veis s\u00e3o concebidas para uma \u00fanica utiliza\u00e7\u00e3o, o que as torna f\u00e1ceis de eliminar ap\u00f3s a utiliza\u00e7\u00e3o. Isto n\u00e3o s\u00f3 ajuda a manter a limpeza, como tamb\u00e9m reduz a necessidade de lavandaria e os custos associados.<\/li>\n<li><strong>Aplica\u00e7\u00f5es vers\u00e1teis:<\/strong>\u00a0Estas coberturas de cama descart\u00e1veis s\u00e3o perfeitas para v\u00e1rias empresas, incluindo spas, sal\u00f5es de massagens, sal\u00f5es de beleza, hot\u00e9is e instala\u00e7\u00f5es de cuidados de sa\u00fade. Proporcione aos seus clientes o conforto e a limpeza que merecem com as nossas coberturas de cama descart\u00e1veis em n\u00e3o-tecido.<\/li>\n<\/ul>\n<p>&nbsp;<\/p>\n<p><img loading=\"lazy\" decoding=\"async\" class=\"aligncenter wp-image-7977 size-full\" src=\"https:\/\/med-disposable.com\/wp-content\/uploads\/2021\/05\/disposable-bed-sheet-applications.jpg\" alt=\"\" width=\"720\" height=\"660\" srcset=\"https:\/\/med-disposable.com\/wp-content\/uploads\/2021\/05\/disposable-bed-sheet-applications.jpg 720w, https:\/\/med-disposable.com\/wp-content\/uploads\/2021\/05\/disposable-bed-sheet-applications-300x275.jpg 300w, https:\/\/med-disposable.com\/wp-content\/uploads\/2021\/05\/disposable-bed-sheet-applications-600x550.jpg 600w\" sizes=\"(max-width: 720px) 100vw, 720px\" \/><\/p>\n<p>&nbsp;<\/p>\n<h2>Perguntas que podem ser feitas:<\/h2>\n<p><strong>1. Estes resguardos de cama descart\u00e1veis s\u00e3o amigos do ambiente?<\/strong><\/p>\n<p>O material n\u00e3o tecido PP \u00e9 leve e pode ser reciclado, o que o torna uma op\u00e7\u00e3o mais ecol\u00f3gica em compara\u00e7\u00e3o com os tradicionais resguardos de cama de pl\u00e1stico.<\/p>\n<p><strong>2. Posso personalizar o tamanho do resguardo de cama para o adaptar ao meu tamanho de cama espec\u00edfico?<\/strong><\/p>\n<p>Sim, podemos atender a pedidos de tamanhos personalizados. Contacte a nossa equipa de vendas com os seus requisitos espec\u00edficos e teremos todo o gosto em ajud\u00e1-lo.<\/p>\n<p><strong>3. Posso acrescentar o log\u00f3tipo da minha empresa aos colch\u00f5es?<\/strong><\/p>\n<p>Sim, oferecemos op\u00e7\u00f5es de personaliza\u00e7\u00e3o, incluindo a adi\u00e7\u00e3o do log\u00f3tipo da sua empresa \u00e0s capas das camas. Contacte a nossa equipa de vendas para discutir os detalhes e os pre\u00e7os das capas de cama personalizadas.<\/p>\n<p><strong>4. Como \u00e9 que posso garantir que o el\u00e1stico se mant\u00e9m em boas condi\u00e7\u00f5es?<\/strong><\/p>\n<p>As nossas coberturas de cama descart\u00e1veis s\u00e3o concebidas para uma \u00fanica utiliza\u00e7\u00e3o, o que ajuda a manter a elasticidade do material. Ao substituir o resguardo de cama ap\u00f3s cada cliente, pode garantir que o el\u00e1stico se mant\u00e9m em boas condi\u00e7\u00f5es e proporciona um ajuste seguro.<\/p>\n<p><strong>5. Como \u00e9 que elimino as coberturas de cama usadas?<\/strong><\/p>\n<p>Ap\u00f3s a utiliza\u00e7\u00e3o, basta retirar o resguardo da cama e deit\u00e1-lo fora num caixote do lixo adequado. Verifique os regulamentos de reciclagem locais para saber se o material n\u00e3o tecido PP pode ser reciclado na sua \u00e1rea.<\/p>","protected":false},"excerpt":{"rendered":"<p>O nosso resguardo de cama descart\u00e1vel em tecido n\u00e3o tecido foi concebido para proporcionar uma superf\u00edcie limpa, higi\u00e9nica e confort\u00e1vel aos seus clientes. Fabricado a partir de material n\u00e3o tecido PP de alta qualidade, este resguardo de cama \u00e9 el\u00e1stico nas duas extremidades, garantindo um ajuste confort\u00e1vel na maioria dos tamanhos de cama. Dispon\u00edvel numa variedade de cores, o nosso resguardo de cama descart\u00e1vel pode facilmente combinar com a decora\u00e7\u00e3o do seu estabelecimento, cumprindo os mais elevados padr\u00f5es de limpeza e profissionalismo.<\/p>","protected":false},"featured_media":7967,"template":"","meta":{"_seopress_robots_primary_cat":"none","_seopress_titles_title":"Stay Dry &amp; Healthy With Our Hygienic, Breathable, Water Repellent Fabrics!","_seopress_titles_desc":"Disposable non woven Bed Cover. Style: with elastic on two ends; elastic on four corners; elastic all around, as you request. Feature: Water repellent, hygienic, unscented.","_seopress_robots_index":""},"product_brand":[],"product_cat":[49],"product_tag":[68,57],"class_list":{"0":"post-1630","1":"product","2":"type-product","3":"status-publish","4":"has-post-thumbnail","6":"product_cat-bed-linens","7":"product_tag-bed-cover","8":"product_tag-non-woven","10":"first","11":"instock","12":"shipping-taxable","13":"product-type-simple"},"_links":{"self":[{"href":"https:\/\/med-disposable.com\/pt\/wp-json\/wp\/v2\/product\/1630","targetHints":{"allow":["GET"]}}],"collection":[{"href":"https:\/\/med-disposable.com\/pt\/wp-json\/wp\/v2\/product"}],"about":[{"href":"https:\/\/med-disposable.com\/pt\/wp-json\/wp\/v2\/types\/product"}],"version-history":[{"count":0,"href":"https:\/\/med-disposable.com\/pt\/wp-json\/wp\/v2\/product\/1630\/revisions"}],"wp:featuredmedia":[{"embeddable":true,"href":"https:\/\/med-disposable.com\/pt\/wp-json\/wp\/v2\/media\/7967"}],"wp:attachment":[{"href":"https:\/\/med-disposable.com\/pt\/wp-json\/wp\/v2\/media?parent=1630"}],"wp:term":[{"taxonomy":"product_brand","embeddable":true,"href":"https:\/\/med-disposable.com\/pt\/wp-json\/wp\/v2\/product_brand?post=1630"},{"taxonomy":"product_cat","embeddable":true,"href":"https:\/\/med-disposable.com\/pt\/wp-json\/wp\/v2\/product_cat?post=1630"},{"taxonomy":"product_tag","embeddable":true,"href":"https:\/\/med-disposable.com\/pt\/wp-json\/wp\/v2\/product_tag?post=1630"}],"curies":[{"name":"wp","href":"https:\/\/api.w.org\/{rel}","templated":true}]}}