{"id":1735,"date":"2021-05-14T17:15:34","date_gmt":"2021-05-14T09:15:34","guid":{"rendered":"https:\/\/med-disposable.com\/?post_type=product&#038;p=1735"},"modified":"2023-09-20T15:46:14","modified_gmt":"2023-09-20T07:46:14","slug":"bata-de-isolamento-descartavel-em-pp-pe-com-certificacao-ce","status":"publish","type":"product","link":"https:\/\/med-disposable.com\/pt\/product\/disposable-pp-pe-isolation-gown-ce-certified\/","title":{"rendered":"Bata de isolamento descart\u00e1vel em PP+PE com certifica\u00e7\u00e3o CE"},"content":{"rendered":"<p>Entre na vanguarda da seguran\u00e7a e da higiene com a nossa bata de isolamento PP\/PE descart\u00e1vel com certifica\u00e7\u00e3o CE. Habilmente fabricada com tecido n\u00e3o tecido de polipropileno revestido com uma pel\u00edcula de polietileno, esta bata oferece uma prote\u00e7\u00e3o formid\u00e1vel contra contaminantes, mantendo o conforto e a flexibilidade do utilizador.<\/p>\n<figure class=\"wp-block-embed wp-block-embed-youtube is-type-video is-provider-youtube epyt-figure\"><div class=\"wp-block-embed__wrapper\"><div  id=\"_ytid_43608\"  width=\"800\" height=\"450\"  data-origwidth=\"800\" data-origheight=\"450\" data-facadesrc=\"https:\/\/www.youtube.com\/embed\/QU4om0Fdk7Q?enablejsapi=1&autoplay=0&cc_load_policy=0&cc_lang_pref=&iv_load_policy=1&loop=0&rel=1&fs=1&playsinline=0&autohide=2&theme=dark&color=red&controls=1&disablekb=0&\" class=\"__youtube_prefs__ epyt-facade no-lazyload\" data-epautoplay=\"1\" ><img decoding=\"async\" data-spai-excluded=\"true\" class=\"epyt-facade-poster skip-lazy\" loading=\"lazy\"  alt=\"Leitor do YouTube\"  src=\"https:\/\/i.ytimg.com\/vi\/QU4om0Fdk7Q\/maxresdefault.jpg\"  \/><button class=\"epyt-facade-play\" aria-label=\"Jogar\"><svg data-no-lazy=\"1\" height=\"100%\" version=\"1.1\" viewbox=\"0 0 68 48\" width=\"100%\"><path class=\"ytp-large-play-button-bg\" d=\"M66.52,7.74c-0.78-2.93-2.49-5.41-5.42-6.19C55.79,.13,34,0,34,0S12.21,.13,6.9,1.55 C3.97,2.33,2.27,4.81,1.48,7.74C0.06,13.05,0,24,0,24s0.06,10.95,1.48,16.26c0.78,2.93,2.49,5.41,5.42,6.19 C12.21,47.87,34,48,34,48s21.79-0.13,27.1-1.55c2.93-0.78,4.64-3.26,5.42-6.19C67.94,34.95,68,24,68,24S67.94,13.05,66.52,7.74z\" fill=\"#f00\"><\/path><path d=\"M 45,24 27,14 27,34\" fill=\"#fff\"><\/path><\/svg><\/button><\/div><\/div><\/figure>\n<p><strong>Carater\u00edsticas:<\/strong><\/p>\n<ol>\n<li><strong>Material de alta qualidade:<\/strong> Constru\u00eddo a partir de um tecido n\u00e3o tecido PP robusto que \u00e9 revestido com pel\u00edcula PE, assegurando uma maior prote\u00e7\u00e3o contra contaminantes l\u00edquidos e part\u00edculas.<\/li>\n<li><strong>Personaliz\u00e1vel Fecho:<\/strong> Quer prefira um la\u00e7o ou um velcro no colarinho, o nosso vestido oferece ambas as op\u00e7\u00f5es para um ajuste \u00e0 medida.<\/li>\n<li><strong>Aperto seguro na cintura:<\/strong> Possui atilhos na cintura para um ajuste confort\u00e1vel, garantindo uma exposi\u00e7\u00e3o m\u00ednima.<\/li>\n<li><strong>Variedades de punhos:<\/strong> Dispon\u00edveis com punhos el\u00e1sticos ou tricotados, satisfazem as diferentes prefer\u00eancias dos utilizadores em termos de facilidade e conforto.<\/li>\n<\/ol>\n<p><img fetchpriority=\"high\" decoding=\"async\" class=\"aligncenter wp-image-10195 size-full\" src=\"https:\/\/med-disposable.com\/wp-content\/uploads\/2021\/04\/pppe-isolation-gown-blue-7.jpg\" alt=\"\" width=\"770\" height=\"770\" srcset=\"https:\/\/med-disposable.com\/wp-content\/uploads\/2021\/04\/pppe-isolation-gown-blue-7.jpg 770w, https:\/\/med-disposable.com\/wp-content\/uploads\/2021\/04\/pppe-isolation-gown-blue-7-300x300.jpg 300w, https:\/\/med-disposable.com\/wp-content\/uploads\/2021\/04\/pppe-isolation-gown-blue-7-150x150.jpg 150w, https:\/\/med-disposable.com\/wp-content\/uploads\/2021\/04\/pppe-isolation-gown-blue-7-768x768.jpg 768w, https:\/\/med-disposable.com\/wp-content\/uploads\/2021\/04\/pppe-isolation-gown-blue-7-600x600.jpg 600w, https:\/\/med-disposable.com\/wp-content\/uploads\/2021\/04\/pppe-isolation-gown-blue-7-100x100.jpg 100w\" sizes=\"(max-width: 770px) 100vw, 770px\" \/><\/p>\n<p><strong>Vantagens:<\/strong><\/p>\n<ol>\n<li><strong>Prote\u00e7\u00e3o superior:<\/strong> A combina\u00e7\u00e3o de tecido n\u00e3o tecido PP e pel\u00edcula PE actua como uma barreira dupla contra os contaminantes.<\/li>\n<li><strong>Design vers\u00e1til:<\/strong> As m\u00faltiplas op\u00e7\u00f5es de fecho e de punho permitem escolher a bata em fun\u00e7\u00e3o das necessidades espec\u00edficas.<\/li>\n<li><strong>Conforto do utilizador:<\/strong> Embora a bata tenha sido concebida para ser protetora, n\u00e3o compromete o conforto, garantindo que \u00e9 adequada para uma utiliza\u00e7\u00e3o prolongada.<\/li>\n<li><strong>Certifica\u00e7\u00e3o CE:<\/strong> Com a certifica\u00e7\u00e3o CE, os utilizadores podem ter a certeza da qualidade do produto e do cumprimento das normas de seguran\u00e7a.<\/li>\n<\/ol>\n<p><img decoding=\"async\" class=\"aligncenter wp-image-10192 size-large\" src=\"https:\/\/med-disposable.com\/wp-content\/uploads\/2021\/04\/pppe-isolation-gown-blue-4-1024x1024.jpg\" alt=\"\" width=\"800\" height=\"800\" srcset=\"https:\/\/med-disposable.com\/wp-content\/uploads\/2021\/04\/pppe-isolation-gown-blue-4-1024x1024.jpg 1024w, https:\/\/med-disposable.com\/wp-content\/uploads\/2021\/04\/pppe-isolation-gown-blue-4-300x300.jpg 300w, https:\/\/med-disposable.com\/wp-content\/uploads\/2021\/04\/pppe-isolation-gown-blue-4-150x150.jpg 150w, https:\/\/med-disposable.com\/wp-content\/uploads\/2021\/04\/pppe-isolation-gown-blue-4-768x768.jpg 768w, https:\/\/med-disposable.com\/wp-content\/uploads\/2021\/04\/pppe-isolation-gown-blue-4-1536x1536.jpg 1536w, https:\/\/med-disposable.com\/wp-content\/uploads\/2021\/04\/pppe-isolation-gown-blue-4-scaled.jpg 2048w, https:\/\/med-disposable.com\/wp-content\/uploads\/2021\/04\/pppe-isolation-gown-blue-4-600x600.jpg 600w, https:\/\/med-disposable.com\/wp-content\/uploads\/2021\/04\/pppe-isolation-gown-blue-4-100x100.jpg 100w\" sizes=\"(max-width: 800px) 100vw, 800px\" \/><\/p>\n<p><strong>Aplica\u00e7\u00f5es:<\/strong> Esta bata de isolamento est\u00e1 optimizada para utiliza\u00e7\u00e3o em<\/p>\n<ul>\n<li>Hospitais e centros m\u00e9dicos<\/li>\n<li>Laborat\u00f3rios cl\u00ednicos<\/li>\n<li>Institui\u00e7\u00f5es de investiga\u00e7\u00e3o<\/li>\n<li>Unidades de transforma\u00e7\u00e3o de alimentos<\/li>\n<li>Instala\u00e7\u00f5es de fabrico que requerem controlos de higiene<\/li>\n<li>Outros ambientes que requerem controlos rigorosos de contamina\u00e7\u00e3o<\/li>\n<\/ul>\n<p><img decoding=\"async\" class=\"aligncenter wp-image-10250 size-full\" src=\"https:\/\/med-disposable.com\/wp-content\/uploads\/2021\/05\/protective-4.jpg\" alt=\"\" width=\"800\" height=\"525\" srcset=\"https:\/\/med-disposable.com\/wp-content\/uploads\/2021\/05\/protective-4.jpg 800w, https:\/\/med-disposable.com\/wp-content\/uploads\/2021\/05\/protective-4-300x197.jpg 300w, https:\/\/med-disposable.com\/wp-content\/uploads\/2021\/05\/protective-4-768x504.jpg 768w, https:\/\/med-disposable.com\/wp-content\/uploads\/2021\/05\/protective-4-600x394.jpg 600w\" sizes=\"(max-width: 800px) 100vw, 800px\" \/><\/p>\n<p><strong>Modo de utiliza\u00e7\u00e3o:<\/strong><\/p>\n<ol>\n<li>Comece por assegurar que as suas m\u00e3os est\u00e3o limpas.<\/li>\n<li>Segure a bata pelos ombros e passe os bra\u00e7os pelas mangas.<\/li>\n<li>Prenda a coleira com o m\u00e9todo que preferir, seja atando-a ou utilizando o velcro.<\/li>\n<li>Aperte as correias da cintura para garantir que o vestido assenta confort\u00e1vel e firmemente no seu corpo.<\/li>\n<li>Ajuste os punhos, escolhendo entre el\u00e1stico ou malha, consoante o modelo do vestido.<\/li>\n<li>Ap\u00f3s a utiliza\u00e7\u00e3o, retirar a bata sem tocar no exterior para evitar a contamina\u00e7\u00e3o. Deitar fora num contentor de res\u00edduos adequado e higienizar as m\u00e3os.<\/li>\n<\/ol>\n<p><strong>Especifica\u00e7\u00e3o:<\/strong><\/p>\n<table style=\"height: 442px\" width=\"611\">\n<tbody>\n<tr>\n<td>Material<\/td>\n<td>PP n\u00e3o tecido + pel\u00edcula PE<\/td>\n<\/tr>\n<tr>\n<td>Peso<\/td>\n<td>25-55g<\/td>\n<\/tr>\n<tr>\n<td>Estilo<\/td>\n<td>la\u00e7o\/velcro na gola, la\u00e7o na cintura, punho el\u00e1stico\/tricotado<\/td>\n<\/tr>\n<tr>\n<td>Tamanho<\/td>\n<td>115x137cm,120x140cm,130x150cm ou conforme o seu desenho<\/td>\n<\/tr>\n<tr>\n<td>Cor<\/td>\n<td>branco, verde, azul, amarelo ou conforme o seu gosto<\/td>\n<\/tr>\n<tr>\n<td>Embalagem<\/td>\n<td>n\u00e3o est\u00e9ril, 10 unidades\/saco, 10 sacos\/ctn.<\/td>\n<\/tr>\n<tr>\n<td>Conce\u00e7\u00e3o da embalagem<\/td>\n<td>a impress\u00e3o de todos os sacos interiores e caixas de cart\u00e3o pode ser conforme o seu desenho<\/td>\n<\/tr>\n<tr>\n<td>Certificado<\/td>\n<td>CE, FDA<\/td>\n<\/tr>\n<tr>\n<td>Capacidade<\/td>\n<td>1 milh\u00e3o de unidades por m\u00eas<\/td>\n<\/tr>\n<\/tbody>\n<\/table>","protected":false},"excerpt":{"rendered":"<p>Material: PP n\u00e3o tecido, pel\u00edcula PE revestida<\/p>\n<p>Estilo: la\u00e7o ou velcro no colarinho, la\u00e7o na cintura, punho el\u00e1stico ou de malha, conforme pedido<\/p>","protected":false},"featured_media":10177,"template":"","meta":{"_seopress_robots_primary_cat":"none","_seopress_titles_title":"High-Level Fluid Repellent PP+PE Isolation Gown: CE &amp; FDA Certified","_seopress_titles_desc":"Disposable PP+PE isolation gown - PP+PE isolation gown with a high level of fluid repellency, which can prevent the spread of body fluids and isolate dust, particle, bacteria invading.","_seopress_robots_index":""},"product_brand":[],"product_cat":[43],"product_tag":[78,113],"class_list":{"0":"post-1735","1":"product","2":"type-product","3":"status-publish","4":"has-post-thumbnail","6":"product_cat-gowns","7":"product_tag-gown","8":"product_tag-pppe","10":"first","11":"instock","12":"shipping-taxable","13":"product-type-simple"},"_links":{"self":[{"href":"https:\/\/med-disposable.com\/pt\/wp-json\/wp\/v2\/product\/1735","targetHints":{"allow":["GET"]}}],"collection":[{"href":"https:\/\/med-disposable.com\/pt\/wp-json\/wp\/v2\/product"}],"about":[{"href":"https:\/\/med-disposable.com\/pt\/wp-json\/wp\/v2\/types\/product"}],"version-history":[{"count":0,"href":"https:\/\/med-disposable.com\/pt\/wp-json\/wp\/v2\/product\/1735\/revisions"}],"wp:featuredmedia":[{"embeddable":true,"href":"https:\/\/med-disposable.com\/pt\/wp-json\/wp\/v2\/media\/10177"}],"wp:attachment":[{"href":"https:\/\/med-disposable.com\/pt\/wp-json\/wp\/v2\/media?parent=1735"}],"wp:term":[{"taxonomy":"product_brand","embeddable":true,"href":"https:\/\/med-disposable.com\/pt\/wp-json\/wp\/v2\/product_brand?post=1735"},{"taxonomy":"product_cat","embeddable":true,"href":"https:\/\/med-disposable.com\/pt\/wp-json\/wp\/v2\/product_cat?post=1735"},{"taxonomy":"product_tag","embeddable":true,"href":"https:\/\/med-disposable.com\/pt\/wp-json\/wp\/v2\/product_tag?post=1735"}],"curies":[{"name":"wp","href":"https:\/\/api.w.org\/{rel}","templated":true}]}}